{"id":1745,"date":"2016-04-05T14:00:35","date_gmt":"2016-04-05T10:00:35","guid":{"rendered":"http:\/\/lycee-roland-garros.ac-reunion.fr\/?page_id=1745"},"modified":"2016-04-05T14:50:47","modified_gmt":"2016-04-05T10:50:47","slug":"commission-fonds-social","status":"publish","type":"page","link":"https:\/\/etab.ac-reunion.fr\/lyc-roland-garros\/etablissement\/instances\/commission-fonds-social\/","title":{"rendered":"Commission de Fonds Social"},"content":{"rendered":"<hr \/>\n<p>Les fonds sociaux ont pour vocation d\u2019apporter une aide exceptionnelle, rapide et adapt\u00e9e aux \u00e9l\u00e8ves pour faire face \u00e0 des d\u00e9penses de vie scolaire et de scolarit\u00e9. Cette aide concerne les \u00e9l\u00e8ves dont la situation familiale difficile n\u2019a pu \u00eatre prise en compte dans le cadre du r\u00e9gime normal d\u2019aide aux familles. A cette fin, il a \u00e9t\u00e9 cr\u00e9\u00e9 en 1996 un fonds social coll\u00e9gien et un fonds social lyc\u00e9en, compl\u00e9t\u00e9s en 1997 par la cr\u00e9ation d\u2019un fonds social pour les cantines destin\u00e9 \u00e0 faciliter l\u2019accueil de ces m\u00eames \u00e9l\u00e8ves \u00e0 la restauration scolaire.<\/p>\n<p>La composition de la commission est pr\u00e9cis\u00e9e dans la circulaire du 11 mars 1998\u00a0; elle peut comprendre\u00a0:<\/p>\n<ul>\n<li>le chef d\u2019\u00e9tablissement, pr\u00e9sident,<\/li>\n<li>le gestionnaire,<\/li>\n<li>un conseiller principal d\u2019\u00e9ducation,<\/li>\n<li>l\u2019assistant(e) de service social,<\/li>\n<li>l\u2019infirmier(e),<\/li>\n<li>un ou plusieurs d\u00e9l\u00e9gu\u00e9s des \u00e9l\u00e8ves\u00a0; au lyc\u00e9e Roland Garros\u00a0: 1 titulaire\u00a0\/ 1 suppl\u00e9ant,<\/li>\n<li>un ou plusieurs d\u00e9l\u00e9gu\u00e9s des parents d\u2019\u00e9l\u00e8ves. Au Lyc\u00e9e Roland Garros, elle est compos\u00e9e d\u2019un parent titulaire et d\u2019un suppl\u00e9ant, membre ou non du CA,<\/li>\n<li>voire d\u2019autres membres de la communaut\u00e9 \u00e9ducative. Au lyc\u00e9e Roland Garros\u00a0: 1 professeur titulaire \/ 1 suppl\u00e9ant.<\/li>\n<\/ul>\n<p>Les membres ont une obligation de discr\u00e9tion. Les dossiers doivent \u00eatre anonymes (ainsi que le compte rendu des d\u00e9lib\u00e9rations).<\/p>\n","protected":false},"excerpt":{"rendered":"<p>Les fonds sociaux ont pour vocation d\u2019apporter une aide exceptionnelle, rapide et adapt\u00e9e aux \u00e9l\u00e8ves pour faire face \u00e0 des d\u00e9penses de vie scolaire et de scolarit\u00e9. Cette aide concerne les \u00e9l\u00e8ves dont la situation familiale difficile n\u2019a pu \u00eatre prise en compte dans le cadre du r\u00e9gime normal d\u2019aide&#8230;<\/p>\n<p> <a class=\"continue-reading-link\" href=\"https:\/\/etab.ac-reunion.fr\/lyc-roland-garros\/etablissement\/instances\/commission-fonds-social\/\"><span>Lire plus<\/span><i class=\"crycon-right-dir\"><\/i><\/a> <\/p>\n","protected":false},"author":10850,"featured_media":0,"parent":41,"menu_order":5,"comment_status":"closed","ping_status":"closed","template":"","meta":{"footnotes":"","_links_to":"","_links_to_target":""},"class_list":["post-1745","page","type-page","status-publish","hentry"],"_links":{"self":[{"href":"https:\/\/etab.ac-reunion.fr\/lyc-roland-garros\/wp-json\/wp\/v2\/pages\/1745","targetHints":{"allow":["GET"]}}],"collection":[{"href":"https:\/\/etab.ac-reunion.fr\/lyc-roland-garros\/wp-json\/wp\/v2\/pages"}],"about":[{"href":"https:\/\/etab.ac-reunion.fr\/lyc-roland-garros\/wp-json\/wp\/v2\/types\/page"}],"author":[{"embeddable":true,"href":"https:\/\/etab.ac-reunion.fr\/lyc-roland-garros\/wp-json\/wp\/v2\/users\/10850"}],"replies":[{"embeddable":true,"href":"https:\/\/etab.ac-reunion.fr\/lyc-roland-garros\/wp-json\/wp\/v2\/comments?post=1745"}],"version-history":[{"count":2,"href":"https:\/\/etab.ac-reunion.fr\/lyc-roland-garros\/wp-json\/wp\/v2\/pages\/1745\/revisions"}],"predecessor-version":[{"id":1782,"href":"https:\/\/etab.ac-reunion.fr\/lyc-roland-garros\/wp-json\/wp\/v2\/pages\/1745\/revisions\/1782"}],"up":[{"embeddable":true,"href":"https:\/\/etab.ac-reunion.fr\/lyc-roland-garros\/wp-json\/wp\/v2\/pages\/41"}],"wp:attachment":[{"href":"https:\/\/etab.ac-reunion.fr\/lyc-roland-garros\/wp-json\/wp\/v2\/media?parent=1745"}],"curies":[{"name":"wp","href":"https:\/\/api.w.org\/{rel}","templated":true}]}}