{"id":1747,"date":"2016-04-05T14:01:06","date_gmt":"2016-04-05T10:01:06","guid":{"rendered":"http:\/\/lycee-roland-garros.ac-reunion.fr\/?page_id=1747"},"modified":"2016-04-05T14:55:30","modified_gmt":"2016-04-05T10:55:30","slug":"commission-educative","status":"publish","type":"page","link":"https:\/\/etab.ac-reunion.fr\/lyc-roland-garros\/etablissement\/instances\/commission-educative\/","title":{"rendered":"Commission \u00c9ducative"},"content":{"rendered":"<hr \/>\n<p>La commission \u00e9ducative est obligatoirement constitu\u00e9e dans chaque \u00e9tablissement. Elle est r\u00e9unie en tant que de besoin selon les modalit\u00e9s pr\u00e9vues par le conseil d\u2019administration de l\u2019\u00e9tablissement scolaire. Ses travaux ne sont pas un pr\u00e9alable \u00e0 l\u2019engagement d\u2019une proc\u00e9dure disciplinaire. Sa r\u00e9union permet de croiser les regards et les comp\u00e9tences, notamment celles des personnels de sant\u00e9 et sociaux de l\u2019\u00e9tablissement.<\/p>\n<h2>Sa composition<\/h2>\n<p>Pr\u00e9vue par l\u2019article R.511-19-1 du code de l\u2019\u00e9ducation, la composition de la commission \u00e9ducative institu\u00e9e dans chaque coll\u00e8ge et lyc\u00e9e, est arr\u00eat\u00e9e par le conseil d\u2019administration et inscrite au r\u00e8glement int\u00e9rieur de l\u2019\u00e9tablissement. Le chef d\u2019\u00e9tablissement en assure la pr\u00e9sidence ou, en son absence, l\u2019adjoint qu\u2019il aura d\u00e9sign\u00e9.<\/p>\n<p>Le chef d\u2019\u00e9tablissement nomme les membres.<\/p>\n<p>Elle comprend au moins un repr\u00e9sentant des parents d\u2019\u00e9l\u00e8ves et des personnels de l\u2019\u00e9tablissement dont au moins un professeur.<\/p>\n<p>Au Lyc\u00e9e Roland Garros, elle comprend\u00a0: les personnels de direction, le gestionnaire, 1 CPE, 1 assistante sociale, 1 infirmi\u00e8re, 3 enseignants, 2 parents d\u2019\u00e9l\u00e8ves et 1 repr\u00e9sentant des \u00e9l\u00e8ves (titulaires et suppl\u00e9ants, membres du CA ou non).<\/p>\n<p>Une tr\u00e8s large marge d&rsquo;appr\u00e9ciation est laiss\u00e9e \u00e0 l&rsquo;\u00e9tablissement pour \u00e9ventuellement \u00e9largir sa composition et ses missions.<\/p>\n<h2>Ses comp\u00e9tences<\/h2>\n<p>Elle a pour mission d\u2019examiner la situation d\u2019un \u00e9l\u00e8ve dont le comportement est inadapt\u00e9 aux r\u00e8gles de vie dans l\u2019\u00e9tablissement ou qui ne r\u00e9pond pas \u00e0 ses obligations scolaires. Elle doit favoriser la recherche d\u2019une r\u00e9ponse \u00e9ducative personnalis\u00e9e. La finalit\u00e9 est d\u2019amener les \u00e9l\u00e8ves, dans une optique p\u00e9dagogique et \u00e9ducative, \u00e0 s\u2019interroger sur le sens de leur conduite, les cons\u00e9quences de leurs actes pour eux-m\u00eames et autrui. La commission ne doit pas \u00eatre assimil\u00e9e par l&rsquo;\u00e9l\u00e8ve \u00e0 un conseil de discipline, auquel elle ne se substitue en aucun cas.<\/p>\n<p>Elle est \u00e9galement consult\u00e9e lorsque surviennent des incidents graves ou r\u00e9currents.<\/p>\n<p>Elle participe \u00e0 la mise en place d\u2019une politique claire de pr\u00e9vention, d\u2019intervention et de sanctions pour lutter contre le harc\u00e8lement en milieu scolaire et toutes les formes de discrimination.<\/p>\n<p>Enfin, elle assure le suivi de l\u2019application des mesures de pr\u00e9vention, d\u2019accompagnement et de responsabilisation ainsi que les mesures alternatives aux sanctions.<\/p>\n","protected":false},"excerpt":{"rendered":"<p>La commission \u00e9ducative est obligatoirement constitu\u00e9e dans chaque \u00e9tablissement. Elle est r\u00e9unie en tant que de besoin selon les modalit\u00e9s pr\u00e9vues par le conseil d\u2019administration de l\u2019\u00e9tablissement scolaire. Ses travaux ne sont pas un pr\u00e9alable \u00e0 l\u2019engagement d\u2019une proc\u00e9dure disciplinaire. Sa r\u00e9union permet de croiser les regards et les comp\u00e9tences,&#8230;<\/p>\n<p> <a class=\"continue-reading-link\" href=\"https:\/\/etab.ac-reunion.fr\/lyc-roland-garros\/etablissement\/instances\/commission-educative\/\"><span>Lire plus<\/span><i class=\"crycon-right-dir\"><\/i><\/a> <\/p>\n","protected":false},"author":10850,"featured_media":0,"parent":41,"menu_order":6,"comment_status":"closed","ping_status":"closed","template":"","meta":{"footnotes":"","_links_to":"","_links_to_target":""},"class_list":["post-1747","page","type-page","status-publish","hentry"],"_links":{"self":[{"href":"https:\/\/etab.ac-reunion.fr\/lyc-roland-garros\/wp-json\/wp\/v2\/pages\/1747","targetHints":{"allow":["GET"]}}],"collection":[{"href":"https:\/\/etab.ac-reunion.fr\/lyc-roland-garros\/wp-json\/wp\/v2\/pages"}],"about":[{"href":"https:\/\/etab.ac-reunion.fr\/lyc-roland-garros\/wp-json\/wp\/v2\/types\/page"}],"author":[{"embeddable":true,"href":"https:\/\/etab.ac-reunion.fr\/lyc-roland-garros\/wp-json\/wp\/v2\/users\/10850"}],"replies":[{"embeddable":true,"href":"https:\/\/etab.ac-reunion.fr\/lyc-roland-garros\/wp-json\/wp\/v2\/comments?post=1747"}],"version-history":[{"count":4,"href":"https:\/\/etab.ac-reunion.fr\/lyc-roland-garros\/wp-json\/wp\/v2\/pages\/1747\/revisions"}],"predecessor-version":[{"id":1783,"href":"https:\/\/etab.ac-reunion.fr\/lyc-roland-garros\/wp-json\/wp\/v2\/pages\/1747\/revisions\/1783"}],"up":[{"embeddable":true,"href":"https:\/\/etab.ac-reunion.fr\/lyc-roland-garros\/wp-json\/wp\/v2\/pages\/41"}],"wp:attachment":[{"href":"https:\/\/etab.ac-reunion.fr\/lyc-roland-garros\/wp-json\/wp\/v2\/media?parent=1747"}],"curies":[{"name":"wp","href":"https:\/\/api.w.org\/{rel}","templated":true}]}}