{"id":17478,"date":"2023-07-01T17:24:05","date_gmt":"2023-07-01T13:24:05","guid":{"rendered":"https:\/\/etab.ac-reunion.fr\/lyc-roland-garros\/?page_id=17478"},"modified":"2023-07-01T17:26:57","modified_gmt":"2023-07-01T13:26:57","slug":"bts-esf-temoignages-danciens-etudiants","status":"publish","type":"page","link":"https:\/\/etab.ac-reunion.fr\/lyc-roland-garros\/formations\/bts\/esf\/bts-esf-temoignages-danciens-etudiants\/","title":{"rendered":"BTS ESF &#8211; T\u00e9moignages d\u2019anciens \u00e9tudiants"},"content":{"rendered":"<h2>T\u00e9moignage de Lilla D.<\/h2>\n<blockquote><p>En arrivant en BTS ESF, j&rsquo;\u00e9tais d\u00e9j\u00e0 quelqu&rsquo;un d&rsquo;int\u00e9ress\u00e9e par le monde du social, d\u00e9sireuse d&rsquo;aider les autres \u00e0 vivre mieux&#8230; mais m&rsquo;ouvrir devant les autres \u00e9tait pour moi tr\u00e8s difficile (que ce soit par exemple en osant proposer des id\u00e9es lors des travaux de groupe, ou participer aux cours&#8230; ne parlons m\u00eame pas des\u00a0pr\u00e9sentations orales ! c&rsquo;\u00e9tait toute une pr\u00e9paration \u00e0 faire en moi pour y arriver.\u00a0\ud83d\ude05\ud83d\ude05<br \/>\nAux difficult\u00e9s je peux y ajouter la gestion de la grosse\u00a0charge de travail, garder la\u00a0motivation\u00a0!<br \/>\nAu fur et \u00e0 mesure, \u00e0 force d&rsquo;exercice\u00a0et de volont\u00e9, (notamment des stages !\u2728) je me lib\u00e9rais de ces blocages.<br \/>\nMaintenant, suite \u00e0 ces 2ans en BTS ESF, je suis devenue quelqu&rsquo;un de plus \u00e0 l&rsquo;aise dans mon travail,\u00a0confiante\u00a0en ce que je sais faire, un peu plus expressive, etc.<br \/>\nJe peux dire que par rapport aux \u00e9tudes\/travail en g\u00e9n\u00e9ral je sais beaucoup mieux g\u00e9rer mon\u00a0stress, m&rsquo;organiser\u00a0; je travaille mieux et plus rapidement.\u00a0J&rsquo;ai donc appris \u00e0 \u00eatre plus efficace.<\/p>\n<p>J&rsquo;ai aim\u00e9 dans la formation\u00a0:<\/p>\n<ul>\n<li>Mettre en \u0153uvre la m\u00e9thode de projet (concevoir des actions qui r\u00e9pondent \u00e0 des besoins en travaillant en groupe) ;<\/li>\n<li>Les stages (d\u00e9couvrir la r\u00e9alit\u00e9 de terrain&#8230;) ;<\/li>\n<li>Les TP de cuisine \u00e9videmment ;<\/li>\n<li>L&rsquo;ambiance de la promo ;<\/li>\n<li>La relation avec l&rsquo;\u00e9quipe d&rsquo;enseignants ;<\/li>\n<li>Les mises en situation (entrainement \u00e0 l&rsquo;examen) ;<\/li>\n<li>Apprendre tellement de nouvelles choses ;<\/li>\n<li>La transversalit\u00e9, diversit\u00e9 des comp\u00e9tences, infos re\u00e7ues.<\/li>\n<\/ul>\n<p>Cette formation m&rsquo;a apport\u00e9 pour la suite (\u00e9tude ou monde du travail)\u00a0:<\/p>\n<p>A la suite de ce BTS, ayant pour projet de travailler dans le\u00a0montage de projet, je suis en Licence Pro\u00a0MASSES\u00a0et mes savoir-faire acquis en m\u00e9thodo de projet, connaissance des publics etc me sont donc utiles, me permettant de beaucoup mieu appr\u00e9hender l&rsquo;exam&#8230; Concernant le travail (alternance), ayant effectu\u00e9 2 stages pendant le BTS j&rsquo;avais donc d\u00e9j\u00e0 pas mal de contacts et\u00a0savoir-faire\u00a0pour la recherche de structure, et le\u00a0savoir-\u00eatre\u00a0etc en milieu professionnel.<\/p>\n<p>+ le contact avec des personnes de parcours\/\u00e2ges divers &#8211;&gt; grandir un peu plus, maturit\u00e9..<\/p><\/blockquote>\n<h2>T\u00e9moignage de Marianne (apprenante CESF)<\/h2>\n<blockquote><p>Bonjour,<\/p>\n<p>Je me pr\u00e9sente je m&rsquo;appelle Marianne, j&rsquo;ai 41 ans et je suis une maman de 3 enfants \u00e2g\u00e9s de 14, 15 et 19 ans.<\/p>\n<p>J&rsquo;ai obtenu mon BTS E.S.F en juin 2020, j&rsquo;ai repris mes \u00e9tudes apr\u00e8s 20 ans d&rsquo;interruption scolaire. Il a fallu que je trouve mon bateau de croisi\u00e8re entre vie \u00e9tudiante donc une tr\u00e8s grande charge de travail personnel et vie de famille et conjugale. J&rsquo;ai fait des sacrifices mais cela a \u00e9t\u00e9 fructueux.<\/p>\n<p>Aujourd&rsquo;hui, je suis \u00e0 l&rsquo;IRTS en 3\u00e8me ann\u00e9e pour le Dipl\u00f4me d&rsquo;\u00c9tat de Conseill\u00e8re en \u00e9conomie sociale familiale.\u00a0 C&rsquo;est la poursuite logique du BTS ESF.<\/p>\n<p>J&rsquo;ai longuement h\u00e9sit\u00e9 \u00e0 suivre la formation mais j&rsquo;ai candidat\u00e9 pour ne pas avoir de regret. J&rsquo;ai \u00e9t\u00e9 retenue pour la formation apr\u00e8s l&rsquo;entretien de s\u00e9lection.<\/p>\n<p>C&rsquo;est une ann\u00e9e intense, cela exige une tr\u00e8s grande motivation et une tr\u00e8s bonne organisation. Il y a beaucoup de notions \u00e0 apprendre, il faut assimiler et connaitre les dispositifs sociaux mis en faveur des usagers &#8230; Il faut aussi savoir enlever nos repr\u00e9sentations et ne pas avoir de jugement.<\/p>\n<p>Je suis en stage au C.C.A.S de Sainte-Rose mais par chance je fais mes deux p\u00e9riodes sur le m\u00eame lieu mais j&rsquo;ai beaucoup de route. J&rsquo;habite \u00e0 Saint Joseph autant vous dire que lorsque je rentre chez moi le soir je n&rsquo;ai plus envie de travailler.\u00a0 Donc\u00a0 j&rsquo;organise mon travail personnel sur mes week-ends et mes jours de travail personnel.<\/p>\n<p>Il m&rsquo;arrive de me poser la question si je suis r\u00e9ellement faite pour \u00eatre conseill\u00e8re en \u00e9conomie sociale familiale car il m&rsquo;arrive de me sentir d\u00e9pass\u00e9e par les \u00e9v\u00e8nements surtout quand je suis \u00e9puis\u00e9e et que je pense \u00e0\u00a0 tout ce que je dois faire pour mes certifications !<\/p>\n<p>Dans tous les cas, je me suis engag\u00e9e dans cette formation et je savais que cela allait \u00eatre difficile mais je tiens mes engagements car je sais que le jeu en vaut la chandelle.<\/p>\n<p>Je vous encourage dans cette voie et vous souhaite r\u00e9ussir pour le BTS.<\/p><\/blockquote>\n","protected":false},"excerpt":{"rendered":"<p>T\u00e9moignage de Lilla D. En arrivant en BTS ESF, j&rsquo;\u00e9tais d\u00e9j\u00e0 quelqu&rsquo;un d&rsquo;int\u00e9ress\u00e9e par le monde du social, d\u00e9sireuse d&rsquo;aider les autres \u00e0 vivre mieux&#8230; mais m&rsquo;ouvrir devant les autres \u00e9tait pour moi tr\u00e8s difficile (que ce soit par exemple en osant proposer des id\u00e9es lors des travaux de groupe,&#8230;<\/p>\n<p> <a class=\"continue-reading-link\" href=\"https:\/\/etab.ac-reunion.fr\/lyc-roland-garros\/formations\/bts\/esf\/bts-esf-temoignages-danciens-etudiants\/\"><span>Lire plus<\/span><i class=\"crycon-right-dir\"><\/i><\/a> <\/p>\n","protected":false},"author":10850,"featured_media":0,"parent":571,"menu_order":0,"comment_status":"closed","ping_status":"closed","template":"","meta":{"footnotes":"","_links_to":"","_links_to_target":""},"class_list":["post-17478","page","type-page","status-publish","hentry"],"_links":{"self":[{"href":"https:\/\/etab.ac-reunion.fr\/lyc-roland-garros\/wp-json\/wp\/v2\/pages\/17478","targetHints":{"allow":["GET"]}}],"collection":[{"href":"https:\/\/etab.ac-reunion.fr\/lyc-roland-garros\/wp-json\/wp\/v2\/pages"}],"about":[{"href":"https:\/\/etab.ac-reunion.fr\/lyc-roland-garros\/wp-json\/wp\/v2\/types\/page"}],"author":[{"embeddable":true,"href":"https:\/\/etab.ac-reunion.fr\/lyc-roland-garros\/wp-json\/wp\/v2\/users\/10850"}],"replies":[{"embeddable":true,"href":"https:\/\/etab.ac-reunion.fr\/lyc-roland-garros\/wp-json\/wp\/v2\/comments?post=17478"}],"version-history":[{"count":2,"href":"https:\/\/etab.ac-reunion.fr\/lyc-roland-garros\/wp-json\/wp\/v2\/pages\/17478\/revisions"}],"predecessor-version":[{"id":17481,"href":"https:\/\/etab.ac-reunion.fr\/lyc-roland-garros\/wp-json\/wp\/v2\/pages\/17478\/revisions\/17481"}],"up":[{"embeddable":true,"href":"https:\/\/etab.ac-reunion.fr\/lyc-roland-garros\/wp-json\/wp\/v2\/pages\/571"}],"wp:attachment":[{"href":"https:\/\/etab.ac-reunion.fr\/lyc-roland-garros\/wp-json\/wp\/v2\/media?parent=17478"}],"curies":[{"name":"wp","href":"https:\/\/api.w.org\/{rel}","templated":true}]}}