{"id":1749,"date":"2016-04-05T14:01:38","date_gmt":"2016-04-05T10:01:38","guid":{"rendered":"http:\/\/lycee-roland-garros.ac-reunion.fr\/?page_id=1749"},"modified":"2016-04-05T14:58:10","modified_gmt":"2016-04-05T10:58:10","slug":"conseil-pedagogique","status":"publish","type":"page","link":"https:\/\/etab.ac-reunion.fr\/lyc-roland-garros\/etablissement\/instances\/conseil-pedagogique\/","title":{"rendered":"Conseil P\u00e9dagogique"},"content":{"rendered":"<hr \/>\n<p>Le conseil p\u00e9dagogique favorise la concertation entre les professeurs. Il participe \u00e0 l&rsquo;autonomie p\u00e9dagogique des \u00e9tablissements publics locaux d&rsquo;enseignement (EPLE).<\/p>\n<h2>Favoriser la concertation entre les professeurs<\/h2>\n<p>Le conseil p\u00e9dagogique est une instance de consultation des enseignants sur la politique \u00e9ducative de l&rsquo;\u00e9tablissement. Il pr\u00e9pare la partie p\u00e9dagogique du projet d&rsquo;\u00e9tablissement, qui inclut les propositions d&rsquo;exp\u00e9rimentations p\u00e9dagogiques.<\/p>\n<p>Des pr\u00e9cisions sont apport\u00e9es par l&rsquo;article R. 421-41-3 du Code de l&rsquo;\u00e9ducation sur les sujets trait\u00e9s par le conseil p\u00e9dagogique, dans le respect de la libert\u00e9 p\u00e9dagogique des enseignants et du champ de comp\u00e9tence des personnels de direction.<\/p>\n<p>Il formule des propositions sur les modalit\u00e9s d&rsquo;organisation\u00a0, que le chef d&rsquo;\u00e9tablissement soumet ensuite au conseil d&rsquo;administration.<\/p>\n<h2>\u00c9tablir un consensus<\/h2>\n<p>Le chef d&rsquo;\u00e9tablissement d\u00e9signe les membres du conseil p\u00e9dagogique, apr\u00e8s consultation des \u00e9quipes p\u00e9dagogiques concern\u00e9es en veillant au plus large consensus possible de la part de celles-ci. Il informe le conseil d&rsquo;administration et la communaut\u00e9 \u00e9ducative de cette composition.<\/p>\n<p>La loi fixe la composition minimale du conseil p\u00e9dagogique :<\/p>\n<ul>\n<li>au moins un professeur principal de chaque niveau d&rsquo;enseignement ;<\/li>\n<li>au moins un professeur par champ disciplinaire ;<\/li>\n<li>un conseiller principal d&rsquo;\u00e9ducation ;<\/li>\n<li>le cas \u00e9ch\u00e9ant le chef de travaux.<\/li>\n<\/ul>\n<p>Le conseil p\u00e9dagogique peut associer toute personne dont la consultation est jug\u00e9e utile en fonction des sujets trait\u00e9s.<\/p>\n<p>Le chef d&rsquo;\u00e9tablissement pr\u00e9side le conseil p\u00e9dagogique.<\/p>\n","protected":false},"excerpt":{"rendered":"<p>Le conseil p\u00e9dagogique favorise la concertation entre les professeurs. Il participe \u00e0 l&rsquo;autonomie p\u00e9dagogique des \u00e9tablissements publics locaux d&rsquo;enseignement (EPLE). Favoriser la concertation entre les professeurs Le conseil p\u00e9dagogique est une instance de consultation des enseignants sur la politique \u00e9ducative de l&rsquo;\u00e9tablissement. Il pr\u00e9pare la partie p\u00e9dagogique du projet d&rsquo;\u00e9tablissement,&#8230;<\/p>\n<p> <a class=\"continue-reading-link\" href=\"https:\/\/etab.ac-reunion.fr\/lyc-roland-garros\/etablissement\/instances\/conseil-pedagogique\/\"><span>Lire plus<\/span><i class=\"crycon-right-dir\"><\/i><\/a> <\/p>\n","protected":false},"author":10850,"featured_media":0,"parent":41,"menu_order":7,"comment_status":"closed","ping_status":"closed","template":"","meta":{"footnotes":"","_links_to":"","_links_to_target":""},"class_list":["post-1749","page","type-page","status-publish","hentry"],"_links":{"self":[{"href":"https:\/\/etab.ac-reunion.fr\/lyc-roland-garros\/wp-json\/wp\/v2\/pages\/1749","targetHints":{"allow":["GET"]}}],"collection":[{"href":"https:\/\/etab.ac-reunion.fr\/lyc-roland-garros\/wp-json\/wp\/v2\/pages"}],"about":[{"href":"https:\/\/etab.ac-reunion.fr\/lyc-roland-garros\/wp-json\/wp\/v2\/types\/page"}],"author":[{"embeddable":true,"href":"https:\/\/etab.ac-reunion.fr\/lyc-roland-garros\/wp-json\/wp\/v2\/users\/10850"}],"replies":[{"embeddable":true,"href":"https:\/\/etab.ac-reunion.fr\/lyc-roland-garros\/wp-json\/wp\/v2\/comments?post=1749"}],"version-history":[{"count":3,"href":"https:\/\/etab.ac-reunion.fr\/lyc-roland-garros\/wp-json\/wp\/v2\/pages\/1749\/revisions"}],"predecessor-version":[{"id":1786,"href":"https:\/\/etab.ac-reunion.fr\/lyc-roland-garros\/wp-json\/wp\/v2\/pages\/1749\/revisions\/1786"}],"up":[{"embeddable":true,"href":"https:\/\/etab.ac-reunion.fr\/lyc-roland-garros\/wp-json\/wp\/v2\/pages\/41"}],"wp:attachment":[{"href":"https:\/\/etab.ac-reunion.fr\/lyc-roland-garros\/wp-json\/wp\/v2\/media?parent=1749"}],"curies":[{"name":"wp","href":"https:\/\/api.w.org\/{rel}","templated":true}]}}