{"id":1751,"date":"2016-04-05T14:02:56","date_gmt":"2016-04-05T10:02:56","guid":{"rendered":"http:\/\/lycee-roland-garros.ac-reunion.fr\/?page_id=1751"},"modified":"2016-04-05T15:05:59","modified_gmt":"2016-04-05T11:05:59","slug":"conseil-des-delegues-pour-la-vie-lyceenne","status":"publish","type":"page","link":"https:\/\/etab.ac-reunion.fr\/lyc-roland-garros\/etablissement\/instances\/conseil-des-delegues-pour-la-vie-lyceenne\/","title":{"rendered":"Conseil des d\u00e9l\u00e9gu\u00e9s pour la Vie Lyc\u00e9enne (CVL)"},"content":{"rendered":"<hr \/>\n<h2>Composition<\/h2>\n<p>Dans les lyc\u00e9es, un conseil des d\u00e9l\u00e9gu\u00e9s pour la vie lyc\u00e9enne (CVL) est compos\u00e9 de <strong>dix lyc\u00e9ens<\/strong> \u00e9lus au scrutin plurinominal \u00e0 un tour dont\u00a0:<\/p>\n<ul>\n<li>3 lyc\u00e9ens \u00e9lus pour un an par les d\u00e9l\u00e9gu\u00e9s des \u00e9l\u00e8ves\u00a0;<\/li>\n<li>7 lyc\u00e9ens \u00e9lus pour deux ans (les ann\u00e9es paires) par l\u2019ensemble des \u00e9l\u00e8ves de l\u2019\u00e9tablissement.<\/li>\n<\/ul>\n<p>Pour chaque titulaire, un suppl\u00e9ant est \u00e9lu dans les m\u00eames conditions.<\/p>\n<p>Des repr\u00e9sentants des personnels et des parents d\u2019\u00e9l\u00e8ves dont le nombre est \u00e9gal \u00e0 celui des membres assistent \u00e0 titre consultatif, aux r\u00e9unions du CVL.<\/p>\n<p><strong>Huit repr\u00e9sentants des personnels<\/strong> d\u00e9sign\u00e9s chaque ann\u00e9e par le conseil d\u2019administration du lyc\u00e9e, sur proposition des repr\u00e9sentants de leur cat\u00e9gorie au sein de ce conseil (membres ou non du CA) :<\/p>\n<ul>\n<li>cinq personnels d\u2019enseignement et d\u2019\u00e9ducation et d\u2019assistance \u00e9ducative ou p\u00e9dagogique, membres volontaires\u00a0;<\/li>\n<li>trois personnels administratifs, sociaux et de sant\u00e9, techniques, ouvriers et de service de l\u2019\u00e9tablissement, membres volontaires,<\/li>\n<\/ul>\n<p><strong>Deux repr\u00e9sentants des parents d\u2019\u00e9l\u00e8ves<\/strong> sont \u00e9lus, en leur sein, par les repr\u00e9sentants des parents d\u2019\u00e9l\u00e8ves au conseil d\u2019administration (membres ou non du CA).<\/p>\n<h2>Fonctionnement<\/h2>\n<p>Le conseil est pr\u00e9sid\u00e9 par le chef d&rsquo;\u00e9tablissement.<\/p>\n<p>Le conseil des d\u00e9l\u00e9gu\u00e9s pour la vie lyc\u00e9enne se r\u00e9unit, sur convocation du chef d&rsquo;\u00e9tablissement, avant chaque s\u00e9ance ordinaire du conseil d&rsquo;administration. Il est, en outre, r\u00e9uni en s\u00e9ance extraordinaire, \u00e0 la demande de la moiti\u00e9 de ses membres. L&rsquo;ordre du jour est arr\u00eat\u00e9 par le chef d&rsquo;\u00e9tablissement.<\/p>\n<p>Le CVL formule des propositions sur\u00a0:<\/p>\n<ul>\n<li>la formation des repr\u00e9sentants des \u00e9l\u00e8ves ;<\/li>\n<li>les conditions d\u2019utilisation des fonds lyc\u00e9ens.<\/li>\n<\/ul>\n<p>Il est obligatoirement consult\u00e9 sur les questions concernant :<\/p>\n<ul>\n<li>les principes g\u00e9n\u00e9raux de l\u2019organisation des \u00e9tudes ;<\/li>\n<li>l\u2019\u00e9laboration du projet d\u2019\u00e9tablissement ;<\/li>\n<li>l\u2019\u00e9laboration ou la modification du r\u00e8glement int\u00e9rieur ;<\/li>\n<li>l\u2019organisation du temps scolaire ;<\/li>\n<li>les modalit\u00e9s g\u00e9n\u00e9rales de l\u2019organisation du travail personnel et du soutien des \u00e9l\u00e8ves ;<\/li>\n<li>l\u2019information li\u00e9e \u00e0 l\u2019orientation ;<\/li>\n<li>la sant\u00e9, l\u2019hygi\u00e8ne et la s\u00e9curit\u00e9 ;<\/li>\n<li>l\u2019am\u00e9nagement des espaces destin\u00e9s \u00e0 la vie lyc\u00e9enne ;<\/li>\n<li>l\u2019organisation des activit\u00e9s sportives, culturelles et p\u00e9riscolaires.<\/li>\n<\/ul>\n","protected":false},"excerpt":{"rendered":"<p>Composition Dans les lyc\u00e9es, un conseil des d\u00e9l\u00e9gu\u00e9s pour la vie lyc\u00e9enne (CVL) est compos\u00e9 de dix lyc\u00e9ens \u00e9lus au scrutin plurinominal \u00e0 un tour dont\u00a0: 3 lyc\u00e9ens \u00e9lus pour un an par les d\u00e9l\u00e9gu\u00e9s des \u00e9l\u00e8ves\u00a0; 7 lyc\u00e9ens \u00e9lus pour deux ans (les ann\u00e9es paires) par l\u2019ensemble des \u00e9l\u00e8ves&#8230;<\/p>\n<p> <a class=\"continue-reading-link\" href=\"https:\/\/etab.ac-reunion.fr\/lyc-roland-garros\/etablissement\/instances\/conseil-des-delegues-pour-la-vie-lyceenne\/\"><span>Lire plus<\/span><i class=\"crycon-right-dir\"><\/i><\/a> <\/p>\n","protected":false},"author":10850,"featured_media":0,"parent":41,"menu_order":8,"comment_status":"closed","ping_status":"closed","template":"","meta":{"footnotes":"","_links_to":"","_links_to_target":""},"class_list":["post-1751","page","type-page","status-publish","hentry"],"_links":{"self":[{"href":"https:\/\/etab.ac-reunion.fr\/lyc-roland-garros\/wp-json\/wp\/v2\/pages\/1751","targetHints":{"allow":["GET"]}}],"collection":[{"href":"https:\/\/etab.ac-reunion.fr\/lyc-roland-garros\/wp-json\/wp\/v2\/pages"}],"about":[{"href":"https:\/\/etab.ac-reunion.fr\/lyc-roland-garros\/wp-json\/wp\/v2\/types\/page"}],"author":[{"embeddable":true,"href":"https:\/\/etab.ac-reunion.fr\/lyc-roland-garros\/wp-json\/wp\/v2\/users\/10850"}],"replies":[{"embeddable":true,"href":"https:\/\/etab.ac-reunion.fr\/lyc-roland-garros\/wp-json\/wp\/v2\/comments?post=1751"}],"version-history":[{"count":5,"href":"https:\/\/etab.ac-reunion.fr\/lyc-roland-garros\/wp-json\/wp\/v2\/pages\/1751\/revisions"}],"predecessor-version":[{"id":1788,"href":"https:\/\/etab.ac-reunion.fr\/lyc-roland-garros\/wp-json\/wp\/v2\/pages\/1751\/revisions\/1788"}],"up":[{"embeddable":true,"href":"https:\/\/etab.ac-reunion.fr\/lyc-roland-garros\/wp-json\/wp\/v2\/pages\/41"}],"wp:attachment":[{"href":"https:\/\/etab.ac-reunion.fr\/lyc-roland-garros\/wp-json\/wp\/v2\/media?parent=1751"}],"curies":[{"name":"wp","href":"https:\/\/api.w.org\/{rel}","templated":true}]}}