{"id":19360,"date":"2025-02-18T07:15:04","date_gmt":"2025-02-18T03:15:04","guid":{"rendered":"https:\/\/etab.ac-reunion.fr\/lyc-roland-garros\/?page_id=19360"},"modified":"2025-02-26T10:29:20","modified_gmt":"2025-02-26T06:29:20","slug":"erasmus","status":"publish","type":"page","link":"https:\/\/etab.ac-reunion.fr\/lyc-roland-garros\/international\/erasmus-plus\/erasmus\/","title":{"rendered":"Erasmus Allemagne"},"content":{"rendered":"<h4><\/h4>\n<div><\/div>\n<h2><strong>Apprendre une langue \u00e9trang\u00e8re, c&rsquo;est aussi pour la parler. Parlons donc allemand avec des jeunes allemands !<img loading=\"lazy\" decoding=\"async\" class=\"alignnone size-full wp-image-19420\" src=\"https:\/\/etab.ac-reunion.fr\/lyc-roland-garros\/wp-content\/uploads\/sites\/142\/2025\/02\/carte-dAllemagne.png\" alt=\"\" width=\"822\" height=\"942\" srcset=\"https:\/\/etab.ac-reunion.fr\/lyc-roland-garros\/wp-content\/uploads\/sites\/142\/2025\/02\/carte-dAllemagne.png 822w, https:\/\/etab.ac-reunion.fr\/lyc-roland-garros\/wp-content\/uploads\/sites\/142\/2025\/02\/carte-dAllemagne-262x300.png 262w, https:\/\/etab.ac-reunion.fr\/lyc-roland-garros\/wp-content\/uploads\/sites\/142\/2025\/02\/carte-dAllemagne-698x800.png 698w, https:\/\/etab.ac-reunion.fr\/lyc-roland-garros\/wp-content\/uploads\/sites\/142\/2025\/02\/carte-dAllemagne-131x150.png 131w\" sizes=\"auto, (max-width: 822px) 100vw, 822px\" \/><\/strong><\/h2>\n<div><\/div>\n<div>Concernant les actions men\u00e9es dans le cadre de l&rsquo;enseignement de l&rsquo;allemand au lyc\u00e9e Roland Garros, l&rsquo;ann\u00e9e 2024 a \u00e9t\u00e9 une ann\u00e9e particuli\u00e8rement riche.<\/div>\n<div><\/div>\n<div>&#8211; C&rsquo;est gr\u00e2ce \u00e0 plusieurs projets d&rsquo;\u00e9changes qu&rsquo;un maximum d&rsquo;\u00e9l\u00e8ves dans diff\u00e9rentes fili\u00e8res ont pu voyager en Allemagne :25 \u00e9l\u00e8ves de seconde, premi\u00e8re et terminale en section europ\u00e9enne allemand (2 semaines), 1 \u00e9l\u00e8ve de seconde en section euro allemand (6 mois), 3 \u00e9l\u00e8ves de seconde en section euro allemand (6 semaines), 13 \u00e9l\u00e8ves de terminale en section AbiBac (2 semaines), 10 \u00e9l\u00e8ves de seconde AbiBac (3 mois), 12 \u00e9l\u00e8ves en terminale BacPro Melec (\u00e9lectrotechnique) et 3 \u00e9tudiants en premi\u00e8re ann\u00e9e de BTS (ESF et ELT).<\/div>\n<div><\/div>\n<div>&#8211; Mais en terme d&rsquo;\u00e9tablissement d&rsquo;accueil, l&rsquo;ann\u00e9e a \u00e9t\u00e9 \u00e9galement marquante :<\/div>\n<div>Nous avons accueilli 360 coll\u00e9giens et lyc\u00e9ens germanistes du Sud de l&rsquo;\u00eele pour la pi\u00e8ce de th\u00e9\u00e2tre en allemand \u00ab\u00a0Louise x2\u00a0\u00bb (seconde AbiBac), 25 correspondants allemands (programme SAUZAY, 3 mois), 1 correspondant allemand (programme VOLTAIRE, 6 mois), 25 correspondants du lyc\u00e9e partenaire \u00e0 Tr\u00e8ves (2 semaines), 13 apprentis de la Sarre en \u00e9lectrotechnique (1 mois), 3 \u00e9tudiantes stagiaires des Universit\u00e9s de Mayence, Francfort et Tr\u00e8ves (2-4 mois) et une coll\u00e8gue allemande de Hanovre en job-shadowing (1 semaine).<\/div>\n<div><\/div>\n<h2>Voici un retour en images sur l&rsquo;ann\u00e9e 2024<b> &#8211;&gt; lien vers notre<\/b> eBook : <a class=\"text-primary\" title=\"suivre le raccourci\" href=\"https:\/\/aca.re\/veoxa\" target=\"_blank\" rel=\"noopener noreferrer\"><span id=\"link614658\">aca.re\/veoxa<\/span><\/a><\/h2>\n<div><\/div>\n<div>Merci aux coll\u00e8gues de l&rsquo;administration (gestion, secr\u00e9tariats divers, ERAI, etc.) et \u00e0 tous les enseignants concern\u00e9s par l&rsquo;accueil de correspondants dans leurs cours d&rsquo;avoir rendu possible ces actions motivants pour les \u00e9l\u00e8ves !<\/div>\n","protected":false},"excerpt":{"rendered":"<p>Apprendre une langue \u00e9trang\u00e8re, c&rsquo;est aussi pour la parler. Parlons donc allemand avec des jeunes allemands ! Concernant les actions men\u00e9es dans le cadre de l&rsquo;enseignement de l&rsquo;allemand au lyc\u00e9e Roland Garros, l&rsquo;ann\u00e9e 2024 a \u00e9t\u00e9 une ann\u00e9e particuli\u00e8rement riche. &#8211; C&rsquo;est gr\u00e2ce \u00e0 plusieurs projets d&rsquo;\u00e9changes qu&rsquo;un maximum d&rsquo;\u00e9l\u00e8ves&#8230;<\/p>\n<p> <a class=\"continue-reading-link\" href=\"https:\/\/etab.ac-reunion.fr\/lyc-roland-garros\/international\/erasmus-plus\/erasmus\/\"><span>Lire plus<\/span><i class=\"crycon-right-dir\"><\/i><\/a> <\/p>\n","protected":false},"author":36003,"featured_media":19420,"parent":489,"menu_order":0,"comment_status":"closed","ping_status":"closed","template":"","meta":{"footnotes":"","_links_to":"","_links_to_target":""},"class_list":["post-19360","page","type-page","status-publish","has-post-thumbnail","hentry"],"_links":{"self":[{"href":"https:\/\/etab.ac-reunion.fr\/lyc-roland-garros\/wp-json\/wp\/v2\/pages\/19360","targetHints":{"allow":["GET"]}}],"collection":[{"href":"https:\/\/etab.ac-reunion.fr\/lyc-roland-garros\/wp-json\/wp\/v2\/pages"}],"about":[{"href":"https:\/\/etab.ac-reunion.fr\/lyc-roland-garros\/wp-json\/wp\/v2\/types\/page"}],"author":[{"embeddable":true,"href":"https:\/\/etab.ac-reunion.fr\/lyc-roland-garros\/wp-json\/wp\/v2\/users\/36003"}],"replies":[{"embeddable":true,"href":"https:\/\/etab.ac-reunion.fr\/lyc-roland-garros\/wp-json\/wp\/v2\/comments?post=19360"}],"version-history":[{"count":15,"href":"https:\/\/etab.ac-reunion.fr\/lyc-roland-garros\/wp-json\/wp\/v2\/pages\/19360\/revisions"}],"predecessor-version":[{"id":19433,"href":"https:\/\/etab.ac-reunion.fr\/lyc-roland-garros\/wp-json\/wp\/v2\/pages\/19360\/revisions\/19433"}],"up":[{"embeddable":true,"href":"https:\/\/etab.ac-reunion.fr\/lyc-roland-garros\/wp-json\/wp\/v2\/pages\/489"}],"wp:featuredmedia":[{"embeddable":true,"href":"https:\/\/etab.ac-reunion.fr\/lyc-roland-garros\/wp-json\/wp\/v2\/media\/19420"}],"wp:attachment":[{"href":"https:\/\/etab.ac-reunion.fr\/lyc-roland-garros\/wp-json\/wp\/v2\/media?parent=19360"}],"curies":[{"name":"wp","href":"https:\/\/api.w.org\/{rel}","templated":true}]}}