{"id":19908,"date":"2025-06-30T12:15:47","date_gmt":"2025-06-30T08:15:47","guid":{"rendered":"https:\/\/etab.ac-reunion.fr\/lyc-roland-garros\/?page_id=19908"},"modified":"2025-07-07T11:55:55","modified_gmt":"2025-07-07T07:55:55","slug":"pieces-a-fournir-inscription-rentree-scolaire-2025-2026","status":"publish","type":"page","link":"https:\/\/etab.ac-reunion.fr\/lyc-roland-garros\/scolarite\/inscription\/pieces-a-fournir-inscription-rentree-scolaire-2025-2026\/","title":{"rendered":"Pi\u00e8ces \u00e0 fournir Inscription Rentr\u00e9e Scolaire 2025 2026"},"content":{"rendered":"<blockquote><p>Toutes les pi\u00e8ces \u00e0 fournir ci dessous sont \u00e0 imprimer et ramener le jour de l&rsquo;inscription.<\/p>\n<p><a href=\"https:\/\/etab.ac-reunion.fr\/lyc-roland-garros\/scolarite\/inscription\/listes-fournitures-scolaires-rentree-2025-2026-cap-et-bac-pro\/\">Listes Fournitures Scolaire 2025-2026 &#8211; CAP 1\u00e8re ann\u00e9e et Seconde Bac Professionnel\u00a0<\/a><\/p><\/blockquote>\n<p><strong>VIE SCOLAIRE :\u00a0<\/strong><\/p>\n<p><a href=\"https:\/\/etab.ac-reunion.fr\/lyc-roland-garros\/wp-content\/uploads\/sites\/142\/2025\/06\/Autorisation-de-prise-de-vue-PDF-Recto-Verso.pdf\">Autorisation de prise de vue PDF Recto Verso<\/a><\/p>\n<p><a href=\"https:\/\/etab.ac-reunion.fr\/lyc-roland-garros\/wp-content\/uploads\/sites\/142\/2025\/06\/Fiche-evacuation-cyclonique-PDF.pdf\">Fiche \u00e9vacuation cyclonique PDF<\/a><\/p>\n<p>&nbsp;<\/p>\n<p><strong>SECRETARIAT DE SCOLARITE :\u00a0<\/strong><\/p>\n<p><a href=\"https:\/\/etab.ac-reunion.fr\/lyc-roland-garros\/wp-content\/uploads\/sites\/142\/2025\/06\/FICHE-RENSEIGNEMENTS-ELEVE-Recto-Verso-PDF.pdf\">FICHE RENSEIGNEMENTS \u00c9L\u00c8VE Recto Verso PDF<\/a><\/p>\n<p><a href=\"https:\/\/etab.ac-reunion.fr\/lyc-roland-garros\/wp-content\/uploads\/sites\/142\/2025\/06\/LISTE-PIECES-SECRETARIAT-DE-SCOLARITE-PDF.pdf\">LISTE PIECES SECRETARIAT DE SCOLARITE PDF<\/a><\/p>\n<p>&nbsp;<\/p>\n<p><strong>MAISON DES LYCEENS :\u00a0<\/strong><\/p>\n<p><a href=\"https:\/\/etab.ac-reunion.fr\/lyc-roland-garros\/wp-content\/uploads\/sites\/142\/2025\/06\/Bulletin-dadhesion-mdl-2025-2026-1.pdf\">Bulletin d&rsquo;adhesion mdl 2025-2026<\/a><\/p>\n<p>&nbsp;<\/p>\n<p><strong>INTERNAT :\u00a0<\/strong><\/p>\n<p><a href=\"https:\/\/etab.ac-reunion.fr\/lyc-roland-garros\/wp-content\/uploads\/sites\/142\/2025\/06\/documents-inscription-internat-2025-2026.pdf\">documents inscription internat 2025-2026<\/a><\/p>\n<p><a href=\"https:\/\/etab.ac-reunion.fr\/lyc-roland-garros\/wp-content\/uploads\/sites\/142\/2025\/07\/Inscription-a-linternant-pieces-a-fournir.pdf\">Inscription \u00e0 l&rsquo;internant pi\u00e8ces \u00e0 fournir<\/a><\/p>\n<p><a href=\"https:\/\/etab.ac-reunion.fr\/lyc-roland-garros\/wp-content\/uploads\/sites\/142\/2025\/07\/Demande-inscription-internat.pdf\">Demande inscription internat<\/a><\/p>\n<p>&nbsp;<\/p>\n<p><strong>BOURSE ET RESTAURATION :\u00a0<\/strong><\/p>\n<p><a href=\"https:\/\/etab.ac-reunion.fr\/lyc-roland-garros\/wp-content\/uploads\/sites\/142\/2025\/06\/Fiche-pour-demande-bourse.pdf\">Fiche pour demande bourse<\/a><\/p>\n<p><a href=\"https:\/\/etab.ac-reunion.fr\/lyc-roland-garros\/wp-content\/uploads\/sites\/142\/2025\/06\/Fiche-dinscription-Restauration-2025-2026-pdf.pdf\">Fiche d&rsquo;inscription Restauration 2025-2026 pdf<\/a><\/p>\n<p>&nbsp;<\/p>\n<p>&nbsp;<\/p>\n","protected":false},"excerpt":{"rendered":"<p>Toutes les pi\u00e8ces \u00e0 fournir ci dessous sont \u00e0 imprimer et ramener le jour de l&rsquo;inscription. Listes Fournitures Scolaire 2025-2026 &#8211; CAP 1\u00e8re ann\u00e9e et Seconde Bac Professionnel\u00a0 VIE SCOLAIRE :\u00a0 Autorisation de prise de vue PDF Recto Verso Fiche \u00e9vacuation cyclonique PDF &nbsp; SECRETARIAT DE SCOLARITE :\u00a0 FICHE RENSEIGNEMENTS&#8230;<\/p>\n<p> <a class=\"continue-reading-link\" href=\"https:\/\/etab.ac-reunion.fr\/lyc-roland-garros\/scolarite\/inscription\/pieces-a-fournir-inscription-rentree-scolaire-2025-2026\/\"><span>Lire plus<\/span><i class=\"crycon-right-dir\"><\/i><\/a> <\/p>\n","protected":false},"author":36395,"featured_media":0,"parent":11821,"menu_order":0,"comment_status":"closed","ping_status":"closed","template":"","meta":{"footnotes":"","_links_to":"","_links_to_target":""},"class_list":["post-19908","page","type-page","status-publish","hentry"],"_links":{"self":[{"href":"https:\/\/etab.ac-reunion.fr\/lyc-roland-garros\/wp-json\/wp\/v2\/pages\/19908","targetHints":{"allow":["GET"]}}],"collection":[{"href":"https:\/\/etab.ac-reunion.fr\/lyc-roland-garros\/wp-json\/wp\/v2\/pages"}],"about":[{"href":"https:\/\/etab.ac-reunion.fr\/lyc-roland-garros\/wp-json\/wp\/v2\/types\/page"}],"author":[{"embeddable":true,"href":"https:\/\/etab.ac-reunion.fr\/lyc-roland-garros\/wp-json\/wp\/v2\/users\/36395"}],"replies":[{"embeddable":true,"href":"https:\/\/etab.ac-reunion.fr\/lyc-roland-garros\/wp-json\/wp\/v2\/comments?post=19908"}],"version-history":[{"count":4,"href":"https:\/\/etab.ac-reunion.fr\/lyc-roland-garros\/wp-json\/wp\/v2\/pages\/19908\/revisions"}],"predecessor-version":[{"id":19953,"href":"https:\/\/etab.ac-reunion.fr\/lyc-roland-garros\/wp-json\/wp\/v2\/pages\/19908\/revisions\/19953"}],"up":[{"embeddable":true,"href":"https:\/\/etab.ac-reunion.fr\/lyc-roland-garros\/wp-json\/wp\/v2\/pages\/11821"}],"wp:attachment":[{"href":"https:\/\/etab.ac-reunion.fr\/lyc-roland-garros\/wp-json\/wp\/v2\/media?parent=19908"}],"curies":[{"name":"wp","href":"https:\/\/api.w.org\/{rel}","templated":true}]}}