{"id":19997,"date":"2025-08-26T14:55:37","date_gmt":"2025-08-26T10:55:37","guid":{"rendered":"https:\/\/etab.ac-reunion.fr\/lyc-roland-garros\/?page_id=19997"},"modified":"2025-08-28T08:33:30","modified_gmt":"2025-08-28T04:33:30","slug":"vie-scolaire","status":"publish","type":"page","link":"https:\/\/etab.ac-reunion.fr\/lyc-roland-garros\/vie-au-lycee\/vie-scolaire\/","title":{"rendered":"VIE SCOLAIRE"},"content":{"rendered":"<blockquote>\n<p style=\"text-align: left\">Au lyc\u00e9e Roland Garros la Vie Scolaire est r\u00e9partie sur deux lieux : B\u00e2timent A et B\u00e2timent G, toutes les informations ci dessous :<\/p>\n<p>&nbsp;<\/p><\/blockquote>\n<p><em>Standard :<\/em> 02 62 57 81 00\u00a0 (vous dirigera directement vers le service demand\u00e9)<\/p>\n<p><a href=\"https:\/\/etab.ac-reunion.fr\/lyc-roland-garros\/?page_id=20002&amp;preview=true&amp;aiEnableCheckShortcode=true\">VIE SCOLAIRE BATIMENT A<\/a><\/p>\n<p><a href=\"https:\/\/etab.ac-reunion.fr\/lyc-roland-garros\/?page_id=20005&amp;preview=true&amp;aiEnableCheckShortcode=true\">VIE SCOLAIRE BATIMENT G<\/a><\/p>\n","protected":false},"excerpt":{"rendered":"<p>Au lyc\u00e9e Roland Garros la Vie Scolaire est r\u00e9partie sur deux lieux : B\u00e2timent A et B\u00e2timent G, toutes les informations ci dessous : &nbsp; Standard : 02 62 57 81 00\u00a0 (vous dirigera directement vers le service demand\u00e9) VIE SCOLAIRE BATIMENT A VIE SCOLAIRE BATIMENT G<\/p>\n<p> <a class=\"continue-reading-link\" href=\"https:\/\/etab.ac-reunion.fr\/lyc-roland-garros\/vie-au-lycee\/vie-scolaire\/\"><span>Lire plus<\/span><i class=\"crycon-right-dir\"><\/i><\/a> <\/p>\n","protected":false},"author":36395,"featured_media":0,"parent":21,"menu_order":1,"comment_status":"closed","ping_status":"closed","template":"","meta":{"footnotes":"","_links_to":"","_links_to_target":""},"class_list":["post-19997","page","type-page","status-publish","hentry"],"_links":{"self":[{"href":"https:\/\/etab.ac-reunion.fr\/lyc-roland-garros\/wp-json\/wp\/v2\/pages\/19997","targetHints":{"allow":["GET"]}}],"collection":[{"href":"https:\/\/etab.ac-reunion.fr\/lyc-roland-garros\/wp-json\/wp\/v2\/pages"}],"about":[{"href":"https:\/\/etab.ac-reunion.fr\/lyc-roland-garros\/wp-json\/wp\/v2\/types\/page"}],"author":[{"embeddable":true,"href":"https:\/\/etab.ac-reunion.fr\/lyc-roland-garros\/wp-json\/wp\/v2\/users\/36395"}],"replies":[{"embeddable":true,"href":"https:\/\/etab.ac-reunion.fr\/lyc-roland-garros\/wp-json\/wp\/v2\/comments?post=19997"}],"version-history":[{"count":11,"href":"https:\/\/etab.ac-reunion.fr\/lyc-roland-garros\/wp-json\/wp\/v2\/pages\/19997\/revisions"}],"predecessor-version":[{"id":20028,"href":"https:\/\/etab.ac-reunion.fr\/lyc-roland-garros\/wp-json\/wp\/v2\/pages\/19997\/revisions\/20028"}],"up":[{"embeddable":true,"href":"https:\/\/etab.ac-reunion.fr\/lyc-roland-garros\/wp-json\/wp\/v2\/pages\/21"}],"wp:attachment":[{"href":"https:\/\/etab.ac-reunion.fr\/lyc-roland-garros\/wp-json\/wp\/v2\/media?parent=19997"}],"curies":[{"name":"wp","href":"https:\/\/api.w.org\/{rel}","templated":true}]}}