{"id":20176,"date":"2025-11-18T10:03:56","date_gmt":"2025-11-18T06:03:56","guid":{"rendered":"https:\/\/etab.ac-reunion.fr\/lyc-roland-garros\/?page_id=20176"},"modified":"2026-03-20T07:24:16","modified_gmt":"2026-03-20T03:24:16","slug":"histoire-du-lycee","status":"publish","type":"page","link":"https:\/\/etab.ac-reunion.fr\/lyc-roland-garros\/etablissement\/roland-garros\/histoire-du-lycee\/","title":{"rendered":"Histoire du Lyc\u00e9e"},"content":{"rendered":"<p><strong>1965, le Lyc\u00e9e Roland Garros.<\/strong><\/p>\n<p>Plong\u00e9e au c\u0153ur de l\u2019ann\u00e9e 1965 au lyc\u00e9e Roland-Garros. \u00c0 travers la s\u00e9rie \u201c360, Histoires de La R\u00e9union\u201d, d\u00e9couvrez un \u00e9pisode marquant qui \u00e9claire l\u2019\u00e9volution de notre \u00e9tablissement et de notre \u00eele. La vid\u00e9o \u201c1965, le Lyc\u00e9e Roland Garros\u201d est un extrait de la s\u00e9rie \u201c360, Histoires de La R\u00e9union\u201d, produite par R\u00e9union la 1\u00e8re. Source originale : R\u00e9union la 1\u00e8re, page Facebook officielle.<\/p>\n<style>\n       .errordiv { padding:10px; margin:10px; border: 1px solid #555555;color: #000000;background-color: #f8f8f8; width:500px; }#advanced_iframe {visibility:visible;opacity:1;vertical-align:top;}.ai-info-bottom-iframe { position: fixed; z-index: 10000; bottom:0; left: 0; margin: 0px; text-align: center; width: 100%; background-color: #ff9999; padding-left: 5px;padding-bottom: 5px; border-top: 1px solid #aaa } a.ai-bold {font-weight: bold;}#ai-layer-div-advanced_iframe p {height:100%;margin:0;padding:0}<\/style><script type=\"text\/javascript\">var ai_iframe_width_advanced_iframe = 0;var ai_iframe_height_advanced_iframe = 0;var aiOnloadScrollTop=\"true\";var aiShowDebug=false;\n\t\tif (typeof aiReadyCallbacks === 'undefined') {\n\t\t\tvar aiReadyCallbacks = [];\n\t\t} else if (!(aiReadyCallbacks instanceof Array)) {\n\t\t\tvar aiReadyCallbacks = [];\n\t\t}    function aiShowIframeId(id_iframe) { jQuery(\"#\"+id_iframe).css(\"visibility\", \"visible\");    }    function aiResizeIframeHeight(height) { aiResizeIframeHeight(height,advanced_iframe); }    function aiResizeIframeHeightId(height,width,id) {aiResizeIframeHeightById(id,height);}<\/script><iframe id=\"advanced_iframe\"  name=\"advanced_iframe\"  src=\"https:\/\/www.facebook.com\/plugins\/video.php?height=476&#038;href=https%3A%2F%2Fwww.facebook.com%2Freunionla1ere%2Fvideos%2F1117086782613156%2F&#038;show_text=false&#038;width=476&#038;t=0\"  width=\"476\"  height=\"476\"  scrolling=\"no\"  frameborder=\"0\"  border=\"0\"  allowtransparency=\"true\"  loading=\"lazy\"  allow=\"autoplay; clipboard-write; encrypted-media; picture-in-picture; web-share\"  style=\";border-width: 0px;;border: none;border:none;overflow:hidden;width:476px;;height:476px;\"  allowfullscreen ><\/iframe><script type=\"text\/javascript\">var ifrm_advanced_iframe = document.getElementById(\"advanced_iframe\");var hiddenTabsDoneadvanced_iframe = false;\nfunction resizeCallbackadvanced_iframe() {}<\/script><script type=\"text\/javascript\"><\/script><p style=\"display:block !important; visibility:visible !important;margin: -18px 14px 0 0;padding-left: 3px;padding-top:3px;background: white; overflow: hidden; position: relative; line-height:15px;width: fit-content;\"><small style=\"display:block !important;visibility:visible !important\">powered by Advanced iFrame<\/small><\/p>\n<p>&nbsp;<\/p>\n<p>&nbsp;<\/p>\n<p>&nbsp;<\/p>\n<p><strong>Les Origines du Lyc\u00e9e Roland Garros :<\/strong><\/p>\n<p>Le <strong>Lyc\u00e9e Roland Garros<\/strong>, situ\u00e9 au <strong>Tampon<\/strong>, est un \u00e9tablissement public d&rsquo;enseignement secondaire fond\u00e9 pour r\u00e9pondre aux besoins croissants de formation sur le Sud de l&rsquo;\u00eele de La R\u00e9union. Inaugur\u00e9 en 1965, il porte le nom de <strong>Roland Garros<\/strong>, l&rsquo;aviateur et h\u00e9ros fran\u00e7ais embl\u00e9matique, natif de l&rsquo;\u00eele, connu pour ses exploits a\u00e9riens pendant la Premi\u00e8re Guerre mondiale et pour la renomm\u00e9e du tournoi de tennis qui porte son nom.<\/p>\n<p>Ce lyc\u00e9e a \u00e9t\u00e9 cr\u00e9\u00e9 dans un contexte o\u00f9 l&rsquo;\u00eele, en pleine expansion d\u00e9mographique et \u00e9conomique, n\u00e9cessitait de nouvelles infrastructures scolaires pour r\u00e9pondre \u00e0 l&rsquo;augmentation du nombre d&rsquo;\u00e9l\u00e8ves et offrir un enseignement de qualit\u00e9 aux jeunes r\u00e9unionnais.<\/p>\n<p><strong>Les D\u00e9buts et l&rsquo;\u00c9volution du Lyc\u00e9e :<\/strong><\/p>\n<p>Le lyc\u00e9e a \u00e9t\u00e9 initialement con\u00e7u pour offrir une formation g\u00e9n\u00e9rale et technologique. Il a progressivement \u00e9largi son offre p\u00e9dagogique pour inclure diff\u00e9rentes s\u00e9ries et sp\u00e9cialit\u00e9s, r\u00e9pondant ainsi aux besoins vari\u00e9s des \u00e9tudiants du sud de La R\u00e9union. D\u00e8s ses premi\u00e8res ann\u00e9es, il a attir\u00e9 des \u00e9l\u00e8ves non seulement du Tampon, mais aussi d\u2019autres communes voisines, gr\u00e2ce \u00e0 la qualit\u00e9 de son enseignement et \u00e0 son r\u00f4le de centre \u00e9ducatif r\u00e9gional.<\/p>\n<p>Au fil des d\u00e9cennies, le lyc\u00e9e a travers\u00e9 plusieurs \u00e9tapes importantes d\u2019agrandissement et de modernisation. L&rsquo;extension des b\u00e2timents a permis d\u2019accueillir de nouveaux \u00e9quipements p\u00e9dagogiques et des espaces adapt\u00e9s aux exigences contemporaines de l\u2019enseignement. Le lyc\u00e9e a \u00e9galement vu son offre de formations se diversifier avec l\u2019arriv\u00e9e de nouvelles options, telles que des sp\u00e9cialisations en sciences et technologies, en langues, et en sciences humaines, les fili\u00e8res professionnelles, r\u00e9pondant aux demandes et aux \u00e9volutions du syst\u00e8me \u00e9ducatif.<\/p>\n<p><strong>L&rsquo;impact de Roland Garros :<\/strong><\/p>\n<p><a href=\"https:\/\/etab.ac-reunion.fr\/lyc-roland-garros\/wp-content\/uploads\/sites\/142\/2025\/11\/roland-garros.jpg\"><img loading=\"lazy\" decoding=\"async\" class=\"alignleft wp-image-20177 \" src=\"https:\/\/etab.ac-reunion.fr\/lyc-roland-garros\/wp-content\/uploads\/sites\/142\/2025\/11\/roland-garros-218x300.jpg\" alt=\"\" width=\"116\" height=\"159\" srcset=\"https:\/\/etab.ac-reunion.fr\/lyc-roland-garros\/wp-content\/uploads\/sites\/142\/2025\/11\/roland-garros-218x300.jpg 218w, https:\/\/etab.ac-reunion.fr\/lyc-roland-garros\/wp-content\/uploads\/sites\/142\/2025\/11\/roland-garros-109x150.jpg 109w, https:\/\/etab.ac-reunion.fr\/lyc-roland-garros\/wp-content\/uploads\/sites\/142\/2025\/11\/roland-garros.jpg 240w\" sizes=\"auto, (max-width: 116px) 100vw, 116px\" \/><\/a>Le nom de l\u2019\u00e9tablissement, en hommage \u00e0 <strong>Roland Garros<\/strong>, a toujours port\u00e9 une grande signification. Il incarne l&rsquo;esprit d&rsquo;aventure, d&rsquo;excellence, et de d\u00e9passement de soi. L\u2019aviateur, originaire de La R\u00e9union, est un mod\u00e8le pour les \u00e9l\u00e8ves, symbolisant l\u2019ambition et la capacit\u00e9 \u00e0 viser haut, \u00e0 s&rsquo;engager dans des d\u00e9fis et \u00e0 repousser les limites, tout comme il l\u2019a fait dans sa carri\u00e8re d\u2019aviateur. Cette dimension est particuli\u00e8rement mise en avant dans les projets \u00e9ducatifs du lyc\u00e9e, notamment \u00e0 travers des activit\u00e9s qui valorisent la culture locale, l&rsquo;engagement sportif et l&rsquo;esprit de comp\u00e9tition.<\/p>\n<p><b><br \/>\n<a href=\"https:\/\/etab.ac-reunion.fr\/lyc-roland-garros\/wp-content\/uploads\/sites\/142\/2025\/11\/db398d_cde274a77ff74a23baafc2c8aa0740f3-682x1024-1.jpg\"><img loading=\"lazy\" decoding=\"async\" class=\"wp-image-20179 alignleft\" src=\"https:\/\/etab.ac-reunion.fr\/lyc-roland-garros\/wp-content\/uploads\/sites\/142\/2025\/11\/db398d_cde274a77ff74a23baafc2c8aa0740f3-682x1024-1.jpg\" alt=\"\" width=\"126\" height=\"189\" srcset=\"https:\/\/etab.ac-reunion.fr\/lyc-roland-garros\/wp-content\/uploads\/sites\/142\/2025\/11\/db398d_cde274a77ff74a23baafc2c8aa0740f3-682x1024-1.jpg 682w, https:\/\/etab.ac-reunion.fr\/lyc-roland-garros\/wp-content\/uploads\/sites\/142\/2025\/11\/db398d_cde274a77ff74a23baafc2c8aa0740f3-682x1024-1-200x300.jpg 200w, https:\/\/etab.ac-reunion.fr\/lyc-roland-garros\/wp-content\/uploads\/sites\/142\/2025\/11\/db398d_cde274a77ff74a23baafc2c8aa0740f3-682x1024-1-533x800.jpg 533w, https:\/\/etab.ac-reunion.fr\/lyc-roland-garros\/wp-content\/uploads\/sites\/142\/2025\/11\/db398d_cde274a77ff74a23baafc2c8aa0740f3-682x1024-1-100x150.jpg 100w\" sizes=\"auto, (max-width: 126px) 100vw, 126px\" \/><\/a><\/b>Roland Garros est un\u00a0aviateur\u00a0fran\u00e7ais,\u00a0lieutenant\u00a0pilote lors de la\u00a0Premi\u00e8re Guerre mondiale, n\u00e9 le\u00a06 octobre 1888\u00a0\u00e0\u00a0Saint-Denis\u00a0de\u00a0La R\u00e9union\u00a0et mort dans un combat a\u00e9rien le\u00a05 octobre 1918\u00a0\u00e0\u00a0Vouziers\u00a0(Ardennes).\u00a0Il a re\u00e7u son brevet de pilotage \u00e0 l&rsquo;a\u00e9rodrome de\u00a0Cholet\u00a0en\u00a0Maine-et-Loire.<\/p>\n<p>Sa c\u00e9l\u00e9brit\u00e9 est d&rsquo;abord venue de ses exploits sportifs en avion, et surtout de la toute premi\u00e8re travers\u00e9e de la\u00a0mer M\u00e9diterran\u00e9e, qu&rsquo;il effectue le 23 septembre 1913 \u00e0 bord d&rsquo;un monoplan.<\/p>\n<p>L\u2019a\u00e9roport principal\u00a0\u00e0 Gillot\u00a0Sainte-Marie\u00a0porte son nom depuis 1994. Sa construction a \u00e9t\u00e9 r\u00e9alis\u00e9e \u00e0 la fin des ann\u00e9es 1920. Ses portes se sont ouvertes pour la premi\u00e8re fois le\u00a026 novembre 1929, le jour o\u00f9 le tout premier avion s&rsquo;est pos\u00e9 sur l&rsquo;\u00eele. En\u00a0octobre 2018, le Centenaire de la disparition de l&rsquo;aviateur y a \u00e9t\u00e9 c\u00e9l\u00e9br\u00e9. Une r\u00e9plique de l&rsquo;avion, le Morane-H avec lequel il a travers\u00e9 la M\u00e9diterran\u00e9e a pu faire une d\u00e9monstration de vol lors des semaines portes ouvertes. Ainsi que l\u2019a\u00e9ro-club Roland-Garros\u00a0fond\u00e9 en 1933 (nom donn\u00e9 \u00e0 sa cr\u00e9ation). Un avion porte ses initiales F-OPRG.<\/p>\n<p>Sur la\u00a0base a\u00e9rienne 181\u00a0Lieutenant Roland Garros \u00e0\u00a0Sainte-Marie, une statue de Roland Garros, \u0153uvre du sculpteur r\u00e9unionnais Marco Ah-Kiem et faite d\u2019apr\u00e8s une photo prise lors du Paris-Rome en\u00a01911, a \u00e9t\u00e9 inaugur\u00e9e le\u00a016 juin 2008\u00a0au cours d&rsquo;une semaine a\u00e9ronautique en hommage au premier\u00a0cr\u00e9ole\u00a0volant.<\/p>\n<p>Le lyc\u00e9e Roland-Garros du\u00a0Tampon\u00a0porte son nom.<\/p>\n<p><strong>Un \u00e9tablissement tourn\u00e9 vers l&rsquo;avenir :<\/strong><\/p>\n<p>Le <strong>Lyc\u00e9e Roland Garros<\/strong> n\u2019a cess\u00e9 de se r\u00e9inventer au fil des ann\u00e9es pour rester \u00e0 la pointe des \u00e9volutions p\u00e9dagogiques et technologiques. Depuis les ann\u00e9es 2000, le lyc\u00e9e a int\u00e9gr\u00e9 des \u00e9quipements modernes, dont des laboratoires, des espaces num\u00e9riques, des ateliers professionnels, pour offrir un environnement de travail optimal aux \u00e9l\u00e8ves. Le lyc\u00e9e a aussi mis l\u2019accent sur l&rsquo;ouverture internationale et les \u00e9changes, notamment avec des \u00e9tablissements partenaires dans l\u2019oc\u00e9an Indien et au-del\u00e0.<\/p>\n<p>Les fili\u00e8res propos\u00e9es sont aujourd&rsquo;hui tr\u00e8s diversifi\u00e9es, incluant des s\u00e9ries g\u00e9n\u00e9rales (litt\u00e9rature, sciences, \u00e9conomie et sociales) mais aussi des fili\u00e8res professionnelles et technologiques, permettant ainsi \u00e0 chaque \u00e9l\u00e8ve de trouver la voie qui correspond \u00e0 ses aspirations et \u00e0 ses talents.<\/p>\n<p><strong>L&rsquo;engagement local et l&rsquo;ouverture culturelle :<\/strong><\/p>\n<p>Fort de son implantation dans le Sud de La R\u00e9union, le Lyc\u00e9e Roland Garros joue un r\u00f4le actif dans la vie locale et la dynamisation de la r\u00e9gion. Les \u00e9l\u00e8ves sont r\u00e9guli\u00e8rement impliqu\u00e9s dans des projets culturels, environnementaux et communautaires, qui font partie int\u00e9grante de leur parcours. Ce lyc\u00e9e participe \u00e0 de nombreuses initiatives en faveur du d\u00e9veloppement durable et de la promotion des valeurs r\u00e9publicaines de la la\u00efcit\u00e9, de la solidarit\u00e9 et de la citoyennet\u00e9.<\/p>\n<p><strong>Des projets p\u00e9dagogiques pour l&rsquo;avenir :<\/strong><\/p>\n<p>Aujourd&rsquo;hui, le Lyc\u00e9e Roland Garros continue de se d\u00e9velopper avec une volont\u00e9 forte d\u2019ouvrir ses \u00e9l\u00e8ves sur le monde. Le lyc\u00e9e favorise l\u2019acquisition de comp\u00e9tences pratiques et l\u2019implication dans des projets concrets qui permettent aux \u00e9tudiants de se pr\u00e9parer \u00e0 la fois aux \u00e9tudes sup\u00e9rieures et au monde du travail. Le lyc\u00e9e met un accent particulier sur l\u2019internationalisation de l\u2019enseignement et sur l\u2019int\u00e9gration des nouvelles technologies dans les disciplines scientifiques, \u00e9conomiques et litt\u00e9raires.<\/p>\n<p><strong>Une \u00e9quipe \u00e9ducative engag\u00e9e :<\/strong><\/p>\n<p>L\u2019\u00e9tablissement est \u00e9galement reconnu pour son \u00e9quipe \u00e9ducative dynamique, compos\u00e9e de professeurs, de conseillers p\u00e9dagogiques et de personnels administratifs qui \u0153uvrent au quotidien pour le bien-\u00eatre des \u00e9l\u00e8ves et leur r\u00e9ussite. Gr\u00e2ce \u00e0 un encadrement bienveillant et exigeant, le Lyc\u00e9e Roland Garros accompagne chaque jeune dans son parcours scolaire et personnel, en mettant un point d&rsquo;honneur \u00e0 promouvoir les valeurs de respect, de travail en \u00e9quipe, et de responsabilit\u00e9.<\/p>\n<p>Documents PDF :<\/p>\n<p><a href=\"https:\/\/etab.ac-reunion.fr\/lyc-roland-garros\/wp-content\/uploads\/sites\/142\/2018\/03\/01_RG.pdf\">01 &#8211; RG<\/a><\/p>\n<p><a href=\"https:\/\/etab.ac-reunion.fr\/lyc-roland-garros\/wp-content\/uploads\/sites\/142\/2018\/03\/02_Enfance_et_etudes.pdf\">02 &#8211; Enfance et \u00e9tudes<\/a><\/p>\n<p><a href=\"https:\/\/etab.ac-reunion.fr\/lyc-roland-garros\/wp-content\/uploads\/sites\/142\/2018\/03\/03_Les_debuts_dans_l_aviation_1909_1910.pdf\">03 &#8211; Les debuts dans l&rsquo;aviation 1909-1910<\/a><\/p>\n<p><a href=\"https:\/\/etab.ac-reunion.fr\/lyc-roland-garros\/wp-content\/uploads\/sites\/142\/2018\/03\/04_The_United_States_1910_1911.pdf\">04 &#8211; The United States 1910-1911<\/a><\/p>\n<p><a href=\"https:\/\/etab.ac-reunion.fr\/lyc-roland-garros\/wp-content\/uploads\/sites\/142\/2018\/03\/05_Mexique_\uf022Amerique_du_Sud_1911_1912.pdf\">05 &#8211; Mexique \uf022Amerique du Sud 1911-1912<\/a><\/p>\n<p><a href=\"https:\/\/etab.ac-reunion.fr\/lyc-roland-garros\/wp-content\/uploads\/sites\/142\/2018\/03\/06_Paris_Madrid_1911.pdf\">06 &#8211; Paris Madrid 1911<\/a><\/p>\n<p><a href=\"https:\/\/etab.ac-reunion.fr\/lyc-roland-garros\/wp-content\/uploads\/sites\/142\/2018\/03\/07_Paris_Rome_1911.pdf\">07 &#8211; Paris Rome 1911<\/a><\/p>\n<p><a href=\"https:\/\/etab.ac-reunion.fr\/lyc-roland-garros\/wp-content\/uploads\/sites\/142\/2018\/03\/08_Circuit_europeen_1911.pdf\">08 &#8211; Circuit europ\u00e9en 1911<\/a><\/p>\n<p><a href=\"https:\/\/etab.ac-reunion.fr\/lyc-roland-garros\/wp-content\/uploads\/sites\/142\/2018\/03\/09_Les_Records_d_Altitude_1911_1912.pdf\">09 &#8211; Les Records d&rsquo;Altitude 1911-1912<\/a><\/p>\n<p><a href=\"https:\/\/etab.ac-reunion.fr\/lyc-roland-garros\/wp-content\/uploads\/sites\/142\/2018\/03\/10_Le_Circuit_d_Anjou_1912.pdf\">10 &#8211; Le circuit d&rsquo;Anjou 1912<\/a><\/p>\n<p><a href=\"https:\/\/etab.ac-reunion.fr\/lyc-roland-garros\/wp-content\/uploads\/sites\/142\/2018\/03\/11_Meeting_de_Vienne_1912.pdf\">11 &#8211; Meeting de Vienne 1912<\/a><\/p>\n<p><a href=\"https:\/\/etab.ac-reunion.fr\/lyc-roland-garros\/wp-content\/uploads\/sites\/142\/2018\/03\/12_Tunis-Rome_1912.pdf\">12 &#8211; Tunis-Rome 1912<\/a><\/p>\n<p><a href=\"https:\/\/etab.ac-reunion.fr\/lyc-roland-garros\/wp-content\/uploads\/sites\/142\/2018\/03\/13_L_Hydravion_La_Coupe_Schneider_1913.pdf\">13 &#8211; L&rsquo;hydravion &#8211; La Coupe Schneider 1913<\/a><\/p>\n<p><a href=\"https:\/\/etab.ac-reunion.fr\/lyc-roland-garros\/wp-content\/uploads\/sites\/142\/2018\/03\/14_La_traversee_de_la_Mediterranee_1913.pdf\">14 &#8211; La travers\u00e9e de la M\u00e9dit\u00e9rran\u00e9e_1913<\/a><\/p>\n<p><a href=\"https:\/\/etab.ac-reunion.fr\/lyc-roland-garros\/wp-content\/uploads\/sites\/142\/2018\/03\/15_Crosses_the_Mediterranean.pdf\">15 &#8211; Crosses the Mediterranean<\/a><\/p>\n<p><a href=\"https:\/\/etab.ac-reunion.fr\/lyc-roland-garros\/wp-content\/uploads\/sites\/142\/2018\/03\/16_Grand_Prix_des_Lacs_Come_1913.pdf\">16 &#8211; Grand Prix des Lacs C\u00f4me 1913<\/a><\/p>\n<p><a href=\"https:\/\/etab.ac-reunion.fr\/lyc-roland-garros\/wp-content\/uploads\/sites\/142\/2018\/03\/17_Rallye_de_Monaco_1914.pdf\">17 &#8211; Rallye de Monaco 1914<\/a><\/p>\n<p><a href=\"https:\/\/etab.ac-reunion.fr\/lyc-roland-garros\/wp-content\/uploads\/sites\/142\/2018\/03\/18_La_Coupe_Schneider_1914.pdf\">18 &#8211; La Coupe Schneider 1914<\/a><\/p>\n<p><a href=\"https:\/\/etab.ac-reunion.fr\/lyc-roland-garros\/wp-content\/uploads\/sites\/142\/2018\/03\/19_Meeting_de_Vienne_1914.pdf\">19 &#8211; Meeting de Vienne 1914<\/a><\/p>\n<p><a href=\"https:\/\/etab.ac-reunion.fr\/lyc-roland-garros\/wp-content\/uploads\/sites\/142\/2018\/03\/20_Pilote_de_Guerre_1914-_1918.pdf\">20 &#8211; Pilote de Guerre 1914-1918<\/a><\/p>\n<p><a href=\"https:\/\/etab.ac-reunion.fr\/lyc-roland-garros\/wp-content\/uploads\/sites\/142\/2018\/03\/21_Fiches_Techniques_Avions.pdf\">21 &#8211; Fiches techniques des avions de Roland Garros<\/a><\/p>\n","protected":false},"excerpt":{"rendered":"<p>1965, le Lyc\u00e9e Roland Garros. Plong\u00e9e au c\u0153ur de l\u2019ann\u00e9e 1965 au lyc\u00e9e Roland-Garros. \u00c0 travers la s\u00e9rie \u201c360, Histoires de La R\u00e9union\u201d, d\u00e9couvrez un \u00e9pisode marquant qui \u00e9claire l\u2019\u00e9volution de notre \u00e9tablissement et de notre \u00eele. La vid\u00e9o \u201c1965, le Lyc\u00e9e Roland Garros\u201d est un extrait de la s\u00e9rie&#8230;<\/p>\n<p> <a class=\"continue-reading-link\" href=\"https:\/\/etab.ac-reunion.fr\/lyc-roland-garros\/etablissement\/roland-garros\/histoire-du-lycee\/\"><span>Lire plus<\/span><i class=\"crycon-right-dir\"><\/i><\/a> <\/p>\n","protected":false},"author":36395,"featured_media":0,"parent":7517,"menu_order":1,"comment_status":"closed","ping_status":"closed","template":"","meta":{"footnotes":"","_links_to":"","_links_to_target":""},"class_list":["post-20176","page","type-page","status-publish","hentry"],"_links":{"self":[{"href":"https:\/\/etab.ac-reunion.fr\/lyc-roland-garros\/wp-json\/wp\/v2\/pages\/20176","targetHints":{"allow":["GET"]}}],"collection":[{"href":"https:\/\/etab.ac-reunion.fr\/lyc-roland-garros\/wp-json\/wp\/v2\/pages"}],"about":[{"href":"https:\/\/etab.ac-reunion.fr\/lyc-roland-garros\/wp-json\/wp\/v2\/types\/page"}],"author":[{"embeddable":true,"href":"https:\/\/etab.ac-reunion.fr\/lyc-roland-garros\/wp-json\/wp\/v2\/users\/36395"}],"replies":[{"embeddable":true,"href":"https:\/\/etab.ac-reunion.fr\/lyc-roland-garros\/wp-json\/wp\/v2\/comments?post=20176"}],"version-history":[{"count":4,"href":"https:\/\/etab.ac-reunion.fr\/lyc-roland-garros\/wp-json\/wp\/v2\/pages\/20176\/revisions"}],"predecessor-version":[{"id":20748,"href":"https:\/\/etab.ac-reunion.fr\/lyc-roland-garros\/wp-json\/wp\/v2\/pages\/20176\/revisions\/20748"}],"up":[{"embeddable":true,"href":"https:\/\/etab.ac-reunion.fr\/lyc-roland-garros\/wp-json\/wp\/v2\/pages\/7517"}],"wp:attachment":[{"href":"https:\/\/etab.ac-reunion.fr\/lyc-roland-garros\/wp-json\/wp\/v2\/media?parent=20176"}],"curies":[{"name":"wp","href":"https:\/\/api.w.org\/{rel}","templated":true}]}}