{"id":20225,"date":"2025-11-24T11:31:51","date_gmt":"2025-11-24T07:31:51","guid":{"rendered":"https:\/\/etab.ac-reunion.fr\/lyc-roland-garros\/?page_id=20225"},"modified":"2026-03-17T15:03:42","modified_gmt":"2026-03-17T11:03:42","slug":"le-bts-esf-en-images","status":"publish","type":"page","link":"https:\/\/etab.ac-reunion.fr\/lyc-roland-garros\/le-bts-esf-en-images\/","title":{"rendered":"Le BTS ESF en images"},"content":{"rendered":"<blockquote><p>Ateliers anim\u00e9s par les BTS ESF<\/p><\/blockquote>\n<p><a href=\"https:\/\/etab.ac-reunion.fr\/lyc-roland-garros\/?p=20405&amp;preview=true&amp;aiEnableCheckShortcode=true\">Journ\u00e9e de Sensibilisation aux violences faites aux femmes<\/a><\/p>\n<p><a href=\"https:\/\/etab.ac-reunion.fr\/lyc-roland-garros\/la-semaine-de-la-sante-avec-le-bts-esf\/\">Semaine de la sant\u00e9 &#8211; Sant\u00e9 Alimentation Hygi\u00e8ne\u00a0<\/a><\/p>\n<p><a href=\"https:\/\/etab.ac-reunion.fr\/lyc-roland-garros\/wp-content\/uploads\/sites\/142\/2025\/11\/IMG-20251121-WA0000.jpg\"><img loading=\"lazy\" decoding=\"async\" class=\"size-medium wp-image-20229 alignleft\" src=\"https:\/\/etab.ac-reunion.fr\/lyc-roland-garros\/wp-content\/uploads\/sites\/142\/2025\/11\/IMG-20251121-WA0000-156x300.jpg\" alt=\"\" width=\"156\" height=\"300\" srcset=\"https:\/\/etab.ac-reunion.fr\/lyc-roland-garros\/wp-content\/uploads\/sites\/142\/2025\/11\/IMG-20251121-WA0000-156x300.jpg 156w, https:\/\/etab.ac-reunion.fr\/lyc-roland-garros\/wp-content\/uploads\/sites\/142\/2025\/11\/IMG-20251121-WA0000-416x800.jpg 416w, https:\/\/etab.ac-reunion.fr\/lyc-roland-garros\/wp-content\/uploads\/sites\/142\/2025\/11\/IMG-20251121-WA0000-78x150.jpg 78w, https:\/\/etab.ac-reunion.fr\/lyc-roland-garros\/wp-content\/uploads\/sites\/142\/2025\/11\/IMG-20251121-WA0000.jpg 666w\" sizes=\"auto, (max-width: 156px) 100vw, 156px\" \/><\/a><strong>Visite en EHPAD<\/strong><\/p>\n<p>Dans le cadre de leur formation, les \u00e9tudiants du BTS ESF ont particip\u00e9 \u00e0 une visite en EHPAD afin de d\u00e9couvrir le fonctionnement de la structure, les missions des professionnels et les actions men\u00e9es aupr\u00e8s des r\u00e9sidents. Ce temps d\u2019\u00e9change leur a permis d\u2019observer concr\u00e8tement les enjeux du secteur social et m\u00e9dico-social et de renforcer leurs connaissances professionnelles.<\/p>\n<p><em>D\u00e9couvrez ci-dessous quelques photos et vid\u00e9os de cette exp\u00e9rience enrichissante\u00a0:<\/em><\/p>\n<p><a href=\"https:\/\/etab.ac-reunion.fr\/lyc-roland-garros\/wp-content\/uploads\/sites\/142\/2025\/11\/IMG-20251121-WA0005-1.jpg\"><img loading=\"lazy\" decoding=\"async\" class=\"alignnone wp-image-20227 size-thumbnail\" src=\"https:\/\/etab.ac-reunion.fr\/lyc-roland-garros\/wp-content\/uploads\/sites\/142\/2025\/11\/IMG-20251121-WA0005-1-150x150.jpg\" alt=\"\" width=\"150\" height=\"150\" \/><\/a> \u00a0<a href=\"https:\/\/etab.ac-reunion.fr\/lyc-roland-garros\/wp-content\/uploads\/sites\/142\/2025\/11\/IMG-20251121-WA0001.jpg\"><img loading=\"lazy\" decoding=\"async\" class=\"alignnone wp-image-20230 size-thumbnail\" src=\"https:\/\/etab.ac-reunion.fr\/lyc-roland-garros\/wp-content\/uploads\/sites\/142\/2025\/11\/IMG-20251121-WA0001-150x150.jpg\" alt=\"\" width=\"150\" height=\"150\" \/><\/a> <a href=\"https:\/\/etab.ac-reunion.fr\/lyc-roland-garros\/wp-content\/uploads\/sites\/142\/2025\/11\/20251121_120137-scaled.jpg\"><img loading=\"lazy\" decoding=\"async\" class=\"alignnone wp-image-20231 size-thumbnail\" src=\"https:\/\/etab.ac-reunion.fr\/lyc-roland-garros\/wp-content\/uploads\/sites\/142\/2025\/11\/20251121_120137-150x150.jpg\" alt=\"\" width=\"150\" height=\"150\" \/><\/a> <a href=\"https:\/\/etab.ac-reunion.fr\/lyc-roland-garros\/wp-content\/uploads\/sites\/142\/2025\/11\/20251121_115222-scaled.jpg\"><img loading=\"lazy\" decoding=\"async\" class=\"alignnone wp-image-20232 size-thumbnail\" src=\"https:\/\/etab.ac-reunion.fr\/lyc-roland-garros\/wp-content\/uploads\/sites\/142\/2025\/11\/20251121_115222-150x150.jpg\" alt=\"\" width=\"150\" height=\"150\" \/><\/a><\/p>\n<p><strong>TP Cuisine : r\u00e9alisation d\u2019une compote de pommes<\/strong><\/p>\n<p>Dans le cadre de leurs travaux pratiques, les \u00e9tudiants du BTS ESF ont appris \u00e0 r\u00e9aliser une compote de pommes en respectant les r\u00e8gles d\u2019hygi\u00e8ne, de s\u00e9curit\u00e9 et d\u2019\u00e9quilibre alimentaire. Cette activit\u00e9 leur permet de d\u00e9velopper des comp\u00e9tences techniques utiles dans l\u2019accompagnement \u00e0 la vie quotidienne.<\/p>\n<p><em>D\u00e9couvrez la vid\u00e9o de leur pr\u00e9paration\u00a0:<\/em><\/p>\n<div style=\"width: 480px;\" class=\"wp-video\"><video class=\"wp-video-shortcode\" id=\"video-20225-1\" width=\"480\" height=\"848\" preload=\"metadata\" controls=\"controls\"><source type=\"video\/mp4\" src=\"https:\/\/etab.ac-reunion.fr\/lyc-roland-garros\/wp-content\/uploads\/sites\/142\/2025\/11\/VID-20251114-WA0002.mp4?_=1\" \/><a href=\"https:\/\/etab.ac-reunion.fr\/lyc-roland-garros\/wp-content\/uploads\/sites\/142\/2025\/11\/VID-20251114-WA0002.mp4\">https:\/\/etab.ac-reunion.fr\/lyc-roland-garros\/wp-content\/uploads\/sites\/142\/2025\/11\/VID-20251114-WA0002.mp4<\/a><\/video><\/div>\n<p>&nbsp;<\/p>\n<p><em>TPVC Sant\u00e9 Alimentation Hygi\u00e8ne :<\/em><\/p>\n<div style=\"width: 360px;\" class=\"wp-video\"><video class=\"wp-video-shortcode\" id=\"video-20225-2\" width=\"360\" height=\"480\" preload=\"metadata\" controls=\"controls\"><source type=\"video\/mp4\" src=\"https:\/\/etab.ac-reunion.fr\/lyc-roland-garros\/wp-content\/uploads\/sites\/142\/2026\/03\/c3375071991644019d27e7fecc36bd2e.mp4?_=2\" \/><a href=\"https:\/\/etab.ac-reunion.fr\/lyc-roland-garros\/wp-content\/uploads\/sites\/142\/2026\/03\/c3375071991644019d27e7fecc36bd2e.mp4\">https:\/\/etab.ac-reunion.fr\/lyc-roland-garros\/wp-content\/uploads\/sites\/142\/2026\/03\/c3375071991644019d27e7fecc36bd2e.mp4<\/a><\/video><\/div>\n<p>&nbsp;<\/p>\n<p>&nbsp;<\/p>\n","protected":false},"excerpt":{"rendered":"<p>Ateliers anim\u00e9s par les BTS ESF Journ\u00e9e de Sensibilisation aux violences faites aux femmes Semaine de la sant\u00e9 &#8211; Sant\u00e9 Alimentation Hygi\u00e8ne\u00a0 Visite en EHPAD Dans le cadre de leur formation, les \u00e9tudiants du BTS ESF ont particip\u00e9 \u00e0 une visite en EHPAD afin de d\u00e9couvrir le fonctionnement de la&#8230;<\/p>\n<p> <a class=\"continue-reading-link\" href=\"https:\/\/etab.ac-reunion.fr\/lyc-roland-garros\/le-bts-esf-en-images\/\"><span>Lire plus<\/span><i class=\"crycon-right-dir\"><\/i><\/a> <\/p>\n","protected":false},"author":36395,"featured_media":0,"parent":0,"menu_order":0,"comment_status":"closed","ping_status":"closed","template":"","meta":{"footnotes":"","_links_to":"","_links_to_target":""},"class_list":["post-20225","page","type-page","status-publish","hentry"],"_links":{"self":[{"href":"https:\/\/etab.ac-reunion.fr\/lyc-roland-garros\/wp-json\/wp\/v2\/pages\/20225","targetHints":{"allow":["GET"]}}],"collection":[{"href":"https:\/\/etab.ac-reunion.fr\/lyc-roland-garros\/wp-json\/wp\/v2\/pages"}],"about":[{"href":"https:\/\/etab.ac-reunion.fr\/lyc-roland-garros\/wp-json\/wp\/v2\/types\/page"}],"author":[{"embeddable":true,"href":"https:\/\/etab.ac-reunion.fr\/lyc-roland-garros\/wp-json\/wp\/v2\/users\/36395"}],"replies":[{"embeddable":true,"href":"https:\/\/etab.ac-reunion.fr\/lyc-roland-garros\/wp-json\/wp\/v2\/comments?post=20225"}],"version-history":[{"count":6,"href":"https:\/\/etab.ac-reunion.fr\/lyc-roland-garros\/wp-json\/wp\/v2\/pages\/20225\/revisions"}],"predecessor-version":[{"id":20737,"href":"https:\/\/etab.ac-reunion.fr\/lyc-roland-garros\/wp-json\/wp\/v2\/pages\/20225\/revisions\/20737"}],"wp:attachment":[{"href":"https:\/\/etab.ac-reunion.fr\/lyc-roland-garros\/wp-json\/wp\/v2\/media?parent=20225"}],"curies":[{"name":"wp","href":"https:\/\/api.w.org\/{rel}","templated":true}]}}