{"id":20245,"date":"2025-11-25T14:55:44","date_gmt":"2025-11-25T10:55:44","guid":{"rendered":"https:\/\/etab.ac-reunion.fr\/lyc-roland-garros\/?page_id=20245"},"modified":"2026-02-09T08:36:15","modified_gmt":"2026-02-09T04:36:15","slug":"journee-portes-ouvertes-fevrier-2026","status":"publish","type":"page","link":"https:\/\/etab.ac-reunion.fr\/lyc-roland-garros\/formations\/journee-portes-ouvertes-fevrier-2026\/","title":{"rendered":"Journ\u00e9e Portes Ouvertes F\u00e9vrier 2026"},"content":{"rendered":"<blockquote><p><strong>Journ\u00e9e Portes Ouvertes POST-BAC &#8211; <a href=\"https:\/\/etab.ac-reunion.fr\/lyc-roland-garros\/jpo-post-bac-2025\/\">Inscris toi !<\/a><\/strong><\/p><\/blockquote>\n<p><a href=\"https:\/\/etab.ac-reunion.fr\/lyc-roland-garros\/wp-content\/uploads\/sites\/142\/2026\/02\/Affiche-JPO-2025-Post-Bac-pdf.pdf.pdf-1.png\"><img loading=\"lazy\" decoding=\"async\" class=\"aligncenter wp-image-20572 size-medium\" src=\"https:\/\/etab.ac-reunion.fr\/lyc-roland-garros\/wp-content\/uploads\/sites\/142\/2026\/02\/Affiche-JPO-2025-Post-Bac-pdf.pdf.pdf-1-212x300.png\" alt=\"\" width=\"212\" height=\"300\" srcset=\"https:\/\/etab.ac-reunion.fr\/lyc-roland-garros\/wp-content\/uploads\/sites\/142\/2026\/02\/Affiche-JPO-2025-Post-Bac-pdf.pdf.pdf-1-212x300.png 212w, https:\/\/etab.ac-reunion.fr\/lyc-roland-garros\/wp-content\/uploads\/sites\/142\/2026\/02\/Affiche-JPO-2025-Post-Bac-pdf.pdf.pdf-1-566x800.png 566w, https:\/\/etab.ac-reunion.fr\/lyc-roland-garros\/wp-content\/uploads\/sites\/142\/2026\/02\/Affiche-JPO-2025-Post-Bac-pdf.pdf.pdf-1-1086x1536.png 1086w, https:\/\/etab.ac-reunion.fr\/lyc-roland-garros\/wp-content\/uploads\/sites\/142\/2026\/02\/Affiche-JPO-2025-Post-Bac-pdf.pdf.pdf-1-106x150.png 106w, https:\/\/etab.ac-reunion.fr\/lyc-roland-garros\/wp-content\/uploads\/sites\/142\/2026\/02\/Affiche-JPO-2025-Post-Bac-pdf.pdf.pdf-1.png 1414w\" sizes=\"auto, (max-width: 212px) 100vw, 212px\" \/><\/a><\/p>\n<p>&nbsp;<\/p>\n<p><strong>Journ\u00e9e Portes Ouvertes Post-bac , <a href=\"https:\/\/etab.ac-reunion.fr\/lyc-roland-garros\/jpo-post-bac-2025\/\">clique ici pour tous savoir sur la JPO Post Bac 14 F\u00e9vrier 2026<\/a><\/strong><\/p>\n<p>Pr\u00e9sentation des BTS de 8h00 \u00e0 12h00.<\/p>\n<p>Pr\u00e9sentation des CPGE de 8h00 \u00e0 16h00.<\/p>\n<ol>\n<li><a href=\"https:\/\/etab.ac-reunion.fr\/lyc-roland-garros\/post-bac\/\">Clique ici pour d\u00e9couvrir les Formations Post Bac au Lyc\u00e9e Roland Garros !\u00a0<\/a><\/li>\n<\/ol>\n<p>Cette journ\u00e9e sera l\u2019occasion de d\u00e9couvrir nos formations post-bac, d\u2019\u00e9changer avec les \u00e9quipes p\u00e9dagogiques, et de mieux comprendre les parcours possibles apr\u00e8s le baccalaur\u00e9at.<\/p>\n<p><strong>\u00a0QR code d\u2019inscription<\/strong><\/p>\n<p>Tu peux scanner le QR code disponible sur cette page pour :<\/p>\n<ul>\n<li><strong>t&rsquo;inscrire<\/strong> \u00e0 la JPO ;<\/li>\n<li>acc\u00e9der au <strong>programme complet<\/strong> ;<\/li>\n<li>recevoir des informations en temps r\u00e9el.<\/li>\n<\/ul>\n<p>Merci <span style=\"font-family: 'Source Sans Pro'\">de votre int\u00e9r\u00eat. Nous serons ravis de vous accueillir lors de cette JPO d\u00e9di\u00e9e aux \u00e9tudes sup\u00e9rieures !<\/span><\/p>\n<blockquote><p><strong>Journ\u00e9e Portes Ouvertes PR\u00c9-BAC &#8211; <a href=\"https:\/\/etab.ac-reunion.fr\/lyc-roland-garros\/jpo-pre-bac-fevrier-2026\/\">Inscris toi ! <\/a><\/strong>Date Limite des inscriptions : Mardi 17 F\u00e9vrier 2026 &#8211; 12h00<\/p><\/blockquote>\n<p><a href=\"https:\/\/etab.ac-reunion.fr\/lyc-roland-garros\/wp-content\/uploads\/sites\/142\/2026\/02\/final-Affiche-JPO-Pre-Bac-2026_page-0001.jpg\"><img loading=\"lazy\" decoding=\"async\" class=\"aligncenter wp-image-20585 size-medium\" src=\"https:\/\/etab.ac-reunion.fr\/lyc-roland-garros\/wp-content\/uploads\/sites\/142\/2026\/02\/final-Affiche-JPO-Pre-Bac-2026_page-0001-212x300.jpg\" alt=\"\" width=\"212\" height=\"300\" srcset=\"https:\/\/etab.ac-reunion.fr\/lyc-roland-garros\/wp-content\/uploads\/sites\/142\/2026\/02\/final-Affiche-JPO-Pre-Bac-2026_page-0001-212x300.jpg 212w, https:\/\/etab.ac-reunion.fr\/lyc-roland-garros\/wp-content\/uploads\/sites\/142\/2026\/02\/final-Affiche-JPO-Pre-Bac-2026_page-0001-566x800.jpg 566w, https:\/\/etab.ac-reunion.fr\/lyc-roland-garros\/wp-content\/uploads\/sites\/142\/2026\/02\/final-Affiche-JPO-Pre-Bac-2026_page-0001-1086x1536.jpg 1086w, https:\/\/etab.ac-reunion.fr\/lyc-roland-garros\/wp-content\/uploads\/sites\/142\/2026\/02\/final-Affiche-JPO-Pre-Bac-2026_page-0001-106x150.jpg 106w, https:\/\/etab.ac-reunion.fr\/lyc-roland-garros\/wp-content\/uploads\/sites\/142\/2026\/02\/final-Affiche-JPO-Pre-Bac-2026_page-0001.jpg 1241w\" sizes=\"auto, (max-width: 212px) 100vw, 212px\" \/><\/a><\/p>\n<p>&nbsp;<\/p>\n<p><strong>Journ\u00e9e Portes Ouvertes Pr\u00e9-bac , <a href=\"https:\/\/etab.ac-reunion.fr\/lyc-roland-garros\/jpo-pre-bac-fevrier-2026\/\">clique ici pour tous savoir sur la JPO Pr\u00e9 Bac 19 <\/a><\/strong><strong><a href=\"https:\/\/etab.ac-reunion.fr\/lyc-roland-garros\/jpo-pre-bac-fevrier-2026\/\">F\u00e9vrier 2026<\/a>\u00a0<\/strong><\/p>\n<ol>\n<li><a href=\"https:\/\/etab.ac-reunion.fr\/lyc-roland-garros\/formations\/seconde-gt\/\">Clique ici pour d\u00e9couvrir les Formations G\u00e9n\u00e9rales au Lyc\u00e9e Roland Garros !\u00a0<\/a><\/li>\n<li><a href=\"https:\/\/etab.ac-reunion.fr\/lyc-roland-garros\/formations\/bac-technologique\/\">Clique ici pour d\u00e9couvrir les Formations Technologiques au Lyc\u00e9e Roland Garros !\u00a0<\/a><\/li>\n<li><a href=\"https:\/\/etab.ac-reunion.fr\/lyc-roland-garros\/formations\/professionnel\/\">Clique ici pour d\u00e9couvrir les Formations Professionnelles au Lyc\u00e9e Roland Garros !\u00a0<\/a><\/li>\n<\/ol>\n<p>Destin\u00e9e aux coll\u00e9giens, aux lyc\u00e9ens et \u00e0 leurs familles, cette JPO vous permettra de d\u00e9couvrir nos fili\u00e8res, nos enseignements, nos options, et la vie au sein de l\u2019\u00e9tablissement.<\/p>\n<p><strong>\u00a0QR cod<\/strong><strong>e d&rsquo;inscription<\/strong><\/p>\n<p>Tu peux scanner le QR code disponible sur cette page pour :<\/p>\n<ul>\n<li>de vous <strong>inscrire<\/strong> \u00e0 la JPO ;<\/li>\n<li>de consulter le <strong>programme<\/strong> ;<\/li>\n<li>de recevoir les mises \u00e0 jour.<\/li>\n<\/ul>\n<p>Merci <span style=\"font-family: 'Source Sans Pro'\">de votre int\u00e9r\u00eat.<\/span> Nous avons h\u00e2te de vous accueillir au lyc\u00e9e Roland-Garros pour vous pr\u00e9senter nos formations et vous accompagner dans votre projet d\u2019orientation !<\/p>\n<p>&nbsp;<\/p>\n<p>&nbsp;<\/p>\n<p>&nbsp;<\/p>\n","protected":false},"excerpt":{"rendered":"<p>Journ\u00e9e Portes Ouvertes POST-BAC &#8211; Inscris toi ! &nbsp; Journ\u00e9e Portes Ouvertes Post-bac , clique ici pour tous savoir sur la JPO Post Bac 14 F\u00e9vrier 2026 Pr\u00e9sentation des BTS de 8h00 \u00e0 12h00. Pr\u00e9sentation des CPGE de 8h00 \u00e0 16h00. Clique ici pour d\u00e9couvrir les Formations Post Bac au&#8230;<\/p>\n<p> <a class=\"continue-reading-link\" href=\"https:\/\/etab.ac-reunion.fr\/lyc-roland-garros\/formations\/journee-portes-ouvertes-fevrier-2026\/\"><span>Lire plus<\/span><i class=\"crycon-right-dir\"><\/i><\/a> <\/p>\n","protected":false},"author":36395,"featured_media":0,"parent":7,"menu_order":1,"comment_status":"closed","ping_status":"closed","template":"","meta":{"footnotes":"","_links_to":"","_links_to_target":""},"class_list":["post-20245","page","type-page","status-publish","hentry"],"_links":{"self":[{"href":"https:\/\/etab.ac-reunion.fr\/lyc-roland-garros\/wp-json\/wp\/v2\/pages\/20245","targetHints":{"allow":["GET"]}}],"collection":[{"href":"https:\/\/etab.ac-reunion.fr\/lyc-roland-garros\/wp-json\/wp\/v2\/pages"}],"about":[{"href":"https:\/\/etab.ac-reunion.fr\/lyc-roland-garros\/wp-json\/wp\/v2\/types\/page"}],"author":[{"embeddable":true,"href":"https:\/\/etab.ac-reunion.fr\/lyc-roland-garros\/wp-json\/wp\/v2\/users\/36395"}],"replies":[{"embeddable":true,"href":"https:\/\/etab.ac-reunion.fr\/lyc-roland-garros\/wp-json\/wp\/v2\/comments?post=20245"}],"version-history":[{"count":22,"href":"https:\/\/etab.ac-reunion.fr\/lyc-roland-garros\/wp-json\/wp\/v2\/pages\/20245\/revisions"}],"predecessor-version":[{"id":20586,"href":"https:\/\/etab.ac-reunion.fr\/lyc-roland-garros\/wp-json\/wp\/v2\/pages\/20245\/revisions\/20586"}],"up":[{"embeddable":true,"href":"https:\/\/etab.ac-reunion.fr\/lyc-roland-garros\/wp-json\/wp\/v2\/pages\/7"}],"wp:attachment":[{"href":"https:\/\/etab.ac-reunion.fr\/lyc-roland-garros\/wp-json\/wp\/v2\/media?parent=20245"}],"curies":[{"name":"wp","href":"https:\/\/api.w.org\/{rel}","templated":true}]}}