{"id":20447,"date":"2025-12-15T09:25:07","date_gmt":"2025-12-15T05:25:07","guid":{"rendered":"https:\/\/etab.ac-reunion.fr\/lyc-roland-garros\/?page_id=20447"},"modified":"2025-12-15T09:29:19","modified_gmt":"2025-12-15T05:29:19","slug":"edd","status":"publish","type":"page","link":"https:\/\/etab.ac-reunion.fr\/lyc-roland-garros\/vie-au-lycee\/edd\/","title":{"rendered":"EDD"},"content":{"rendered":"<p><a href=\"https:\/\/etab.ac-reunion.fr\/lyc-roland-garros\/deuxieme-rencontre-des-eco-delegues-consolidation-des-actions-edd-2025-2026\/\">Deuxi\u00e8me rencontre des \u00c9co-D\u00e9l\u00e9gu\u00e9s \u2013 Consolidation des actions EDD 2025\/2026<\/a><\/p>\n","protected":false},"excerpt":{"rendered":"<p>Deuxi\u00e8me rencontre des \u00c9co-D\u00e9l\u00e9gu\u00e9s \u2013 Consolidation des actions EDD 2025\/2026<\/p>\n<p> <a class=\"continue-reading-link\" href=\"https:\/\/etab.ac-reunion.fr\/lyc-roland-garros\/vie-au-lycee\/edd\/\"><span>Lire plus<\/span><i class=\"crycon-right-dir\"><\/i><\/a> <\/p>\n","protected":false},"author":36395,"featured_media":0,"parent":21,"menu_order":5,"comment_status":"closed","ping_status":"closed","template":"","meta":{"footnotes":"","_links_to":"","_links_to_target":""},"class_list":["post-20447","page","type-page","status-publish","hentry"],"_links":{"self":[{"href":"https:\/\/etab.ac-reunion.fr\/lyc-roland-garros\/wp-json\/wp\/v2\/pages\/20447","targetHints":{"allow":["GET"]}}],"collection":[{"href":"https:\/\/etab.ac-reunion.fr\/lyc-roland-garros\/wp-json\/wp\/v2\/pages"}],"about":[{"href":"https:\/\/etab.ac-reunion.fr\/lyc-roland-garros\/wp-json\/wp\/v2\/types\/page"}],"author":[{"embeddable":true,"href":"https:\/\/etab.ac-reunion.fr\/lyc-roland-garros\/wp-json\/wp\/v2\/users\/36395"}],"replies":[{"embeddable":true,"href":"https:\/\/etab.ac-reunion.fr\/lyc-roland-garros\/wp-json\/wp\/v2\/comments?post=20447"}],"version-history":[{"count":3,"href":"https:\/\/etab.ac-reunion.fr\/lyc-roland-garros\/wp-json\/wp\/v2\/pages\/20447\/revisions"}],"predecessor-version":[{"id":20451,"href":"https:\/\/etab.ac-reunion.fr\/lyc-roland-garros\/wp-json\/wp\/v2\/pages\/20447\/revisions\/20451"}],"up":[{"embeddable":true,"href":"https:\/\/etab.ac-reunion.fr\/lyc-roland-garros\/wp-json\/wp\/v2\/pages\/21"}],"wp:attachment":[{"href":"https:\/\/etab.ac-reunion.fr\/lyc-roland-garros\/wp-json\/wp\/v2\/media?parent=20447"}],"curies":[{"name":"wp","href":"https:\/\/api.w.org\/{rel}","templated":true}]}}