{"id":36,"date":"2016-02-09T12:13:16","date_gmt":"2016-02-09T08:13:16","guid":{"rendered":"http:\/\/lycee-roland-garros-tmp.ac-reunion.fr\/?page_id=36"},"modified":"2023-07-08T09:38:36","modified_gmt":"2023-07-08T05:38:36","slug":"orientation","status":"publish","type":"page","link":"https:\/\/etab.ac-reunion.fr\/lyc-roland-garros\/vie-au-lycee\/orientation\/","title":{"rendered":"Orientation"},"content":{"rendered":"<h4>CIO du Tampon<\/h4>\n<hr \/>\n<a href=\"http:\/\/www.onisep.fr\/\" class=\"su-button su-button-style-default\" style=\"color:#FFFFFF;background-color:#2D89EF;border-color:#246ec0;border-radius:5px\" target=\"_blank\" rel=\"noopener noreferrer\"><span style=\"color:#FFFFFF;padding:6px 16px;font-size:13px;line-height:20px;border-color:#6cadf4;border-radius:5px;text-shadow:none\"><i class=\"sui sui-arrow-right\" style=\"font-size:13px;color:#FFFFFF\"><\/i> ONISEP<\/span><\/a>\n<a href=\"https:\/\/www.parcoursup.fr\/\" class=\"su-button su-button-style-default\" style=\"color:#FFFFFF;background-color:#2D89EF;border-color:#246ec0;border-radius:5px\" target=\"_blank\" rel=\"noopener noreferrer\"><span style=\"color:#FFFFFF;padding:6px 16px;font-size:13px;line-height:20px;border-color:#6cadf4;border-radius:5px;text-shadow:none\"><i class=\"sui sui-arrow-right\" style=\"font-size:13px;color:#FFFFFF\"><\/i> Parcoursup<\/span><\/a>\n<p>&nbsp;<\/p>\n<p>Psychologue de\u00a0l&rsquo;\u00c9ducation Nationale (psy-EN) du CIO du Tampon, nous intervenons au Lyc\u00e9e Roland Garros en collaboration avec l\u2019\u00e9quipe de Direction du Lyc\u00e9e et les \u00e9quipes enseignantes.<\/p>\n<p>Nos missions\u00a0:<\/p>\n<ul>\n<li><strong>informer<\/strong> les \u00e9l\u00e8ves et leurs familles sur les fili\u00e8res et les d\u00e9bouch\u00e9s,<\/li>\n<li><strong>aider<\/strong> les \u00e9l\u00e8ves \u00e0 construire un projet d\u2019\u00e9tudes.<\/li>\n<\/ul>\n<p>Nous attirons votre attention sur l\u2019int\u00e9r\u00eat pour les \u00e9l\u00e8ves et ce, d\u00e8s la classe de seconde, \u00e0 r\u00e9fl\u00e9chir aux poursuites d\u2019\u00e9tudes apr\u00e8s le baccalaur\u00e9at. A titre indicatif, sachez que les d\u00e9marches d\u2019inscription commencent t\u00f4t dans l\u2019ann\u00e9e de terminale.<\/p>\n<p>Plusieurs <strong>sources d\u2019informations<\/strong> peuvent guider les \u00e9l\u00e8ves dans leurs d\u00e9marches d\u2019inscription\u00a0et de choix de formation :<\/p>\n<ul>\n<li>Les <strong>brochures de l\u2019ONISEP<\/strong> sur les modalit\u00e9s d\u2019inscription post-bac t\u00e9l\u00e9chargeables sur le site de l\u2019ONISEP,<\/li>\n<li>Les <strong>portes ouvertes<\/strong> des \u00e9tablissements de l\u2019enseignement sup\u00e9rieur,<\/li>\n<li>Les <strong>forums d\u2019information<\/strong>,<\/li>\n<li>Les <strong>salons<\/strong> destin\u00e9s aux lyc\u00e9ens de Terminale\u00a0et notamment le Salon R\u00e9gional de l\u2019Education.<\/li>\n<\/ul>\n<p>Nous vous \u00e9coutons et accompagnons individuellement votre r\u00e9flexion autour de l\u2019\u00e9laboration progressive de votre projet personnel d\u2019orientation, adapt\u00e9 \u00e0 votre personnalit\u00e9, centres d\u2019int\u00e9r\u00eats et capacit\u00e9s.<\/p>\n<p>Les parents peuvent \u00e9galement demander un rendez-vous, accompagner leurs enfants et nous joindre par t\u00e9l\u00e9phone durant les heures de permanence\u00a0 en contactant la vie scolaire.<\/p>\n<p>L\u2019\u00e9quipe des Conseillers d\u2019Orientation Psychologues du Lyc\u00e9e Roland Garros.<\/p>\n<hr \/>\n<h1 style=\"text-align: center\">Derniers articles<\/h1>\n","protected":false},"excerpt":{"rendered":"<p>CIO du Tampon &nbsp; Psychologue de\u00a0l&rsquo;\u00c9ducation Nationale (psy-EN) du CIO du Tampon, nous intervenons au Lyc\u00e9e Roland Garros en collaboration avec l\u2019\u00e9quipe de Direction du Lyc\u00e9e et les \u00e9quipes enseignantes. Nos missions\u00a0: informer les \u00e9l\u00e8ves et leurs familles sur les fili\u00e8res et les d\u00e9bouch\u00e9s, aider les \u00e9l\u00e8ves \u00e0 construire un&#8230;<\/p>\n<p> <a class=\"continue-reading-link\" href=\"https:\/\/etab.ac-reunion.fr\/lyc-roland-garros\/vie-au-lycee\/orientation\/\"><span>Lire plus<\/span><i class=\"crycon-right-dir\"><\/i><\/a> <\/p>\n","protected":false},"author":10850,"featured_media":0,"parent":21,"menu_order":2,"comment_status":"closed","ping_status":"closed","template":"templates\/template-page-with-intro.php","meta":{"footnotes":"","_links_to":"","_links_to_target":""},"class_list":["post-36","page","type-page","status-publish","hentry"],"_links":{"self":[{"href":"https:\/\/etab.ac-reunion.fr\/lyc-roland-garros\/wp-json\/wp\/v2\/pages\/36","targetHints":{"allow":["GET"]}}],"collection":[{"href":"https:\/\/etab.ac-reunion.fr\/lyc-roland-garros\/wp-json\/wp\/v2\/pages"}],"about":[{"href":"https:\/\/etab.ac-reunion.fr\/lyc-roland-garros\/wp-json\/wp\/v2\/types\/page"}],"author":[{"embeddable":true,"href":"https:\/\/etab.ac-reunion.fr\/lyc-roland-garros\/wp-json\/wp\/v2\/users\/10850"}],"replies":[{"embeddable":true,"href":"https:\/\/etab.ac-reunion.fr\/lyc-roland-garros\/wp-json\/wp\/v2\/comments?post=36"}],"version-history":[{"count":30,"href":"https:\/\/etab.ac-reunion.fr\/lyc-roland-garros\/wp-json\/wp\/v2\/pages\/36\/revisions"}],"predecessor-version":[{"id":14749,"href":"https:\/\/etab.ac-reunion.fr\/lyc-roland-garros\/wp-json\/wp\/v2\/pages\/36\/revisions\/14749"}],"up":[{"embeddable":true,"href":"https:\/\/etab.ac-reunion.fr\/lyc-roland-garros\/wp-json\/wp\/v2\/pages\/21"}],"wp:attachment":[{"href":"https:\/\/etab.ac-reunion.fr\/lyc-roland-garros\/wp-json\/wp\/v2\/media?parent=36"}],"curies":[{"name":"wp","href":"https:\/\/api.w.org\/{rel}","templated":true}]}}