{"id":423,"date":"2016-03-07T08:59:24","date_gmt":"2016-03-07T04:59:24","guid":{"rendered":"http:\/\/lycee-roland-garros-tmp.ac-reunion.fr\/?page_id=423"},"modified":"2025-12-12T11:44:17","modified_gmt":"2025-12-12T07:44:17","slug":"contact","status":"publish","type":"page","link":"https:\/\/etab.ac-reunion.fr\/lyc-roland-garros\/contact\/","title":{"rendered":"CONTACTS"},"content":{"rendered":"<h2>Appeler<\/h2>\n<p><em>Standard :<\/em> 0262 57 81 00<\/p>\n<p>ce.9740002j@ac-reunion.fr<\/p>\n<p><a href=\"https:\/\/etab.ac-reunion.fr\/lyc-roland-garros\/vie-au-lycee\/vie-scolaire\/\">Contacter les Vies Scolaires<\/a><\/p>\n<hr \/>\n<h2><a href=\"https:\/\/etab.ac-reunion.fr\/lyc-roland-garros\/?page_id=20143&amp;preview=true&amp;aiEnableCheckShortcode=true\">Horaires<\/a><\/h2>\n<p>Lundi, mardi, jeudi et vendredi de 7h30 \u00e0 17h30.<\/p>\n<p>Mercredi de 7h30 \u00e0 11h30.<\/p>\n<hr \/>\n<h2>Adresse<\/h2>\n<p>Lyc\u00e9e Roland Garros &#8211; CS 11008 &#8211; 97831 LE TAMPON CEDEX<\/p>\n<hr \/>\n<h3>Transports (non scolaires)<\/h3>\n<p>CASUD \/ Carsud :\u00a0<a class=\"moz-txt-link-freetext\" href=\"http:\/\/www.casud.re\/transport\/le-transport-urbain.html\">http:\/\/www.casud.re\/transport\/le-transport-urbain.html<\/a><\/p>\n<hr \/>\n<h2>Carte d&rsquo;acc\u00e8s<\/h2>\n<div class=\"su-gmap su-u-responsive-media-yes\"><iframe loading=\"lazy\" width=\"600\" height=\"400\" src=\"\/\/maps.google.com\/maps?q=Reunion%20tampon%20lycee%20roland%20garros&amp;output=embed\" title=\"\"><\/iframe><\/div>\n<hr \/>\n<p>&nbsp;<\/p>\n","protected":false},"excerpt":{"rendered":"<p>Appeler Standard : 0262 57 81 00 ce.9740002j@ac-reunion.fr Contacter les Vies Scolaires Horaires Lundi, mardi, jeudi et vendredi de 7h30 \u00e0 17h30. Mercredi de 7h30 \u00e0 11h30. Adresse Lyc\u00e9e Roland Garros &#8211; CS 11008 &#8211; 97831 LE TAMPON CEDEX Transports (non scolaires) CASUD \/ Carsud :\u00a0http:\/\/www.casud.re\/transport\/le-transport-urbain.html Carte d&rsquo;acc\u00e8s &nbsp;<\/p>\n<p> <a class=\"continue-reading-link\" href=\"https:\/\/etab.ac-reunion.fr\/lyc-roland-garros\/contact\/\"><span>Lire plus<\/span><i class=\"crycon-right-dir\"><\/i><\/a> <\/p>\n","protected":false},"author":10850,"featured_media":0,"parent":0,"menu_order":7,"comment_status":"closed","ping_status":"closed","template":"","meta":{"footnotes":"","_links_to":"","_links_to_target":""},"class_list":["post-423","page","type-page","status-publish","hentry"],"_links":{"self":[{"href":"https:\/\/etab.ac-reunion.fr\/lyc-roland-garros\/wp-json\/wp\/v2\/pages\/423","targetHints":{"allow":["GET"]}}],"collection":[{"href":"https:\/\/etab.ac-reunion.fr\/lyc-roland-garros\/wp-json\/wp\/v2\/pages"}],"about":[{"href":"https:\/\/etab.ac-reunion.fr\/lyc-roland-garros\/wp-json\/wp\/v2\/types\/page"}],"author":[{"embeddable":true,"href":"https:\/\/etab.ac-reunion.fr\/lyc-roland-garros\/wp-json\/wp\/v2\/users\/10850"}],"replies":[{"embeddable":true,"href":"https:\/\/etab.ac-reunion.fr\/lyc-roland-garros\/wp-json\/wp\/v2\/comments?post=423"}],"version-history":[{"count":37,"href":"https:\/\/etab.ac-reunion.fr\/lyc-roland-garros\/wp-json\/wp\/v2\/pages\/423\/revisions"}],"predecessor-version":[{"id":20434,"href":"https:\/\/etab.ac-reunion.fr\/lyc-roland-garros\/wp-json\/wp\/v2\/pages\/423\/revisions\/20434"}],"wp:attachment":[{"href":"https:\/\/etab.ac-reunion.fr\/lyc-roland-garros\/wp-json\/wp\/v2\/media?parent=423"}],"curies":[{"name":"wp","href":"https:\/\/api.w.org\/{rel}","templated":true}]}}