{"id":430,"date":"2016-03-07T09:09:00","date_gmt":"2016-03-07T05:09:00","guid":{"rendered":"http:\/\/lycee-roland-garros-tmp.ac-reunion.fr\/?page_id=430"},"modified":"2024-06-25T15:55:59","modified_gmt":"2024-06-25T11:55:59","slug":"bac-general","status":"publish","type":"page","link":"https:\/\/etab.ac-reunion.fr\/lyc-roland-garros\/formations\/bac-general\/","title":{"rendered":"Bac G\u00e9n\u00e9ral"},"content":{"rendered":"<p><strong>Sp\u00e9cialit\u00e9s<\/strong><\/p>\n<p>Arts Plastiques<\/p>\n<p>Histoire-G\u00e9ographie, G\u00e9opolitique et Science Politique (HGGSP)<\/p>\n<p>Humanit\u00e9s, Litt\u00e9rature et Philosophie (HLP)<\/p>\n<p>Langue et Culture de\u00a0 l&rsquo;Antiquit\u00e9 (Grec)<\/p>\n<p>Langue Litt\u00e9rature et Culture Anglais (Anglais)<\/p>\n<p>Langue Litt\u00e9rature et Culture Anglais Monde Contemporain (AMC)<\/p>\n<p>Langue Litt\u00e9rature et Culture Espagnol (LLCE)<\/p>\n<p>Math\u00e9matiques<\/p>\n<p>Musique<\/p>\n<p>Num\u00e9rique et Science Informatique (NSI)<\/p>\n<p>Physique Chimie<\/p>\n<p>Science \u00c9conomie et Sociale (SES)<\/p>\n<p>Science de l&rsquo;Ing\u00e9nieur (SI)<\/p>\n<p>Science de la Vie et de la Terre (SVT)<\/p>\n<p><strong>Options<\/strong><\/p>\n<p>ABIBAC (d\u00e8s la 2nde)<\/p>\n<p>BACHIBAC (d\u00e8s la 2nde)<\/p>\n<p>Arts Plastiques<\/p>\n<p>Cin\u00e9ma<\/p>\n<p>DGEMC (Uniquement en Terminale)<\/p>\n<p>DNL Allemand<\/p>\n<p>DNL Anglais<\/p>\n<p>EPS<\/p>\n<p>Grec<\/p>\n<p>Latin<\/p>\n<p>Maths Compl\u00e9mentaires (Uniquement en Terminale)<\/p>\n<p>Maths Expertes (Uniquement en Terminale)<\/p>\n<p>Musique<\/p>\n<p>Physique des 2 infinis (Uniquement en Seconde)<\/p>\n<p>&nbsp;<\/p>\n<p>&nbsp;<\/p>\n<p>&nbsp;<\/p>\n","protected":false},"excerpt":{"rendered":"<p>Sp\u00e9cialit\u00e9s Arts Plastiques Histoire-G\u00e9ographie, G\u00e9opolitique et Science Politique (HGGSP) Humanit\u00e9s, Litt\u00e9rature et Philosophie (HLP) Langue et Culture de\u00a0 l&rsquo;Antiquit\u00e9 (Grec) Langue Litt\u00e9rature et Culture Anglais (Anglais) Langue Litt\u00e9rature et Culture Anglais Monde Contemporain (AMC) Langue Litt\u00e9rature et Culture Espagnol (LLCE) Math\u00e9matiques Musique Num\u00e9rique et Science Informatique (NSI) Physique Chimie Science&#8230;<\/p>\n<p> <a class=\"continue-reading-link\" href=\"https:\/\/etab.ac-reunion.fr\/lyc-roland-garros\/formations\/bac-general\/\"><span>Lire plus<\/span><i class=\"crycon-right-dir\"><\/i><\/a> <\/p>\n","protected":false},"author":10850,"featured_media":0,"parent":7,"menu_order":2,"comment_status":"closed","ping_status":"closed","template":"templates\/template-page-with-intro.php","meta":{"footnotes":"","_links_to":"","_links_to_target":""},"class_list":["post-430","page","type-page","status-publish","hentry"],"_links":{"self":[{"href":"https:\/\/etab.ac-reunion.fr\/lyc-roland-garros\/wp-json\/wp\/v2\/pages\/430","targetHints":{"allow":["GET"]}}],"collection":[{"href":"https:\/\/etab.ac-reunion.fr\/lyc-roland-garros\/wp-json\/wp\/v2\/pages"}],"about":[{"href":"https:\/\/etab.ac-reunion.fr\/lyc-roland-garros\/wp-json\/wp\/v2\/types\/page"}],"author":[{"embeddable":true,"href":"https:\/\/etab.ac-reunion.fr\/lyc-roland-garros\/wp-json\/wp\/v2\/users\/10850"}],"replies":[{"embeddable":true,"href":"https:\/\/etab.ac-reunion.fr\/lyc-roland-garros\/wp-json\/wp\/v2\/comments?post=430"}],"version-history":[{"count":17,"href":"https:\/\/etab.ac-reunion.fr\/lyc-roland-garros\/wp-json\/wp\/v2\/pages\/430\/revisions"}],"predecessor-version":[{"id":18671,"href":"https:\/\/etab.ac-reunion.fr\/lyc-roland-garros\/wp-json\/wp\/v2\/pages\/430\/revisions\/18671"}],"up":[{"embeddable":true,"href":"https:\/\/etab.ac-reunion.fr\/lyc-roland-garros\/wp-json\/wp\/v2\/pages\/7"}],"wp:attachment":[{"href":"https:\/\/etab.ac-reunion.fr\/lyc-roland-garros\/wp-json\/wp\/v2\/media?parent=430"}],"curies":[{"name":"wp","href":"https:\/\/api.w.org\/{rel}","templated":true}]}}