{"id":484,"date":"2016-03-07T16:55:33","date_gmt":"2016-03-07T12:55:33","guid":{"rendered":"http:\/\/lycee-roland-garros-tmp.ac-reunion.fr\/?page_id=484"},"modified":"2025-12-19T09:46:14","modified_gmt":"2025-12-19T05:46:14","slug":"bachibac","status":"publish","type":"page","link":"https:\/\/etab.ac-reunion.fr\/lyc-roland-garros\/formations\/seconde-gt\/bachibac\/","title":{"rendered":"BachiBac"},"content":{"rendered":"<blockquote><p>BachiBac \u2013 Lyc\u00e9e Roland-Garros<\/p><\/blockquote>\n<p><strong><em>Deux dipl\u00f4mes \u2022 Deux cultures \u2022 Plus d\u2019opportunit\u00e9s<\/em><\/strong><\/p>\n<h1>Pourquoi choisir le BachiBac ?<\/h1>\n<p>\u2714 Double dipl\u00f4me officiel France \/ Espagne<br \/>\n\u2714 Espagnol renforc\u00e9 \u00e0 l\u2019\u00e9crit et \u00e0 l\u2019oral<br \/>\n\u2714 Histoire-g\u00e9ographie enseign\u00e9e en espagnol<br \/>\n\u2714 Acc\u00e8s de plein droit aux universit\u00e9s espagnoles<br \/>\n\u2714 Atout majeur pour Parcoursup et les fili\u00e8res internationales<\/p>\n<h1>\u00c0 qui s\u2019adresse la section ?<\/h1>\n<p>La section BachiBac s\u2019adresse aux \u00e9l\u00e8ves de 3e (et d\u00e8s la 4e pour anticiper) :<br \/>\n\u2022 motiv\u00e9s et curieux,<br \/>\n\u2022 avec un bon niveau en espagnol (bilangue, euro, LV2 solide),<br \/>\n\u2022 disposant d\u2019un bulletin \u00e9quilibr\u00e9 et d\u2019une capacit\u00e9 de travail r\u00e9guli\u00e8re.<\/p>\n<h1>Admission<\/h1>\n<p>Candidature en fin de classe de 3e.<br \/>\nS\u00e9lection sur dossier.<\/p>\n<h1>Organisation des enseignements<\/h1>\n<p>Seconde<br \/>\n\u2022 4 h d\u2019espagnol renforc\u00e9<br \/>\n\u2022 3 h d\u2019histoire-g\u00e9ographie en espagnol<\/p>\n<p>Premi\u00e8re<br \/>\n\u2022 4 h de langue et litt\u00e9rature espagnoles<br \/>\n\u2022 4 h d\u2019histoire-g\u00e9ographie en espagnol<\/p>\n<p>Terminale<br \/>\n\u2022 4 h de langue et litt\u00e9rature espagnoles<br \/>\n\u2022 4 h d\u2019histoire-g\u00e9ographie en espagnol<\/p>\n<h1>\u00c9preuves et obtention du Bachillerato<\/h1>\n<p>\ud83d\udcdd Histoire-g\u00e9ographie : \u00e9crit 5 h<br \/>\n\u270d Langue et litt\u00e9rature espagnoles : \u00e9crit 4 h + oral 20 min<\/p>\n<p>Le Bachillerato est d\u00e9livr\u00e9 sous r\u00e9serve :<br \/>\n\u2022 de l\u2019obtention du baccalaur\u00e9at fran\u00e7ais ;<br \/>\n\u2022 d\u2019une moyenne \u2265 10\/20 en langue et litt\u00e9rature espagnoles ;<br \/>\n\u2022 d\u2019une moyenne sp\u00e9cifique \u2265 10\/20 (histoire + langue\/litt\u00e9rature).<\/p>\n<h1>Apr\u00e8s le BachiBac<\/h1>\n<p>Les \u00e9l\u00e8ves acc\u00e8dent \u00e0 toutes les fili\u00e8res de l\u2019enseignement sup\u00e9rieur fran\u00e7ais,<br \/>\naux universit\u00e9s espagnoles et \u00e0 de nombreuses formations internationales.<\/p>\n<p>\ud83c\udf0d Ouverture internationale<br \/>\n\ud83d\udcda Exigence acad\u00e9mique<br \/>\n\ud83d\ude80 Opportunit\u00e9s renforc\u00e9es<\/p>\n<hr \/>\n<h2 style=\"text-align: center\">Derniers articles<\/h2>\n","protected":false},"excerpt":{"rendered":"<p>BachiBac \u2013 Lyc\u00e9e Roland-Garros Deux dipl\u00f4mes \u2022 Deux cultures \u2022 Plus d\u2019opportunit\u00e9s Pourquoi choisir le BachiBac ? \u2714 Double dipl\u00f4me officiel France \/ Espagne \u2714 Espagnol renforc\u00e9 \u00e0 l\u2019\u00e9crit et \u00e0 l\u2019oral \u2714 Histoire-g\u00e9ographie enseign\u00e9e en espagnol \u2714 Acc\u00e8s de plein droit aux universit\u00e9s espagnoles \u2714 Atout majeur pour Parcoursup&#8230;<\/p>\n<p> <a class=\"continue-reading-link\" href=\"https:\/\/etab.ac-reunion.fr\/lyc-roland-garros\/formations\/seconde-gt\/bachibac\/\"><span>Lire plus<\/span><i class=\"crycon-right-dir\"><\/i><\/a> <\/p>\n","protected":false},"author":10850,"featured_media":0,"parent":11,"menu_order":0,"comment_status":"closed","ping_status":"closed","template":"templates\/template-page-with-intro.php","meta":{"footnotes":"","_links_to":"","_links_to_target":""},"class_list":["post-484","page","type-page","status-publish","hentry"],"_links":{"self":[{"href":"https:\/\/etab.ac-reunion.fr\/lyc-roland-garros\/wp-json\/wp\/v2\/pages\/484","targetHints":{"allow":["GET"]}}],"collection":[{"href":"https:\/\/etab.ac-reunion.fr\/lyc-roland-garros\/wp-json\/wp\/v2\/pages"}],"about":[{"href":"https:\/\/etab.ac-reunion.fr\/lyc-roland-garros\/wp-json\/wp\/v2\/types\/page"}],"author":[{"embeddable":true,"href":"https:\/\/etab.ac-reunion.fr\/lyc-roland-garros\/wp-json\/wp\/v2\/users\/10850"}],"replies":[{"embeddable":true,"href":"https:\/\/etab.ac-reunion.fr\/lyc-roland-garros\/wp-json\/wp\/v2\/comments?post=484"}],"version-history":[{"count":7,"href":"https:\/\/etab.ac-reunion.fr\/lyc-roland-garros\/wp-json\/wp\/v2\/pages\/484\/revisions"}],"predecessor-version":[{"id":20470,"href":"https:\/\/etab.ac-reunion.fr\/lyc-roland-garros\/wp-json\/wp\/v2\/pages\/484\/revisions\/20470"}],"up":[{"embeddable":true,"href":"https:\/\/etab.ac-reunion.fr\/lyc-roland-garros\/wp-json\/wp\/v2\/pages\/11"}],"wp:attachment":[{"href":"https:\/\/etab.ac-reunion.fr\/lyc-roland-garros\/wp-json\/wp\/v2\/media?parent=484"}],"curies":[{"name":"wp","href":"https:\/\/api.w.org\/{rel}","templated":true}]}}