{"id":502,"date":"2016-03-07T17:13:27","date_gmt":"2016-03-07T13:13:27","guid":{"rendered":"http:\/\/lycee-roland-garros-tmp.ac-reunion.fr\/?page_id=502"},"modified":"2016-03-13T19:03:28","modified_gmt":"2016-03-13T15:03:28","slug":"mlds","status":"publish","type":"page","link":"https:\/\/etab.ac-reunion.fr\/lyc-roland-garros\/formations\/mlds\/","title":{"rendered":"MLDS"},"content":{"rendered":"<h4 class=\"normal\">Mission de Lutte Contre le D\u00e9crochage Scolaire<\/h4>\n<hr \/>\n<p>La Lutte Contre le D\u00e9crochage Scolaire constitue un enjeu majeur pour la coh\u00e9sion sociale et l\u2019\u00e9quit\u00e9 du syst\u00e8me \u00e9ducatif. Chaque ann\u00e9e 140 000 jeunes sortent du syst\u00e8me \u00e9ducatif sans avoir obtenu un niveau suffisant de dipl\u00f4me et de qualification. L\u2019activit\u00e9 men\u00e9e au titre de la mission de Lutte Contre le D\u00e9crochage Scolaire contribue \u00e0 la r\u00e9alisation de plusieurs objectifs :<\/p>\n<ul>\n<li>Pr\u00e9venir le d\u00e9crochage scolaire<\/li>\n<li>Faciliter l\u2019acc\u00e8s au dipl\u00f4me et \u00e0 la qualification<\/li>\n<li>S\u00e9curiser des parcours de formation L\u2019atteinte de ces objectifs passe par un pilotage fort au niveau national, acad\u00e9mique comme dans les \u00e9tablissements.<\/li>\n<\/ul>\n<p>La MLDS sous l\u2019autorit\u00e9 du Chef d\u2019Etablissement s\u2019appuie sur un r\u00e9seau constitu\u00e9 de tuteurs, COPSY, personnels de Vie Scolaire, professeurs, personnels de sant\u00e9, formateurs MLDS\u2026) et est anim\u00e9e par un r\u00e9f\u00e9rent d\u00e9crochage scolaire.<\/p>\n","protected":false},"excerpt":{"rendered":"<p>Mission de Lutte Contre le D\u00e9crochage Scolaire La Lutte Contre le D\u00e9crochage Scolaire constitue un enjeu majeur pour la coh\u00e9sion sociale et l\u2019\u00e9quit\u00e9 du syst\u00e8me \u00e9ducatif. Chaque ann\u00e9e 140 000 jeunes sortent du syst\u00e8me \u00e9ducatif sans avoir obtenu un niveau suffisant de dipl\u00f4me et de qualification. L\u2019activit\u00e9 men\u00e9e au titre&#8230;<\/p>\n<p> <a class=\"continue-reading-link\" href=\"https:\/\/etab.ac-reunion.fr\/lyc-roland-garros\/formations\/mlds\/\"><span>Lire plus<\/span><i class=\"crycon-right-dir\"><\/i><\/a> <\/p>\n","protected":false},"author":10850,"featured_media":0,"parent":7,"menu_order":8,"comment_status":"closed","ping_status":"closed","template":"","meta":{"footnotes":"","_links_to":"","_links_to_target":""},"class_list":["post-502","page","type-page","status-publish","hentry"],"_links":{"self":[{"href":"https:\/\/etab.ac-reunion.fr\/lyc-roland-garros\/wp-json\/wp\/v2\/pages\/502","targetHints":{"allow":["GET"]}}],"collection":[{"href":"https:\/\/etab.ac-reunion.fr\/lyc-roland-garros\/wp-json\/wp\/v2\/pages"}],"about":[{"href":"https:\/\/etab.ac-reunion.fr\/lyc-roland-garros\/wp-json\/wp\/v2\/types\/page"}],"author":[{"embeddable":true,"href":"https:\/\/etab.ac-reunion.fr\/lyc-roland-garros\/wp-json\/wp\/v2\/users\/10850"}],"replies":[{"embeddable":true,"href":"https:\/\/etab.ac-reunion.fr\/lyc-roland-garros\/wp-json\/wp\/v2\/comments?post=502"}],"version-history":[{"count":6,"href":"https:\/\/etab.ac-reunion.fr\/lyc-roland-garros\/wp-json\/wp\/v2\/pages\/502\/revisions"}],"predecessor-version":[{"id":1024,"href":"https:\/\/etab.ac-reunion.fr\/lyc-roland-garros\/wp-json\/wp\/v2\/pages\/502\/revisions\/1024"}],"up":[{"embeddable":true,"href":"https:\/\/etab.ac-reunion.fr\/lyc-roland-garros\/wp-json\/wp\/v2\/pages\/7"}],"wp:attachment":[{"href":"https:\/\/etab.ac-reunion.fr\/lyc-roland-garros\/wp-json\/wp\/v2\/media?parent=502"}],"curies":[{"name":"wp","href":"https:\/\/api.w.org\/{rel}","templated":true}]}}