{"id":5256,"date":"2017-02-11T16:22:09","date_gmt":"2017-02-11T12:22:09","guid":{"rendered":"http:\/\/lycee-roland-garros.ac-reunion.fr\/?page_id=5256"},"modified":"2023-07-08T09:35:55","modified_gmt":"2023-07-08T05:35:55","slug":"pcsi","status":"publish","type":"page","link":"https:\/\/etab.ac-reunion.fr\/lyc-roland-garros\/formations\/cpge\/pcsi\/","title":{"rendered":"PCSI"},"content":{"rendered":"<p>CPGE Physique, Chimie et Sciences de l\u2019Ing\u00e9nieur<\/p>\n<p>Pour devenir <strong>Ing\u00e9nieur<\/strong>, <strong>Chercheur<\/strong> ou <strong>Enseignant<\/strong>\u00a0!<\/p>\n<hr \/>\n<h2>Pr\u00e9sentation<\/h2>\n<p>La pr\u00e9pa PCSI offre un cocktail de mati\u00e8res scientifiques le plus \u00e9quilibr\u00e9 des CPGE\u00a0! <strong>Elle accorde davantage de place \u00e0 l\u2019exp\u00e9rimentation<\/strong> avec jusqu&rsquo;\u00e0 8h de TP hebdomadaire !<\/p>\n<p>La PCSI est l\u2019une des voies qui accueille le plus d\u2019\u00e9l\u00e8ves et propose le plus de places aux concours des grandes \u00e9coles d\u2019ing\u00e9nieurs. Elle donne acc\u00e8s \u00e0 deux pr\u00e9pas en 2\u00e8me ann\u00e9e\u2009: PC ou PSI\u00a0(pr\u00e9sente au Lyc\u00e9e Roland Garros)<\/p>\n<h2>Pour qui ?<\/h2>\n<p>Pour postuler en PCSI, il est vivement recommand\u00e9 de choisir\u00a0:<\/p>\n<ul>\n<li>En Premi\u00e8re les sp\u00e9cialit\u00e9s <strong>Math\u00e9matiques<\/strong> et <strong>Physique-Chimie<\/strong> ou <strong>Sciences de l\u2019ing\u00e9nieur<\/strong>, plus \u00e9ventuellement une troisi\u00e8me sp\u00e9cialit\u00e9 scientifique,<\/li>\n<li>En Terminale <strong>conserver les sp\u00e9cialit\u00e9s Math\u00e9matiques et Physique-Chimie ou Sciences de l\u2019ing\u00e9nieur<\/strong> (plus \u00e9ventuellement l&rsquo;option Math\u00e9matiques expertes) : ce sont les deux mati\u00e8res les plus importantes en PCSI et les programmes de math\u00e9matiques et physique-chimie de PCSI s&rsquo;appuieront sur les programmes de sp\u00e9cialit\u00e9s de Terminale.<\/li>\n<\/ul>\n<p>D&rsquo;autres choix de sp\u00e9cialit\u00e9s scientifiques sont n\u00e9anmoins envisageables, les candidatures seront soigneusement \u00e9tudi\u00e9es par chaque \u00e9tablissement.<\/p>\n<p><a href=\"https:\/\/etab.ac-reunion.fr\/lyc-roland-garros\/wp-content\/uploads\/sites\/142\/2021\/10\/psi-2021-001.png\"><img loading=\"lazy\" decoding=\"async\" class=\"alignnone size-thumbnail wp-image-13664\" src=\"https:\/\/etab.ac-reunion.fr\/lyc-roland-garros\/wp-content\/uploads\/sites\/142\/2021\/10\/psi-2021-001-150x150.png\" alt=\"\" width=\"150\" height=\"150\" \/><\/a><a href=\"https:\/\/etab.ac-reunion.fr\/lyc-roland-garros\/wp-content\/uploads\/sites\/142\/2021\/10\/psi-2021-003.png\"><img loading=\"lazy\" decoding=\"async\" class=\"alignnone size-thumbnail wp-image-13665\" src=\"https:\/\/etab.ac-reunion.fr\/lyc-roland-garros\/wp-content\/uploads\/sites\/142\/2021\/10\/psi-2021-003-150x150.png\" alt=\"\" width=\"150\" height=\"150\" \/><\/a><\/p>\n<h2>Admission<\/h2>\n<p>L\u2019admission en CPGE est g\u00e9r\u00e9e par une proc\u00e9dure informatis\u00e9e apr\u00e8s inscription sur <a href=\"https:\/\/www.parcoursup.fr\/\">ParcourSup<\/a>.<\/p>\n<p><a href=\"https:\/\/www.parcoursup.fr\/\"><img loading=\"lazy\" decoding=\"async\" class=\"aligncenter wp-image-13678 size-medium\" src=\"https:\/\/etab.ac-reunion.fr\/lyc-roland-garros\/wp-content\/uploads\/sites\/142\/2021\/10\/logo_parcoursup-300x107.png\" alt=\"\" width=\"300\" height=\"107\" srcset=\"https:\/\/etab.ac-reunion.fr\/lyc-roland-garros\/wp-content\/uploads\/sites\/142\/2021\/10\/logo_parcoursup-300x107.png 300w, https:\/\/etab.ac-reunion.fr\/lyc-roland-garros\/wp-content\/uploads\/sites\/142\/2021\/10\/logo_parcoursup-150x54.png 150w, https:\/\/etab.ac-reunion.fr\/lyc-roland-garros\/wp-content\/uploads\/sites\/142\/2021\/10\/logo_parcoursup.png 767w\" sizes=\"auto, (max-width: 300px) 100vw, 300px\" \/><\/a><\/p>\n<h2>Organisation<\/h2>\n<p>La pr\u00e9pa PCSI s\u2019int\u00e8gre dans le cadre du lyc\u00e9e dans un <strong>environnement s\u00e9curis\u00e9<\/strong> avec un encadrement <strong>p\u00e9dagogique renforc\u00e9<\/strong> dans la continuit\u00e9 naturelle de la terminale.<\/p>\n<p>Les enseignants des classes pr\u00e9paratoires se rendent disponibles. Ils jouent le r\u00f4le de tuteurs, re\u00e7oivent <strong>individuellement<\/strong> les \u00e9l\u00e8ves qui cherchent des <strong>conseils<\/strong> et les <strong>accompagnent<\/strong> dans leur <strong>travail<\/strong>.<\/p>\n<p>L\u2019emploi du temps est partag\u00e9 entre cours, travaux dirig\u00e9s (TD) et des travaux pratiques. S\u2019y ajoutent les devoirs sur table et les colles, qui sont des entra\u00eenements aux oraux des concours.<\/p>\n<p>&nbsp;<\/p>\n<p><a href=\"https:\/\/etab.ac-reunion.fr\/lyc-roland-garros\/wp-content\/uploads\/sites\/142\/2021\/10\/pcsi_2021-007.png\"><img loading=\"lazy\" decoding=\"async\" class=\"wp-image-13679 size-full aligncenter\" src=\"https:\/\/etab.ac-reunion.fr\/lyc-roland-garros\/wp-content\/uploads\/sites\/142\/2021\/10\/pcsi_2021-007.png\" alt=\"\" width=\"422\" height=\"220\" srcset=\"https:\/\/etab.ac-reunion.fr\/lyc-roland-garros\/wp-content\/uploads\/sites\/142\/2021\/10\/pcsi_2021-007.png 422w, https:\/\/etab.ac-reunion.fr\/lyc-roland-garros\/wp-content\/uploads\/sites\/142\/2021\/10\/pcsi_2021-007-300x156.png 300w, https:\/\/etab.ac-reunion.fr\/lyc-roland-garros\/wp-content\/uploads\/sites\/142\/2021\/10\/pcsi_2021-007-150x78.png 150w\" sizes=\"auto, (max-width: 422px) 100vw, 422px\" \/><\/a><\/p>\n<p><a href=\"https:\/\/etab.ac-reunion.fr\/lyc-roland-garros\/wp-content\/uploads\/sites\/142\/2021\/10\/pcsi_2021-008.png\"><img loading=\"lazy\" decoding=\"async\" class=\"aligncenter wp-image-13680 size-full\" src=\"https:\/\/etab.ac-reunion.fr\/lyc-roland-garros\/wp-content\/uploads\/sites\/142\/2021\/10\/pcsi_2021-008.png\" alt=\"\" width=\"894\" height=\"346\" srcset=\"https:\/\/etab.ac-reunion.fr\/lyc-roland-garros\/wp-content\/uploads\/sites\/142\/2021\/10\/pcsi_2021-008.png 894w, https:\/\/etab.ac-reunion.fr\/lyc-roland-garros\/wp-content\/uploads\/sites\/142\/2021\/10\/pcsi_2021-008-300x116.png 300w, https:\/\/etab.ac-reunion.fr\/lyc-roland-garros\/wp-content\/uploads\/sites\/142\/2021\/10\/pcsi_2021-008-150x58.png 150w\" sizes=\"auto, (max-width: 894px) 100vw, 894px\" \/><\/a><\/p>\n<h2>D\u00e9bouch\u00e9s et poursuites d\u2019\u00e9tudes<\/h2>\n<p>A l\u2019issue des deux ann\u00e9es (PCSI \u2013 PSI) les \u00e9tudiants passent les concours aux grandes \u00e9coles d\u2019ing\u00e9nieurs\u00a0:<\/p>\n<ul>\n<li>X \u2013 ENS : Polytechnique \u2013 \u00c9cole normale Sup\u00e9rieure<\/li>\n<li>Concours Central Sup\u00e9lec \u2013 11 \u00e9coles<\/li>\n<li>Concours Mines-T\u00e9l\u00e9com et Mines-Ponts \u2013 27 \u00e9coles<\/li>\n<li>Concours CCINP \u2013 61 \u00e9coles<\/li>\n<li>Concours E3A -Polytech \u2013 67 \u00e9coles<\/li>\n<li>Arts et m\u00e9tiers ENSAM, ESTP \u2026<\/li>\n<\/ul>\n<p><a href=\"https:\/\/etab.ac-reunion.fr\/lyc-roland-garros\/wp-content\/uploads\/sites\/142\/2021\/10\/psi-2021-009.png\"><img loading=\"lazy\" decoding=\"async\" class=\"aligncenter wp-image-13669 size-full\" src=\"https:\/\/etab.ac-reunion.fr\/lyc-roland-garros\/wp-content\/uploads\/sites\/142\/2021\/10\/psi-2021-009.png\" alt=\"\" width=\"915\" height=\"312\" srcset=\"https:\/\/etab.ac-reunion.fr\/lyc-roland-garros\/wp-content\/uploads\/sites\/142\/2021\/10\/psi-2021-009.png 915w, https:\/\/etab.ac-reunion.fr\/lyc-roland-garros\/wp-content\/uploads\/sites\/142\/2021\/10\/psi-2021-009-300x102.png 300w, https:\/\/etab.ac-reunion.fr\/lyc-roland-garros\/wp-content\/uploads\/sites\/142\/2021\/10\/psi-2021-009-150x51.png 150w\" sizes=\"auto, (max-width: 915px) 100vw, 915px\" \/><\/a><\/p>\n<p>D&rsquo;autres \u00e9coles sont accessibles par des s\u00e9lections sp\u00e9cifiques (INSA, CESI, Epita IPSA, ENAC \u2026).<\/p>\n<p>Il est \u00e9galement possible de poursuivre \u00e0 l\u2019universit\u00e9\u00a0:<\/p>\n<ul>\n<li>en L3 : licence troisi\u00e8me ann\u00e9e (la PSI donne une \u00e9quivalence L2),<\/li>\n<li>en magist\u00e8re : Dipl\u00f4me de niveau bac+5.<\/li>\n<\/ul>\n<h2>Documents<\/h2>\n<p>Plaquette PCSI (PDF)<\/p>\n<hr \/>\n<h2 style=\"text-align: center\">Derniers articles<\/h2>\n","protected":false},"excerpt":{"rendered":"<p>CPGE Physique, Chimie et Sciences de l\u2019Ing\u00e9nieur Pour devenir Ing\u00e9nieur, Chercheur ou Enseignant\u00a0! Pr\u00e9sentation La pr\u00e9pa PCSI offre un cocktail de mati\u00e8res scientifiques le plus \u00e9quilibr\u00e9 des CPGE\u00a0! Elle accorde davantage de place \u00e0 l\u2019exp\u00e9rimentation avec jusqu&rsquo;\u00e0 8h de TP hebdomadaire ! La PCSI est l\u2019une des voies qui accueille&#8230;<\/p>\n<p> <a class=\"continue-reading-link\" href=\"https:\/\/etab.ac-reunion.fr\/lyc-roland-garros\/formations\/cpge\/pcsi\/\"><span>Lire plus<\/span><i class=\"crycon-right-dir\"><\/i><\/a> <\/p>\n","protected":false},"author":10850,"featured_media":0,"parent":149,"menu_order":0,"comment_status":"closed","ping_status":"closed","template":"templates\/template-page-with-intro.php","meta":{"footnotes":"","_links_to":"","_links_to_target":""},"class_list":["post-5256","page","type-page","status-publish","hentry"],"_links":{"self":[{"href":"https:\/\/etab.ac-reunion.fr\/lyc-roland-garros\/wp-json\/wp\/v2\/pages\/5256","targetHints":{"allow":["GET"]}}],"collection":[{"href":"https:\/\/etab.ac-reunion.fr\/lyc-roland-garros\/wp-json\/wp\/v2\/pages"}],"about":[{"href":"https:\/\/etab.ac-reunion.fr\/lyc-roland-garros\/wp-json\/wp\/v2\/types\/page"}],"author":[{"embeddable":true,"href":"https:\/\/etab.ac-reunion.fr\/lyc-roland-garros\/wp-json\/wp\/v2\/users\/10850"}],"replies":[{"embeddable":true,"href":"https:\/\/etab.ac-reunion.fr\/lyc-roland-garros\/wp-json\/wp\/v2\/comments?post=5256"}],"version-history":[{"count":13,"href":"https:\/\/etab.ac-reunion.fr\/lyc-roland-garros\/wp-json\/wp\/v2\/pages\/5256\/revisions"}],"predecessor-version":[{"id":17614,"href":"https:\/\/etab.ac-reunion.fr\/lyc-roland-garros\/wp-json\/wp\/v2\/pages\/5256\/revisions\/17614"}],"up":[{"embeddable":true,"href":"https:\/\/etab.ac-reunion.fr\/lyc-roland-garros\/wp-json\/wp\/v2\/pages\/149"}],"wp:attachment":[{"href":"https:\/\/etab.ac-reunion.fr\/lyc-roland-garros\/wp-json\/wp\/v2\/media?parent=5256"}],"curies":[{"name":"wp","href":"https:\/\/api.w.org\/{rel}","templated":true}]}}