{"id":527,"date":"2016-03-07T20:46:39","date_gmt":"2016-03-07T16:46:39","guid":{"rendered":"http:\/\/lycee-roland-garros-tmp.ac-reunion.fr\/?page_id=527"},"modified":"2026-02-13T09:51:17","modified_gmt":"2026-02-13T05:51:17","slug":"electrotechnique","status":"publish","type":"page","link":"https:\/\/etab.ac-reunion.fr\/lyc-roland-garros\/formations\/bts\/electrotechnique\/","title":{"rendered":"Electrotechnique"},"content":{"rendered":"<p>BTS \u00c9lectrotechnique<\/p>\n<hr \/>\n<h2><a href=\"https:\/\/etab.ac-reunion.fr\/lyc-roland-garros\/wp-content\/uploads\/sites\/142\/2026\/02\/Flyer-BTSELT-V2.pdf\"><img loading=\"lazy\" decoding=\"async\" class=\"aligncenter wp-image-20598 \" src=\"https:\/\/etab.ac-reunion.fr\/lyc-roland-garros\/wp-content\/uploads\/sites\/142\/2026\/02\/Flyer-BTSELT-V2_page-0001-800x566.jpg\" alt=\"\" width=\"695\" height=\"492\" srcset=\"https:\/\/etab.ac-reunion.fr\/lyc-roland-garros\/wp-content\/uploads\/sites\/142\/2026\/02\/Flyer-BTSELT-V2_page-0001-800x566.jpg 800w, https:\/\/etab.ac-reunion.fr\/lyc-roland-garros\/wp-content\/uploads\/sites\/142\/2026\/02\/Flyer-BTSELT-V2_page-0001-300x212.jpg 300w, https:\/\/etab.ac-reunion.fr\/lyc-roland-garros\/wp-content\/uploads\/sites\/142\/2026\/02\/Flyer-BTSELT-V2_page-0001-1536x1087.jpg 1536w, https:\/\/etab.ac-reunion.fr\/lyc-roland-garros\/wp-content\/uploads\/sites\/142\/2026\/02\/Flyer-BTSELT-V2_page-0001-150x106.jpg 150w, https:\/\/etab.ac-reunion.fr\/lyc-roland-garros\/wp-content\/uploads\/sites\/142\/2026\/02\/Flyer-BTSELT-V2_page-0001.jpg 1755w\" sizes=\"auto, (max-width: 695px) 100vw, 695px\" \/><\/a><\/h2>\n<h2 style=\"text-align: center\">Pr\u00e9sentation<\/h2>\n<p>L&rsquo;\u00e9lectrotechnique regroupe <strong>3 grands secteurs<\/strong> :<\/p>\n<ul>\n<li>La <strong>production<\/strong>, le <strong>transport<\/strong>, et la <strong>distribution<\/strong> d\u2019<strong>\u00e9nergie \u00e9lectrique<\/strong>,<\/li>\n<li>La <strong>conversion d\u2019\u00e9nergie \u00e9lectrique<\/strong> en d\u2019autres types d\u2019\u00e9nergies : m\u00e9canique (mouvement), lumineuse (\u00e9clairage), thermique (chauffage), &#8230;<\/li>\n<li>L\u2019<strong>automatisme<\/strong>, permettant le contr\u00f4le informatis\u00e9 des \u00e9nergies mises en \u0153uvre,<\/li>\n<\/ul>\n<h2>Pour qui ?<\/h2>\n<ul>\n<li>BAC S,<\/li>\n<li>BAC STI2D,<\/li>\n<li>BAC PRO Electrotechnique.<\/li>\n<\/ul>\n<h2>Admission<\/h2>\n<p>Sur dossier Admission-Post Bac.<\/p>\n<h2>Organisation<\/h2>\n<p>En plus des enseignements g\u00e9n\u00e9raux (culture g\u00e9n\u00e9rale et expression, anglais, math\u00e9matiques), la formation comporte des enseignements professionnels :<\/p>\n<ul>\n<li>construction des structures mat\u00e9rielles appliqu\u00e9es \u00e0 l&rsquo;\u00e9nerg\u00e9tique ;<\/li>\n<li>sciences appliqu\u00e9es \u00e0 l&rsquo;\u00e9lectrotechnique ;<\/li>\n<li>essais de syst\u00e8mes ;<\/li>\n<li>g\u00e9nie \u00e9lectrique.<\/li>\n<\/ul>\n<p><img loading=\"lazy\" decoding=\"async\" class=\"aligncenter wp-image-5266 size-full\" src=\"https:\/\/etab.ac-reunion.fr\/lyc-roland-garros\/wp-content\/uploads\/sites\/142\/2017\/02\/BTS_Electrotechnique_matieres_horaire.png\" width=\"299\" height=\"212\" srcset=\"https:\/\/etab.ac-reunion.fr\/lyc-roland-garros\/wp-content\/uploads\/sites\/142\/2017\/02\/BTS_Electrotechnique_matieres_horaire.png 299w, https:\/\/etab.ac-reunion.fr\/lyc-roland-garros\/wp-content\/uploads\/sites\/142\/2017\/02\/BTS_Electrotechnique_matieres_horaire-200x142.png 200w, https:\/\/etab.ac-reunion.fr\/lyc-roland-garros\/wp-content\/uploads\/sites\/142\/2017\/02\/BTS_Electrotechnique_matieres_horaire-150x106.png 150w\" sizes=\"auto, (max-width: 299px) 100vw, 299px\" \/><\/p>\n<p>Ainsi que des activit\u00e9s professionnelles :<\/p>\n<p><img loading=\"lazy\" decoding=\"async\" class=\"aligncenter wp-image-5267 size-full\" src=\"https:\/\/etab.ac-reunion.fr\/lyc-roland-garros\/wp-content\/uploads\/sites\/142\/2017\/02\/BTS_Electrotechnique_activites_professionnelles.png\" width=\"389\" height=\"148\" srcset=\"https:\/\/etab.ac-reunion.fr\/lyc-roland-garros\/wp-content\/uploads\/sites\/142\/2017\/02\/BTS_Electrotechnique_activites_professionnelles.png 389w, https:\/\/etab.ac-reunion.fr\/lyc-roland-garros\/wp-content\/uploads\/sites\/142\/2017\/02\/BTS_Electrotechnique_activites_professionnelles-300x114.png 300w, https:\/\/etab.ac-reunion.fr\/lyc-roland-garros\/wp-content\/uploads\/sites\/142\/2017\/02\/BTS_Electrotechnique_activites_professionnelles-200x76.png 200w, https:\/\/etab.ac-reunion.fr\/lyc-roland-garros\/wp-content\/uploads\/sites\/142\/2017\/02\/BTS_Electrotechnique_activites_professionnelles-150x57.png 150w\" sizes=\"auto, (max-width: 389px) 100vw, 389px\" \/><\/p>\n<p><strong>La formation est sanctionn\u00e9e par un contr\u00f4le continu en cours de formation et par des \u00e9preuves \u00e9crites et orales finales. Le dipl\u00f4me est d\u00e9livr\u00e9 par un jury selon les r\u00e9sultats.<\/strong><\/p>\n<h2>D\u00e9bouch\u00e9s<\/h2>\n<p>Compte-tenu de leur <strong>polyvalence<\/strong> (\u00e9lectrotechnique, automatique et informatique industrielle, \u00e9lectronique de puissance, m\u00e9canique), les techniciens sup\u00e9rieurs en \u00e9lectrotechnique sont tr\u00e8s recherch\u00e9s et appr\u00e9ci\u00e9s aussi bien dans le secteur priv\u00e9 que dans le public.<br \/>\nUn \u00e9lectrotechnicien peut exercer de <strong>nombreux types de m\u00e9tiers<\/strong> :<\/p>\n<ul>\n<li>garantir la distribution de l\u2019\u00e9nergie \u00e9lectrique dans un \u00e9tablissement (habitations domestiques, usines, h\u00f4pitaux, collectivit\u00e9s),<\/li>\n<li>contr\u00f4ler l\u2019utilisation de l\u2019\u00e9lectricit\u00e9 : \u00e9clairage, chauffage, motorisation, mesures,<\/li>\n<li>assurer la maintenance des machines automatis\u00e9es d\u2019un site de production,<\/li>\n<li>v\u00e9rifier le fonctionnement d\u2019\u00e9quipements install\u00e9s par une soci\u00e9t\u00e9 de service (climatisation, \u2026)<\/li>\n<li>\u00e9tudier et mettre en \u0153uvre de nouveaux \u00e9quipements dans un bureau d\u2019\u00e9tudes.<\/li>\n<\/ul>\n<h2>Poursuites d&rsquo;\u00e9tudes<\/h2>\n<p>La Licence professionnelle (1 an apr\u00e8s le BTS menant \u00e0 Bac + 3) permet une sp\u00e9cialisation adapt\u00e9e au contexte d&#8217;emploi local.<br \/>\nNombre de dipl\u00f4m\u00e9s du BTS continuent leurs \u00e9tudes :<\/p>\n<ul>\n<li>Ann\u00e9e compl\u00e9mentaire de sp\u00e9cialisation : climatisation, domotique, technico-commercial, suivi de projet, qualit\u00e9, achat, &#8230;<\/li>\n<li>Licence professionnelle ;<\/li>\n<li>Classe pr\u00e9paratoire ATS ;<\/li>\n<li>\u00c9cole d&rsquo;ing\u00e9nieur.<\/li>\n<\/ul>\n<hr \/>\n<h2 style=\"text-align: center\">Derniers articles<\/h2>\n","protected":false},"excerpt":{"rendered":"<p>BTS \u00c9lectrotechnique Pr\u00e9sentation L&rsquo;\u00e9lectrotechnique regroupe 3 grands secteurs : La production, le transport, et la distribution d\u2019\u00e9nergie \u00e9lectrique, La conversion d\u2019\u00e9nergie \u00e9lectrique en d\u2019autres types d\u2019\u00e9nergies : m\u00e9canique (mouvement), lumineuse (\u00e9clairage), thermique (chauffage), &#8230; L\u2019automatisme, permettant le contr\u00f4le informatis\u00e9 des \u00e9nergies mises en \u0153uvre, Pour qui ? BAC S, BAC&#8230;<\/p>\n<p> <a class=\"continue-reading-link\" href=\"https:\/\/etab.ac-reunion.fr\/lyc-roland-garros\/formations\/bts\/electrotechnique\/\"><span>Lire plus<\/span><i class=\"crycon-right-dir\"><\/i><\/a> <\/p>\n","protected":false},"author":10850,"featured_media":0,"parent":13,"menu_order":0,"comment_status":"closed","ping_status":"closed","template":"templates\/template-page-with-intro.php","meta":{"footnotes":"","_links_to":"","_links_to_target":""},"class_list":["post-527","page","type-page","status-publish","hentry"],"_links":{"self":[{"href":"https:\/\/etab.ac-reunion.fr\/lyc-roland-garros\/wp-json\/wp\/v2\/pages\/527","targetHints":{"allow":["GET"]}}],"collection":[{"href":"https:\/\/etab.ac-reunion.fr\/lyc-roland-garros\/wp-json\/wp\/v2\/pages"}],"about":[{"href":"https:\/\/etab.ac-reunion.fr\/lyc-roland-garros\/wp-json\/wp\/v2\/types\/page"}],"author":[{"embeddable":true,"href":"https:\/\/etab.ac-reunion.fr\/lyc-roland-garros\/wp-json\/wp\/v2\/users\/10850"}],"replies":[{"embeddable":true,"href":"https:\/\/etab.ac-reunion.fr\/lyc-roland-garros\/wp-json\/wp\/v2\/comments?post=527"}],"version-history":[{"count":17,"href":"https:\/\/etab.ac-reunion.fr\/lyc-roland-garros\/wp-json\/wp\/v2\/pages\/527\/revisions"}],"predecessor-version":[{"id":20601,"href":"https:\/\/etab.ac-reunion.fr\/lyc-roland-garros\/wp-json\/wp\/v2\/pages\/527\/revisions\/20601"}],"up":[{"embeddable":true,"href":"https:\/\/etab.ac-reunion.fr\/lyc-roland-garros\/wp-json\/wp\/v2\/pages\/13"}],"wp:attachment":[{"href":"https:\/\/etab.ac-reunion.fr\/lyc-roland-garros\/wp-json\/wp\/v2\/media?parent=527"}],"curies":[{"name":"wp","href":"https:\/\/api.w.org\/{rel}","templated":true}]}}