{"id":548,"date":"2016-03-07T20:58:21","date_gmt":"2016-03-07T16:58:21","guid":{"rendered":"http:\/\/lycee-roland-garros-tmp.ac-reunion.fr\/?page_id=548"},"modified":"2022-11-21T16:21:29","modified_gmt":"2022-11-21T12:21:29","slug":"stl","status":"publish","type":"page","link":"https:\/\/etab.ac-reunion.fr\/lyc-roland-garros\/formations\/bac-technologique\/stl\/","title":{"rendered":"STL"},"content":{"rendered":"<p>Sciences et Technologies de Laboratoire<\/p>\n<h2>Vid\u00e9o de pr\u00e9sentation<\/h2>\n<p><iframe loading=\"lazy\" title=\"Bac STL Biotechnologies\" width=\"900\" height=\"506\" src=\"https:\/\/www.youtube.com\/embed\/JK6OYUb6hFc?feature=oembed\" frameborder=\"0\" allow=\"accelerometer; autoplay; clipboard-write; encrypted-media; gyroscope; picture-in-picture\" allowfullscreen><\/iframe><\/p>\n<h2>Pr\u00e9sentation interactive<\/h2>\n<p><a href=\"https:\/\/view.genial.ly\/617136942250e70d6ec0ef81\/\"><img loading=\"lazy\" decoding=\"async\" class=\"alignnone wp-image-14795 size-full\" src=\"https:\/\/etab.ac-reunion.fr\/lyc-roland-garros\/wp-content\/uploads\/sites\/142\/2022\/04\/LRG_STL_genially_cover.png\" alt=\"\" width=\"800\" height=\"448\" srcset=\"https:\/\/etab.ac-reunion.fr\/lyc-roland-garros\/wp-content\/uploads\/sites\/142\/2022\/04\/LRG_STL_genially_cover.png 800w, https:\/\/etab.ac-reunion.fr\/lyc-roland-garros\/wp-content\/uploads\/sites\/142\/2022\/04\/LRG_STL_genially_cover-300x168.png 300w, https:\/\/etab.ac-reunion.fr\/lyc-roland-garros\/wp-content\/uploads\/sites\/142\/2022\/04\/LRG_STL_genially_cover-150x84.png 150w\" sizes=\"auto, (max-width: 800px) 100vw, 800px\" \/><\/a><\/p>\n<h2>Plaquette de pr\u00e9sentation<\/h2>\n<p><a href=\"https:\/\/etab.ac-reunion.fr\/lyc-roland-garros\/wp-content\/uploads\/sites\/142\/2022\/04\/Plaquette_STL_2022_01.png\"><img loading=\"lazy\" decoding=\"async\" class=\"alignnone wp-image-14799 size-large\" src=\"https:\/\/etab.ac-reunion.fr\/lyc-roland-garros\/wp-content\/uploads\/sites\/142\/2022\/04\/Plaquette_STL_2022_01-1024x722.png\" alt=\"\" width=\"900\" height=\"635\" srcset=\"https:\/\/etab.ac-reunion.fr\/lyc-roland-garros\/wp-content\/uploads\/sites\/142\/2022\/04\/Plaquette_STL_2022_01-1024x722.png 1024w, https:\/\/etab.ac-reunion.fr\/lyc-roland-garros\/wp-content\/uploads\/sites\/142\/2022\/04\/Plaquette_STL_2022_01-300x212.png 300w, https:\/\/etab.ac-reunion.fr\/lyc-roland-garros\/wp-content\/uploads\/sites\/142\/2022\/04\/Plaquette_STL_2022_01-150x106.png 150w, https:\/\/etab.ac-reunion.fr\/lyc-roland-garros\/wp-content\/uploads\/sites\/142\/2022\/04\/Plaquette_STL_2022_01.png 1120w\" sizes=\"auto, (max-width: 900px) 100vw, 900px\" \/><\/a><\/p>\n<p><a href=\"https:\/\/etab.ac-reunion.fr\/lyc-roland-garros\/wp-content\/uploads\/sites\/142\/2022\/04\/Plaquette_STL_2022_02.png\"><img loading=\"lazy\" decoding=\"async\" class=\"alignnone wp-image-14800 size-large\" src=\"https:\/\/etab.ac-reunion.fr\/lyc-roland-garros\/wp-content\/uploads\/sites\/142\/2022\/04\/Plaquette_STL_2022_02-1024x722.png\" alt=\"\" width=\"900\" height=\"635\" srcset=\"https:\/\/etab.ac-reunion.fr\/lyc-roland-garros\/wp-content\/uploads\/sites\/142\/2022\/04\/Plaquette_STL_2022_02-1024x722.png 1024w, https:\/\/etab.ac-reunion.fr\/lyc-roland-garros\/wp-content\/uploads\/sites\/142\/2022\/04\/Plaquette_STL_2022_02-300x212.png 300w, https:\/\/etab.ac-reunion.fr\/lyc-roland-garros\/wp-content\/uploads\/sites\/142\/2022\/04\/Plaquette_STL_2022_02-150x106.png 150w, https:\/\/etab.ac-reunion.fr\/lyc-roland-garros\/wp-content\/uploads\/sites\/142\/2022\/04\/Plaquette_STL_2022_02.png 1120w\" sizes=\"auto, (max-width: 900px) 100vw, 900px\" \/><\/a><\/p>\n<p><a href=\"https:\/\/etab.ac-reunion.fr\/lyc-roland-garros\/wp-content\/uploads\/sites\/142\/2022\/04\/Plaquette_STL_2022_03.png\"><img loading=\"lazy\" decoding=\"async\" class=\"alignnone wp-image-14801 size-large\" src=\"https:\/\/etab.ac-reunion.fr\/lyc-roland-garros\/wp-content\/uploads\/sites\/142\/2022\/04\/Plaquette_STL_2022_03-1024x722.png\" alt=\"\" width=\"900\" height=\"635\" srcset=\"https:\/\/etab.ac-reunion.fr\/lyc-roland-garros\/wp-content\/uploads\/sites\/142\/2022\/04\/Plaquette_STL_2022_03-1024x722.png 1024w, https:\/\/etab.ac-reunion.fr\/lyc-roland-garros\/wp-content\/uploads\/sites\/142\/2022\/04\/Plaquette_STL_2022_03-300x212.png 300w, https:\/\/etab.ac-reunion.fr\/lyc-roland-garros\/wp-content\/uploads\/sites\/142\/2022\/04\/Plaquette_STL_2022_03-150x106.png 150w, https:\/\/etab.ac-reunion.fr\/lyc-roland-garros\/wp-content\/uploads\/sites\/142\/2022\/04\/Plaquette_STL_2022_03.png 1120w\" sizes=\"auto, (max-width: 900px) 100vw, 900px\" \/><\/a><\/p>\n<p><a href=\"https:\/\/etab.ac-reunion.fr\/lyc-roland-garros\/wp-content\/uploads\/sites\/142\/2022\/04\/Plaquette_STL_2022_04.png\"><img loading=\"lazy\" decoding=\"async\" class=\"alignnone wp-image-14802 size-large\" src=\"https:\/\/etab.ac-reunion.fr\/lyc-roland-garros\/wp-content\/uploads\/sites\/142\/2022\/04\/Plaquette_STL_2022_04-1024x722.png\" alt=\"\" width=\"900\" height=\"635\" srcset=\"https:\/\/etab.ac-reunion.fr\/lyc-roland-garros\/wp-content\/uploads\/sites\/142\/2022\/04\/Plaquette_STL_2022_04-1024x722.png 1024w, https:\/\/etab.ac-reunion.fr\/lyc-roland-garros\/wp-content\/uploads\/sites\/142\/2022\/04\/Plaquette_STL_2022_04-300x212.png 300w, https:\/\/etab.ac-reunion.fr\/lyc-roland-garros\/wp-content\/uploads\/sites\/142\/2022\/04\/Plaquette_STL_2022_04-150x106.png 150w, https:\/\/etab.ac-reunion.fr\/lyc-roland-garros\/wp-content\/uploads\/sites\/142\/2022\/04\/Plaquette_STL_2022_04.png 1120w\" sizes=\"auto, (max-width: 900px) 100vw, 900px\" \/><\/a><\/p>\n<p><a href=\"https:\/\/etab.ac-reunion.fr\/lyc-roland-garros\/wp-content\/uploads\/sites\/142\/2022\/04\/Plaquette_STL_2022_05.png\"><img loading=\"lazy\" decoding=\"async\" class=\"alignnone wp-image-14803 size-large\" src=\"https:\/\/etab.ac-reunion.fr\/lyc-roland-garros\/wp-content\/uploads\/sites\/142\/2022\/04\/Plaquette_STL_2022_05-1024x722.png\" alt=\"\" width=\"900\" height=\"635\" srcset=\"https:\/\/etab.ac-reunion.fr\/lyc-roland-garros\/wp-content\/uploads\/sites\/142\/2022\/04\/Plaquette_STL_2022_05-1024x722.png 1024w, https:\/\/etab.ac-reunion.fr\/lyc-roland-garros\/wp-content\/uploads\/sites\/142\/2022\/04\/Plaquette_STL_2022_05-300x212.png 300w, https:\/\/etab.ac-reunion.fr\/lyc-roland-garros\/wp-content\/uploads\/sites\/142\/2022\/04\/Plaquette_STL_2022_05-150x106.png 150w, https:\/\/etab.ac-reunion.fr\/lyc-roland-garros\/wp-content\/uploads\/sites\/142\/2022\/04\/Plaquette_STL_2022_05.png 1120w\" sizes=\"auto, (max-width: 900px) 100vw, 900px\" \/><\/a><\/p>\n<p><a href=\"https:\/\/etab.ac-reunion.fr\/lyc-roland-garros\/wp-content\/uploads\/sites\/142\/2022\/04\/Plaquette_STL_2022_06.png\"><img loading=\"lazy\" decoding=\"async\" class=\"alignnone wp-image-14804 size-large\" src=\"https:\/\/etab.ac-reunion.fr\/lyc-roland-garros\/wp-content\/uploads\/sites\/142\/2022\/04\/Plaquette_STL_2022_06-1024x722.png\" alt=\"\" width=\"900\" height=\"635\" srcset=\"https:\/\/etab.ac-reunion.fr\/lyc-roland-garros\/wp-content\/uploads\/sites\/142\/2022\/04\/Plaquette_STL_2022_06-1024x722.png 1024w, https:\/\/etab.ac-reunion.fr\/lyc-roland-garros\/wp-content\/uploads\/sites\/142\/2022\/04\/Plaquette_STL_2022_06-300x212.png 300w, https:\/\/etab.ac-reunion.fr\/lyc-roland-garros\/wp-content\/uploads\/sites\/142\/2022\/04\/Plaquette_STL_2022_06-150x106.png 150w, https:\/\/etab.ac-reunion.fr\/lyc-roland-garros\/wp-content\/uploads\/sites\/142\/2022\/04\/Plaquette_STL_2022_06.png 1120w\" sizes=\"auto, (max-width: 900px) 100vw, 900px\" \/><\/a><\/p>\n<p><a href=\"https:\/\/etab.ac-reunion.fr\/lyc-roland-garros\/wp-content\/uploads\/sites\/142\/2022\/11\/stl_7_contact.png\"><img loading=\"lazy\" decoding=\"async\" class=\"alignnone wp-image-15865 size-large\" src=\"https:\/\/etab.ac-reunion.fr\/lyc-roland-garros\/wp-content\/uploads\/sites\/142\/2022\/11\/stl_7_contact-1024x724.png\" alt=\"\" width=\"900\" height=\"636\" srcset=\"https:\/\/etab.ac-reunion.fr\/lyc-roland-garros\/wp-content\/uploads\/sites\/142\/2022\/11\/stl_7_contact-1024x724.png 1024w, https:\/\/etab.ac-reunion.fr\/lyc-roland-garros\/wp-content\/uploads\/sites\/142\/2022\/11\/stl_7_contact-300x212.png 300w, https:\/\/etab.ac-reunion.fr\/lyc-roland-garros\/wp-content\/uploads\/sites\/142\/2022\/11\/stl_7_contact-150x106.png 150w, https:\/\/etab.ac-reunion.fr\/lyc-roland-garros\/wp-content\/uploads\/sites\/142\/2022\/11\/stl_7_contact.png 1120w\" sizes=\"auto, (max-width: 900px) 100vw, 900px\" \/><\/a><\/p>\n<h2>T\u00e9l\u00e9chargement<\/h2>\n<p><a href=\"https:\/\/etab.ac-reunion.fr\/lyc-roland-garros\/wp-content\/uploads\/sites\/142\/2022\/11\/Brochure_STL_2022.pdf\" target=\"_blank\" rel=\"noopener\">Plaquette STL (PDF)<\/a><\/p>\n<hr \/>\n<h2 style=\"text-align: center\">Derniers articles<\/h2>\n","protected":false},"excerpt":{"rendered":"<p>Sciences et Technologies de Laboratoire Vid\u00e9o de pr\u00e9sentation Pr\u00e9sentation interactive Plaquette de pr\u00e9sentation T\u00e9l\u00e9chargement Plaquette STL (PDF) Derniers articles<\/p>\n<p> <a class=\"continue-reading-link\" href=\"https:\/\/etab.ac-reunion.fr\/lyc-roland-garros\/formations\/bac-technologique\/stl\/\"><span>Lire plus<\/span><i class=\"crycon-right-dir\"><\/i><\/a> <\/p>\n","protected":false},"author":10850,"featured_media":0,"parent":432,"menu_order":0,"comment_status":"closed","ping_status":"closed","template":"templates\/template-page-with-intro.php","meta":{"footnotes":"","_links_to":"","_links_to_target":""},"class_list":["post-548","page","type-page","status-publish","hentry"],"_links":{"self":[{"href":"https:\/\/etab.ac-reunion.fr\/lyc-roland-garros\/wp-json\/wp\/v2\/pages\/548","targetHints":{"allow":["GET"]}}],"collection":[{"href":"https:\/\/etab.ac-reunion.fr\/lyc-roland-garros\/wp-json\/wp\/v2\/pages"}],"about":[{"href":"https:\/\/etab.ac-reunion.fr\/lyc-roland-garros\/wp-json\/wp\/v2\/types\/page"}],"author":[{"embeddable":true,"href":"https:\/\/etab.ac-reunion.fr\/lyc-roland-garros\/wp-json\/wp\/v2\/users\/10850"}],"replies":[{"embeddable":true,"href":"https:\/\/etab.ac-reunion.fr\/lyc-roland-garros\/wp-json\/wp\/v2\/comments?post=548"}],"version-history":[{"count":38,"href":"https:\/\/etab.ac-reunion.fr\/lyc-roland-garros\/wp-json\/wp\/v2\/pages\/548\/revisions"}],"predecessor-version":[{"id":15859,"href":"https:\/\/etab.ac-reunion.fr\/lyc-roland-garros\/wp-json\/wp\/v2\/pages\/548\/revisions\/15859"}],"up":[{"embeddable":true,"href":"https:\/\/etab.ac-reunion.fr\/lyc-roland-garros\/wp-json\/wp\/v2\/pages\/432"}],"wp:attachment":[{"href":"https:\/\/etab.ac-reunion.fr\/lyc-roland-garros\/wp-json\/wp\/v2\/media?parent=548"}],"curies":[{"name":"wp","href":"https:\/\/api.w.org\/{rel}","templated":true}]}}