{"id":550,"date":"2016-03-07T20:59:40","date_gmt":"2016-03-07T16:59:40","guid":{"rendered":"http:\/\/lycee-roland-garros-tmp.ac-reunion.fr\/?page_id=550"},"modified":"2022-04-07T17:26:46","modified_gmt":"2022-04-07T13:26:46","slug":"stmg","status":"publish","type":"page","link":"https:\/\/etab.ac-reunion.fr\/lyc-roland-garros\/formations\/bac-technologique\/stmg\/","title":{"rendered":"STMG"},"content":{"rendered":"<p><strong>S<\/strong>ciences et <strong>T<\/strong>echnologies du <strong>M<\/strong>anagement et de la <strong>G<\/strong>estion<\/p>\n<hr \/>\n<p><iframe loading=\"lazy\" title=\"Bac STMG\" width=\"900\" height=\"506\" src=\"https:\/\/www.youtube.com\/embed\/3yNmxYG-tAM?feature=oembed\" frameborder=\"0\" allow=\"accelerometer; autoplay; clipboard-write; encrypted-media; gyroscope; picture-in-picture\" allowfullscreen><\/iframe><\/p>\n<h2>Pr\u00e9sentation<\/h2>\n<p>Cette fili\u00e8re propose la mercatique, l\u2019\u00e9conomie, la finance, le droit et la communication.<\/p>\n<p>Il s&rsquo;agit\u00a0d&rsquo;une <strong>s\u00e9rie technologique<\/strong> pour comprendre le monde de l&rsquo;entreprise : les diff\u00e9rentes organisations et leur fonctionnement ainsi que l\u2019environnement \u00e9conomique et juridique de celles-ci.<\/p>\n<h2>Pour qui ?<\/h2>\n<p>Pour tout \u00e9l\u00e8ve de 2nde int\u00e9ress\u00e9 par la r\u00e9alit\u00e9 du fonctionnement des entreprises, des associations, pour les curieux qui cherchent \u00e0 comprendre les relations au travail, les nouveaux usages du num\u00e9rique \u2026<br \/>\nCette fili\u00e8re r\u00e9pond aux besoins des \u00e9tudiants en qu\u00eate de techniques et de cours de gestion afin de diriger une soci\u00e9t\u00e9.<br \/>\nA ceux qui veulent savoir diff\u00e9rencier les acteurs de la vie \u00e9conomique et comprendre leur r\u00f4le \u00e0 travers notre soci\u00e9t\u00e9 actuelle.<br \/>\nPour les \u00e9l\u00e8ves motiv\u00e9s, pr\u00eats \u00e0 s\u2019investir dans les projets concrets et collectifs sans pour autant devoir acqu\u00e9rir une tr\u00e8s grande capacit\u00e9 de travail personnel.<br \/>\nCette fili\u00e8re favorise aussi la communication orale.<\/p>\n<h2>Admission<\/h2>\n<p>Avoir la moyenne (10\/20) , cette fili\u00e8re requiert des \u00e9l\u00e8ves reconnus pour leur travail s\u00e9rieux et r\u00e9gulier, pour leur motivation en classe et leur investissement personnel dans diverses actions.<\/p>\n<h2>Organisation<\/h2>\n<h3>Mati\u00e8res g\u00e9n\u00e9rales :<\/h3>\n<p>Maths, Fran\u00e7ais, LV1, LV2, Histoire-G\u00e9ographie et EPS.<\/p>\n<h3>Nouvelles mati\u00e8res :<\/h3>\n<p>Sciences de Gestion, Management Des Organisations, Eco-Droit, Mercatique, Communication et Gestion Finances (Comptabilit\u00e9).<\/p>\n<h3>Option STMG Plus :<\/h3>\n<p>Favoriser sa culture g\u00e9n\u00e9rale et \u00e9galement sortir du cadre th\u00e9orique.<br \/>\nAborder les cours d\u2019une mani\u00e8re diff\u00e9rente\u00a0: plus d\u2019autonomie, faible effectif, intervention de professionnels ext\u00e9rieurs, \u2026<\/p>\n<h2>D\u00e9bouch\u00e9s<\/h2>\n<ul>\n<li>Mercatique, Gestion Finance et Ressources Humaines ;<\/li>\n<li>Assistant commercial ;<\/li>\n<li>Commercial ;<\/li>\n<li>Assistant de direction ;<\/li>\n<li>Manager ;<\/li>\n<li>Chef de rayon ;<\/li>\n<li>Directeur des ressources humaines ;<\/li>\n<li>Comptable ;<\/li>\n<\/ul>\n<p>Dans une entreprise, dans une banque, une organisation publique, une association, dans une structure touristique, etc.<\/p>\n<h2>Poursuites d&rsquo;\u00e9tudes (de Bac +2 \u00e0 Bac +5)<\/h2>\n<ul>\n<li>CPGE (Classe Pr\u00e9paratoire aux Grandes Ecoles) HEC. C\u2019est la seule fili\u00e8re technologique qui permet d\u2019int\u00e9grer de grandes \u00e9coles de commerce, notamment par voie d\u2019une classe pr\u00e9pa ;<\/li>\n<li>BTS ;<\/li>\n<li>DUT ;<\/li>\n<li>DCG ;<\/li>\n<\/ul>\n<p>&nbsp;<\/p>\n<blockquote>\n<p class=\"western\" style=\"text-align: center\"><strong>La STMG, la s\u00e9rie technologique d\u2019aujourd\u2019hui et de demain.<br \/>\nStop les pr\u00e9jug\u00e9s, la STMG est gage de succ\u00e8s\u00a0!<\/strong><\/p>\n<\/blockquote>\n<h2 style=\"text-align: center\">Derniers articles<\/h2>\n","protected":false},"excerpt":{"rendered":"<p>Sciences et Technologies du Management et de la Gestion Pr\u00e9sentation Cette fili\u00e8re propose la mercatique, l\u2019\u00e9conomie, la finance, le droit et la communication. Il s&rsquo;agit\u00a0d&rsquo;une s\u00e9rie technologique pour comprendre le monde de l&rsquo;entreprise : les diff\u00e9rentes organisations et leur fonctionnement ainsi que l\u2019environnement \u00e9conomique et juridique de celles-ci. Pour qui&#8230;<\/p>\n<p> <a class=\"continue-reading-link\" href=\"https:\/\/etab.ac-reunion.fr\/lyc-roland-garros\/formations\/bac-technologique\/stmg\/\"><span>Lire plus<\/span><i class=\"crycon-right-dir\"><\/i><\/a> <\/p>\n","protected":false},"author":10850,"featured_media":0,"parent":432,"menu_order":0,"comment_status":"closed","ping_status":"closed","template":"templates\/template-page-with-intro.php","meta":{"footnotes":"","_links_to":"","_links_to_target":""},"class_list":["post-550","page","type-page","status-publish","hentry"],"_links":{"self":[{"href":"https:\/\/etab.ac-reunion.fr\/lyc-roland-garros\/wp-json\/wp\/v2\/pages\/550","targetHints":{"allow":["GET"]}}],"collection":[{"href":"https:\/\/etab.ac-reunion.fr\/lyc-roland-garros\/wp-json\/wp\/v2\/pages"}],"about":[{"href":"https:\/\/etab.ac-reunion.fr\/lyc-roland-garros\/wp-json\/wp\/v2\/types\/page"}],"author":[{"embeddable":true,"href":"https:\/\/etab.ac-reunion.fr\/lyc-roland-garros\/wp-json\/wp\/v2\/users\/10850"}],"replies":[{"embeddable":true,"href":"https:\/\/etab.ac-reunion.fr\/lyc-roland-garros\/wp-json\/wp\/v2\/comments?post=550"}],"version-history":[{"count":19,"href":"https:\/\/etab.ac-reunion.fr\/lyc-roland-garros\/wp-json\/wp\/v2\/pages\/550\/revisions"}],"predecessor-version":[{"id":14651,"href":"https:\/\/etab.ac-reunion.fr\/lyc-roland-garros\/wp-json\/wp\/v2\/pages\/550\/revisions\/14651"}],"up":[{"embeddable":true,"href":"https:\/\/etab.ac-reunion.fr\/lyc-roland-garros\/wp-json\/wp\/v2\/pages\/432"}],"wp:attachment":[{"href":"https:\/\/etab.ac-reunion.fr\/lyc-roland-garros\/wp-json\/wp\/v2\/media?parent=550"}],"curies":[{"name":"wp","href":"https:\/\/api.w.org\/{rel}","templated":true}]}}