{"id":564,"date":"2016-03-07T21:08:59","date_gmt":"2016-03-07T17:08:59","guid":{"rendered":"http:\/\/lycee-roland-garros-tmp.ac-reunion.fr\/?page_id=564"},"modified":"2021-02-15T11:16:04","modified_gmt":"2021-02-15T07:16:04","slug":"abm","status":"publish","type":"page","link":"https:\/\/etab.ac-reunion.fr\/lyc-roland-garros\/formations\/bts\/abm\/","title":{"rendered":"ABM"},"content":{"rendered":"<p>BTS Analyses de Biologie M\u00e9dicale<\/p>\n<hr \/>\n<p class=\"western\" align=\"left\"><img loading=\"lazy\" decoding=\"async\" class=\"aligncenter size-full wp-image-3487\" src=\"https:\/\/etab.ac-reunion.fr\/lyc-roland-garros\/wp-content\/uploads\/sites\/142\/2016\/03\/BTS_ABM.jpg\" alt=\"BTS ABM\" width=\"575\" height=\"332\" srcset=\"https:\/\/etab.ac-reunion.fr\/lyc-roland-garros\/wp-content\/uploads\/sites\/142\/2016\/03\/BTS_ABM.jpg 575w, https:\/\/etab.ac-reunion.fr\/lyc-roland-garros\/wp-content\/uploads\/sites\/142\/2016\/03\/BTS_ABM-300x173.jpg 300w, https:\/\/etab.ac-reunion.fr\/lyc-roland-garros\/wp-content\/uploads\/sites\/142\/2016\/03\/BTS_ABM-200x115.jpg 200w, https:\/\/etab.ac-reunion.fr\/lyc-roland-garros\/wp-content\/uploads\/sites\/142\/2016\/03\/BTS_ABM-150x87.jpg 150w\" sizes=\"auto, (max-width: 575px) 100vw, 575px\" \/><\/p>\n<h2>Pr\u00e9sentation<\/h2>\n<p align=\"justify\">La Section de Techniciens Sup\u00e9rieurs (STS) en Analyse de Biologie M\u00e9dicale, pr\u00e9sente seulement au Lyc\u00e9e Roland Garros \u00e0 La R\u00e9union, est une formation post-baccalaur\u00e9at en 2 ans menant \u00e0 un Brevet de Technicien Sup\u00e9rieur. Ce dipl\u00f4me permet de travailler essentiellement en laboratoire d\u2019analyses m\u00e9dicales priv\u00e9 ou public. Le Technicien y re\u00e7oit les patients, effectue certains des pr\u00e9l\u00e8vements, m\u00e8ne les diff\u00e9rentes phases des analyses, produit des r\u00e9sultats de qualit\u00e9 qu\u2019il transmet aux biologistes et participe \u00e0 la vie du laboratoire.<\/p>\n<h2>Pour qui ?<\/h2>\n<p align=\"justify\">Ce BTS convient aux bacheliers scientifiques motiv\u00e9s, attir\u00e9s par la biologie m\u00e9dicale et le travail de laboratoire. Les bacheliers STL et S constituent la grande majorit\u00e9 des admis. Mais le recrutement peut concerner des bacheliers ST2S, des \u00e9tudiants ayant d\u00e9j\u00e0 effectu\u00e9 une L1 de biochimie, ou une premi\u00e8re ann\u00e9e commune aux \u00e9tudes de sant\u00e9 (PACES).<\/p>\n<h2>Admission<\/h2>\n<p align=\"left\">L\u2019admission se fait sur dossier, par le dispositif APB (Admission Post-Bac). Un dossier convenable dans les disciplines scientifiques, en particulier en biologie, est recommand\u00e9. La STS ABM dispose de 30 places.<\/p>\n<h2>Organisation<\/h2>\n<p class=\"western\" align=\"justify\">Une place pr\u00e9pond\u00e9rante est donn\u00e9e aux mati\u00e8res sp\u00e9cifiques de ce BTS (21 h \/ 31,5 h en 1\u00e8re ann\u00e9e et 26,5 h \/ 32,5 h en 2<sup>\u00e8me<\/sup> ann\u00e9e)\u00a0:<\/p>\n<ul>\n<li>\n<p class=\"western\" align=\"justify\">Cours de biochimie, microbiologie (bact\u00e9riologie, virologie, parasitologie), h\u00e9matologie, immunologie, pr\u00e9paration au certificat de capacit\u00e9 en pr\u00e9l\u00e8vement sanguin, connaissance du milieu professionnel (syst\u00e8me de sant\u00e9, r\u00e9glementations, qualit\u00e9).<\/p>\n<\/li>\n<li>\n<p class=\"western\" align=\"justify\">Travaux pratiques (environ 12 h\/semaine) d\u2019analyse d\u2019\u00e9chantillons biologiques.<\/p>\n<\/li>\n<\/ul>\n<p class=\"western\">Cet enseignement professionnel est soutenu par un enseignement g\u00e9n\u00e9ral : fran\u00e7ais et communication, langue vivante \u00e9trang\u00e8re, math\u00e9matiques, sciences physiques et chimie, bureautique.<\/p>\n<p class=\"western\" align=\"justify\">Les \u00e9tudiants font un stage de 7 semaines en 1<sup>\u00e8re<\/sup> ann\u00e9e (juin) et de 5 semaines en 2<sup>\u00e8me<\/sup> ann\u00e9e (janvier-f\u00e9vrier) dans un laboratoire public ou priv\u00e9 de biologie m\u00e9dicale\u00a0; ce stage fait l\u2019objet d\u2019un m\u00e9moire.<\/p>\n<h2>D\u00e9bouch\u00e9s<\/h2>\n<p align=\"justify\">Le BTS ABM permet une insertion rapide dans la vie professionnelle, soit directement \u00e0 l\u2019issue du BTS, soit apr\u00e8s une ann\u00e9e de sp\u00e9cialisation<sup>1<\/sup>. Les dipl\u00f4m\u00e9s sont recrut\u00e9s essentiellement au sein des laboratoires d\u2019analyses de biologie m\u00e9dicale, y compris les laboratoires de l\u2019Etablissement Fran\u00e7ais du Sang, voire les laboratoires v\u00e9t\u00e9rinaires. Au sein de ces laboratoires, les techniciens peuvent \u00e9voluer vers des carri\u00e8res d\u2019encadrement ou prendre des postes plus sp\u00e9cialis\u00e9s correspondant \u00e0 une formation compl\u00e9mentaire (responsable qualit\u00e9, sp\u00e9cialisation en biologie mol\u00e9culaire, etc.). Des postes sont possible \u00e9galement dans les \u00e9tablissements scolaires, les laboratoires de recherche (l\u2019un de nos ex-\u00e9tudiants est au G\u00e9nopole d\u2019Evry) ou les laboratoires de contr\u00f4le dans l\u2019industrie.<\/p>\n<h2>Poursuites d&rsquo;\u00e9tudes<\/h2>\n<p align=\"justify\">M\u00eame si la finalit\u00e9 des STS est d\u2019amener rapidement des \u00e9tudiants vers la vie active, environ un cinqui\u00e8me des dipl\u00f4m\u00e9s continuent leurs \u00e9tudes, pour la plupart \u00e0 l\u2019Universit\u00e9<sup>1<\/sup> (licence de biochimie, licences professionnelles, \u2026). Une ann\u00e9e de pr\u00e9paration aux \u00e9coles d\u2019ing\u00e9nieur (ATS) est \u00e9galement possible. Certains de nos \u00e9tudiants les plus brillants sont partis en facult\u00e9 de m\u00e9decine ou directement en \u00e9cole d\u2019ing\u00e9nieur (ESIROI).<\/p>\n<hr \/>\n<h2 style=\"text-align: center\">Derniers articles<\/h2>\n","protected":false},"excerpt":{"rendered":"<p>BTS Analyses de Biologie M\u00e9dicale Pr\u00e9sentation La Section de Techniciens Sup\u00e9rieurs (STS) en Analyse de Biologie M\u00e9dicale, pr\u00e9sente seulement au Lyc\u00e9e Roland Garros \u00e0 La R\u00e9union, est une formation post-baccalaur\u00e9at en 2 ans menant \u00e0 un Brevet de Technicien Sup\u00e9rieur. Ce dipl\u00f4me permet de travailler essentiellement en laboratoire d\u2019analyses m\u00e9dicales&#8230;<\/p>\n<p> <a class=\"continue-reading-link\" href=\"https:\/\/etab.ac-reunion.fr\/lyc-roland-garros\/formations\/bts\/abm\/\"><span>Lire plus<\/span><i class=\"crycon-right-dir\"><\/i><\/a> <\/p>\n","protected":false},"author":10850,"featured_media":0,"parent":13,"menu_order":0,"comment_status":"closed","ping_status":"closed","template":"templates\/template-page-with-intro.php","meta":{"footnotes":"","_links_to":"","_links_to_target":""},"class_list":["post-564","page","type-page","status-publish","hentry"],"_links":{"self":[{"href":"https:\/\/etab.ac-reunion.fr\/lyc-roland-garros\/wp-json\/wp\/v2\/pages\/564","targetHints":{"allow":["GET"]}}],"collection":[{"href":"https:\/\/etab.ac-reunion.fr\/lyc-roland-garros\/wp-json\/wp\/v2\/pages"}],"about":[{"href":"https:\/\/etab.ac-reunion.fr\/lyc-roland-garros\/wp-json\/wp\/v2\/types\/page"}],"author":[{"embeddable":true,"href":"https:\/\/etab.ac-reunion.fr\/lyc-roland-garros\/wp-json\/wp\/v2\/users\/10850"}],"replies":[{"embeddable":true,"href":"https:\/\/etab.ac-reunion.fr\/lyc-roland-garros\/wp-json\/wp\/v2\/comments?post=564"}],"version-history":[{"count":20,"href":"https:\/\/etab.ac-reunion.fr\/lyc-roland-garros\/wp-json\/wp\/v2\/pages\/564\/revisions"}],"predecessor-version":[{"id":2003,"href":"https:\/\/etab.ac-reunion.fr\/lyc-roland-garros\/wp-json\/wp\/v2\/pages\/564\/revisions\/2003"}],"up":[{"embeddable":true,"href":"https:\/\/etab.ac-reunion.fr\/lyc-roland-garros\/wp-json\/wp\/v2\/pages\/13"}],"wp:attachment":[{"href":"https:\/\/etab.ac-reunion.fr\/lyc-roland-garros\/wp-json\/wp\/v2\/media?parent=564"}],"curies":[{"name":"wp","href":"https:\/\/api.w.org\/{rel}","templated":true}]}}