{"id":566,"date":"2016-03-07T21:09:32","date_gmt":"2016-03-07T17:09:32","guid":{"rendered":"http:\/\/lycee-roland-garros-tmp.ac-reunion.fr\/?page_id=566"},"modified":"2023-07-08T09:24:28","modified_gmt":"2023-07-08T05:24:28","slug":"ati","status":"publish","type":"page","link":"https:\/\/etab.ac-reunion.fr\/lyc-roland-garros\/formations\/bts\/ati\/","title":{"rendered":"ATI"},"content":{"rendered":"<p>BTS Assistance Technique d&rsquo;Ing\u00e9nieur<\/p>\n<hr \/>\n<h2>Pr\u00e9sentation<\/h2>\n<p>Ce BTS forme les collaborateurs directs des ing\u00e9nieurs aussi bien sur le plan scientifique qu&rsquo;administratif. Les techniciens sup\u00e9rieurs sont des professionnels de la communication technique en entreprise. Ils effectuent notamment les recherches documentaires, r\u00e9digent les notices techniques.<\/p>\n<h2>Pour qui ?<\/h2>\n<p>Cette fili\u00e8re s\u2019adresse aux bacheliers STI2D,\u00a0s\u00e9rie S et Bac professionnel.<\/p>\n<h2>Organisation<\/h2>\n<p>Horaires hebdomadaires de premi\u00e8re ann\u00e9e : fran\u00e7ais (3h), langue vivante (2h), maths (4h), physique et physique appliqu\u00e9e \u00e0 l\u2019\u00e9lectricit\u00e9 (4h), bureautique et outils de communication (2h), \u00e9conomie et gestion de l\u2019entreprise (2h), construction m\u00e9canique (5h), construction \u00e9lectrique (4h), automatismes,informatique industrielle (3h), \u00e9tude des syst\u00e8mes techniques (2h), organisation industrielle (3h).<br \/>\nUn stage en entreprise de six \u00e0 huit semaines compl\u00e8te cette formation.<\/p>\n<h2>D\u00e9bouch\u00e9s<\/h2>\n<p>La plupart des dipl\u00f4m\u00e9s entrent tout de suite dans la vie active. Les d\u00e9bouch\u00e9s se situent dans tous les secteurs : b\u00e2timent, industrie chimique, \u00e9lectricit\u00e9, m\u00e9canique ou \u00e9lectronique. Certains dipl\u00f4m\u00e9s optent pour l\u2019administration ou les laboratoires de recherche. Possibilit\u00e9 de poursuivre des \u00e9tudes \u00e0 l\u2019universit\u00e9 pour pr\u00e9parer une licence, une ma\u00eetrise ou une MST, ma\u00eetrise de sciences et techniques. Quelques dipl\u00f4m\u00e9s, parmi les meilleurs, entrent en \u00e9cole d\u2019ing\u00e9nieurs.<\/p>\n<h2>Poursuites d&rsquo;\u00e9tudes<\/h2>\n<p>&#8230;<\/p>\n<hr \/>\n<h2 style=\"text-align: center\">Derniers articles<\/h2>\n","protected":false},"excerpt":{"rendered":"<p>BTS Assistance Technique d&rsquo;Ing\u00e9nieur Pr\u00e9sentation Ce BTS forme les collaborateurs directs des ing\u00e9nieurs aussi bien sur le plan scientifique qu&rsquo;administratif. Les techniciens sup\u00e9rieurs sont des professionnels de la communication technique en entreprise. Ils effectuent notamment les recherches documentaires, r\u00e9digent les notices techniques. Pour qui ? Cette fili\u00e8re s\u2019adresse aux bacheliers&#8230;<\/p>\n<p> <a class=\"continue-reading-link\" href=\"https:\/\/etab.ac-reunion.fr\/lyc-roland-garros\/formations\/bts\/ati\/\"><span>Lire plus<\/span><i class=\"crycon-right-dir\"><\/i><\/a> <\/p>\n","protected":false},"author":10850,"featured_media":0,"parent":13,"menu_order":0,"comment_status":"closed","ping_status":"closed","template":"templates\/template-page-with-intro.php","meta":{"footnotes":"","_links_to":"","_links_to_target":""},"class_list":["post-566","page","type-page","status-publish","hentry"],"_links":{"self":[{"href":"https:\/\/etab.ac-reunion.fr\/lyc-roland-garros\/wp-json\/wp\/v2\/pages\/566","targetHints":{"allow":["GET"]}}],"collection":[{"href":"https:\/\/etab.ac-reunion.fr\/lyc-roland-garros\/wp-json\/wp\/v2\/pages"}],"about":[{"href":"https:\/\/etab.ac-reunion.fr\/lyc-roland-garros\/wp-json\/wp\/v2\/types\/page"}],"author":[{"embeddable":true,"href":"https:\/\/etab.ac-reunion.fr\/lyc-roland-garros\/wp-json\/wp\/v2\/users\/10850"}],"replies":[{"embeddable":true,"href":"https:\/\/etab.ac-reunion.fr\/lyc-roland-garros\/wp-json\/wp\/v2\/comments?post=566"}],"version-history":[{"count":17,"href":"https:\/\/etab.ac-reunion.fr\/lyc-roland-garros\/wp-json\/wp\/v2\/pages\/566\/revisions"}],"predecessor-version":[{"id":17603,"href":"https:\/\/etab.ac-reunion.fr\/lyc-roland-garros\/wp-json\/wp\/v2\/pages\/566\/revisions\/17603"}],"up":[{"embeddable":true,"href":"https:\/\/etab.ac-reunion.fr\/lyc-roland-garros\/wp-json\/wp\/v2\/pages\/13"}],"wp:attachment":[{"href":"https:\/\/etab.ac-reunion.fr\/lyc-roland-garros\/wp-json\/wp\/v2\/media?parent=566"}],"curies":[{"name":"wp","href":"https:\/\/api.w.org\/{rel}","templated":true}]}}