{"id":571,"date":"2016-03-07T21:12:04","date_gmt":"2016-03-07T17:12:04","guid":{"rendered":"http:\/\/lycee-roland-garros-tmp.ac-reunion.fr\/?page_id=571"},"modified":"2025-11-24T11:34:07","modified_gmt":"2025-11-24T07:34:07","slug":"esf","status":"publish","type":"page","link":"https:\/\/etab.ac-reunion.fr\/lyc-roland-garros\/formations\/bts\/esf\/","title":{"rendered":"ESF"},"content":{"rendered":"<p>BTS \u00c9conomie Sociale Familiale<\/p>\n<hr \/>\n<h2>Pr\u00e9sentation<\/h2>\n<p>Le ou la titulaire du BTS \u00c9conomie sociale familiale (ESF) est <strong>employ\u00e9(e) pour son<\/strong><br \/>\n<strong>expertise dans les domaines de la vie quotidienne<\/strong> :<\/p>\n<p><a href=\"https:\/\/etab.ac-reunion.fr\/lyc-roland-garros\/wp-content\/uploads\/sites\/142\/2023\/07\/BTS_ESF_2023_03.png\"><img loading=\"lazy\" decoding=\"async\" class=\"size-full wp-image-17499 aligncenter\" src=\"https:\/\/etab.ac-reunion.fr\/lyc-roland-garros\/wp-content\/uploads\/sites\/142\/2023\/07\/BTS_ESF_2023_03.png\" alt=\"\" width=\"645\" height=\"347\" srcset=\"https:\/\/etab.ac-reunion.fr\/lyc-roland-garros\/wp-content\/uploads\/sites\/142\/2023\/07\/BTS_ESF_2023_03.png 645w, https:\/\/etab.ac-reunion.fr\/lyc-roland-garros\/wp-content\/uploads\/sites\/142\/2023\/07\/BTS_ESF_2023_03-300x161.png 300w, https:\/\/etab.ac-reunion.fr\/lyc-roland-garros\/wp-content\/uploads\/sites\/142\/2023\/07\/BTS_ESF_2023_03-150x81.png 150w\" sizes=\"auto, (max-width: 645px) 100vw, 645px\" \/><\/a><\/p>\n<p>Il ou elle met ses comp\u00e9tences scientifiques, techniques, m\u00e9thodologiques au service de<br \/>\ndiff\u00e9rents publics concern\u00e9s :<\/p>\n<p><a href=\"https:\/\/etab.ac-reunion.fr\/lyc-roland-garros\/wp-content\/uploads\/sites\/142\/2023\/07\/BTS_ESF_2023_04.png\"><img loading=\"lazy\" decoding=\"async\" class=\"size-full wp-image-17500 aligncenter\" src=\"https:\/\/etab.ac-reunion.fr\/lyc-roland-garros\/wp-content\/uploads\/sites\/142\/2023\/07\/BTS_ESF_2023_04.png\" alt=\"\" width=\"594\" height=\"216\" srcset=\"https:\/\/etab.ac-reunion.fr\/lyc-roland-garros\/wp-content\/uploads\/sites\/142\/2023\/07\/BTS_ESF_2023_04.png 594w, https:\/\/etab.ac-reunion.fr\/lyc-roland-garros\/wp-content\/uploads\/sites\/142\/2023\/07\/BTS_ESF_2023_04-300x109.png 300w, https:\/\/etab.ac-reunion.fr\/lyc-roland-garros\/wp-content\/uploads\/sites\/142\/2023\/07\/BTS_ESF_2023_04-150x55.png 150w\" sizes=\"auto, (max-width: 594px) 100vw, 594px\" \/><\/a><\/p>\n<h2>Pour qui\u00a0?<\/h2>\n<p>Le BTS ESF est destin\u00e9 principalement \u00e0 des \u00e9l\u00e8ves issus de <strong>BAC PRO (ASSP, SPVL, Animation &#8230;)<\/strong> ou de <strong>BAC Techno (ST2S).<\/strong> D\u2019autres profils peuvent candidater.<\/p>\n<h2>Admission<\/h2>\n<p>L\u2019admission se fait par <a href=\"https:\/\/www.parcoursup.fr\/\" target=\"_blank\" rel=\"noopener\">Parcoursup<\/a> : lettre de motivation, r\u00e9sultats et appr\u00e9ciations du conseil de classe.<\/p>\n<h2>Organisation<\/h2>\n<p>La formation se r\u00e9partit en 5 modules.<\/p>\n<p><a href=\"https:\/\/etab.ac-reunion.fr\/lyc-roland-garros\/wp-content\/uploads\/sites\/142\/2023\/07\/BTS_ESF_2023_01.png\"><img loading=\"lazy\" decoding=\"async\" class=\"size-full wp-image-17497 aligncenter\" src=\"https:\/\/etab.ac-reunion.fr\/lyc-roland-garros\/wp-content\/uploads\/sites\/142\/2023\/07\/BTS_ESF_2023_01.png\" alt=\"\" width=\"708\" height=\"406\" srcset=\"https:\/\/etab.ac-reunion.fr\/lyc-roland-garros\/wp-content\/uploads\/sites\/142\/2023\/07\/BTS_ESF_2023_01.png 708w, https:\/\/etab.ac-reunion.fr\/lyc-roland-garros\/wp-content\/uploads\/sites\/142\/2023\/07\/BTS_ESF_2023_01-300x172.png 300w, https:\/\/etab.ac-reunion.fr\/lyc-roland-garros\/wp-content\/uploads\/sites\/142\/2023\/07\/BTS_ESF_2023_01-150x86.png 150w\" sizes=\"auto, (max-width: 708px) 100vw, 708px\" \/><\/a><\/p>\n<p><a href=\"https:\/\/etab.ac-reunion.fr\/lyc-roland-garros\/wp-content\/uploads\/sites\/142\/2023\/07\/BTS_ESF_2023_02.png\"><img loading=\"lazy\" decoding=\"async\" class=\"size-full wp-image-17498 aligncenter\" src=\"https:\/\/etab.ac-reunion.fr\/lyc-roland-garros\/wp-content\/uploads\/sites\/142\/2023\/07\/BTS_ESF_2023_02.png\" alt=\"\" width=\"709\" height=\"382\" srcset=\"https:\/\/etab.ac-reunion.fr\/lyc-roland-garros\/wp-content\/uploads\/sites\/142\/2023\/07\/BTS_ESF_2023_02.png 709w, https:\/\/etab.ac-reunion.fr\/lyc-roland-garros\/wp-content\/uploads\/sites\/142\/2023\/07\/BTS_ESF_2023_02-300x162.png 300w, https:\/\/etab.ac-reunion.fr\/lyc-roland-garros\/wp-content\/uploads\/sites\/142\/2023\/07\/BTS_ESF_2023_02-150x81.png 150w\" sizes=\"auto, (max-width: 709px) 100vw, 709px\" \/><\/a><\/p>\n<h2>D\u00e9bouch\u00e9s<\/h2>\n<p>Les <strong>emplois<\/strong> pour ces professionnels se situent dans diff\u00e9rentes structures publiques et priv\u00e9es, notamment :<\/p>\n<p><a href=\"https:\/\/etab.ac-reunion.fr\/lyc-roland-garros\/wp-content\/uploads\/sites\/142\/2023\/07\/BTS_ESF_2023_05.png\"><img loading=\"lazy\" decoding=\"async\" class=\"size-full wp-image-17501 aligncenter\" src=\"https:\/\/etab.ac-reunion.fr\/lyc-roland-garros\/wp-content\/uploads\/sites\/142\/2023\/07\/BTS_ESF_2023_05.png\" alt=\"\" width=\"673\" height=\"411\" srcset=\"https:\/\/etab.ac-reunion.fr\/lyc-roland-garros\/wp-content\/uploads\/sites\/142\/2023\/07\/BTS_ESF_2023_05.png 673w, https:\/\/etab.ac-reunion.fr\/lyc-roland-garros\/wp-content\/uploads\/sites\/142\/2023\/07\/BTS_ESF_2023_05-300x183.png 300w, https:\/\/etab.ac-reunion.fr\/lyc-roland-garros\/wp-content\/uploads\/sites\/142\/2023\/07\/BTS_ESF_2023_05-150x92.png 150w\" sizes=\"auto, (max-width: 673px) 100vw, 673px\" \/><\/a><\/p>\n<p>Les <strong>emplois sont d\u00e9nomm\u00e9s diff\u00e9remment selon les secteurs<\/strong>. \u00c0 titre d\u2019exemples, ces professionnels sont identifi\u00e9s actuellement sous les terminologies suivantes :<\/p>\n<p><a href=\"https:\/\/etab.ac-reunion.fr\/lyc-roland-garros\/wp-content\/uploads\/sites\/142\/2023\/07\/BTS_ESF_2023_07.png\"><img loading=\"lazy\" decoding=\"async\" class=\"size-full wp-image-17503 aligncenter\" src=\"https:\/\/etab.ac-reunion.fr\/lyc-roland-garros\/wp-content\/uploads\/sites\/142\/2023\/07\/BTS_ESF_2023_07.png\" alt=\"\" width=\"654\" height=\"381\" srcset=\"https:\/\/etab.ac-reunion.fr\/lyc-roland-garros\/wp-content\/uploads\/sites\/142\/2023\/07\/BTS_ESF_2023_07.png 654w, https:\/\/etab.ac-reunion.fr\/lyc-roland-garros\/wp-content\/uploads\/sites\/142\/2023\/07\/BTS_ESF_2023_07-300x175.png 300w, https:\/\/etab.ac-reunion.fr\/lyc-roland-garros\/wp-content\/uploads\/sites\/142\/2023\/07\/BTS_ESF_2023_07-150x87.png 150w\" sizes=\"auto, (max-width: 654px) 100vw, 654px\" \/><\/a><\/p>\n<p>Il ou elle assure diff\u00e9rentes fonctions :<\/p>\n<p><a href=\"https:\/\/etab.ac-reunion.fr\/lyc-roland-garros\/wp-content\/uploads\/sites\/142\/2023\/07\/BTS_ESF_2023_06.png\"><img loading=\"lazy\" decoding=\"async\" class=\"size-full wp-image-17502 aligncenter\" src=\"https:\/\/etab.ac-reunion.fr\/lyc-roland-garros\/wp-content\/uploads\/sites\/142\/2023\/07\/BTS_ESF_2023_06.png\" alt=\"\" width=\"677\" height=\"290\" srcset=\"https:\/\/etab.ac-reunion.fr\/lyc-roland-garros\/wp-content\/uploads\/sites\/142\/2023\/07\/BTS_ESF_2023_06.png 677w, https:\/\/etab.ac-reunion.fr\/lyc-roland-garros\/wp-content\/uploads\/sites\/142\/2023\/07\/BTS_ESF_2023_06-300x129.png 300w, https:\/\/etab.ac-reunion.fr\/lyc-roland-garros\/wp-content\/uploads\/sites\/142\/2023\/07\/BTS_ESF_2023_06-150x64.png 150w\" sizes=\"auto, (max-width: 677px) 100vw, 677px\" \/><\/a><\/p>\n<h2>Poursuites d&rsquo;\u00e9tudes<\/h2>\n<p>Les titulaires du BTS ESF peuvent avoir acc\u00e8s \u00e0 la formation vers le Dipl\u00f4me d\u2019\u00c9tat de Conseiller en \u00e9conomie sociale familiale, dipl\u00f4me de travail social de grade licence, et \u00e0 des licences professionnelles<br \/>\nparticuli\u00e8rement en \u00e9conomie sociale et solidaire (ex. gestion des organisations de l&rsquo;\u00e9conomie sociale et solidaire), en intervention sociale (ex. accompagnement de publics sp\u00e9cifiques, insertion et r\u00e9insertion sociale et professionnelle), ou \u00e0 orientation logement social (ex. montage et gestion du logement locatif social).<\/p>\n<p><a href=\"https:\/\/etab.ac-reunion.fr\/lyc-roland-garros\/wp-content\/uploads\/sites\/142\/2023\/07\/BTS_ESF_2023_08.png\"><img loading=\"lazy\" decoding=\"async\" class=\"size-full wp-image-17504 aligncenter\" src=\"https:\/\/etab.ac-reunion.fr\/lyc-roland-garros\/wp-content\/uploads\/sites\/142\/2023\/07\/BTS_ESF_2023_08.png\" alt=\"\" width=\"664\" height=\"239\" srcset=\"https:\/\/etab.ac-reunion.fr\/lyc-roland-garros\/wp-content\/uploads\/sites\/142\/2023\/07\/BTS_ESF_2023_08.png 664w, https:\/\/etab.ac-reunion.fr\/lyc-roland-garros\/wp-content\/uploads\/sites\/142\/2023\/07\/BTS_ESF_2023_08-300x108.png 300w, https:\/\/etab.ac-reunion.fr\/lyc-roland-garros\/wp-content\/uploads\/sites\/142\/2023\/07\/BTS_ESF_2023_08-150x54.png 150w\" sizes=\"auto, (max-width: 664px) 100vw, 664px\" \/><\/a><\/p>\n<h2>Liens<\/h2>\n<p><a href=\"https:\/\/etab.ac-reunion.fr\/lyc-roland-garros\/formations\/bts\/esf\/bts-esf-temoignages-danciens-etudiants\/\">T\u00e9moignages d\u2019anciens \u00e9tudiants<\/a><\/p>\n<p><a href=\"https:\/\/etab.ac-reunion.fr\/lyc-roland-garros\/le-bts-esf-en-images\/\">Le BTS ESF en images<\/a><\/p>\n<hr \/>\n<h2 style=\"text-align: center\">Derniers articles<\/h2>\n","protected":false},"excerpt":{"rendered":"<p>BTS \u00c9conomie Sociale Familiale Pr\u00e9sentation Le ou la titulaire du BTS \u00c9conomie sociale familiale (ESF) est employ\u00e9(e) pour son expertise dans les domaines de la vie quotidienne : Il ou elle met ses comp\u00e9tences scientifiques, techniques, m\u00e9thodologiques au service de diff\u00e9rents publics concern\u00e9s : Pour qui\u00a0? Le BTS ESF est&#8230;<\/p>\n<p> <a class=\"continue-reading-link\" href=\"https:\/\/etab.ac-reunion.fr\/lyc-roland-garros\/formations\/bts\/esf\/\"><span>Lire plus<\/span><i class=\"crycon-right-dir\"><\/i><\/a> <\/p>\n","protected":false},"author":10850,"featured_media":0,"parent":13,"menu_order":0,"comment_status":"closed","ping_status":"closed","template":"templates\/template-page-with-intro.php","meta":{"footnotes":"","_links_to":"","_links_to_target":""},"class_list":["post-571","page","type-page","status-publish","hentry"],"_links":{"self":[{"href":"https:\/\/etab.ac-reunion.fr\/lyc-roland-garros\/wp-json\/wp\/v2\/pages\/571","targetHints":{"allow":["GET"]}}],"collection":[{"href":"https:\/\/etab.ac-reunion.fr\/lyc-roland-garros\/wp-json\/wp\/v2\/pages"}],"about":[{"href":"https:\/\/etab.ac-reunion.fr\/lyc-roland-garros\/wp-json\/wp\/v2\/types\/page"}],"author":[{"embeddable":true,"href":"https:\/\/etab.ac-reunion.fr\/lyc-roland-garros\/wp-json\/wp\/v2\/users\/10850"}],"replies":[{"embeddable":true,"href":"https:\/\/etab.ac-reunion.fr\/lyc-roland-garros\/wp-json\/wp\/v2\/comments?post=571"}],"version-history":[{"count":24,"href":"https:\/\/etab.ac-reunion.fr\/lyc-roland-garros\/wp-json\/wp\/v2\/pages\/571\/revisions"}],"predecessor-version":[{"id":20238,"href":"https:\/\/etab.ac-reunion.fr\/lyc-roland-garros\/wp-json\/wp\/v2\/pages\/571\/revisions\/20238"}],"up":[{"embeddable":true,"href":"https:\/\/etab.ac-reunion.fr\/lyc-roland-garros\/wp-json\/wp\/v2\/pages\/13"}],"wp:attachment":[{"href":"https:\/\/etab.ac-reunion.fr\/lyc-roland-garros\/wp-json\/wp\/v2\/media?parent=571"}],"curies":[{"name":"wp","href":"https:\/\/api.w.org\/{rel}","templated":true}]}}