{"id":573,"date":"2016-03-07T21:12:42","date_gmt":"2016-03-07T17:12:42","guid":{"rendered":"http:\/\/lycee-roland-garros-tmp.ac-reunion.fr\/?page_id=573"},"modified":"2025-04-24T08:55:17","modified_gmt":"2025-04-24T04:55:17","slug":"sn","status":"publish","type":"page","link":"https:\/\/etab.ac-reunion.fr\/lyc-roland-garros\/formations\/bts\/sn\/","title":{"rendered":"CIEL"},"content":{"rendered":"<p><img loading=\"lazy\" decoding=\"async\" class=\"alignnone size-full wp-image-19627\" src=\"https:\/\/etab.ac-reunion.fr\/lyc-roland-garros\/wp-content\/uploads\/sites\/142\/2025\/04\/affiche-revosima-1.png\" alt=\"\" width=\"2339\" height=\"1654\" srcset=\"https:\/\/etab.ac-reunion.fr\/lyc-roland-garros\/wp-content\/uploads\/sites\/142\/2025\/04\/affiche-revosima-1.png 2339w, https:\/\/etab.ac-reunion.fr\/lyc-roland-garros\/wp-content\/uploads\/sites\/142\/2025\/04\/affiche-revosima-1-300x212.png 300w, https:\/\/etab.ac-reunion.fr\/lyc-roland-garros\/wp-content\/uploads\/sites\/142\/2025\/04\/affiche-revosima-1-800x566.png 800w, https:\/\/etab.ac-reunion.fr\/lyc-roland-garros\/wp-content\/uploads\/sites\/142\/2025\/04\/affiche-revosima-1-1536x1086.png 1536w, https:\/\/etab.ac-reunion.fr\/lyc-roland-garros\/wp-content\/uploads\/sites\/142\/2025\/04\/affiche-revosima-1-2048x1448.png 2048w, https:\/\/etab.ac-reunion.fr\/lyc-roland-garros\/wp-content\/uploads\/sites\/142\/2025\/04\/affiche-revosima-1-150x106.png 150w\" sizes=\"auto, (max-width: 2339px) 100vw, 2339px\" \/><\/p>\n<p><span style=\"font-size: small\"><i><u>Site de pr\u00e9sentation :<\/u><\/i><br \/>\n<\/span><a href=\"https:\/\/btsciel.re\/\">https:\/\/btsciel.re\/<\/a><\/p>\n<p><b>Le lyc\u00e9e Roland Garros vous propose les 2 options :<\/b><\/p>\n<p><span style=\"font-family: Calibri\"><span style=\"font-size: large\"><br \/>\n<b>BTS CIEL Option A : informatique et r\u00e9seaux (BTS CIEL IR)<\/b><\/span><\/span><\/p>\n<p>&nbsp;<\/p>\n<p><b>BTS CIEL Option B : <\/b><b>\u00e9lectronique et r\u00e9seaux (BTS CIEL ER)<\/b><\/p>\n<p>&nbsp;<\/p>\n<div class=\"moz-signature\">&#8212;<\/div>\n<p>&nbsp;<\/p>\n<hr \/>\n<p><iframe loading=\"lazy\" title=\"BTS Syst\u00e8mes Num\u00e9riques - Lyc\u00e9e Roland Garros\" width=\"900\" height=\"506\" src=\"https:\/\/www.youtube.com\/embed\/6QAldt8uL9I?feature=oembed\" frameborder=\"0\" allow=\"accelerometer; autoplay; clipboard-write; encrypted-media; gyroscope; picture-in-picture; web-share\" allowfullscreen><\/iframe><\/p>\n<h2 style=\"text-align: center\"><\/h2>\n","protected":false},"excerpt":{"rendered":"<p>Site de pr\u00e9sentation : https:\/\/btsciel.re\/ Le lyc\u00e9e Roland Garros vous propose les 2 options : BTS CIEL Option A : informatique et r\u00e9seaux (BTS CIEL IR) &nbsp; BTS CIEL Option B : \u00e9lectronique et r\u00e9seaux (BTS CIEL ER) &nbsp; &#8212; &nbsp;<\/p>\n<p> <a class=\"continue-reading-link\" href=\"https:\/\/etab.ac-reunion.fr\/lyc-roland-garros\/formations\/bts\/sn\/\"><span>Lire plus<\/span><i class=\"crycon-right-dir\"><\/i><\/a> <\/p>\n","protected":false},"author":10850,"featured_media":0,"parent":13,"menu_order":0,"comment_status":"closed","ping_status":"closed","template":"templates\/template-page-with-intro.php","meta":{"footnotes":"","_links_to":"","_links_to_target":""},"class_list":["post-573","page","type-page","status-publish","hentry"],"_links":{"self":[{"href":"https:\/\/etab.ac-reunion.fr\/lyc-roland-garros\/wp-json\/wp\/v2\/pages\/573","targetHints":{"allow":["GET"]}}],"collection":[{"href":"https:\/\/etab.ac-reunion.fr\/lyc-roland-garros\/wp-json\/wp\/v2\/pages"}],"about":[{"href":"https:\/\/etab.ac-reunion.fr\/lyc-roland-garros\/wp-json\/wp\/v2\/types\/page"}],"author":[{"embeddable":true,"href":"https:\/\/etab.ac-reunion.fr\/lyc-roland-garros\/wp-json\/wp\/v2\/users\/10850"}],"replies":[{"embeddable":true,"href":"https:\/\/etab.ac-reunion.fr\/lyc-roland-garros\/wp-json\/wp\/v2\/comments?post=573"}],"version-history":[{"count":16,"href":"https:\/\/etab.ac-reunion.fr\/lyc-roland-garros\/wp-json\/wp\/v2\/pages\/573\/revisions"}],"predecessor-version":[{"id":19629,"href":"https:\/\/etab.ac-reunion.fr\/lyc-roland-garros\/wp-json\/wp\/v2\/pages\/573\/revisions\/19629"}],"up":[{"embeddable":true,"href":"https:\/\/etab.ac-reunion.fr\/lyc-roland-garros\/wp-json\/wp\/v2\/pages\/13"}],"wp:attachment":[{"href":"https:\/\/etab.ac-reunion.fr\/lyc-roland-garros\/wp-json\/wp\/v2\/media?parent=573"}],"curies":[{"name":"wp","href":"https:\/\/api.w.org\/{rel}","templated":true}]}}