{"id":582,"date":"2016-03-07T21:22:01","date_gmt":"2016-03-07T17:22:01","guid":{"rendered":"http:\/\/lycee-roland-garros-tmp.ac-reunion.fr\/?page_id=582"},"modified":"2016-03-13T19:01:05","modified_gmt":"2016-03-13T15:01:05","slug":"accompagnateur-mediateur","status":"publish","type":"page","link":"https:\/\/etab.ac-reunion.fr\/lyc-roland-garros\/formations\/mlds\/accompagnateur-mediateur\/","title":{"rendered":"Accompagnateur &#8211; M\u00e9diateur"},"content":{"rendered":"<h4>Action d\u2019Accompagnement et de M\u00e9diation<\/h4>\n<hr \/>\n<p>Cette action est assur\u00e9e par un Accompagnateur M\u00e9diateur et vise \u00e0 pr\u00e9venir les ruptures scolaires des \u00e9l\u00e8ves en voie de d\u00e9scolarisation.<\/p>\n","protected":false},"excerpt":{"rendered":"<p>Action d\u2019Accompagnement et de M\u00e9diation Cette action est assur\u00e9e par un Accompagnateur M\u00e9diateur et vise \u00e0 pr\u00e9venir les ruptures scolaires des \u00e9l\u00e8ves en voie de d\u00e9scolarisation.<\/p>\n<p> <a class=\"continue-reading-link\" href=\"https:\/\/etab.ac-reunion.fr\/lyc-roland-garros\/formations\/mlds\/accompagnateur-mediateur\/\"><span>Lire plus<\/span><i class=\"crycon-right-dir\"><\/i><\/a> <\/p>\n","protected":false},"author":10850,"featured_media":0,"parent":502,"menu_order":0,"comment_status":"closed","ping_status":"closed","template":"templates\/template-page-with-intro.php","meta":{"footnotes":"","_links_to":"","_links_to_target":""},"class_list":["post-582","page","type-page","status-publish","hentry"],"_links":{"self":[{"href":"https:\/\/etab.ac-reunion.fr\/lyc-roland-garros\/wp-json\/wp\/v2\/pages\/582","targetHints":{"allow":["GET"]}}],"collection":[{"href":"https:\/\/etab.ac-reunion.fr\/lyc-roland-garros\/wp-json\/wp\/v2\/pages"}],"about":[{"href":"https:\/\/etab.ac-reunion.fr\/lyc-roland-garros\/wp-json\/wp\/v2\/types\/page"}],"author":[{"embeddable":true,"href":"https:\/\/etab.ac-reunion.fr\/lyc-roland-garros\/wp-json\/wp\/v2\/users\/10850"}],"replies":[{"embeddable":true,"href":"https:\/\/etab.ac-reunion.fr\/lyc-roland-garros\/wp-json\/wp\/v2\/comments?post=582"}],"version-history":[{"count":5,"href":"https:\/\/etab.ac-reunion.fr\/lyc-roland-garros\/wp-json\/wp\/v2\/pages\/582\/revisions"}],"predecessor-version":[{"id":1020,"href":"https:\/\/etab.ac-reunion.fr\/lyc-roland-garros\/wp-json\/wp\/v2\/pages\/582\/revisions\/1020"}],"up":[{"embeddable":true,"href":"https:\/\/etab.ac-reunion.fr\/lyc-roland-garros\/wp-json\/wp\/v2\/pages\/502"}],"wp:attachment":[{"href":"https:\/\/etab.ac-reunion.fr\/lyc-roland-garros\/wp-json\/wp\/v2\/media?parent=582"}],"curies":[{"name":"wp","href":"https:\/\/api.w.org\/{rel}","templated":true}]}}