{"id":586,"date":"2016-03-07T21:23:06","date_gmt":"2016-03-07T17:23:06","guid":{"rendered":"http:\/\/lycee-roland-garros-tmp.ac-reunion.fr\/?page_id=586"},"modified":"2016-03-13T18:59:19","modified_gmt":"2016-03-13T14:59:19","slug":"prepa-foquale","status":"publish","type":"page","link":"https:\/\/etab.ac-reunion.fr\/lyc-roland-garros\/formations\/mlds\/prepa-foquale\/","title":{"rendered":"Pr\u00e9pa-FoQualE"},"content":{"rendered":"<h4>Formation Qualification Emploi<\/h4>\n<hr \/>\n<p>Le dispositif \u00e0 entr\u00e9e et sortie permanente vise \u00e0 l\u2019accueil et \u00e0 la remotivation des jeunes sortis sans qualification pour l\u2019entr\u00e9e dans un parcours d\u2019insertion. Il doit leur permettre de d\u00e9finir un projet et de renforcer les comp\u00e9tences cl\u00e9s permettant l\u2019acc\u00e8s \u00e0 leur formation qualifiante.<\/p>\n","protected":false},"excerpt":{"rendered":"<p>Formation Qualification Emploi Le dispositif \u00e0 entr\u00e9e et sortie permanente vise \u00e0 l\u2019accueil et \u00e0 la remotivation des jeunes sortis sans qualification pour l\u2019entr\u00e9e dans un parcours d\u2019insertion. Il doit leur permettre de d\u00e9finir un projet et de renforcer les comp\u00e9tences cl\u00e9s permettant l\u2019acc\u00e8s \u00e0 leur formation qualifiante.<\/p>\n<p> <a class=\"continue-reading-link\" href=\"https:\/\/etab.ac-reunion.fr\/lyc-roland-garros\/formations\/mlds\/prepa-foquale\/\"><span>Lire plus<\/span><i class=\"crycon-right-dir\"><\/i><\/a> <\/p>\n","protected":false},"author":10850,"featured_media":0,"parent":502,"menu_order":0,"comment_status":"closed","ping_status":"closed","template":"templates\/template-page-with-intro.php","meta":{"footnotes":"","_links_to":"","_links_to_target":""},"class_list":["post-586","page","type-page","status-publish","hentry"],"_links":{"self":[{"href":"https:\/\/etab.ac-reunion.fr\/lyc-roland-garros\/wp-json\/wp\/v2\/pages\/586","targetHints":{"allow":["GET"]}}],"collection":[{"href":"https:\/\/etab.ac-reunion.fr\/lyc-roland-garros\/wp-json\/wp\/v2\/pages"}],"about":[{"href":"https:\/\/etab.ac-reunion.fr\/lyc-roland-garros\/wp-json\/wp\/v2\/types\/page"}],"author":[{"embeddable":true,"href":"https:\/\/etab.ac-reunion.fr\/lyc-roland-garros\/wp-json\/wp\/v2\/users\/10850"}],"replies":[{"embeddable":true,"href":"https:\/\/etab.ac-reunion.fr\/lyc-roland-garros\/wp-json\/wp\/v2\/comments?post=586"}],"version-history":[{"count":7,"href":"https:\/\/etab.ac-reunion.fr\/lyc-roland-garros\/wp-json\/wp\/v2\/pages\/586\/revisions"}],"predecessor-version":[{"id":1016,"href":"https:\/\/etab.ac-reunion.fr\/lyc-roland-garros\/wp-json\/wp\/v2\/pages\/586\/revisions\/1016"}],"up":[{"embeddable":true,"href":"https:\/\/etab.ac-reunion.fr\/lyc-roland-garros\/wp-json\/wp\/v2\/pages\/502"}],"wp:attachment":[{"href":"https:\/\/etab.ac-reunion.fr\/lyc-roland-garros\/wp-json\/wp\/v2\/media?parent=586"}],"curies":[{"name":"wp","href":"https:\/\/api.w.org\/{rel}","templated":true}]}}