{"id":7,"date":"2016-02-09T11:46:22","date_gmt":"2016-02-09T07:46:22","guid":{"rendered":"http:\/\/lycee-roland-garros-tmp.ac-reunion.fr\/?page_id=7"},"modified":"2025-12-12T11:41:41","modified_gmt":"2025-12-12T07:41:41","slug":"formations","status":"publish","type":"page","link":"https:\/\/etab.ac-reunion.fr\/lyc-roland-garros\/formations\/","title":{"rendered":"Formations"},"content":{"rendered":"<p><a href=\"https:\/\/etab.ac-reunion.fr\/lyc-roland-garros\/formations\/journee-portes-ouvertes-fevrier-2026\/\">Tous savoir sur les Journ\u00e9es Portes Ouvertes du Lyc\u00e9e Roland Garros F\u00e9vrier 2026.\u00a0<\/a><\/p>\n<p><a href=\"https:\/\/etab.ac-reunion.fr\/lyc-roland-garros\/formations\/seconde-gt\/\">SECONDE G\u00c9R\u00c9NALE ET TECHNOLOGIQUE.\u00a0<\/a><\/p>\n<p><a href=\"https:\/\/etab.ac-reunion.fr\/lyc-roland-garros\/formations\/bac-general\/\">BAC G\u00c9N\u00c9RAL.<\/a><\/p>\n<p><a href=\"https:\/\/etab.ac-reunion.fr\/lyc-roland-garros\/formations\/bac-technologique\/\">BAC TECHNOLOGIQUE.<\/a><\/p>\n<p><a href=\"https:\/\/etab.ac-reunion.fr\/lyc-roland-garros\/post-bac\/\">POST BAC.<\/a><\/p>\n<p><a href=\"https:\/\/etab.ac-reunion.fr\/lyc-roland-garros\/formations\/professionnel\/\">FORMATIONS PROFESSIONNELLES.<\/a><\/p>\n<p><a href=\"https:\/\/etab.ac-reunion.fr\/lyc-roland-garros\/formations\/mlds\/\">MISSION DE LUTTE CONTRE LE D\u00c9CROCHAGE SCOLAIRE.\u00a0<\/a><\/p>\n<p>&nbsp;<\/p>\n<p>&nbsp;<\/p>\n","protected":false},"excerpt":{"rendered":"<p>Tous savoir sur les Journ\u00e9es Portes Ouvertes du Lyc\u00e9e Roland Garros F\u00e9vrier 2026.\u00a0 SECONDE G\u00c9R\u00c9NALE ET TECHNOLOGIQUE.\u00a0 BAC G\u00c9N\u00c9RAL. BAC TECHNOLOGIQUE. POST BAC. FORMATIONS PROFESSIONNELLES. MISSION DE LUTTE CONTRE LE D\u00c9CROCHAGE SCOLAIRE.\u00a0 &nbsp; &nbsp;<\/p>\n<p> <a class=\"continue-reading-link\" href=\"https:\/\/etab.ac-reunion.fr\/lyc-roland-garros\/formations\/\"><span>Lire plus<\/span><i class=\"crycon-right-dir\"><\/i><\/a> <\/p>\n","protected":false},"author":10850,"featured_media":0,"parent":0,"menu_order":2,"comment_status":"closed","ping_status":"closed","template":"","meta":{"footnotes":"","_links_to":"","_links_to_target":""},"class_list":["post-7","page","type-page","status-publish","hentry"],"_links":{"self":[{"href":"https:\/\/etab.ac-reunion.fr\/lyc-roland-garros\/wp-json\/wp\/v2\/pages\/7","targetHints":{"allow":["GET"]}}],"collection":[{"href":"https:\/\/etab.ac-reunion.fr\/lyc-roland-garros\/wp-json\/wp\/v2\/pages"}],"about":[{"href":"https:\/\/etab.ac-reunion.fr\/lyc-roland-garros\/wp-json\/wp\/v2\/types\/page"}],"author":[{"embeddable":true,"href":"https:\/\/etab.ac-reunion.fr\/lyc-roland-garros\/wp-json\/wp\/v2\/users\/10850"}],"replies":[{"embeddable":true,"href":"https:\/\/etab.ac-reunion.fr\/lyc-roland-garros\/wp-json\/wp\/v2\/comments?post=7"}],"version-history":[{"count":8,"href":"https:\/\/etab.ac-reunion.fr\/lyc-roland-garros\/wp-json\/wp\/v2\/pages\/7\/revisions"}],"predecessor-version":[{"id":20433,"href":"https:\/\/etab.ac-reunion.fr\/lyc-roland-garros\/wp-json\/wp\/v2\/pages\/7\/revisions\/20433"}],"wp:attachment":[{"href":"https:\/\/etab.ac-reunion.fr\/lyc-roland-garros\/wp-json\/wp\/v2\/media?parent=7"}],"curies":[{"name":"wp","href":"https:\/\/api.w.org\/{rel}","templated":true}]}}