{"id":744,"date":"2016-03-10T09:14:13","date_gmt":"2016-03-10T05:14:13","guid":{"rendered":"http:\/\/lycee-roland-garros-tmp.ac-reunion.fr\/?page_id=744"},"modified":"2025-11-20T14:59:37","modified_gmt":"2025-11-20T10:59:37","slug":"mentions-legales","status":"publish","type":"page","link":"https:\/\/etab.ac-reunion.fr\/lyc-roland-garros\/mentions-legales\/","title":{"rendered":"Mentions l\u00e9gales"},"content":{"rendered":"<blockquote>\n<h2><span style=\"font-family: 'Source Sans Pro';font-size: 17px\">Ce site n&rsquo;est pas actuellement pas conforme au RGAA ; sa mise en conformit\u00e9 est envisag\u00e9e<\/span><\/h2>\n<\/blockquote>\n<h2>\u00c9diteur<\/h2>\n<p>Lyc\u00e9e Roland Garros (lyc\u00e9e public d\u2019enseignement g\u00e9n\u00e9ral et technologique)<\/p>\n<p>Acad\u00e9mie de la R\u00e9union.<\/p>\n<p>CS 11008 &#8211; 97831 Le Tampon Cedex<\/p>\n<p>T\u00e9l\u00e9phone : 0262 57 81 00<\/p>\n<h2>Directeur de la publication<\/h2>\n<p>Pascal MAILLOU &#8211; Proviseur<\/p>\n<p>&nbsp;<\/p>\n<p><a href=\"https:\/\/www.francenum.gouv.fr\/guides-et-conseils\/developpement-commercial\/site-web\/quelles-sont-les-mentions-legales-pour-un-site\">Quelles sont les mentions l\u00e9gales des sites internet \u00e9tablissement ?<\/a><\/p>\n<blockquote class=\"wp-embedded-content\" data-secret=\"GxTjEErN77\"><p><a href=\"https:\/\/etab.ac-reunion.fr\/page-mentions-legales\/\">Page Mentions l\u00e9gales<\/a><\/p><\/blockquote>\n<p><iframe loading=\"lazy\" class=\"wp-embedded-content\" sandbox=\"allow-scripts\" security=\"restricted\" style=\"position: absolute; visibility: hidden;\" title=\"\u00ab\u00a0Page Mentions l\u00e9gales\u00a0\u00bb &#8212; R\u00e9seau de sites des \u00e9tablissements scolaires de La R\u00e9union\" src=\"https:\/\/etab.ac-reunion.fr\/page-mentions-legales\/embed\/#?secret=Hb6yjz7DM6#?secret=GxTjEErN77\" data-secret=\"GxTjEErN77\" width=\"600\" height=\"338\" frameborder=\"0\" marginwidth=\"0\" marginheight=\"0\" scrolling=\"no\"><\/iframe><\/p>\n<p>&nbsp;<\/p>\n","protected":false},"excerpt":{"rendered":"<p>Ce site n&rsquo;est pas actuellement pas conforme au RGAA ; sa mise en conformit\u00e9 est envisag\u00e9e \u00c9diteur Lyc\u00e9e Roland Garros (lyc\u00e9e public d\u2019enseignement g\u00e9n\u00e9ral et technologique) Acad\u00e9mie de la R\u00e9union. CS 11008 &#8211; 97831 Le Tampon Cedex T\u00e9l\u00e9phone : 0262 57 81 00 Directeur de la publication Pascal MAILLOU &#8211;&#8230;<\/p>\n<p> <a class=\"continue-reading-link\" href=\"https:\/\/etab.ac-reunion.fr\/lyc-roland-garros\/mentions-legales\/\"><span>Lire plus<\/span><i class=\"crycon-right-dir\"><\/i><\/a> <\/p>\n","protected":false},"author":10850,"featured_media":0,"parent":0,"menu_order":100,"comment_status":"closed","ping_status":"closed","template":"templates\/template-onecolumn.php","meta":{"footnotes":"","_links_to":"","_links_to_target":""},"class_list":["post-744","page","type-page","status-publish","hentry"],"_links":{"self":[{"href":"https:\/\/etab.ac-reunion.fr\/lyc-roland-garros\/wp-json\/wp\/v2\/pages\/744","targetHints":{"allow":["GET"]}}],"collection":[{"href":"https:\/\/etab.ac-reunion.fr\/lyc-roland-garros\/wp-json\/wp\/v2\/pages"}],"about":[{"href":"https:\/\/etab.ac-reunion.fr\/lyc-roland-garros\/wp-json\/wp\/v2\/types\/page"}],"author":[{"embeddable":true,"href":"https:\/\/etab.ac-reunion.fr\/lyc-roland-garros\/wp-json\/wp\/v2\/users\/10850"}],"replies":[{"embeddable":true,"href":"https:\/\/etab.ac-reunion.fr\/lyc-roland-garros\/wp-json\/wp\/v2\/comments?post=744"}],"version-history":[{"count":25,"href":"https:\/\/etab.ac-reunion.fr\/lyc-roland-garros\/wp-json\/wp\/v2\/pages\/744\/revisions"}],"predecessor-version":[{"id":20211,"href":"https:\/\/etab.ac-reunion.fr\/lyc-roland-garros\/wp-json\/wp\/v2\/pages\/744\/revisions\/20211"}],"wp:attachment":[{"href":"https:\/\/etab.ac-reunion.fr\/lyc-roland-garros\/wp-json\/wp\/v2\/media?parent=744"}],"curies":[{"name":"wp","href":"https:\/\/api.w.org\/{rel}","templated":true}]}}