{"id":8275,"date":"2018-05-27T19:57:38","date_gmt":"2018-05-27T15:57:38","guid":{"rendered":"http:\/\/lycee-roland-garros.ac-reunion.fr\/?page_id=8275"},"modified":"2023-07-08T09:45:54","modified_gmt":"2023-07-08T05:45:54","slug":"chorale","status":"publish","type":"page","link":"https:\/\/etab.ac-reunion.fr\/lyc-roland-garros\/vie-au-lycee\/chorale\/","title":{"rendered":"Chorale"},"content":{"rendered":"<p>Responsable : M. ALLETTO<\/p>\n<p>A raison d&rsquo;une heure par semaine, la chorale ouverte \u00e0 tous les \u00e9l\u00e8ves du lyc\u00e9e, propose l&rsquo;apprentissage de chants en polyphonie. Les r\u00e9p\u00e9titions donnent lieu \u00e0 des repr\u00e9sentations en fin d&rsquo;ann\u00e9e : concerts avec orchestre et s\u00e9ances d&rsquo;enregistrements.<\/p>\n<hr \/>\n<h2 style=\"text-align: center\">Derniers articles<\/h2>\n","protected":false},"excerpt":{"rendered":"<p>Responsable : M. ALLETTO A raison d&rsquo;une heure par semaine, la chorale ouverte \u00e0 tous les \u00e9l\u00e8ves du lyc\u00e9e, propose l&rsquo;apprentissage de chants en polyphonie. Les r\u00e9p\u00e9titions donnent lieu \u00e0 des repr\u00e9sentations en fin d&rsquo;ann\u00e9e : concerts avec orchestre et s\u00e9ances d&rsquo;enregistrements. Derniers articles<\/p>\n<p> <a class=\"continue-reading-link\" href=\"https:\/\/etab.ac-reunion.fr\/lyc-roland-garros\/vie-au-lycee\/chorale\/\"><span>Lire plus<\/span><i class=\"crycon-right-dir\"><\/i><\/a> <\/p>\n","protected":false},"author":10850,"featured_media":0,"parent":21,"menu_order":0,"comment_status":"closed","ping_status":"closed","template":"templates\/template-page-with-intro.php","meta":{"footnotes":"","_links_to":"","_links_to_target":""},"class_list":["post-8275","page","type-page","status-publish","hentry"],"_links":{"self":[{"href":"https:\/\/etab.ac-reunion.fr\/lyc-roland-garros\/wp-json\/wp\/v2\/pages\/8275","targetHints":{"allow":["GET"]}}],"collection":[{"href":"https:\/\/etab.ac-reunion.fr\/lyc-roland-garros\/wp-json\/wp\/v2\/pages"}],"about":[{"href":"https:\/\/etab.ac-reunion.fr\/lyc-roland-garros\/wp-json\/wp\/v2\/types\/page"}],"author":[{"embeddable":true,"href":"https:\/\/etab.ac-reunion.fr\/lyc-roland-garros\/wp-json\/wp\/v2\/users\/10850"}],"replies":[{"embeddable":true,"href":"https:\/\/etab.ac-reunion.fr\/lyc-roland-garros\/wp-json\/wp\/v2\/comments?post=8275"}],"version-history":[{"count":6,"href":"https:\/\/etab.ac-reunion.fr\/lyc-roland-garros\/wp-json\/wp\/v2\/pages\/8275\/revisions"}],"predecessor-version":[{"id":17620,"href":"https:\/\/etab.ac-reunion.fr\/lyc-roland-garros\/wp-json\/wp\/v2\/pages\/8275\/revisions\/17620"}],"up":[{"embeddable":true,"href":"https:\/\/etab.ac-reunion.fr\/lyc-roland-garros\/wp-json\/wp\/v2\/pages\/21"}],"wp:attachment":[{"href":"https:\/\/etab.ac-reunion.fr\/lyc-roland-garros\/wp-json\/wp\/v2\/media?parent=8275"}],"curies":[{"name":"wp","href":"https:\/\/api.w.org\/{rel}","templated":true}]}}