{"id":1983,"date":"2016-03-30T09:50:14","date_gmt":"2016-03-30T05:50:14","guid":{"rendered":"http:\/\/lycee-rontaunay.ac-reunion.fr\/?page_id=1983"},"modified":"2016-03-30T09:50:14","modified_gmt":"2016-03-30T05:50:14","slug":"referentiel-bts-ag-pme-pmi","status":"publish","type":"page","link":"https:\/\/etab.ac-reunion.fr\/lyc-rontaunay\/referentiel-bts-ag-pme-pmi\/","title":{"rendered":"R\u00e9f\u00e9rentiel BTS AG PME-PMI"},"content":{"rendered":"<p><a href=\"https:\/\/etab.ac-reunion.fr\/lyc-rontaunay\/wp-content\/uploads\/sites\/34\/2016\/03\/Savoirs-associ\u00e9s-au-r\u00e9f\u00e9rentiel-commun.pdf\" rel=\"\">Savoirs associ\u00e9s au r\u00e9f\u00e9rentiel commun<\/a> <a href=\"https:\/\/etab.ac-reunion.fr\/lyc-rontaunay\/wp-content\/uploads\/sites\/34\/2016\/03\/R\u00e9f\u00e9rentiel-commun-des-activit\u00e9s.pdf\" rel=\"\">R\u00e9f\u00e9rentiel commun des activit\u00e9s<\/a> <a href=\"https:\/\/etab.ac-reunion.fr\/lyc-rontaunay\/wp-content\/uploads\/sites\/34\/2016\/03\/R\u00e9f\u00e9rentiel-activit\u00e9s-professionnelles-BTS-PME-PMI.pdf\" rel=\"\">R\u00e9f\u00e9rentiel activit\u00e9s professionnelles BTS PME PMI<\/a> <a href=\"https:\/\/etab.ac-reunion.fr\/lyc-rontaunay\/wp-content\/uploads\/sites\/34\/2016\/03\/Annexe-6-Tableau-de-correspondance.pdf\" rel=\"\">Annexe 6 Tableau de correspondance<\/a> <a href=\"https:\/\/etab.ac-reunion.fr\/lyc-rontaunay\/wp-content\/uploads\/sites\/34\/2016\/03\/Annexe-5-D\u00e9finition-des-\u00e9preuves.pdf\" rel=\"\">Annexe 5 D\u00e9finition des \u00e9preuves<\/a> <a href=\"https:\/\/etab.ac-reunion.fr\/lyc-rontaunay\/wp-content\/uploads\/sites\/34\/2016\/03\/Annexe-4-R\u00e8glement-dexamen.pdf\" rel=\"\">Annexe 4 R\u00e8glement d&rsquo;examen<\/a> <a href=\"https:\/\/etab.ac-reunion.fr\/lyc-rontaunay\/wp-content\/uploads\/sites\/34\/2016\/03\/Annexe-3-Grille-horaire.pdf\" rel=\"\">Annexe 3 Grille horaire<\/a> <a href=\"https:\/\/etab.ac-reunion.fr\/lyc-rontaunay\/wp-content\/uploads\/sites\/34\/2016\/03\/Annexe-2-Stage-en-milieu-professionnel.pdf\" rel=\"\">Annexe 2 Stage en milieu professionnel<\/a><a href=\"https:\/\/etab.ac-reunion.fr\/lyc-rontaunay\/international\" target=\"_blank\">R\u00e9f\u00e9rentiel BTS AG PME-PMI<\/a><\/p>\n<!-- AddThis Advanced Settings generic via filter on the_content --><!-- AddThis Share Buttons generic via filter on the_content -->","protected":false},"excerpt":{"rendered":"<p>Savoirs associ\u00e9s au r\u00e9f\u00e9rentiel commun R\u00e9f\u00e9rentiel commun des activit\u00e9s R\u00e9f\u00e9rentiel activit\u00e9s professionnelles BTS PME PMI Annexe 6 Tableau de correspondance Annexe 5 D\u00e9finition des \u00e9preuves Annexe 4 R\u00e8glement d&rsquo;examen Annexe [&hellip;]<!-- AddThis Advanced Settings generic via filter on get_the_excerpt --><!-- AddThis Share Buttons generic via filter on get_the_excerpt --><\/p>\n","protected":false},"author":4438,"featured_media":0,"parent":0,"menu_order":0,"comment_status":"closed","ping_status":"closed","template":"","meta":{"_et_pb_use_builder":"","_et_pb_old_content":"","_et_gb_content_width":"","footnotes":"","_links_to":"","_links_to_target":""},"class_list":["post-1983","page","type-page","status-publish","hentry"],"_links":{"self":[{"href":"https:\/\/etab.ac-reunion.fr\/lyc-rontaunay\/wp-json\/wp\/v2\/pages\/1983","targetHints":{"allow":["GET"]}}],"collection":[{"href":"https:\/\/etab.ac-reunion.fr\/lyc-rontaunay\/wp-json\/wp\/v2\/pages"}],"about":[{"href":"https:\/\/etab.ac-reunion.fr\/lyc-rontaunay\/wp-json\/wp\/v2\/types\/page"}],"author":[{"embeddable":true,"href":"https:\/\/etab.ac-reunion.fr\/lyc-rontaunay\/wp-json\/wp\/v2\/users\/4438"}],"replies":[{"embeddable":true,"href":"https:\/\/etab.ac-reunion.fr\/lyc-rontaunay\/wp-json\/wp\/v2\/comments?post=1983"}],"version-history":[{"count":1,"href":"https:\/\/etab.ac-reunion.fr\/lyc-rontaunay\/wp-json\/wp\/v2\/pages\/1983\/revisions"}],"predecessor-version":[{"id":1984,"href":"https:\/\/etab.ac-reunion.fr\/lyc-rontaunay\/wp-json\/wp\/v2\/pages\/1983\/revisions\/1984"}],"wp:attachment":[{"href":"https:\/\/etab.ac-reunion.fr\/lyc-rontaunay\/wp-json\/wp\/v2\/media?parent=1983"}],"curies":[{"name":"wp","href":"https:\/\/api.w.org\/{rel}","templated":true}]}}