{"id":1992,"date":"2016-03-30T10:01:23","date_gmt":"2016-03-30T06:01:23","guid":{"rendered":"http:\/\/lycee-rontaunay.ac-reunion.fr\/?page_id=1992"},"modified":"2018-04-18T22:18:15","modified_gmt":"2018-04-18T18:18:15","slug":"bts-ag-pme-pmi-francais","status":"publish","type":"page","link":"https:\/\/etab.ac-reunion.fr\/lyc-rontaunay\/bts-ag-pme-pmi-francais\/","title":{"rendered":"BTS AG PME-PMI"},"content":{"rendered":"<h1>Un BTS \u00e0 r\u00e9f\u00e9rentiel commun Europ\u00e9en<\/h1>\n<p>&nbsp;<\/p>\n<h2>Fonctions du titulaires du BTS AG<\/h2>\n<p>Il est le collaborateur direct du chef d\u2019entreprise d\u2019une PME ou d\u2019un cadre dirigeant. Gr\u00e2ce \u00e0 sa polyvalence, l\u2019assistant participe \u00e0 la gestion op\u00e9rationnelle de l\u2019entreprise que ce soit de l\u2019administration, de la comptabilit\u00e9, du commerce ou la gestion des ressources humaines. Il contribue \u00e0 l\u2019am\u00e9lioration de l\u2019entreprise en optimisant son organisation, il anticipe les besoins et attire l\u2019attention de chef d\u2019entreprise sur les probl\u00e8mes rep\u00e9r\u00e9s et en propose des solutions.<\/p>\n<p>A noter : avec la mention \u00ab \u00e0 r\u00e9f\u00e9rentiel commun europ\u00e9en \u00bb, le BTS Assistant de gestion de PME-PMI a pris un caract\u00e8re europ\u00e9en puisqu\u2019il est d\u00e9sormais commun \u00e0 neuf autres pays partenaires (Allemagne, Espagne, Estonie, Gr\u00e8ce, Italie, Pologne, Portugal, Roumanie et Royaume-Uni).<\/p>\n<h2>Contenu de la formation<\/h2>\n<p>Au cours des deux ann\u00e9es de formation, les \u00e9tudiants aborderont aussi bien des mati\u00e8res g\u00e9n\u00e9rales que professionnelles. Douze semaines de stage en entreprise sont \u00e9galement \u00e0 r\u00e9partir sur les deux ans. Six semaines cons\u00e9cutives se d\u00e9rouleront obligatoirement au cours des derni\u00e8res semaines de la 1re ann\u00e9e, avec la possibilit\u00e9 de poursuivre pendant quatre autres semaines pendant les vacances d\u2019\u00e9t\u00e9. Au moins quatre s\u2019effectueront en f\u00e9vrier-mars de la 2e ann\u00e9e.<\/p>\n<p>A noter : il est possible d\u2019effectuer toute ou une partie de la formation en alternance.<\/p>\n<p>&nbsp;<\/p>\n<h2>Dans le BTS AG, on retrouve les enseignements suivants :<\/h2>\n<ul>\n<li>Culture g\u00e9n\u00e9rale et expression<\/li>\n<li>Economie<\/li>\n<li>Droit<\/li>\n<li>Management des entreprises<\/li>\n<li>Ateliers professionnels<\/li>\n<li>Relation avec la client\u00e8le et les fournisseurs<\/li>\n<li>Administration et d\u00e9veloppement des ressources humaines<\/li>\n<li>Organisation et planification<\/li>\n<li>Gestion et financement des actifs<\/li>\n<li>Gestion du syst\u00e8me d\u2019information<\/li>\n<li>P\u00e9rennisation de l\u2019entreprise<\/li>\n<li>Gestion du risque<\/li>\n<li>Communication<\/li>\n<\/ul>\n<h2>Conditions d&rsquo;admission et d&rsquo;inscriptions<\/h2>\n<p>La formation s\u2019effectue en deux ans apr\u00e8s le bac. Elle est ouverte \u00e0 tous les bacheliers des fili\u00e8res g\u00e9n\u00e9rales, bien que la priorit\u00e9 soit donn\u00e9e aux titulaires du bac STMG. Les dipl\u00f4m\u00e9s du bac pro Gestion \u2013 Administration ayant obtenu la mention bien ou tr\u00e8s bien sont admissibles de droit.\u00a0 <strong>Attention, toute candidature est soumise \u00e0 un dossier et un entretien de motivation.<\/strong><\/p>\n<h2>R\u00e9ussir son BTS<\/h2>\n<p>Si vous voulez vous donner toutes les chances de r\u00e9ussir votre BTS, rendez vous sur Bankexam. Vous y trouverez des annales des \u00e9preuves (sujets et corrig\u00e9s) des ann\u00e9es pr\u00e9c\u00e9dentes.<\/p>\n<h2>Et apr\u00e8s ? D\u00e9bouch\u00e9s et poursuites d&rsquo;\u00e9tudes<\/h2>\n<p>Le titulaire du BTS AG exerce principalement dans les PME de 5 \u00e0 50 salari\u00e9s, dans tous les secteurs d\u2019activit\u00e9s, o\u00f9 le dirigeant est propri\u00e9taire de son entreprise et jouit d\u2019une compl\u00e8te ind\u00e9pendance juridique et financi\u00e8re. Il peut \u00eatre amen\u00e9 \u00e0 travailler dans des entreprises plus grandes s\u2019il s\u2019agit d\u2019une agence, une filiale de petite taille, une succursale, un organisme public ou bien une association. Il peut porter diff\u00e9rents noms en fonction de ses activit\u00e9s et responsabilit\u00e9s : assistant commerciale, assistant de gestion en PME ou encore secr\u00e9taire.<\/p>\n<p>Si vous choisissez de<strong> poursuivre vos \u00e9tudes<\/strong>, plusieurs possibilit\u00e9s s\u2019offrent \u00e0 vous :<\/p>\n<ul>\n<li>les \u00e9coles de commerce et de gestion en admissions parall\u00e8les.<\/li>\n<li>les licences pro en ressources humaines, gestion et commerce.<\/li>\n<\/ul>\n<p>&nbsp;<\/p>\n<p>&nbsp;<\/p>\n<!-- AddThis Advanced Settings generic via filter on the_content --><!-- AddThis Share Buttons generic via filter on the_content -->","protected":false},"excerpt":{"rendered":"<p>Un BTS \u00e0 r\u00e9f\u00e9rentiel commun Europ\u00e9en &nbsp; Fonctions du titulaires du BTS AG Il est le collaborateur direct du chef d\u2019entreprise d\u2019une PME ou d\u2019un cadre dirigeant. Gr\u00e2ce \u00e0 sa [&hellip;]<!-- AddThis Advanced Settings generic via filter on get_the_excerpt --><!-- AddThis Share Buttons generic via filter on get_the_excerpt --><\/p>\n","protected":false},"author":4438,"featured_media":0,"parent":0,"menu_order":0,"comment_status":"closed","ping_status":"closed","template":"","meta":{"_et_pb_use_builder":"","_et_pb_old_content":"","_et_gb_content_width":"","footnotes":"","_links_to":"","_links_to_target":""},"class_list":["post-1992","page","type-page","status-publish","hentry"],"_links":{"self":[{"href":"https:\/\/etab.ac-reunion.fr\/lyc-rontaunay\/wp-json\/wp\/v2\/pages\/1992","targetHints":{"allow":["GET"]}}],"collection":[{"href":"https:\/\/etab.ac-reunion.fr\/lyc-rontaunay\/wp-json\/wp\/v2\/pages"}],"about":[{"href":"https:\/\/etab.ac-reunion.fr\/lyc-rontaunay\/wp-json\/wp\/v2\/types\/page"}],"author":[{"embeddable":true,"href":"https:\/\/etab.ac-reunion.fr\/lyc-rontaunay\/wp-json\/wp\/v2\/users\/4438"}],"replies":[{"embeddable":true,"href":"https:\/\/etab.ac-reunion.fr\/lyc-rontaunay\/wp-json\/wp\/v2\/comments?post=1992"}],"version-history":[{"count":6,"href":"https:\/\/etab.ac-reunion.fr\/lyc-rontaunay\/wp-json\/wp\/v2\/pages\/1992\/revisions"}],"predecessor-version":[{"id":2686,"href":"https:\/\/etab.ac-reunion.fr\/lyc-rontaunay\/wp-json\/wp\/v2\/pages\/1992\/revisions\/2686"}],"wp:attachment":[{"href":"https:\/\/etab.ac-reunion.fr\/lyc-rontaunay\/wp-json\/wp\/v2\/media?parent=1992"}],"curies":[{"name":"wp","href":"https:\/\/api.w.org\/{rel}","templated":true}]}}