{"id":3468,"date":"2019-10-19T17:34:48","date_gmt":"2019-10-19T13:34:48","guid":{"rendered":"http:\/\/lycee-rontaunay.ac-reunion.fr\/?page_id=3468"},"modified":"2025-01-24T09:05:48","modified_gmt":"2025-01-24T05:05:48","slug":"cap-aph-agent-de-proprete-et-dhygiene","status":"publish","type":"page","link":"https:\/\/etab.ac-reunion.fr\/lyc-rontaunay\/cap-aph-agent-de-proprete-et-dhygiene\/","title":{"rendered":"CAP APH (Agent de Propret\u00e9 et d&rsquo;Hygi\u00e9ne)"},"content":{"rendered":"[et_pb_section fb_built=\u00a0\u00bb1&Prime; _builder_version=\u00a0\u00bb4.16&Prime; _module_preset=\u00a0\u00bbdefault\u00a0\u00bb global_colors_info=\u00a0\u00bb{}\u00a0\u00bb][et_pb_row _builder_version=\u00a0\u00bb4.16&Prime; _module_preset=\u00a0\u00bbdefault\u00a0\u00bb global_colors_info=\u00a0\u00bb{}\u00a0\u00bb][et_pb_column type=\u00a0\u00bb4_4&Prime; _builder_version=\u00a0\u00bb4.16&Prime; _module_preset=\u00a0\u00bbdefault\u00a0\u00bb global_colors_info=\u00a0\u00bb{}\u00a0\u00bb][et_pb_image src=\u00a0\u00bbhttps:\/\/etab.ac-reunion.fr\/lyc-rontaunay\/wp-content\/uploads\/sites\/34\/2025\/01\/CAP-APH1.jpeg\u00a0\u00bb title_text=\u00a0\u00bbCAP-APH1&Prime; align=\u00a0\u00bbcenter\u00a0\u00bb _builder_version=\u00a0\u00bb4.27.4&Prime; _module_preset=\u00a0\u00bbdefault\u00a0\u00bb border_width_all=\u00a0\u00bb1px\u00a0\u00bb border_color_all=\u00a0\u00bb#000000&Prime; global_colors_info=\u00a0\u00bb{}\u00a0\u00bb][\/et_pb_image][et_pb_text _builder_version=\u00a0\u00bb4.16&Prime; _module_preset=\u00a0\u00bbdefault\u00a0\u00bb global_colors_info=\u00a0\u00bb{}\u00a0\u00bb]Capacit\u00e9 : 1 classe (12 \u00e9l\u00e8ves)<span id=\"Les_debouches\"><\/span><\/p>\n<p>Seul ou en \u00e9quipe, le dipl\u00f4m\u00e9 travaille en tant qu&rsquo;agent de nettoyage ou en tant que conducteur d&rsquo;engins. Il exerce ses activit\u00e9s dans des entreprises ou services commerciaux, administratifs, industriels, sportifs, culturels, des collectivit\u00e9s (\u00e9tablissements scolaires, logements collectifs), des \u00e9tablissements de soins, m\u00e9dicaux-sociaux, de baln\u00e9oth\u00e9rapie, laboratoires, cliniques v\u00e9t\u00e9rinaires, ou des entreprises \u00e0 contraintes de contamination biologiques (industries agroalimentaires, cosm\u00e9tiques\u2026). Le titulaire de ce CAP veille au confort de ses clients en faisant preuve de courtoisie et de discr\u00e9tion, durant son travail. Le certifi\u00e9 doit \u00eatre capable de pr\u00e9parer ses activit\u00e9s selon les protocoles, remettre en \u00e9tat le lieu d\u2019intervention, communiquer avec les usagers et la hi\u00e9rarchie. Le professionnel est \u00e9galement amen\u00e9 \u00e0 faire l\u2019entretien de ses \u00e9quipements, \u00e0 trier les d\u00e9chets et \u00e0 proc\u00e9der \u00e0 un bio-nettoyage. Apr\u00e8s une exp\u00e9rience professionnelle de plusieurs ann\u00e9es, il peut acc\u00e9der \u00e0 des postes \u00e0 responsabilit\u00e9s (chef d&rsquo;\u00e9quipe\u2026).<\/p>\n<p>Ce dipl\u00f4me donne acc\u00e8s \u00e0 diff\u00e9rents m\u00e9tiers :<\/p>\n<ul>\n<li>agent d\u2019entretien et de r\u00e9novation<\/li>\n<li>agent qualifi\u00e9 en propret\u00e9 hospitali\u00e8re<\/li>\n<li>agent qualifi\u00e9 en ultra propret\u00e9<\/li>\n<li>agent de propret\u00e9<\/li>\n<li>valet ou femme de chambre<\/li>\n<\/ul>\n<p>Le professionnel a la possibilit\u00e9 de poursuivre en \u00ab Bac pro Hygi\u00e8ne, propret\u00e9, st\u00e9rilisation \u00bb. Par ailleurs, continuer ses \u00e9tudes en vue d\u2019un BTS lui permettra d\u2019enrichir ses comp\u00e9tences.<\/p>\n<h3>Enseignement technique et professionnel :<\/h3>\n<ul>\n<li>La s\u00e9lection et d\u00e9codage d\u2019information \u00e0 des fins professionnelles<\/li>\n<li>La r\u00e9alisation d\u2019un \u00e9tat des lieux et identification des risques<\/li>\n<li>L\u2019organisation d\u2019activit\u00e9<\/li>\n<li>L\u2019installation et remise en ordre du lieu d\u2019intervention et du poste de travail<\/li>\n<li>Les op\u00e9rations manuelles d\u2019entretien courant<\/li>\n<li>Les op\u00e9rations m\u00e9canis\u00e9es d\u2019entretien courant<\/li>\n<li>Les op\u00e9rations de remise en \u00e9tat<\/li>\n<li>Les op\u00e9rations de bio-nettoyage<\/li>\n<li>Les op\u00e9rations de maintenance pr\u00e9ventive et corrective<\/li>\n<li>Les op\u00e9rations de gestion des d\u00e9chets<\/li>\n<li>Le contr\u00f4le du travail<\/li>\n<li>La communication avec les partenaires internes, les usagers et les clients<\/li>\n<\/ul>\n<h3>Enseignement\u00a0g\u00e9n\u00e9ral :<\/h3>\n<ul>\n<li>Les math\u00e9matiques<\/li>\n<li>Les sciences appliqu\u00e9es<\/li>\n<li>Le fran\u00e7ais<\/li>\n<li>L\u2019histoire et la g\u00e9ographie<\/li>\n<li>L\u2019\u00e9ducation civique<\/li>\n<li>L\u2019EPS<\/li>\n<li>La pr\u00e9vention \u2013 S\u00e9curit\u00e9 \u2013 Environnement<\/li>\n<\/ul>\n<p><strong>La formation compte 14 semaines de P\u00e9riode de Formation en Milieu Professionnel, r\u00e9parties sur les 2 ans.<\/strong><br \/>\n[\/et_pb_text][et_pb_button button_url=\u00a0\u00bbhttps:\/\/www.onisep.fr\/Ressources\/Univers-Formation\/Formations\/Lycees\/cap-agent-de-proprete-et-d-hygiene\u00a0\u00bb button_text=\u00a0\u00bbPour en savoir + sur le CAP PPB\u00a0\u00bb button_alignment=\u00a0\u00bbcenter\u00a0\u00bb _builder_version=\u00a0\u00bb4.27.4&Prime; _module_preset=\u00a0\u00bbdefault\u00a0\u00bb custom_button=\u00a0\u00bbon\u00a0\u00bb button_text_size=\u00a0\u00bb36px\u00a0\u00bb button_text_color=\u00a0\u00bb#FFFFFF\u00a0\u00bb button_bg_color=\u00a0\u00bb#0C71C3&Prime; button_border_width=\u00a0\u00bb1px\u00a0\u00bb button_border_color=\u00a0\u00bb#000000&Prime; button_border_radius=\u00a0\u00bb10px\u00a0\u00bb hover_enabled=\u00a0\u00bb0&Prime; global_colors_info=\u00a0\u00bb{}\u00a0\u00bb sticky_enabled=\u00a0\u00bb0&Prime;][\/et_pb_button][\/et_pb_column][\/et_pb_row][et_pb_row column_structure=\u00a0\u00bb1_3,1_3,1_3&Prime; _builder_version=\u00a0\u00bb4.16&Prime; _module_preset=\u00a0\u00bbdefault\u00a0\u00bb global_colors_info=\u00a0\u00bb{}\u00a0\u00bb][et_pb_column type=\u00a0\u00bb1_3&Prime; _builder_version=\u00a0\u00bb4.16&Prime; _module_preset=\u00a0\u00bbdefault\u00a0\u00bb global_colors_info=\u00a0\u00bb{}\u00a0\u00bb][et_pb_image src=\u00a0\u00bbhttps:\/\/etab.ac-reunion.fr\/lyc-rontaunay\/wp-content\/uploads\/sites\/34\/2021\/02\/poliseuse.jpg\u00a0\u00bb title_text=\u00a0\u00bbpoliseuse\u00a0\u00bb _builder_version=\u00a0\u00bb4.16&Prime; _module_preset=\u00a0\u00bbdefault\u00a0\u00bb border_width_all=\u00a0\u00bb1px\u00a0\u00bb border_color_all=\u00a0\u00bb#000000&Prime; global_colors_info=\u00a0\u00bb{}\u00a0\u00bb][\/et_pb_image][\/et_pb_column][et_pb_column type=\u00a0\u00bb1_3&Prime; _builder_version=\u00a0\u00bb4.16&Prime; _module_preset=\u00a0\u00bbdefault\u00a0\u00bb global_colors_info=\u00a0\u00bb{}\u00a0\u00bb][et_pb_image src=\u00a0\u00bbhttps:\/\/etab.ac-reunion.fr\/lyc-rontaunay\/wp-content\/uploads\/sites\/34\/2021\/02\/autolaveuse.jpg\u00a0\u00bb title_text=\u00a0\u00bbautolaveuse\u00a0\u00bb align=\u00a0\u00bbcenter\u00a0\u00bb _builder_version=\u00a0\u00bb4.16&Prime; _module_preset=\u00a0\u00bbdefault\u00a0\u00bb border_width_all=\u00a0\u00bb1px\u00a0\u00bb border_color_all=\u00a0\u00bb#000000&Prime; global_colors_info=\u00a0\u00bb{}\u00a0\u00bb][\/et_pb_image][\/et_pb_column][et_pb_column type=\u00a0\u00bb1_3&Prime; _builder_version=\u00a0\u00bb4.16&Prime; _module_preset=\u00a0\u00bbdefault\u00a0\u00bb global_colors_info=\u00a0\u00bb{}\u00a0\u00bb][et_pb_image src=\u00a0\u00bbhttps:\/\/etab.ac-reunion.fr\/lyc-rontaunay\/wp-content\/uploads\/sites\/34\/2021\/02\/contenu-aph3.jpg\u00a0\u00bb title_text=\u00a0\u00bbcontenu-aph3&Prime; _builder_version=\u00a0\u00bb4.16&Prime; _module_preset=\u00a0\u00bbdefault\u00a0\u00bb border_width_all=\u00a0\u00bb1px\u00a0\u00bb border_color_all=\u00a0\u00bb#000000&Prime; global_colors_info=\u00a0\u00bb{}\u00a0\u00bb][\/et_pb_image][\/et_pb_column][\/et_pb_row][\/et_pb_section]\n<!-- AddThis Advanced Settings generic via filter on the_content --><!-- AddThis Share Buttons generic via filter on the_content -->","protected":false},"excerpt":{"rendered":"<p>Capacit\u00e9 : 1 classe (12 \u00e9l\u00e8ves) Seul ou en \u00e9quipe, le dipl\u00f4m\u00e9 travaille en tant qu&rsquo;agent de nettoyage ou en tant que conducteur d&rsquo;engins. Il exerce ses activit\u00e9s dans des [&hellip;]<\/p>\n<p><!-- AddThis Advanced Settings generic via filter on get_the_excerpt --><!-- AddThis Share Buttons generic via filter on get_the_excerpt --><\/p>\n","protected":false},"author":17465,"featured_media":0,"parent":0,"menu_order":0,"comment_status":"closed","ping_status":"closed","template":"","meta":{"_et_pb_use_builder":"on","_et_pb_old_content":"","_et_gb_content_width":"","footnotes":"","_links_to":"","_links_to_target":""},"class_list":["post-3468","page","type-page","status-publish","hentry"],"_links":{"self":[{"href":"https:\/\/etab.ac-reunion.fr\/lyc-rontaunay\/wp-json\/wp\/v2\/pages\/3468","targetHints":{"allow":["GET"]}}],"collection":[{"href":"https:\/\/etab.ac-reunion.fr\/lyc-rontaunay\/wp-json\/wp\/v2\/pages"}],"about":[{"href":"https:\/\/etab.ac-reunion.fr\/lyc-rontaunay\/wp-json\/wp\/v2\/types\/page"}],"author":[{"embeddable":true,"href":"https:\/\/etab.ac-reunion.fr\/lyc-rontaunay\/wp-json\/wp\/v2\/users\/17465"}],"replies":[{"embeddable":true,"href":"https:\/\/etab.ac-reunion.fr\/lyc-rontaunay\/wp-json\/wp\/v2\/comments?post=3468"}],"version-history":[{"count":8,"href":"https:\/\/etab.ac-reunion.fr\/lyc-rontaunay\/wp-json\/wp\/v2\/pages\/3468\/revisions"}],"predecessor-version":[{"id":7686,"href":"https:\/\/etab.ac-reunion.fr\/lyc-rontaunay\/wp-json\/wp\/v2\/pages\/3468\/revisions\/7686"}],"wp:attachment":[{"href":"https:\/\/etab.ac-reunion.fr\/lyc-rontaunay\/wp-json\/wp\/v2\/media?parent=3468"}],"curies":[{"name":"wp","href":"https:\/\/api.w.org\/{rel}","templated":true}]}}