{"id":3496,"date":"2019-10-22T14:55:42","date_gmt":"2019-10-22T10:55:42","guid":{"rendered":"http:\/\/lycee-rontaunay.ac-reunion.fr\/?page_id=3496"},"modified":"2021-03-02T15:36:44","modified_gmt":"2021-03-02T11:36:44","slug":"bac-pro-metiers-du-commerce-et-de-la-vente-option-a-animation-et-gestion-de-lespace-commercial-ex-bac-pro-commerce","status":"publish","type":"page","link":"https:\/\/etab.ac-reunion.fr\/lyc-rontaunay\/bac-pro-metiers-du-commerce-et-de-la-vente-option-a-animation-et-gestion-de-lespace-commercial-ex-bac-pro-commerce\/","title":{"rendered":"Bac pro M\u00e9tiers du commerce et de la vente option A animation et gestion de l&rsquo;espace commercial (ex bac pro commerce)"},"content":{"rendered":"[et_pb_section fb_built=\u00a0\u00bb1&Prime; _builder_version=\u00a0\u00bb4.4.7&Prime;][et_pb_row _builder_version=\u00a0\u00bb4.8.2&Prime;][et_pb_column type=\u00a0\u00bb4_4&Prime; _builder_version=\u00a0\u00bb4.4.7&Prime;][et_pb_image src=\u00a0\u00bbhttps:\/\/etab.ac-reunion.fr\/lyc-rontaunay\/wp-content\/uploads\/sites\/34\/2020\/05\/bp_vente_.jpg\u00a0\u00bb title_text=\u00a0\u00bbbp_vente_\u00a0\u00bb align=\u00a0\u00bbcenter\u00a0\u00bb _builder_version=\u00a0\u00bb4.8.2&Prime; animation_style=\u00a0\u00bbflip\u00a0\u00bb border_width_all=\u00a0\u00bb2px\u00a0\u00bb border_color_all__hover_enabled=\u00a0\u00bbon|desktop\u00a0\u00bb][\/et_pb_image][et_pb_text _builder_version=\u00a0\u00bb4.8.2&Prime;]\n<h1 class=\"ideo-title\"><span class=\"ezstring-field\">Bac pro M\u00e9tiers du commerce et de la vente option A animation et gestion de l&rsquo;espace commercial (ex bac pro commerce)<\/span><\/h1>\n<div class=\"ezxmltext-field\">\n<p>Les objectifs du bac pro M\u00e9tiers du commerce et de la vente, option A, sont de donner des comp\u00e9tences centr\u00e9es sur l&rsquo;animation et la gestion de l&rsquo;espace commercial.<\/p>\n<p>Le titulaire du bac pro doit avoir le sens de l&rsquo;accueil, des qualit\u00e9s d&rsquo;\u00e9coute et de disponibilit\u00e9. Son activit\u00e9, au sein d&rsquo;une \u00e9quipe commerciale, consiste \u00e0 participer \u00e0 l&rsquo;approvisionnement, \u00e0 la vente, \u00e0 la gestion commerciale. Cet employ\u00e9 commercial, qui travaille dans tout type d&rsquo;unit\u00e9 commerciale : physique ou virtuelle, met \u00e0 la disposition de la client\u00e8le les produits correspondant \u00e0 sa demande. Il exerce sous l&rsquo;autorit\u00e9 d&rsquo;un responsable.<\/p>\n<p>&nbsp;<\/p>\n<div class=\"ideo-block\">\n<h2 class=\"ideo-title-block\">Les admissions<\/h2>\n<div class=\"ezxmltext-field\">\n<p>Ce bac pro se pr\u00e9pare en 3 ans apr\u00e8s la classe de 3<em>e<\/em> . Depuis la rentr\u00e9e 2019, son acc\u00e8s est modifi\u00e9. Les \u00e9l\u00e8ves entrent d\u00e9sormais en 2de professionnelle m\u00e9tiers de la relation client\u00a0 <span style=\"color: #0c71c3\">(2de MRC) <\/span>en vue de pr\u00e9parer cette sp\u00e9cialit\u00e9 du bac pro. L&rsquo;acc\u00e8s est diff\u00e9rent pour les \u00e9l\u00e8ves en apprentissage qui entrent directement dans cette sp\u00e9cialit\u00e9 de bac pro sans passer par une 2de pro famille de m\u00e9tiers.<\/p>\n<p>Les \u00e9l\u00e8ves titulaires de certains CAP du m\u00eame secteur peuvent \u00e9galement pr\u00e9parer ce bac pro en 2 ans sous certaines conditions.<\/p>\n<\/div>\n<div class=\"ideo-label formation\">Exemple(s) de formation(s) requise(s)<\/div>\n<ul class=\"formation\">\n<li><a href=\"https:\/\/www.onisep.fr\/Ressources\/Univers-Formation\/Formations\/Lycees\/2nde-pro-metiers-de-la-relation-client\">2nde pro m\u00e9tiers de la relation client<\/a><\/li>\n<\/ul>\n<div class=\"ideo-block\">\n<h2 class=\"ideo-title-block\">Les poursuites d&rsquo;\u00e9tudes<\/h2>\n<div class=\"ezxmltext-field\">\n<p>Le bac pro a pour premier objectif l&rsquo;insertion professionnelle mais, avec un tr\u00e8s bon dossier ou une mention \u00e0 l&rsquo;examen, une poursuite d&rsquo;\u00e9tudes est envisageable notamment en BTS.<\/p>\n<\/div>\n<div class=\"ideo-label formation\">Exemple(s) de formation(s) possible(s)<\/div>\n<ul class=\"formation\">\n<li><a href=\"https:\/\/www.onisep.fr\/Ressources\/Univers-Formation\/Formations\/Lycees\/mc-vendeur-specialise-en-alimentation\">MC Vendeur sp\u00e9cialis\u00e9 en alimentation<\/a><\/li>\n<li><a href=\"https:\/\/www.onisep.fr\/Ressources\/Univers-Formation\/Formations\/Post-bac\/mc-assistance-conseil-vente-a-distance\">MC Assistance, conseil, vente \u00e0 distance<\/a><\/li>\n<li><a href=\"https:\/\/www.onisep.fr\/Ressources\/Univers-Formation\/Formations\/Post-bac\/bts-management-commercial-operationnel\">BTS Management commercial op\u00e9rationnel<\/a><\/li>\n<li><a href=\"https:\/\/www.onisep.fr\/Ressources\/Univers-Formation\/Formations\/Post-bac\/bts-negociation-et-digitalisation-de-la-relation-client\">BTS N\u00e9gociation et digitalisation de la relation client<\/a><\/li>\n<\/ul>\n<\/div>\n<\/div>\n<\/div>\n[\/et_pb_text][et_pb_button button_url=\u00a0\u00bbhttps:\/\/www.onisep.fr\/Ressources\/Univers-Formation\/Formations\/Lycees\/bac-pro-metiers-du-commerce-et-de-la-vente-option-a-animation-et-gestion-de-l-espace-commercial-ex-bac-pro-commerce\u00a0\u00bb button_text=\u00a0\u00bbPour en savoir + sur le BAC PRO m\u00e9tiers du commerce et de la vente optionA\u00a0\u00bb button_alignment=\u00a0\u00bbcenter\u00a0\u00bb _builder_version=\u00a0\u00bb4.8.2&Prime; custom_button=\u00a0\u00bbon\u00a0\u00bb button_text_size=\u00a0\u00bb39px\u00a0\u00bb button_text_color=\u00a0\u00bb#000000&Prime; button_bg_color=\u00a0\u00bb#88c4dd\u00a0\u00bb button_border_radius=\u00a0\u00bb21px\u00a0\u00bb][\/et_pb_button][\/et_pb_column][\/et_pb_row][\/et_pb_section]\n<!-- AddThis Advanced Settings generic via filter on the_content --><!-- AddThis Share Buttons generic via filter on the_content -->","protected":false},"excerpt":{"rendered":"<p>Bac pro M\u00e9tiers du commerce et de la vente option A animation et gestion de l&rsquo;espace commercial (ex bac pro commerce) Les objectifs du bac pro M\u00e9tiers du commerce et [&hellip;]<\/p>\n<p><!-- AddThis Advanced Settings generic via filter on get_the_excerpt --><!-- AddThis Share Buttons generic via filter on get_the_excerpt --><\/p>\n","protected":false},"author":17465,"featured_media":0,"parent":0,"menu_order":0,"comment_status":"closed","ping_status":"closed","template":"","meta":{"_et_pb_use_builder":"on","_et_pb_old_content":"","_et_gb_content_width":"","footnotes":"","_links_to":"","_links_to_target":""},"class_list":["post-3496","page","type-page","status-publish","hentry"],"_links":{"self":[{"href":"https:\/\/etab.ac-reunion.fr\/lyc-rontaunay\/wp-json\/wp\/v2\/pages\/3496","targetHints":{"allow":["GET"]}}],"collection":[{"href":"https:\/\/etab.ac-reunion.fr\/lyc-rontaunay\/wp-json\/wp\/v2\/pages"}],"about":[{"href":"https:\/\/etab.ac-reunion.fr\/lyc-rontaunay\/wp-json\/wp\/v2\/types\/page"}],"author":[{"embeddable":true,"href":"https:\/\/etab.ac-reunion.fr\/lyc-rontaunay\/wp-json\/wp\/v2\/users\/17465"}],"replies":[{"embeddable":true,"href":"https:\/\/etab.ac-reunion.fr\/lyc-rontaunay\/wp-json\/wp\/v2\/comments?post=3496"}],"version-history":[{"count":4,"href":"https:\/\/etab.ac-reunion.fr\/lyc-rontaunay\/wp-json\/wp\/v2\/pages\/3496\/revisions"}],"predecessor-version":[{"id":5639,"href":"https:\/\/etab.ac-reunion.fr\/lyc-rontaunay\/wp-json\/wp\/v2\/pages\/3496\/revisions\/5639"}],"wp:attachment":[{"href":"https:\/\/etab.ac-reunion.fr\/lyc-rontaunay\/wp-json\/wp\/v2\/media?parent=3496"}],"curies":[{"name":"wp","href":"https:\/\/api.w.org\/{rel}","templated":true}]}}