{"id":4289,"date":"2020-06-02T11:47:51","date_gmt":"2020-06-02T07:47:51","guid":{"rendered":"http:\/\/lycee-rontaunay.ac-reunion.fr\/?page_id=4289"},"modified":"2023-10-04T15:43:40","modified_gmt":"2023-10-04T11:43:40","slug":"mention-complementaire-animation-gestion-de-projets-dans-le-secteur-sportif-agss","status":"publish","type":"page","link":"https:\/\/etab.ac-reunion.fr\/lyc-rontaunay\/mention-complementaire-animation-gestion-de-projets-dans-le-secteur-sportif-agss\/","title":{"rendered":"Mention compl\u00e9mentaire Animation-gestion de projets dans le secteur sportif (AGSS)"},"content":{"rendered":"[et_pb_section fb_built=\u00a0\u00bb1&Prime; _builder_version=\u00a0\u00bb4.16&Prime; global_colors_info=\u00a0\u00bb{}\u00a0\u00bb][et_pb_row _builder_version=\u00a0\u00bb4.16&Prime; global_colors_info=\u00a0\u00bb{}\u00a0\u00bb][et_pb_column type=\u00a0\u00bb4_4&Prime; _builder_version=\u00a0\u00bb4.16&Prime; global_colors_info=\u00a0\u00bb{}\u00a0\u00bb][et_pb_image src=\u00a0\u00bbhttps:\/\/etab.ac-reunion.fr\/lyc-rontaunay\/wp-content\/uploads\/sites\/34\/2021\/02\/MC-AGP2S.jpg\u00a0\u00bb title_text=\u00a0\u00bbMC AGP2S\u00a0\u00bb align=\u00a0\u00bbcenter\u00a0\u00bb _builder_version=\u00a0\u00bb4.16&Prime; animation_style=\u00a0\u00bbflip\u00a0\u00bb border_width_all=\u00a0\u00bb1px\u00a0\u00bb global_colors_info=\u00a0\u00bb{}\u00a0\u00bb][\/et_pb_image][et_pb_button button_url=\u00a0\u00bbhttps:\/\/etab.ac-reunion.fr\/lyc-rontaunay\/wp-content\/uploads\/sites\/34\/2023\/10\/Rapport-public-AGP2S-2023.pdf\u00a0\u00bb button_text=\u00a0\u00bbRapport public Parcoursup session 2023&Prime; button_alignment=\u00a0\u00bbcenter\u00a0\u00bb disabled_on=\u00a0\u00bboff|off|off\u00a0\u00bb _builder_version=\u00a0\u00bb4.22.2&Prime; _module_preset=\u00a0\u00bbdefault\u00a0\u00bb custom_button=\u00a0\u00bbon\u00a0\u00bb button_text_size=\u00a0\u00bb30px\u00a0\u00bb button_text_color=\u00a0\u00bb#0C71C3&Prime; button_bg_enable_image=\u00a0\u00bboff\u00a0\u00bb button_bg_size=\u00a0\u00bbcontain\u00a0\u00bb button_border_width=\u00a0\u00bb1px\u00a0\u00bb button_border_color=\u00a0\u00bb#000000&Prime; button_font=\u00a0\u00bb||||||||\u00a0\u00bb animation_style=\u00a0\u00bbflip\u00a0\u00bb hover_enabled=\u00a0\u00bb0&Prime; global_colors_info=\u00a0\u00bb{}\u00a0\u00bb button_text_color__hover=\u00a0\u00bb#FFFFFF\u00a0\u00bb button_text_color__hover_enabled=\u00a0\u00bbon|hover\u00a0\u00bb sticky_enabled=\u00a0\u00bb0&Prime;][\/et_pb_button][et_pb_text _builder_version=\u00a0\u00bb4.16&Prime; text_font=\u00a0\u00bb||||on||||\u00a0\u00bb text_font_size=\u00a0\u00bb26px\u00a0\u00bb global_colors_info=\u00a0\u00bb{}\u00a0\u00bb]\n<p><strong>Mention compl\u00e9mentaire<\/strong><\/p>\n<p><strong>Animation, Gestion de Projet dans le secteur sportif<\/strong><\/p>\n[\/et_pb_text][et_pb_text _builder_version=\u00a0\u00bb4.16&Prime; global_colors_info=\u00a0\u00bb{}\u00a0\u00bb]\n<ul class=\"ideo-list-arrows\">\n<li><b>Dur\u00e9e de formation :\u00a0<\/b><span class=\"ezstring-field\">1 an<\/span><\/li>\n<li><b>Niveau terminal d&rsquo;\u00e9tudes :\u00a0<\/b>bac + 1<\/li>\n<li><b>Nature du dipl\u00f4me\u00a0:\u00a0<\/b>dipl\u00f4me national ou dipl\u00f4me d&rsquo;Etat<\/li>\n<\/ul>\n[\/et_pb_text][et_pb_text _builder_version=\u00a0\u00bb4.16&Prime; global_colors_info=\u00a0\u00bb{}\u00a0\u00bb]\n<h3 class=\"ideo-title-block\">\u00c0 savoir<\/h3>\n<div class=\"ezxmltext-field\">\n<p>Le titulaire de cette MC est form\u00e9 \u00e0 la conduite de projets sportifs (animation, comp\u00e9tition), voire plus largement de projets \u00e9ducatifs, culturels ou sociaux. Selon les \u00e9tablissements de formations, 2 dominantes sont propos\u00e9es : Activit\u00e9s physiques pour tous (APT) ou Activit\u00e9s aquatiques et de la natation (AAN). Il est amen\u00e9 \u00e0 exercer dans tout type de structure ayant trait \u00e0 l&rsquo;animation d&rsquo;activit\u00e9s, sur des fonctions d&rsquo;administration ou de gestion de projets ou d&rsquo;organisation relatifs aux secteurs \u00e9conomique du sport.<\/p>\n<\/div>\n[\/et_pb_text][et_pb_text _builder_version=\u00a0\u00bb4.16&Prime; global_colors_info=\u00a0\u00bb{}\u00a0\u00bb]\n<h2 class=\"ideo-title-block\">Les attendus Parcoursup<\/h2>\n<div class=\"ezxmltext-field\"><a id=\"eztoc_1_1_1_1_1\"><\/a><\/p>\n<h5>ATTENDUS NATIONAUX DE LA PLATEFORME D&rsquo;INSCRIPTION DANS L&rsquo;ENSEIGNEMENT SUP\u00c9RIEUR PARCOURSUP<\/h5>\n<ul>\n<li>Etre titulaire d&rsquo;un baccalaur\u00e9at professionnel prioritairement du secteur tertiaire dans les sp\u00e9cialit\u00e9s relatives \u00e0 la gestion-administration, la vente, le commerce, l&rsquo;accueil, les m\u00e9tiers de la s\u00e9curit\u00e9, les services de proximit\u00e9 et vie locale<\/li>\n<li>S&rsquo;int\u00e9resser au secteur du sport<\/li>\n<li>Disposer de comp\u00e9tences pour communiquer en langue \u00e9trang\u00e8re et particuli\u00e8rement en anglais.<\/li>\n<li>Disposer de comp\u00e9tences pour travailler en \u00e9quipe dans le cadre d&rsquo;une d\u00e9marche de projet<\/li>\n<li>Satisfaire \u00e0 un niveau d&rsquo;exigence technique et s\u00e9curitaire qui correspond au niveau de comp\u00e9tences attendu \u00e0 l&rsquo;\u00e9preuve d&rsquo;\u00e9ducation physique et sportive du baccalaur\u00e9at professionnel dans les activit\u00e9s sportives<\/li>\n<\/ul>\n<\/div>\n[\/et_pb_text][et_pb_text _builder_version=\u00a0\u00bb4.16&Prime; global_colors_info=\u00a0\u00bb{}\u00a0\u00bb]\n<h2 class=\"ideo-title-block\">Les poursuites d&rsquo;\u00e9tudes<\/h2>\n<div class=\"ezxmltext-field\">\n<p>L&rsquo;obtention de la mention compl\u00e9mentaire Animation-gestion de projets dans le secteur sportif vaut \u00e9quivalence avec les unit\u00e9s capitalisables 1 et 2 des BPJEPS sp\u00e9cialit\u00e9s \u00e9ducateur sportif mention activit\u00e9s aquatiques de la natation (AAN) ou mention activit\u00e9s physiques pour tous (APT).<\/p>\n<\/div>\n[\/et_pb_text][et_pb_video src=\u00a0\u00bbhttps:\/\/youtu.be\/62SRI992NLA\u00a0\u00bb _builder_version=\u00a0\u00bb4.16&Prime; _module_preset=\u00a0\u00bbdefault\u00a0\u00bb module_alignment=\u00a0\u00bbcenter\u00a0\u00bb global_colors_info=\u00a0\u00bb{}\u00a0\u00bb][\/et_pb_video][\/et_pb_column][\/et_pb_row][\/et_pb_section]\n<!-- AddThis Advanced Settings generic via filter on the_content --><!-- AddThis Share Buttons generic via filter on the_content -->","protected":false},"excerpt":{"rendered":"<p>Mention compl\u00e9mentaire Animation, Gestion de Projet dans le secteur sportif Dur\u00e9e de formation :\u00a01 an Niveau terminal d&rsquo;\u00e9tudes :\u00a0bac + 1 Nature du dipl\u00f4me\u00a0:\u00a0dipl\u00f4me national ou dipl\u00f4me d&rsquo;Etat \u00c0 savoir [&hellip;]<\/p>\n<p><!-- AddThis Advanced Settings generic via filter on get_the_excerpt --><!-- AddThis Share Buttons generic via filter on get_the_excerpt --><\/p>\n","protected":false},"author":17465,"featured_media":0,"parent":0,"menu_order":0,"comment_status":"closed","ping_status":"closed","template":"","meta":{"_et_pb_use_builder":"on","_et_pb_old_content":"","_et_gb_content_width":"","footnotes":"","_links_to":"","_links_to_target":""},"class_list":["post-4289","page","type-page","status-publish","hentry"],"_links":{"self":[{"href":"https:\/\/etab.ac-reunion.fr\/lyc-rontaunay\/wp-json\/wp\/v2\/pages\/4289","targetHints":{"allow":["GET"]}}],"collection":[{"href":"https:\/\/etab.ac-reunion.fr\/lyc-rontaunay\/wp-json\/wp\/v2\/pages"}],"about":[{"href":"https:\/\/etab.ac-reunion.fr\/lyc-rontaunay\/wp-json\/wp\/v2\/types\/page"}],"author":[{"embeddable":true,"href":"https:\/\/etab.ac-reunion.fr\/lyc-rontaunay\/wp-json\/wp\/v2\/users\/17465"}],"replies":[{"embeddable":true,"href":"https:\/\/etab.ac-reunion.fr\/lyc-rontaunay\/wp-json\/wp\/v2\/comments?post=4289"}],"version-history":[{"count":14,"href":"https:\/\/etab.ac-reunion.fr\/lyc-rontaunay\/wp-json\/wp\/v2\/pages\/4289\/revisions"}],"predecessor-version":[{"id":7129,"href":"https:\/\/etab.ac-reunion.fr\/lyc-rontaunay\/wp-json\/wp\/v2\/pages\/4289\/revisions\/7129"}],"wp:attachment":[{"href":"https:\/\/etab.ac-reunion.fr\/lyc-rontaunay\/wp-json\/wp\/v2\/media?parent=4289"}],"curies":[{"name":"wp","href":"https:\/\/api.w.org\/{rel}","templated":true}]}}