{"id":4505,"date":"2020-06-11T11:34:33","date_gmt":"2020-06-11T07:34:33","guid":{"rendered":"http:\/\/lycee-rontaunay.ac-reunion.fr\/?page_id=4505"},"modified":"2023-10-04T09:52:23","modified_gmt":"2023-10-04T05:52:23","slug":"bts-professions-immobilieres","status":"publish","type":"page","link":"https:\/\/etab.ac-reunion.fr\/lyc-rontaunay\/bts-professions-immobilieres\/","title":{"rendered":"BTS Professions Immobili\u00e8res"},"content":{"rendered":"[et_pb_section fb_built=\u00a0\u00bb1&Prime; _builder_version=\u00a0\u00bb4.16&Prime; global_colors_info=\u00a0\u00bb{}\u00a0\u00bb][et_pb_row _builder_version=\u00a0\u00bb4.16&Prime; global_colors_info=\u00a0\u00bb{}\u00a0\u00bb][et_pb_column type=\u00a0\u00bb4_4&Prime; _builder_version=\u00a0\u00bb4.16&Prime; global_colors_info=\u00a0\u00bb{}\u00a0\u00bb][et_pb_image src=\u00a0\u00bbhttps:\/\/etab.ac-reunion.fr\/lyc-rontaunay\/wp-content\/uploads\/sites\/34\/2020\/05\/BTS-PI.png\u00a0\u00bb title_text=\u00a0\u00bbBTS PI\u00a0\u00bb align=\u00a0\u00bbcenter\u00a0\u00bb _builder_version=\u00a0\u00bb4.16&Prime; border_width_all=\u00a0\u00bb1px\u00a0\u00bb border_color_all=\u00a0\u00bb#000000&Prime; global_colors_info=\u00a0\u00bb{}\u00a0\u00bb][\/et_pb_image][\/et_pb_column][\/et_pb_row][et_pb_row column_structure=\u00a0\u00bb1_2,1_2&Prime; _builder_version=\u00a0\u00bb4.16&Prime; _module_preset=\u00a0\u00bbdefault\u00a0\u00bb global_colors_info=\u00a0\u00bb{}\u00a0\u00bb][et_pb_column type=\u00a0\u00bb1_2&Prime; _builder_version=\u00a0\u00bb4.16&Prime; _module_preset=\u00a0\u00bbdefault\u00a0\u00bb global_colors_info=\u00a0\u00bb{}\u00a0\u00bb][et_pb_button button_url=\u00a0\u00bbhttps:\/\/ec.europa.eu\/education\/ects\/users-guide\/credit-mobility_fr.htm\u00a0\u00bb button_text=\u00a0\u00bb+ D&rsquo;INFOS\u00a0\u00bb button_alignment=\u00a0\u00bbcenter\u00a0\u00bb disabled_on=\u00a0\u00bboff|off|off\u00a0\u00bb _builder_version=\u00a0\u00bb4.16&Prime; custom_button=\u00a0\u00bbon\u00a0\u00bb button_text_size=\u00a0\u00bb54px\u00a0\u00bb button_text_color=\u00a0\u00bbrgba(0,0,0,0)\u00a0\u00bb button_bg_image=\u00a0\u00bbhttps:\/\/etab.ac-reunion.fr\/lyc-rontaunay\/wp-content\/uploads\/sites\/34\/2020\/06\/ECTS-120.jpg\u00a0\u00bb button_bg_size=\u00a0\u00bbcontain\u00a0\u00bb button_border_width=\u00a0\u00bb0px\u00a0\u00bb button_border_color=\u00a0\u00bb#000000&Prime; button_font=\u00a0\u00bb||||||||\u00a0\u00bb background_layout=\u00a0\u00bbdark\u00a0\u00bb animation_style=\u00a0\u00bbflip\u00a0\u00bb locked=\u00a0\u00bboff\u00a0\u00bb global_colors_info=\u00a0\u00bb{}\u00a0\u00bb button_text_color__hover_enabled=\u00a0\u00bbon|hover\u00a0\u00bb button_text_color__hover=\u00a0\u00bb#FFFFFF\u00a0\u00bb][\/et_pb_button][\/et_pb_column][et_pb_column type=\u00a0\u00bb1_2&Prime; _builder_version=\u00a0\u00bb4.16&Prime; _module_preset=\u00a0\u00bbdefault\u00a0\u00bb global_colors_info=\u00a0\u00bb{}\u00a0\u00bb][et_pb_button button_url=\u00a0\u00bbhttps:\/\/etab.ac-reunion.fr\/lyc-rontaunay\/wp-content\/uploads\/sites\/34\/2023\/10\/Rapport-public-PI-2023.pdf\u00a0\u00bb button_text=\u00a0\u00bbRapport public Parcoursup session 2023&Prime; button_alignment=\u00a0\u00bbcenter\u00a0\u00bb disabled_on=\u00a0\u00bboff|off|off\u00a0\u00bb _builder_version=\u00a0\u00bb4.22.2&Prime; _module_preset=\u00a0\u00bbdefault\u00a0\u00bb custom_button=\u00a0\u00bbon\u00a0\u00bb button_text_size=\u00a0\u00bb30px\u00a0\u00bb button_text_color=\u00a0\u00bb#0C71C3&Prime; button_bg_enable_image=\u00a0\u00bboff\u00a0\u00bb button_bg_size=\u00a0\u00bbcontain\u00a0\u00bb button_border_width=\u00a0\u00bb1px\u00a0\u00bb button_border_color=\u00a0\u00bb#000000&Prime; button_font=\u00a0\u00bb||||||||\u00a0\u00bb animation_style=\u00a0\u00bbflip\u00a0\u00bb hover_enabled=\u00a0\u00bb0&Prime; global_colors_info=\u00a0\u00bb{}\u00a0\u00bb button_text_color__hover=\u00a0\u00bb#FFFFFF\u00a0\u00bb button_text_color__hover_enabled=\u00a0\u00bbon|hover\u00a0\u00bb sticky_enabled=\u00a0\u00bb0&Prime;][\/et_pb_button][\/et_pb_column][\/et_pb_row][et_pb_row _builder_version=\u00a0\u00bb4.16&Prime; _module_preset=\u00a0\u00bbdefault\u00a0\u00bb global_colors_info=\u00a0\u00bb{}\u00a0\u00bb][et_pb_column type=\u00a0\u00bb4_4&Prime; _builder_version=\u00a0\u00bb4.16&Prime; _module_preset=\u00a0\u00bbdefault\u00a0\u00bb global_colors_info=\u00a0\u00bb{}\u00a0\u00bb][et_pb_text _builder_version=\u00a0\u00bb4.16&Prime; global_colors_info=\u00a0\u00bb{}\u00a0\u00bb]\n<h3 class=\"ideo-title-block\">\u00c0 savoir<\/h3>\n<div class=\"ezxmltext-field\">\n<p>Le BTS Professions immobili\u00e8res forme des professionnels des services de l&rsquo;immobilier exer\u00e7ant leur activit\u00e9 au sein de cabinets d&rsquo;administration de biens, d&rsquo;agences immobili\u00e8res, d&rsquo;organismes HLM ou de soci\u00e9t\u00e9s de promotions-constructions. Le conseil et le service constituent le socle de leur activit\u00e9 et requi\u00e8rent la mobilisation de nombreuses comp\u00e9tences relationnelles, juridiques, organisationnelles, administratives, commerciales, financi\u00e8res, comptables, fiscales, etc. La transaction immobili\u00e8re vise \u00e0 assurer le conseil et l&rsquo;interm\u00e9diation entre un offreur (vendeur ou bailleur) et un demandeur (acqu\u00e9reur ou locataire) d&rsquo;un bien immobilier. La gestion immobili\u00e8re consiste \u00e0 assurer l&rsquo;administration de biens immobiliers collectifs (gestion de copropri\u00e9t\u00e9) ou priv\u00e9s et publics individuels (gestion locative). Les d\u00e9bouch\u00e9s sont donc vari\u00e9s : n\u00e9gociateur immobilier, gestionnaire de biens locatifs, gestionnaire de copropri\u00e9t\u00e9, comptable de copropri\u00e9t\u00e9, etc. Avec de l&rsquo;exp\u00e9rience, le titulaire de ce BTS peut aussi devenir chef d&rsquo;entreprise par la cr\u00e9ation ou la reprise d&rsquo;une agence ou d&rsquo;un cabinet d&rsquo;administration de biens (syndic de copropri\u00e9t\u00e9, gestion locative).<\/p>\n<\/div>\n<p>&nbsp;<\/p>\n<h2 class=\"ideo-title-block\">Les attendus Parcoursup<\/h2>\n<div class=\"ezxmltext-field\">\n<h5>ATTENDUS NATIONAUX DE LA PLATEFORME D&rsquo;INSCRIPTION DANS L&rsquo;ENSEIGNEMENT SUP\u00c9RIEUR PARCOURSUP<\/h5>\n<ul>\n<li>S&rsquo;int\u00e9resser au secteur de l&rsquo;immobilier<\/li>\n<li>Disposer de comp\u00e9tences relationnelles propres aux m\u00e9tiers des services et de la relation client<\/li>\n<li>Disposer de comp\u00e9tences en mati\u00e8re de communication \u00e9crite et orale<\/li>\n<li>Disposer de comp\u00e9tences d&rsquo;analyse et d&rsquo;\u00e9valuation de biens<\/li>\n<li>Etre capable de s&rsquo;engager dans un travail collaboratif et de travailler en \u00e9quipe<\/li>\n<li>Disposer de capacit\u00e9s d&rsquo;organisation et d&rsquo;autonomie<\/li>\n<\/ul>\n<\/div>\n<h2 class=\"ideo-title-block\">Les admissions<\/h2>\n<div class=\"ezxmltext-field\">\n<p>Le BTS professions immobili\u00e8res est accessible \u00e0 tout titulaire d&rsquo;un baccalaur\u00e9at : bac STMG, bac g\u00e9n\u00e9ral, bac pro gestion-administration, bac pro commerce. Acc\u00e8s sur dossier, voire tests et\/ou entretien.<\/p>\n<\/div>\n<p>&nbsp;<\/p>\n<h2 class=\"ideo-title-block\">Les poursuites d&rsquo;\u00e9tudes<\/h2>\n<div class=\"ezxmltext-field\">\n<p>La finalit\u00e9 du BTS Professions immobili\u00e8res est l&rsquo;insertion professionnelle. Cependant avec un bon dossier ou une mention \u00e0 l&rsquo;examen, il est possible de poursuivre en licence professionnelle du domaine immobilier ou en \u00e9cole sp\u00e9cialis\u00e9e.<\/p>\n<\/div>\n<div class=\"ideo-label formation\">\u00a0Exemple de formation possible<\/div>\n<ul class=\"formation\">\n<li><a href=\"http:\/\/www.onisep.fr\/Ressources\/Univers-Formation\/Formations\/Post-bac\/Responsable-de-programmes-immobiliers\">Responsable de programmes immobiliers<\/a><\/li>\n<\/ul>\n[\/et_pb_text][\/et_pb_column][\/et_pb_row][et_pb_row _builder_version=\u00a0\u00bb4.16&Prime; _module_preset=\u00a0\u00bbdefault\u00a0\u00bb global_colors_info=\u00a0\u00bb{}\u00a0\u00bb][et_pb_column type=\u00a0\u00bb4_4&Prime; _builder_version=\u00a0\u00bb4.16&Prime; _module_preset=\u00a0\u00bbdefault\u00a0\u00bb global_colors_info=\u00a0\u00bb{}\u00a0\u00bb][et_pb_video src=\u00a0\u00bbhttps:\/\/youtu.be\/HLdo_Zam7qg\u00a0\u00bb _builder_version=\u00a0\u00bb4.16&Prime; _module_preset=\u00a0\u00bbdefault\u00a0\u00bb global_colors_info=\u00a0\u00bb{}\u00a0\u00bb][\/et_pb_video][\/et_pb_column][\/et_pb_row][\/et_pb_section]\n<!-- AddThis Advanced Settings generic via filter on the_content --><!-- AddThis Share Buttons generic via filter on the_content -->","protected":false},"excerpt":{"rendered":"<p>\u00c0 savoir Le BTS Professions immobili\u00e8res forme des professionnels des services de l&rsquo;immobilier exer\u00e7ant leur activit\u00e9 au sein de cabinets d&rsquo;administration de biens, d&rsquo;agences immobili\u00e8res, d&rsquo;organismes HLM ou de soci\u00e9t\u00e9s [&hellip;]<\/p>\n<p><!-- AddThis Advanced Settings generic via filter on get_the_excerpt --><!-- AddThis Share Buttons generic via filter on get_the_excerpt --><\/p>\n","protected":false},"author":17465,"featured_media":0,"parent":0,"menu_order":0,"comment_status":"closed","ping_status":"closed","template":"","meta":{"_et_pb_use_builder":"on","_et_pb_old_content":"","_et_gb_content_width":"","footnotes":"","_links_to":"","_links_to_target":""},"class_list":["post-4505","page","type-page","status-publish","hentry"],"_links":{"self":[{"href":"https:\/\/etab.ac-reunion.fr\/lyc-rontaunay\/wp-json\/wp\/v2\/pages\/4505","targetHints":{"allow":["GET"]}}],"collection":[{"href":"https:\/\/etab.ac-reunion.fr\/lyc-rontaunay\/wp-json\/wp\/v2\/pages"}],"about":[{"href":"https:\/\/etab.ac-reunion.fr\/lyc-rontaunay\/wp-json\/wp\/v2\/types\/page"}],"author":[{"embeddable":true,"href":"https:\/\/etab.ac-reunion.fr\/lyc-rontaunay\/wp-json\/wp\/v2\/users\/17465"}],"replies":[{"embeddable":true,"href":"https:\/\/etab.ac-reunion.fr\/lyc-rontaunay\/wp-json\/wp\/v2\/comments?post=4505"}],"version-history":[{"count":7,"href":"https:\/\/etab.ac-reunion.fr\/lyc-rontaunay\/wp-json\/wp\/v2\/pages\/4505\/revisions"}],"predecessor-version":[{"id":7114,"href":"https:\/\/etab.ac-reunion.fr\/lyc-rontaunay\/wp-json\/wp\/v2\/pages\/4505\/revisions\/7114"}],"wp:attachment":[{"href":"https:\/\/etab.ac-reunion.fr\/lyc-rontaunay\/wp-json\/wp\/v2\/media?parent=4505"}],"curies":[{"name":"wp","href":"https:\/\/api.w.org\/{rel}","templated":true}]}}