{"id":4589,"date":"2020-06-12T15:00:22","date_gmt":"2020-06-12T11:00:22","guid":{"rendered":"http:\/\/lycee-rontaunay.ac-reunion.fr\/?page_id=4589"},"modified":"2021-04-21T08:25:49","modified_gmt":"2021-04-21T04:25:49","slug":"espace-parents","status":"publish","type":"page","link":"https:\/\/etab.ac-reunion.fr\/lyc-rontaunay\/espace-parents\/","title":{"rendered":"Espace Parents"},"content":{"rendered":"[et_pb_section fb_built=\u00a0\u00bb1&Prime; _builder_version=\u00a0\u00bb4.4.8&Prime;][et_pb_row column_structure=\u00a0\u00bb1_3,1_3,1_3&Prime; _builder_version=\u00a0\u00bb4.5.7&Prime;][et_pb_column type=\u00a0\u00bb1_3&Prime; _builder_version=\u00a0\u00bb4.4.8&Prime;][et_pb_blurb image=\u00a0\u00bbhttps:\/\/etab.ac-reunion.fr\/lyc-rontaunay\/wp-content\/uploads\/sites\/34\/2020\/06\/logo-metice-e1591959002164.jpg\u00a0\u00bb _builder_version=\u00a0\u00bb4.5.7&Prime; link_option_url=\u00a0\u00bbhttp:\/\/metice.ac-reunion.fr\/\u00a0\u00bb border_width_all=\u00a0\u00bb1px\u00a0\u00bb border_color_all=\u00a0\u00bb#b3b3b3&Prime; locked=\u00a0\u00bboff\u00a0\u00bb]\n<p style=\"text-align: center\"><b>Acc\u00e8s<\/b><strong>\u00a0\u00e0 METICE<\/strong><\/p>\n[\/et_pb_blurb][et_pb_blurb title=\u00a0\u00bbEduConnect\u00a0\u00bb url=\u00a0\u00bbhttps:\/\/etab.ac-reunion.fr\/lyc-rontaunay\/educonnect\/\u00a0\u00bb _builder_version=\u00a0\u00bb4.9.4&Prime; _module_preset=\u00a0\u00bbdefault\u00a0\u00bb max_height=\u00a0\u00bb508px\u00a0\u00bb animation_style=\u00a0\u00bbflip\u00a0\u00bb hover_enabled=\u00a0\u00bb0&Prime; border_width_all=\u00a0\u00bb1px\u00a0\u00bb border_color_all=\u00a0\u00bb#b3b3b3&Prime; border_width_all_image=\u00a0\u00bb1px\u00a0\u00bb link_option_url=\u00a0\u00bbhttps:\/\/etab.ac-reunion.fr\/lyc-rontaunay\/educonnect\/\u00a0\u00bb sticky_enabled=\u00a0\u00bb0&Prime;]\n<p><img loading=\"lazy\" decoding=\"async\" class=\"wp-image-4994 alignnone size-medium\" src=\"https:\/\/etab.ac-reunion.fr\/lyc-rontaunay\/wp-content\/uploads\/sites\/34\/2020\/08\/4-infographie-parent-227x300.jpg\" alt=\"\" width=\"227\" height=\"300\" srcset=\"https:\/\/etab.ac-reunion.fr\/lyc-rontaunay\/wp-content\/uploads\/sites\/34\/2020\/08\/4-infographie-parent-227x300.jpg 227w, https:\/\/etab.ac-reunion.fr\/lyc-rontaunay\/wp-content\/uploads\/sites\/34\/2020\/08\/4-infographie-parent-774x1024.jpg 774w, https:\/\/etab.ac-reunion.fr\/lyc-rontaunay\/wp-content\/uploads\/sites\/34\/2020\/08\/4-infographie-parent-768x1016.jpg 768w, https:\/\/etab.ac-reunion.fr\/lyc-rontaunay\/wp-content\/uploads\/sites\/34\/2020\/08\/4-infographie-parent-1161x1536.jpg 1161w, https:\/\/etab.ac-reunion.fr\/lyc-rontaunay\/wp-content\/uploads\/sites\/34\/2020\/08\/4-infographie-parent-1548x2048.jpg 1548w, https:\/\/etab.ac-reunion.fr\/lyc-rontaunay\/wp-content\/uploads\/sites\/34\/2020\/08\/4-infographie-parent-1080x1428.jpg 1080w, https:\/\/etab.ac-reunion.fr\/lyc-rontaunay\/wp-content\/uploads\/sites\/34\/2020\/08\/4-infographie-parent-1280x1693.jpg 1280w, https:\/\/etab.ac-reunion.fr\/lyc-rontaunay\/wp-content\/uploads\/sites\/34\/2020\/08\/4-infographie-parent-980x1296.jpg 980w, https:\/\/etab.ac-reunion.fr\/lyc-rontaunay\/wp-content\/uploads\/sites\/34\/2020\/08\/4-infographie-parent-480x635.jpg 480w, https:\/\/etab.ac-reunion.fr\/lyc-rontaunay\/wp-content\/uploads\/sites\/34\/2020\/08\/4-infographie-parent-scaled.jpg 1936w\" sizes=\"(max-width: 227px) 100vw, 227px\" \/><\/p>\n[\/et_pb_blurb][et_pb_blurb image=\u00a0\u00bbhttps:\/\/etab.ac-reunion.fr\/lyc-rontaunay\/wp-content\/uploads\/sites\/34\/2020\/06\/service-social-e1591958550990.png\u00a0\u00bb _builder_version=\u00a0\u00bb4.4.8&Prime; link_option_url=\u00a0\u00bbhttps:\/\/etab.ac-reunion.fr\/lyc-rontaunay\/service-social\/\u00a0\u00bb border_width_all=\u00a0\u00bb1px\u00a0\u00bb border_color_all=\u00a0\u00bb#b3b3b3&Prime; locked=\u00a0\u00bboff\u00a0\u00bb]\n<p style=\"text-align: center\"><strong>Service social<\/strong><\/p>\n[\/et_pb_blurb][\/et_pb_column][et_pb_column type=\u00a0\u00bb1_3&Prime; _builder_version=\u00a0\u00bb4.4.8&Prime;][et_pb_blurb image=\u00a0\u00bbhttps:\/\/etab.ac-reunion.fr\/lyc-rontaunay\/wp-content\/uploads\/sites\/34\/2020\/06\/LOGO-cafedesparents-ORANGE-e1591959252893.jpg\u00a0\u00bb _builder_version=\u00a0\u00bb4.4.8&Prime; link_option_url=\u00a0\u00bbhttps:\/\/etab.ac-reunion.fr\/lyc-rontaunay\/le-cafe-des-parents-du-lycee-julien-de-rontaunay\/\u00a0\u00bb border_width_all=\u00a0\u00bb1px\u00a0\u00bb border_color_all=\u00a0\u00bb#b3b3b3&Prime; locked=\u00a0\u00bboff\u00a0\u00bb]\n<p style=\"text-align: center\"><strong>Le caf\u00e9 des parents<\/strong><\/p>\n[\/et_pb_blurb][et_pb_blurb image=\u00a0\u00bbhttps:\/\/etab.ac-reunion.fr\/lyc-rontaunay\/wp-content\/uploads\/sites\/34\/2020\/06\/Infirmerie-480&#215;300-1-e1591958119525.jpg\u00a0\u00bb _builder_version=\u00a0\u00bb4.4.8&Prime; link_option_url=\u00a0\u00bbhttps:\/\/etab.ac-reunion.fr\/lyc-rontaunay\/infirmerie\/\u00a0\u00bb border_width_all=\u00a0\u00bb1px\u00a0\u00bb border_color_all=\u00a0\u00bb#b3b3b3&Prime; locked=\u00a0\u00bboff\u00a0\u00bb]\n<p style=\"text-align: center\"><strong>Infirmerie<\/strong><\/p>\n[\/et_pb_blurb][\/et_pb_column][et_pb_column type=\u00a0\u00bb1_3&Prime; _builder_version=\u00a0\u00bb4.4.8&Prime;][et_pb_blurb image=\u00a0\u00bbhttps:\/\/etab.ac-reunion.fr\/lyc-rontaunay\/wp-content\/uploads\/sites\/34\/2020\/06\/vie-scolaire.png\u00a0\u00bb _builder_version=\u00a0\u00bb4.5.7&Prime; link_option_url=\u00a0\u00bbhttps:\/\/etab.ac-reunion.fr\/lyc-rontaunay\/la-vie-scolaire\/\u00a0\u00bb border_width_all=\u00a0\u00bb1px\u00a0\u00bb border_color_all=\u00a0\u00bb#b3b3b3&Prime; locked=\u00a0\u00bboff\u00a0\u00bb]\n<p style=\"text-align: center\"><strong>La vie scolaire<\/strong><\/p>\n[\/et_pb_blurb][et_pb_blurb image=\u00a0\u00bbhttps:\/\/etab.ac-reunion.fr\/lyc-rontaunay\/wp-content\/uploads\/sites\/34\/2020\/06\/f\u00e9d\u00e9ration-parent-\u00e9l\u00e8ves-e1591959532548.jpg\u00a0\u00bb _builder_version=\u00a0\u00bb4.5.7&Prime; link_option_url=\u00a0\u00bbhttps:\/\/etab.ac-reunion.fr\/lyc-rontaunay\/federation-des-parents-deleves\/\u00a0\u00bb border_width_all=\u00a0\u00bb1px\u00a0\u00bb border_color_all=\u00a0\u00bb#b3b3b3&Prime; locked=\u00a0\u00bboff\u00a0\u00bb]\n<p style=\"text-align: center\"><strong>F\u00e9d\u00e9ration des parents d&rsquo;\u00e9l\u00e8ves<\/strong><\/p>\n[\/et_pb_blurb][\/et_pb_column][\/et_pb_row][\/et_pb_section]\n<!-- AddThis Advanced Settings generic via filter on the_content --><!-- AddThis Share Buttons generic via filter on the_content -->","protected":false},"excerpt":{"rendered":"<p>Acc\u00e8s\u00a0\u00e0 METICEService socialLe caf\u00e9 des parentsInfirmerieLa vie scolaireF\u00e9d\u00e9ration des parents d&rsquo;\u00e9l\u00e8ves<\/p>\n<p><!-- AddThis Advanced Settings generic via filter on get_the_excerpt --><!-- AddThis Share Buttons generic via filter on get_the_excerpt --><\/p>\n","protected":false},"author":17465,"featured_media":0,"parent":0,"menu_order":0,"comment_status":"closed","ping_status":"closed","template":"","meta":{"_et_pb_use_builder":"on","_et_pb_old_content":"","_et_gb_content_width":"","footnotes":"","_links_to":"","_links_to_target":""},"class_list":["post-4589","page","type-page","status-publish","hentry"],"_links":{"self":[{"href":"https:\/\/etab.ac-reunion.fr\/lyc-rontaunay\/wp-json\/wp\/v2\/pages\/4589","targetHints":{"allow":["GET"]}}],"collection":[{"href":"https:\/\/etab.ac-reunion.fr\/lyc-rontaunay\/wp-json\/wp\/v2\/pages"}],"about":[{"href":"https:\/\/etab.ac-reunion.fr\/lyc-rontaunay\/wp-json\/wp\/v2\/types\/page"}],"author":[{"embeddable":true,"href":"https:\/\/etab.ac-reunion.fr\/lyc-rontaunay\/wp-json\/wp\/v2\/users\/17465"}],"replies":[{"embeddable":true,"href":"https:\/\/etab.ac-reunion.fr\/lyc-rontaunay\/wp-json\/wp\/v2\/comments?post=4589"}],"version-history":[{"count":14,"href":"https:\/\/etab.ac-reunion.fr\/lyc-rontaunay\/wp-json\/wp\/v2\/pages\/4589\/revisions"}],"predecessor-version":[{"id":5777,"href":"https:\/\/etab.ac-reunion.fr\/lyc-rontaunay\/wp-json\/wp\/v2\/pages\/4589\/revisions\/5777"}],"wp:attachment":[{"href":"https:\/\/etab.ac-reunion.fr\/lyc-rontaunay\/wp-json\/wp\/v2\/media?parent=4589"}],"curies":[{"name":"wp","href":"https:\/\/api.w.org\/{rel}","templated":true}]}}