{"id":4841,"date":"2020-06-25T09:17:59","date_gmt":"2020-06-25T05:17:59","guid":{"rendered":"http:\/\/lycee-rontaunay.ac-reunion.fr\/?page_id=4841"},"modified":"2021-06-22T15:56:58","modified_gmt":"2021-06-22T11:56:58","slug":"tenue-pro-cap-aepe","status":"publish","type":"page","link":"https:\/\/etab.ac-reunion.fr\/lyc-rontaunay\/tenue-pro-cap-aepe\/","title":{"rendered":"Tenue Pro CAP AEPE"},"content":{"rendered":"[et_pb_section fb_built=\u00a0\u00bb1&Prime; _builder_version=\u00a0\u00bb4.4.8&Prime;][et_pb_row _builder_version=\u00a0\u00bb4.4.8&Prime;][et_pb_column type=\u00a0\u00bb4_4&Prime; _builder_version=\u00a0\u00bb4.4.8&Prime;][et_pb_text _builder_version=\u00a0\u00bb4.4.8&Prime; text_font=\u00a0\u00bb||||on|||#0C71C3|\u00a0\u00bb text_text_color=\u00a0\u00bb#0C71C3&Prime; text_font_size=\u00a0\u00bb28px\u00a0\u00bb text_line_height=\u00a0\u00bb1.8em\u00a0\u00bb]\n<p style=\"text-align: center\"><strong>Tenue Professionnel obligatoire rentr\u00e9e 2021<\/strong><\/p>\n<p style=\"text-align: center\"><strong>CAP AEPE<\/strong><\/p>\n[\/et_pb_text][et_pb_text _builder_version=\u00a0\u00bb4.4.8&Prime; text_font_size=\u00a0\u00bb20px\u00a0\u00bb]\n<p><strong><em>L&rsquo;\u00e9l\u00e8ve n&rsquo;ayant pas sa tenue professionnelle sera refus\u00e9 en cours<\/em><\/strong><\/p>\n<p>TP SOINS\u00a0:<\/p>\n<ul>\n<li>1 paire de ballerines\u00a0blanches en toile<\/li>\n<li>1 tunique blanche manches courtes<\/li>\n<li>1 pantalon blanc<\/li>\n<li>1 tee-shirt ample blanc long \u00e0 manches courtes. (Le tout en coton, ne pas prendre trop \u00e9troit).<\/li>\n<\/ul>\n<p>&nbsp;<\/p>\n<p>TP Alimentation et entretien\u00a0:<\/p>\n<p>&nbsp;<\/p>\n<ul>\n<li>1 pantalon blanc en coton \u00e9lastiqu\u00e9 \u00e0 la taille<\/li>\n<li>1 tunique blanche sans bouton<\/li>\n<li>1 paire de sandales blanches coton semelle caoutchouc<\/li>\n<li>1 blouse blanche en coton, manches courtes<\/li>\n<li>1 tee-shirt blanc<\/li>\n<li>1 paire de sabots blancs de cuisine, ferm\u00e9es devant (Sabot de s\u00e9curit\u00e9 de cuisine l\u00e9ger (230 gr), Coquille composite, Bride arri\u00e8re pivotante, Semelle ext\u00e9rieure tr\u00e8s antid\u00e9rapante, Talon avec absorbeur de chocs<\/li>\n<li>2 paires de socquettes<\/li>\n<\/ul>\n[\/et_pb_text][\/et_pb_column][\/et_pb_row][\/et_pb_section]\n<!-- AddThis Advanced Settings generic via filter on the_content --><!-- AddThis Share Buttons generic via filter on the_content -->","protected":false},"excerpt":{"rendered":"<p>Tenue Professionnel obligatoire rentr\u00e9e 2021 CAP AEPEL&rsquo;\u00e9l\u00e8ve n&rsquo;ayant pas sa tenue professionnelle sera refus\u00e9 en cours TP SOINS\u00a0: 1 paire de ballerines\u00a0blanches en toile 1 tunique blanche manches courtes 1 [&hellip;]<\/p>\n<p><!-- AddThis Advanced Settings generic via filter on get_the_excerpt --><!-- AddThis Share Buttons generic via filter on get_the_excerpt --><\/p>\n","protected":false},"author":17465,"featured_media":0,"parent":0,"menu_order":0,"comment_status":"closed","ping_status":"closed","template":"","meta":{"_et_pb_use_builder":"on","_et_pb_old_content":"","_et_gb_content_width":"","footnotes":"","_links_to":"","_links_to_target":""},"class_list":["post-4841","page","type-page","status-publish","hentry"],"_links":{"self":[{"href":"https:\/\/etab.ac-reunion.fr\/lyc-rontaunay\/wp-json\/wp\/v2\/pages\/4841","targetHints":{"allow":["GET"]}}],"collection":[{"href":"https:\/\/etab.ac-reunion.fr\/lyc-rontaunay\/wp-json\/wp\/v2\/pages"}],"about":[{"href":"https:\/\/etab.ac-reunion.fr\/lyc-rontaunay\/wp-json\/wp\/v2\/types\/page"}],"author":[{"embeddable":true,"href":"https:\/\/etab.ac-reunion.fr\/lyc-rontaunay\/wp-json\/wp\/v2\/users\/17465"}],"replies":[{"embeddable":true,"href":"https:\/\/etab.ac-reunion.fr\/lyc-rontaunay\/wp-json\/wp\/v2\/comments?post=4841"}],"version-history":[{"count":9,"href":"https:\/\/etab.ac-reunion.fr\/lyc-rontaunay\/wp-json\/wp\/v2\/pages\/4841\/revisions"}],"predecessor-version":[{"id":5815,"href":"https:\/\/etab.ac-reunion.fr\/lyc-rontaunay\/wp-json\/wp\/v2\/pages\/4841\/revisions\/5815"}],"wp:attachment":[{"href":"https:\/\/etab.ac-reunion.fr\/lyc-rontaunay\/wp-json\/wp\/v2\/media?parent=4841"}],"curies":[{"name":"wp","href":"https:\/\/api.w.org\/{rel}","templated":true}]}}