{"id":4857,"date":"2020-06-25T09:22:52","date_gmt":"2020-06-25T05:22:52","guid":{"rendered":"http:\/\/lycee-rontaunay.ac-reunion.fr\/?page_id=4857"},"modified":"2021-06-22T15:55:42","modified_gmt":"2021-06-22T11:55:42","slug":"tenue-pro-cap-atmfc","status":"publish","type":"page","link":"https:\/\/etab.ac-reunion.fr\/lyc-rontaunay\/tenue-pro-cap-atmfc\/","title":{"rendered":"Tenue Pro CAP ATMFC"},"content":{"rendered":"[et_pb_section fb_built=\u00a0\u00bb1&Prime; _builder_version=\u00a0\u00bb4.4.8&Prime; locked=\u00a0\u00bboff\u00a0\u00bb][et_pb_row _builder_version=\u00a0\u00bb4.4.8&Prime;][et_pb_column type=\u00a0\u00bb4_4&Prime; _builder_version=\u00a0\u00bb4.4.8&Prime;][et_pb_text _builder_version=\u00a0\u00bb4.4.8&Prime; text_font=\u00a0\u00bb||||on|||#0C71C3|\u00a0\u00bb text_text_color=\u00a0\u00bb#0C71C3&Prime; text_font_size=\u00a0\u00bb28px\u00a0\u00bb text_line_height=\u00a0\u00bb1.8em\u00a0\u00bb]\n<p style=\"text-align: center\"><strong>Tenue Professionnel obligatoire rentr\u00e9e 2021<\/strong><\/p>\n<p style=\"text-align: center\"><strong>CAP ATMFC<\/strong><\/p>\n[\/et_pb_text][et_pb_text _builder_version=\u00a0\u00bb4.4.8&Prime; text_font_size=\u00a0\u00bb20px\u00a0\u00bb]\n<p><strong><em>L&rsquo;\u00e9l\u00e8ve n&rsquo;ayant pas sa tenue professionnelle sera refus\u00e9 en cours<\/em><\/strong><\/p>\n<p><strong>\u00a0<\/strong><\/p>\n<p><strong>Pour la cuisine : <\/strong><\/p>\n<ul>\n<li><strong>1 blouse blanche \u00e0 manches courtes<\/strong><\/li>\n<li><strong>1 paire de mocassins blancs de s\u00e9curit\u00e9<\/strong><\/li>\n<li><strong>1 polo blanc<\/strong><\/li>\n<li><strong>2 vestes de cuisine blanches<\/strong><\/li>\n<li><strong>1 pantalon de cuisine pied de poule<\/strong><\/li>\n<li><strong>1 paire de bottes blanches.<\/strong><\/li>\n<\/ul>\n<p><strong>\u00a0<\/strong><\/p>\n<p><strong>Pour l&rsquo;entretien du linge :<\/strong><\/p>\n<p>&nbsp;<\/p>\n<ul>\n<li><strong>1 blouse blanche \u00e0 manches courtes<\/strong><\/li>\n<li><strong>1 paire de mocassins blancs de s\u00e9curit\u00e9<\/strong><\/li>\n<li><strong>1 trousse de couture compl\u00e8te.<\/strong><\/li>\n<\/ul>\n[\/et_pb_text][\/et_pb_column][\/et_pb_row][\/et_pb_section]\n<!-- AddThis Advanced Settings generic via filter on the_content --><!-- AddThis Share Buttons generic via filter on the_content -->","protected":false},"excerpt":{"rendered":"<p>Tenue Professionnel obligatoire rentr\u00e9e 2021 CAP ATMFCL&rsquo;\u00e9l\u00e8ve n&rsquo;ayant pas sa tenue professionnelle sera refus\u00e9 en cours \u00a0 Pour la cuisine : 1 blouse blanche \u00e0 manches courtes 1 paire de [&hellip;]<\/p>\n<p><!-- AddThis Advanced Settings generic via filter on get_the_excerpt --><!-- AddThis Share Buttons generic via filter on get_the_excerpt --><\/p>\n","protected":false},"author":17465,"featured_media":0,"parent":0,"menu_order":0,"comment_status":"closed","ping_status":"closed","template":"","meta":{"_et_pb_use_builder":"on","_et_pb_old_content":"","_et_gb_content_width":"","footnotes":"","_links_to":"","_links_to_target":""},"class_list":["post-4857","page","type-page","status-publish","hentry"],"_links":{"self":[{"href":"https:\/\/etab.ac-reunion.fr\/lyc-rontaunay\/wp-json\/wp\/v2\/pages\/4857","targetHints":{"allow":["GET"]}}],"collection":[{"href":"https:\/\/etab.ac-reunion.fr\/lyc-rontaunay\/wp-json\/wp\/v2\/pages"}],"about":[{"href":"https:\/\/etab.ac-reunion.fr\/lyc-rontaunay\/wp-json\/wp\/v2\/types\/page"}],"author":[{"embeddable":true,"href":"https:\/\/etab.ac-reunion.fr\/lyc-rontaunay\/wp-json\/wp\/v2\/users\/17465"}],"replies":[{"embeddable":true,"href":"https:\/\/etab.ac-reunion.fr\/lyc-rontaunay\/wp-json\/wp\/v2\/comments?post=4857"}],"version-history":[{"count":5,"href":"https:\/\/etab.ac-reunion.fr\/lyc-rontaunay\/wp-json\/wp\/v2\/pages\/4857\/revisions"}],"predecessor-version":[{"id":5813,"href":"https:\/\/etab.ac-reunion.fr\/lyc-rontaunay\/wp-json\/wp\/v2\/pages\/4857\/revisions\/5813"}],"wp:attachment":[{"href":"https:\/\/etab.ac-reunion.fr\/lyc-rontaunay\/wp-json\/wp\/v2\/media?parent=4857"}],"curies":[{"name":"wp","href":"https:\/\/api.w.org\/{rel}","templated":true}]}}