{"id":4868,"date":"2020-06-25T09:33:20","date_gmt":"2020-06-25T05:33:20","guid":{"rendered":"http:\/\/lycee-rontaunay.ac-reunion.fr\/?page_id=4868"},"modified":"2021-06-22T15:57:59","modified_gmt":"2021-06-22T11:57:59","slug":"tenue-bac-pro-assp","status":"publish","type":"page","link":"https:\/\/etab.ac-reunion.fr\/lyc-rontaunay\/tenue-bac-pro-assp\/","title":{"rendered":"Tenue BAC  PRO ASSP"},"content":{"rendered":"[et_pb_section fb_built=\u00a0\u00bb1&Prime; _builder_version=\u00a0\u00bb4.4.8&Prime; locked=\u00a0\u00bboff\u00a0\u00bb][et_pb_row _builder_version=\u00a0\u00bb4.4.8&Prime;][et_pb_column type=\u00a0\u00bb4_4&Prime; _builder_version=\u00a0\u00bb4.4.8&Prime;][et_pb_text _builder_version=\u00a0\u00bb4.4.8&Prime; text_font=\u00a0\u00bb||||on|||#0C71C3|\u00a0\u00bb text_text_color=\u00a0\u00bb#0C71C3&Prime; text_font_size=\u00a0\u00bb28px\u00a0\u00bb text_line_height=\u00a0\u00bb1.8em\u00a0\u00bb]\n<p style=\"text-align: center\"><strong>Tenue Professionnel obligatoire rentr\u00e9e 2021<\/strong><\/p>\n<p style=\"text-align: center\"><strong>BAC PRO ASSP<\/strong><\/p>\n[\/et_pb_text][et_pb_text _builder_version=\u00a0\u00bb4.4.8&Prime; text_font_size=\u00a0\u00bb20px\u00a0\u00bb]\n<p><strong><em>L&rsquo;\u00e9l\u00e8ve n&rsquo;ayant pas sa tenue professionnelle sera refus\u00e9 en cours<\/em><\/strong><\/p>\n<p>&nbsp;<\/p>\n<p><strong>\u00a0<\/strong><strong>&#8211; TP SOINS\u00a0:<\/strong><\/p>\n<ul>\n<li>2 tuniques blanches \u00e0 manches courtes<\/li>\n<li>2 pantalons blancs (type infirmier dans magasin sp\u00e9cialis\u00e9)<\/li>\n<li>1 paire de tennis blanches en toile.<\/li>\n<li>\u00a0<\/li>\n<\/ul>\n<p><strong>&#8211; TP collation\u00a0:<\/strong><\/p>\n<p>&nbsp;<\/p>\n<ul>\n<li>1 blouse blanche manches courtes<\/li>\n<li>1 pantalon blanc<\/li>\n<li>1 tunique blanche sans boutons<\/li>\n<li>1 paire de chaussures de s\u00e9curit\u00e9 blancs secteur agroalimentaire ou bien 1 paire de sabot de s\u00e9curit\u00e9 cuisine blanc.<\/li>\n<\/ul>\n[\/et_pb_text][\/et_pb_column][\/et_pb_row][et_pb_row column_structure=\u00a0\u00bb1_2,1_2&Prime; _builder_version=\u00a0\u00bb4.4.8&Prime;][et_pb_column type=\u00a0\u00bb1_2&Prime; _builder_version=\u00a0\u00bb4.4.8&Prime;][et_pb_image src=\u00a0\u00bbhttps:\/\/etab.ac-reunion.fr\/lyc-rontaunay\/wp-content\/uploads\/sites\/34\/2020\/06\/chaussures-de-securite-pour-l-agroalimentaire-x0500-000068024-product_zoom-ASSP.jpg\u00a0\u00bb title_text=\u00a0\u00bbchaussures-de-securite-pour-l-agroalimentaire-x0500-000068024-product_zoom ASSP\u00a0\u00bb _builder_version=\u00a0\u00bb4.4.8&Prime; border_width_all=\u00a0\u00bb1px\u00a0\u00bb][\/et_pb_image][\/et_pb_column][et_pb_column type=\u00a0\u00bb1_2&Prime; _builder_version=\u00a0\u00bb4.4.8&Prime;][et_pb_image src=\u00a0\u00bbhttps:\/\/etab.ac-reunion.fr\/lyc-rontaunay\/wp-content\/uploads\/sites\/34\/2020\/06\/sabot-de-securite-cuisine-blanc-ASSP.jpg\u00a0\u00bb title_text=\u00a0\u00bbsabot-de-securite-cuisine-blanc ASSP\u00a0\u00bb _builder_version=\u00a0\u00bb4.4.8&Prime; border_width_all=\u00a0\u00bb1px\u00a0\u00bb locked=\u00a0\u00bboff\u00a0\u00bb][\/et_pb_image][\/et_pb_column][\/et_pb_row][\/et_pb_section]\n<!-- AddThis Advanced Settings generic via filter on the_content --><!-- AddThis Share Buttons generic via filter on the_content -->","protected":false},"excerpt":{"rendered":"<p>Tenue Professionnel obligatoire rentr\u00e9e 2021 BAC PRO ASSPL&rsquo;\u00e9l\u00e8ve n&rsquo;ayant pas sa tenue professionnelle sera refus\u00e9 en cours &nbsp; \u00a0&#8211; TP SOINS\u00a0: 2 tuniques blanches \u00e0 manches courtes 2 pantalons blancs [&hellip;]<\/p>\n<p><!-- AddThis Advanced Settings generic via filter on get_the_excerpt --><!-- AddThis Share Buttons generic via filter on get_the_excerpt --><\/p>\n","protected":false},"author":17465,"featured_media":0,"parent":0,"menu_order":0,"comment_status":"closed","ping_status":"closed","template":"","meta":{"_et_pb_use_builder":"on","_et_pb_old_content":"","_et_gb_content_width":"","footnotes":"","_links_to":"","_links_to_target":""},"class_list":["post-4868","page","type-page","status-publish","hentry"],"_links":{"self":[{"href":"https:\/\/etab.ac-reunion.fr\/lyc-rontaunay\/wp-json\/wp\/v2\/pages\/4868","targetHints":{"allow":["GET"]}}],"collection":[{"href":"https:\/\/etab.ac-reunion.fr\/lyc-rontaunay\/wp-json\/wp\/v2\/pages"}],"about":[{"href":"https:\/\/etab.ac-reunion.fr\/lyc-rontaunay\/wp-json\/wp\/v2\/types\/page"}],"author":[{"embeddable":true,"href":"https:\/\/etab.ac-reunion.fr\/lyc-rontaunay\/wp-json\/wp\/v2\/users\/17465"}],"replies":[{"embeddable":true,"href":"https:\/\/etab.ac-reunion.fr\/lyc-rontaunay\/wp-json\/wp\/v2\/comments?post=4868"}],"version-history":[{"count":7,"href":"https:\/\/etab.ac-reunion.fr\/lyc-rontaunay\/wp-json\/wp\/v2\/pages\/4868\/revisions"}],"predecessor-version":[{"id":5817,"href":"https:\/\/etab.ac-reunion.fr\/lyc-rontaunay\/wp-json\/wp\/v2\/pages\/4868\/revisions\/5817"}],"wp:attachment":[{"href":"https:\/\/etab.ac-reunion.fr\/lyc-rontaunay\/wp-json\/wp\/v2\/media?parent=4868"}],"curies":[{"name":"wp","href":"https:\/\/api.w.org\/{rel}","templated":true}]}}