{"id":4878,"date":"2020-06-25T09:35:50","date_gmt":"2020-06-25T05:35:50","guid":{"rendered":"http:\/\/lycee-rontaunay.ac-reunion.fr\/?page_id=4878"},"modified":"2021-06-22T16:01:33","modified_gmt":"2021-06-22T12:01:33","slug":"tenue-2nd-bac-pro-gatl","status":"publish","type":"page","link":"https:\/\/etab.ac-reunion.fr\/lyc-rontaunay\/tenue-2nd-bac-pro-gatl\/","title":{"rendered":"Tenue 2nd BAC PRO GATL"},"content":{"rendered":"[et_pb_section fb_built=\u00a0\u00bb1&Prime; _builder_version=\u00a0\u00bb4.4.8&Prime; locked=\u00a0\u00bboff\u00a0\u00bb][et_pb_row _builder_version=\u00a0\u00bb4.4.8&Prime;][et_pb_column type=\u00a0\u00bb4_4&Prime; _builder_version=\u00a0\u00bb4.4.8&Prime;][et_pb_text _builder_version=\u00a0\u00bb4.4.8&Prime; text_font=\u00a0\u00bb||||on|||#0C71C3|\u00a0\u00bb text_text_color=\u00a0\u00bb#0C71C3&Prime; text_font_size=\u00a0\u00bb28px\u00a0\u00bb text_line_height=\u00a0\u00bb1.8em\u00a0\u00bb]\n<p style=\"text-align: center\"><strong>Tenue Professionnel obligatoire rentr\u00e9e 2021<\/strong><\/p>\n<p style=\"text-align: center\"><strong>2nde BAC PRO GATL<\/strong><\/p>\n[\/et_pb_text][et_pb_text _builder_version=\u00a0\u00bb4.4.8&Prime; text_font_size=\u00a0\u00bb20px\u00a0\u00bb]\n<p><strong><em>L&rsquo;\u00e9l\u00e8ve n&rsquo;ayant pas sa tenue professionnelle sera sanctionn\u00e9.e<\/em><\/strong><\/p>\n<p><strong>\u00a0<\/strong><\/p>\n<p><strong>Pour les gar\u00e7ons<\/strong>\u00a0:<\/p>\n<ul>\n<li>2 chemises blanches<\/li>\n<li>1 pantalon de ville noir (pas de jean noir)<\/li>\n<li>1 paire de chaussures de ville noire (pas de chaussures bateaux)<\/li>\n<li>2 paires de chaussettes de ville noires.<\/li>\n<\/ul>\n<p>&nbsp;<\/p>\n<p><strong>Pour les filles\u00a0:<\/strong><\/p>\n<p>&nbsp;<\/p>\n<ul>\n<li>2 chemisiers unis bleu clair (<u>pas de d\u00e9bardeurs<\/u>)<\/li>\n<li>1 jupe tailleur ou pantalon de ville noir<\/li>\n<li>1 paire de ballerines noire ou d\u2019escarpins (<u>pas de sandales ouvertes<\/u>).<\/li>\n<\/ul>\n[\/et_pb_text][\/et_pb_column][\/et_pb_row][\/et_pb_section]\n<!-- AddThis Advanced Settings generic via filter on the_content --><!-- AddThis Share Buttons generic via filter on the_content -->","protected":false},"excerpt":{"rendered":"<p>Tenue Professionnel obligatoire rentr\u00e9e 2021 2nde BAC PRO GATLL&rsquo;\u00e9l\u00e8ve n&rsquo;ayant pas sa tenue professionnelle sera sanctionn\u00e9.e \u00a0 Pour les gar\u00e7ons\u00a0: 2 chemises blanches 1 pantalon de ville noir (pas de [&hellip;]<\/p>\n<p><!-- AddThis Advanced Settings generic via filter on get_the_excerpt --><!-- AddThis Share Buttons generic via filter on get_the_excerpt --><\/p>\n","protected":false},"author":17465,"featured_media":0,"parent":0,"menu_order":0,"comment_status":"closed","ping_status":"closed","template":"","meta":{"_et_pb_use_builder":"on","_et_pb_old_content":"","_et_gb_content_width":"","footnotes":"","_links_to":"","_links_to_target":""},"class_list":["post-4878","page","type-page","status-publish","hentry"],"_links":{"self":[{"href":"https:\/\/etab.ac-reunion.fr\/lyc-rontaunay\/wp-json\/wp\/v2\/pages\/4878","targetHints":{"allow":["GET"]}}],"collection":[{"href":"https:\/\/etab.ac-reunion.fr\/lyc-rontaunay\/wp-json\/wp\/v2\/pages"}],"about":[{"href":"https:\/\/etab.ac-reunion.fr\/lyc-rontaunay\/wp-json\/wp\/v2\/types\/page"}],"author":[{"embeddable":true,"href":"https:\/\/etab.ac-reunion.fr\/lyc-rontaunay\/wp-json\/wp\/v2\/users\/17465"}],"replies":[{"embeddable":true,"href":"https:\/\/etab.ac-reunion.fr\/lyc-rontaunay\/wp-json\/wp\/v2\/comments?post=4878"}],"version-history":[{"count":5,"href":"https:\/\/etab.ac-reunion.fr\/lyc-rontaunay\/wp-json\/wp\/v2\/pages\/4878\/revisions"}],"predecessor-version":[{"id":5819,"href":"https:\/\/etab.ac-reunion.fr\/lyc-rontaunay\/wp-json\/wp\/v2\/pages\/4878\/revisions\/5819"}],"wp:attachment":[{"href":"https:\/\/etab.ac-reunion.fr\/lyc-rontaunay\/wp-json\/wp\/v2\/media?parent=4878"}],"curies":[{"name":"wp","href":"https:\/\/api.w.org\/{rel}","templated":true}]}}