{"id":4883,"date":"2020-06-25T10:14:57","date_gmt":"2020-06-25T06:14:57","guid":{"rendered":"http:\/\/lycee-rontaunay.ac-reunion.fr\/?page_id=4883"},"modified":"2021-06-22T15:57:29","modified_gmt":"2021-06-22T11:57:29","slug":"tenue-bac-hps","status":"publish","type":"page","link":"https:\/\/etab.ac-reunion.fr\/lyc-rontaunay\/tenue-bac-hps\/","title":{"rendered":"Tenue BAC HPS"},"content":{"rendered":"[et_pb_section fb_built=\u00a0\u00bb1&Prime; _builder_version=\u00a0\u00bb4.4.8&Prime; locked=\u00a0\u00bboff\u00a0\u00bb][et_pb_row _builder_version=\u00a0\u00bb4.4.8&Prime;][et_pb_column type=\u00a0\u00bb4_4&Prime; _builder_version=\u00a0\u00bb4.4.8&Prime;][et_pb_text _builder_version=\u00a0\u00bb4.4.8&Prime; text_font=\u00a0\u00bb||||on|||#0C71C3|\u00a0\u00bb text_text_color=\u00a0\u00bb#0C71C3&Prime; text_font_size=\u00a0\u00bb28px\u00a0\u00bb text_line_height=\u00a0\u00bb1.8em\u00a0\u00bb]\n<p style=\"text-align: center\"><strong>Tenue Professionnel obligatoire rentr\u00e9e 2021<\/strong><\/p>\n<p style=\"text-align: center\"><strong>BAC PRO HPS<\/strong><\/p>\n[\/et_pb_text][et_pb_text _builder_version=\u00a0\u00bb4.4.8&Prime; text_font_size=\u00a0\u00bb20px\u00a0\u00bb]\n<p><strong><em>L&rsquo;\u00e9l\u00e8ve n&rsquo;ayant pas sa tenue professionnelle sera refus\u00e9 en cours<\/em><\/strong><\/p>\n<p>&nbsp;<\/p>\n<ul>\n<li><strong>1 blouse blanche en COTON \u00e0 manches courtes<\/strong><\/li>\n<li><strong>1 tunique blanche \u00e0 enfiler (sans bouton, ni bouton pression) en polyester\/coton manches courtes<\/strong><\/li>\n<li><strong>1 pantalon blanc en polyester\/coton<\/strong><\/li>\n<li><strong>1 paire de sabots blancs type \u00ab\u00a0mediplog\u00a0\u00bb <u>lavable en machine<\/u>.<\/strong><\/li>\n<\/ul>\n<p><strong><u>\u00a0<\/u><\/strong><\/p>\n<p><strong><u>Pour le travail en propret\u00e9 :<\/u><\/strong><\/p>\n<p>&nbsp;<\/p>\n<ul>\n<li><strong>1 paire de chaussures de s\u00e9curit\u00e9<\/strong><\/li>\n<li><strong>2 polos bleus clairs \u00e0 manches courtes<\/strong><\/li>\n<li><strong>2 pantalons gris avec poches sur le cot\u00e9<\/strong><\/li>\n<li><strong>1 paire de gants pour travaux chimiques<\/strong><\/li>\n<li><strong>1 paire de lunettes de s\u00e9curit\u00e9 anti-projection.<\/strong><\/li>\n<\/ul>\n[\/et_pb_text][\/et_pb_column][\/et_pb_row][\/et_pb_section]\n<!-- AddThis Advanced Settings generic via filter on the_content --><!-- AddThis Share Buttons generic via filter on the_content -->","protected":false},"excerpt":{"rendered":"<p>Tenue Professionnel obligatoire rentr\u00e9e 2021 BAC PRO HPSL&rsquo;\u00e9l\u00e8ve n&rsquo;ayant pas sa tenue professionnelle sera refus\u00e9 en cours &nbsp; 1 blouse blanche en COTON \u00e0 manches courtes 1 tunique blanche \u00e0 [&hellip;]<\/p>\n<p><!-- AddThis Advanced Settings generic via filter on get_the_excerpt --><!-- AddThis Share Buttons generic via filter on get_the_excerpt --><\/p>\n","protected":false},"author":17465,"featured_media":0,"parent":0,"menu_order":0,"comment_status":"closed","ping_status":"closed","template":"","meta":{"_et_pb_use_builder":"on","_et_pb_old_content":"","_et_gb_content_width":"","footnotes":"","_links_to":"","_links_to_target":""},"class_list":["post-4883","page","type-page","status-publish","hentry"],"_links":{"self":[{"href":"https:\/\/etab.ac-reunion.fr\/lyc-rontaunay\/wp-json\/wp\/v2\/pages\/4883","targetHints":{"allow":["GET"]}}],"collection":[{"href":"https:\/\/etab.ac-reunion.fr\/lyc-rontaunay\/wp-json\/wp\/v2\/pages"}],"about":[{"href":"https:\/\/etab.ac-reunion.fr\/lyc-rontaunay\/wp-json\/wp\/v2\/types\/page"}],"author":[{"embeddable":true,"href":"https:\/\/etab.ac-reunion.fr\/lyc-rontaunay\/wp-json\/wp\/v2\/users\/17465"}],"replies":[{"embeddable":true,"href":"https:\/\/etab.ac-reunion.fr\/lyc-rontaunay\/wp-json\/wp\/v2\/comments?post=4883"}],"version-history":[{"count":5,"href":"https:\/\/etab.ac-reunion.fr\/lyc-rontaunay\/wp-json\/wp\/v2\/pages\/4883\/revisions"}],"predecessor-version":[{"id":5816,"href":"https:\/\/etab.ac-reunion.fr\/lyc-rontaunay\/wp-json\/wp\/v2\/pages\/4883\/revisions\/5816"}],"wp:attachment":[{"href":"https:\/\/etab.ac-reunion.fr\/lyc-rontaunay\/wp-json\/wp\/v2\/media?parent=4883"}],"curies":[{"name":"wp","href":"https:\/\/api.w.org\/{rel}","templated":true}]}}