{"id":5488,"date":"2021-02-23T16:02:55","date_gmt":"2021-02-23T12:02:55","guid":{"rendered":"http:\/\/lycee-rontaunay.ac-reunion.fr\/?page_id=5488"},"modified":"2021-02-25T07:33:49","modified_gmt":"2021-02-25T03:33:49","slug":"cap-aepe","status":"publish","type":"page","link":"https:\/\/etab.ac-reunion.fr\/lyc-rontaunay\/cap-aepe\/","title":{"rendered":"CAP AEPE"},"content":{"rendered":"[et_pb_section fb_built=\u00a0\u00bb1&Prime; _builder_version=\u00a0\u00bb4.9.0&Prime; _module_preset=\u00a0\u00bbdefault\u00a0\u00bb][et_pb_row _builder_version=\u00a0\u00bb4.9.0&Prime; _module_preset=\u00a0\u00bbdefault\u00a0\u00bb][et_pb_column type=\u00a0\u00bb4_4&Prime; _builder_version=\u00a0\u00bb4.9.0&Prime; _module_preset=\u00a0\u00bbdefault\u00a0\u00bb][et_pb_image src=\u00a0\u00bbhttps:\/\/etab.ac-reunion.fr\/lyc-rontaunay\/wp-content\/uploads\/sites\/34\/2021\/02\/CAP-AEPE___.jpg\u00a0\u00bb title_text=\u00a0\u00bbCAP AEPE___\u00a0\u00bb align=\u00a0\u00bbcenter\u00a0\u00bb _builder_version=\u00a0\u00bb4.9.0&Prime; _module_preset=\u00a0\u00bbdefault\u00a0\u00bb border_width_all=\u00a0\u00bb1px\u00a0\u00bb][\/et_pb_image][et_pb_text _builder_version=\u00a0\u00bb4.9.0&Prime; _module_preset=\u00a0\u00bbdefault\u00a0\u00bb]\n<div class=\"ezxmltext-field\">\n<p>Le titulaire du CAP Accompagnant \u00e9ducatif petite enfance est un professionnel de l&rsquo;accueil et de la garde des enfants de moins de 6 ans. Soucieux de r\u00e9pondre \u00e0 leurs besoins fondamentaux, il r\u00e9alise des activit\u00e9s de soins quotidiens (pr\u00e9paration de repas, soins d&rsquo;hygi\u00e8ne) et des activit\u00e9s d&rsquo;\u00e9veil contribuant \u00e0 leur d\u00e9veloppement affectif et intellectuel et \u00e0 leur autonomie. Il assure \u00e9galement l&rsquo;entretien des locaux et des \u00e9quipements.<\/p>\n<p>&nbsp;<\/p>\n<p>Il peut notamment devenir ATSEM dans les \u00e9coles maternelles, auxiliaire petite enfance dans les cr\u00e8ches, agent d&rsquo;animation dans les centres de vacances, ou encore assistant maternel \u00e0 domicile.<\/p>\n<h2>\u00a0<\/h2>\n<h2 class=\"ideo-title-block\">Les poursuites d&rsquo;\u00e9tudes<\/h2>\n<p>&nbsp;<\/p>\n<div class=\"ezxmltext-field\">\n<p>Le CAP d\u00e9bouche sur la vie active mais il est possible, sous certaines conditions, de poursuivre des \u00e9tudes en 2 ans en\u00a0un bac professionnel, ou d&rsquo;int\u00e9grer\u00a0des formations\u00a0pr\u00e9parant \u00e0 certains dipl\u00f4mes d&rsquo;\u00e9tat\u00a0du secteur sanitaire et social.<\/p>\n<\/div>\n<\/div>\n[\/et_pb_text][et_pb_slider use_bg_overlay=\u00a0\u00bbon\u00a0\u00bb _builder_version=\u00a0\u00bb4.9.0&Prime; _module_preset=\u00a0\u00bbdefault\u00a0\u00bb module_alignment=\u00a0\u00bbcenter\u00a0\u00bb hover_enabled=\u00a0\u00bb0&Prime; sticky_enabled=\u00a0\u00bb0&Prime;][et_pb_slide heading=\u00a0\u00bbCAP AEPE\u00a0\u00bb button_text=\u00a0\u00bbPhoto\u00a0\u00bb button_link=\u00a0\u00bbhttps:\/\/etab.ac-reunion.fr\/lyc-rontaunay\/wp-content\/uploads\/sites\/34\/2021\/02\/CAP-AEPE-animation.jpg\u00a0\u00bb image=\u00a0\u00bbhttps:\/\/etab.ac-reunion.fr\/lyc-rontaunay\/wp-content\/uploads\/sites\/34\/2021\/02\/CAP-AEPE-animation.jpg\u00a0\u00bb _builder_version=\u00a0\u00bb4.9.0&Prime; _module_preset=\u00a0\u00bbdefault\u00a0\u00bb hover_enabled=\u00a0\u00bb0&Prime; sticky_transition=\u00a0\u00bbon\u00a0\u00bb sticky_enabled=\u00a0\u00bb0&Prime;]\n<p>Animation<\/p>\n[\/et_pb_slide][et_pb_slide heading=\u00a0\u00bbCAP AEPE\u00a0\u00bb button_text=\u00a0\u00bbVid\u00e9o\u00a0\u00bb button_link=\u00a0\u00bbhttps:\/\/youtu.be\/5fjZYhc2FBM\u00a0\u00bb image=\u00a0\u00bbhttps:\/\/etab.ac-reunion.fr\/lyc-rontaunay\/wp-content\/uploads\/sites\/34\/2021\/02\/CAP-AEPE-animation_.jpg\u00a0\u00bb _builder_version=\u00a0\u00bb4.9.0&Prime; _module_preset=\u00a0\u00bbdefault\u00a0\u00bb hover_enabled=\u00a0\u00bb0&Prime; sticky_transition=\u00a0\u00bbon\u00a0\u00bb sticky_enabled=\u00a0\u00bb0&Prime;]\n<p>Animation<\/p>\n[\/et_pb_slide][et_pb_slide heading=\u00a0\u00bbCAP AEPE\u00a0\u00bb button_text=\u00a0\u00bbPhoto\u00a0\u00bb button_link=\u00a0\u00bbhttps:\/\/etab.ac-reunion.fr\/lyc-rontaunay\/wp-content\/uploads\/sites\/34\/2021\/02\/CAP-AEPE-formation-PRAP.jpg\u00a0\u00bb image=\u00a0\u00bbhttps:\/\/etab.ac-reunion.fr\/lyc-rontaunay\/wp-content\/uploads\/sites\/34\/2021\/02\/CAP-AEPE-formation-PRAP.jpg\u00a0\u00bb _builder_version=\u00a0\u00bb4.9.0&Prime; _module_preset=\u00a0\u00bbdefault\u00a0\u00bb hover_enabled=\u00a0\u00bb0&Prime; sticky_transition=\u00a0\u00bbon\u00a0\u00bb sticky_enabled=\u00a0\u00bb0&Prime;]\n<p>Formation PRAP (Pr\u00e9vention des Risques li\u00e9s \u00e0 l&rsquo;Activit\u00e9 Physique)<\/p>\n[\/et_pb_slide][et_pb_slide heading=\u00a0\u00bbCAP AEPE\u00a0\u00bb button_text=\u00a0\u00bbPhoto\u00a0\u00bb button_link=\u00a0\u00bbhttps:\/\/etab.ac-reunion.fr\/lyc-rontaunay\/wp-content\/uploads\/sites\/34\/2021\/02\/CAP-AEPE-nutrition-alimentation.jpg\u00a0\u00bb image=\u00a0\u00bbhttps:\/\/etab.ac-reunion.fr\/lyc-rontaunay\/wp-content\/uploads\/sites\/34\/2021\/02\/CAP-AEPE-nutrition-alimentation.jpg\u00a0\u00bb _builder_version=\u00a0\u00bb4.9.0&Prime; _module_preset=\u00a0\u00bbdefault\u00a0\u00bb hover_enabled=\u00a0\u00bb0&Prime; sticky_transition=\u00a0\u00bbon\u00a0\u00bb sticky_enabled=\u00a0\u00bb0&Prime;]\n<p>Nutrition, alimentation<\/p>\n[\/et_pb_slide][et_pb_slide heading=\u00a0\u00bbCAP AEPE\u00a0\u00bb button_text=\u00a0\u00bbPhoto\u00a0\u00bb button_link=\u00a0\u00bbhttps:\/\/etab.ac-reunion.fr\/lyc-rontaunay\/wp-content\/uploads\/sites\/34\/2021\/02\/CAP-APE-nutrition-alimentation_.jpg\u00a0\u00bb image=\u00a0\u00bbhttps:\/\/etab.ac-reunion.fr\/lyc-rontaunay\/wp-content\/uploads\/sites\/34\/2021\/02\/CAP-APE-nutrition-alimentation_.jpg\u00a0\u00bb _builder_version=\u00a0\u00bb4.9.0&Prime; _module_preset=\u00a0\u00bbdefault\u00a0\u00bb hover_enabled=\u00a0\u00bb0&Prime; sticky_transition=\u00a0\u00bbon\u00a0\u00bb sticky_enabled=\u00a0\u00bb0&Prime;]\n<p>Nutrition, Alimentation<\/p>\n[\/et_pb_slide][et_pb_slide heading=\u00a0\u00bbCAP AEPE\u00a0\u00bb button_text=\u00a0\u00bbPhoto\u00a0\u00bb button_link=\u00a0\u00bbhttps:\/\/etab.ac-reunion.fr\/lyc-rontaunay\/wp-content\/uploads\/sites\/34\/2021\/02\/CAP-APE-nutrition-alimentation__.jpg\u00a0\u00bb image=\u00a0\u00bbhttps:\/\/etab.ac-reunion.fr\/lyc-rontaunay\/wp-content\/uploads\/sites\/34\/2021\/02\/CAP-APE-nutrition-alimentation__.jpg\u00a0\u00bb _builder_version=\u00a0\u00bb4.9.0&Prime; _module_preset=\u00a0\u00bbdefault\u00a0\u00bb hover_enabled=\u00a0\u00bb0&Prime; sticky_transition=\u00a0\u00bbon\u00a0\u00bb sticky_enabled=\u00a0\u00bb0&Prime;]\n<p>Nutrition, Alimentation<\/p>\n[\/et_pb_slide][et_pb_slide heading=\u00a0\u00bbCAP AEPE\u00a0\u00bb button_text=\u00a0\u00bbPhoto\u00a0\u00bb button_link=\u00a0\u00bbhttps:\/\/etab.ac-reunion.fr\/lyc-rontaunay\/wp-content\/uploads\/sites\/34\/2021\/02\/CAP-AEPE-soins.jpg\u00a0\u00bb image=\u00a0\u00bbhttps:\/\/etab.ac-reunion.fr\/lyc-rontaunay\/wp-content\/uploads\/sites\/34\/2021\/02\/CAP-AEPE-soins.jpg\u00a0\u00bb _builder_version=\u00a0\u00bb4.9.0&Prime; _module_preset=\u00a0\u00bbdefault\u00a0\u00bb hover_enabled=\u00a0\u00bb0&Prime; sticky_transition=\u00a0\u00bbon\u00a0\u00bb sticky_enabled=\u00a0\u00bb0&Prime;]\n<p>Soins<\/p>\n[\/et_pb_slide][et_pb_slide heading=\u00a0\u00bbCAP AEPE\u00a0\u00bb button_text=\u00a0\u00bbPhoto\u00a0\u00bb button_link=\u00a0\u00bbhttps:\/\/etab.ac-reunion.fr\/lyc-rontaunay\/wp-content\/uploads\/sites\/34\/2021\/02\/CAP-AEPE-soins_.jpg\u00a0\u00bb image=\u00a0\u00bbhttps:\/\/etab.ac-reunion.fr\/lyc-rontaunay\/wp-content\/uploads\/sites\/34\/2021\/02\/CAP-AEPE-soins_.jpg\u00a0\u00bb _builder_version=\u00a0\u00bb4.9.0&Prime; _module_preset=\u00a0\u00bbdefault\u00a0\u00bb hover_enabled=\u00a0\u00bb0&Prime; sticky_transition=\u00a0\u00bbon\u00a0\u00bb sticky_enabled=\u00a0\u00bb0&Prime;]\n<p>Soins<\/p>\n[\/et_pb_slide][\/et_pb_slider][et_pb_button button_url=\u00a0\u00bbhttps:\/\/infos.emploipublic.fr\/article\/tout-savoir-sur-le-cap-accompagnant-educatif-petite-enfance-aepe-eea-8688&Prime; button_text=\u00a0\u00bbPour en savoir + sur le CAP AEPE\u00a0\u00bb button_alignment=\u00a0\u00bbcenter\u00a0\u00bb _builder_version=\u00a0\u00bb4.9.0&Prime; _module_preset=\u00a0\u00bbdefault\u00a0\u00bb custom_button=\u00a0\u00bbon\u00a0\u00bb button_text_size=\u00a0\u00bb30px\u00a0\u00bb button_text_color=\u00a0\u00bb#000000&Prime; button_bg_color=\u00a0\u00bb#0C71C3&Prime; button_border_width=\u00a0\u00bb1px\u00a0\u00bb button_border_color=\u00a0\u00bb#000000&Prime; button_border_radius=\u00a0\u00bb10px\u00a0\u00bb][\/et_pb_button][\/et_pb_column][\/et_pb_row][\/et_pb_section]\n<!-- AddThis Advanced Settings generic via filter on the_content --><!-- AddThis Share Buttons generic via filter on the_content -->","protected":false},"excerpt":{"rendered":"<p>Le titulaire du CAP Accompagnant \u00e9ducatif petite enfance est un professionnel de l&rsquo;accueil et de la garde des enfants de moins de 6 ans. Soucieux de r\u00e9pondre \u00e0 leurs besoins [&hellip;]<\/p>\n<p><!-- AddThis Advanced Settings generic via filter on get_the_excerpt --><!-- AddThis Share Buttons generic via filter on get_the_excerpt --><\/p>\n","protected":false},"author":17465,"featured_media":0,"parent":0,"menu_order":0,"comment_status":"closed","ping_status":"closed","template":"","meta":{"_et_pb_use_builder":"on","_et_pb_old_content":"","_et_gb_content_width":"","footnotes":"","_links_to":"","_links_to_target":""},"class_list":["post-5488","page","type-page","status-publish","hentry"],"_links":{"self":[{"href":"https:\/\/etab.ac-reunion.fr\/lyc-rontaunay\/wp-json\/wp\/v2\/pages\/5488","targetHints":{"allow":["GET"]}}],"collection":[{"href":"https:\/\/etab.ac-reunion.fr\/lyc-rontaunay\/wp-json\/wp\/v2\/pages"}],"about":[{"href":"https:\/\/etab.ac-reunion.fr\/lyc-rontaunay\/wp-json\/wp\/v2\/types\/page"}],"author":[{"embeddable":true,"href":"https:\/\/etab.ac-reunion.fr\/lyc-rontaunay\/wp-json\/wp\/v2\/users\/17465"}],"replies":[{"embeddable":true,"href":"https:\/\/etab.ac-reunion.fr\/lyc-rontaunay\/wp-json\/wp\/v2\/comments?post=5488"}],"version-history":[{"count":9,"href":"https:\/\/etab.ac-reunion.fr\/lyc-rontaunay\/wp-json\/wp\/v2\/pages\/5488\/revisions"}],"predecessor-version":[{"id":5538,"href":"https:\/\/etab.ac-reunion.fr\/lyc-rontaunay\/wp-json\/wp\/v2\/pages\/5488\/revisions\/5538"}],"wp:attachment":[{"href":"https:\/\/etab.ac-reunion.fr\/lyc-rontaunay\/wp-json\/wp\/v2\/media?parent=5488"}],"curies":[{"name":"wp","href":"https:\/\/api.w.org\/{rel}","templated":true}]}}