{"id":5565,"date":"2021-02-26T11:30:43","date_gmt":"2021-02-26T07:30:43","guid":{"rendered":"http:\/\/lycee-rontaunay.ac-reunion.fr\/?page_id=5565"},"modified":"2021-03-02T15:42:20","modified_gmt":"2021-03-02T11:42:20","slug":"bac-pro-hps","status":"publish","type":"page","link":"https:\/\/etab.ac-reunion.fr\/lyc-rontaunay\/bac-pro-hps\/","title":{"rendered":"Bac Pro HPS"},"content":{"rendered":"[et_pb_section fb_built=\u00a0\u00bb1&Prime; _builder_version=\u00a0\u00bb4.9.0&Prime; _module_preset=\u00a0\u00bbdefault\u00a0\u00bb][et_pb_row _builder_version=\u00a0\u00bb4.9.0&Prime; _module_preset=\u00a0\u00bbdefault\u00a0\u00bb][et_pb_column type=\u00a0\u00bb4_4&Prime; _builder_version=\u00a0\u00bb4.9.0&Prime; _module_preset=\u00a0\u00bbdefault\u00a0\u00bb][et_pb_image src=\u00a0\u00bbhttps:\/\/etab.ac-reunion.fr\/lyc-rontaunay\/wp-content\/uploads\/sites\/34\/2020\/05\/bac-pro-hps__.jpeg\u00a0\u00bb title_text=\u00a0\u00bbbac pro hps__\u00a0\u00bb align=\u00a0\u00bbcenter\u00a0\u00bb _builder_version=\u00a0\u00bb4.9.0&Prime; _module_preset=\u00a0\u00bbdefault\u00a0\u00bb border_width_all=\u00a0\u00bb1px\u00a0\u00bb border_color_all=\u00a0\u00bb#000000&Prime;][\/et_pb_image][et_pb_text _builder_version=\u00a0\u00bb4.9.0&Prime; _module_preset=\u00a0\u00bbdefault\u00a0\u00bb]\n<h1 class=\"entry-title main_title\">BAC PRO HPS (Hygi\u00e8ne Propret\u00e9 et St\u00e9rilisation)<\/h1>\n<div class=\"entry-content\">\n<div class=\"at-above-post-page addthis_tool\" data-url=\"https:\/\/etab.ac-reunion.fr\/lyc-rontaunay\/bac-pro-hps-hygiene-proprete-et-sterilisation\/\">\u00a0<\/div>\n<div class=\"et_builder clearfix\">\n<div class=\"et_lb_module et_lb_text_block et_lb_first\">\n<p><strong>Ce bac pro se pr\u00e9pare en trois ans apr\u00e8s la classe de troisi\u00e8me. Les \u00e9l\u00e8ves titulaires de certains CAP du m\u00eame secteur peuvent \u00e9galement le pr\u00e9parer en deux ans sous certaines conditions.<\/strong><\/p>\n<p>Le titulaire de ce bac pro est un agent qualifi\u00e9 ou chef d&rsquo;\u00e9quipe qui exerce dans les secteurs de la propret\u00e9, de l&rsquo;hygi\u00e8ne et de la st\u00e9rilisation.<\/p>\n<p>Il organise des interventions : analyse et planification des op\u00e9rations, gestion des ressources mat\u00e9rielles, mise en \u0153uvre des plans de pr\u00e9vention, prise en compte des contraintes \u00e9conomiques\u2026 Il \u00e9labore et met en \u0153uvre des proc\u00e9dures et modes op\u00e9ratoires : ma\u00eetrise des op\u00e9rations de st\u00e9rilisation, ma\u00eetrise des techniques d&rsquo;entretien et de remise en \u00e9tat y compris en milieux sensibles.<\/p>\n<p>Les enseignements de ce bac pro apportent les comp\u00e9tences pour g\u00e9rer des op\u00e9rations de maintenance (gestion du mat\u00e9riel et des \u00e9quipements) et conduire une \u00e9quipe.<\/p>\n<p>Le dipl\u00f4m\u00e9 occupe des postes d&rsquo;agent qualifi\u00e9, chef de chantier, chef de site dans des PME ou TPE relevant des secteurs de la propret\u00e9, de l&rsquo;hygi\u00e8ne et de la st\u00e9rilisation. Il peut travailler dans des organisations (entreprises, collectivit\u00e9s) dont les activit\u00e9s sont li\u00e9s \u00e0 la st\u00e9rilisation des dispositifs m\u00e9dicaux (h\u00f4pitaux, cliniques, etc.) ainsi qu&rsquo;\u00e0 l&rsquo;entretien des locaux hors zones \u00e0 risques (locaux commerciaux, administratifs, industriels, sportifs, culturels) et des locaux en zone \u00e0 risques (\u00e9tablissements de soins, m\u00e9dico-sociaux, laboratoires).<\/p>\n<p>Le bac pro hygi\u00e8ne, propret\u00e9, st\u00e9rilisation a pour premier objectif l&rsquo;insertion professionnelle mais, avec un tr\u00e8s bon dossier ou une mention \u00e0 l&rsquo;examen, une poursuite d&rsquo;\u00e9tudes est envisageable en BTS.<\/p>\n<div class=\"ideo-label formation\">Exemple de formation possible<\/div>\n<ul class=\"formation\">\n<li><a href=\"http:\/\/www.onisep.fr\/Ressources\/Univers-Formation\/Formations\/Post-bac\/BTS-Metiers-des-services-a-l-environnement\">BTS M\u00e9tiers des services \u00e0 l&rsquo;environnement<\/a><\/li>\n<\/ul>\n<\/div>\n<\/div>\n<\/div>\n[\/et_pb_text][et_pb_button button_url=\u00a0\u00bbhttps:\/\/www.onisep.fr\/Ressources\/Univers-Formation\/Formations\/Lycees\/bac-pro-hygiene-proprete-sterilisation\u00a0\u00bb button_text=\u00a0\u00bbPour en savoir + sur le Bac Pro HPS\u00a0\u00bb button_alignment=\u00a0\u00bbcenter\u00a0\u00bb _builder_version=\u00a0\u00bb4.9.0&Prime; _module_preset=\u00a0\u00bbdefault\u00a0\u00bb custom_button=\u00a0\u00bbon\u00a0\u00bb button_text_size=\u00a0\u00bb30px\u00a0\u00bb button_text_color=\u00a0\u00bb#000000&Prime; button_bg_color=\u00a0\u00bb#0C71C3&Prime; button_border_width=\u00a0\u00bb1px\u00a0\u00bb button_border_color=\u00a0\u00bb#000000&Prime; button_border_radius=\u00a0\u00bb10px\u00a0\u00bb][\/et_pb_button][et_pb_video src=\u00a0\u00bbhttps:\/\/youtu.be\/fAqOUnjMsok\u00a0\u00bb _builder_version=\u00a0\u00bb4.9.0&Prime; _module_preset=\u00a0\u00bbdefault\u00a0\u00bb hover_enabled=\u00a0\u00bb0&Prime; border_width_all=\u00a0\u00bb1px\u00a0\u00bb border_color_all=\u00a0\u00bb#000000&Prime; sticky_enabled=\u00a0\u00bb0&Prime;][\/et_pb_video][\/et_pb_column][\/et_pb_row][\/et_pb_section]\n<!-- AddThis Advanced Settings generic via filter on the_content --><!-- AddThis Share Buttons generic via filter on the_content -->","protected":false},"excerpt":{"rendered":"<p>BAC PRO HPS (Hygi\u00e8ne Propret\u00e9 et St\u00e9rilisation) \u00a0 Ce bac pro se pr\u00e9pare en trois ans apr\u00e8s la classe de troisi\u00e8me. Les \u00e9l\u00e8ves titulaires de certains CAP du m\u00eame secteur [&hellip;]<\/p>\n<p><!-- AddThis Advanced Settings generic via filter on get_the_excerpt --><!-- AddThis Share Buttons generic via filter on get_the_excerpt --><\/p>\n","protected":false},"author":17465,"featured_media":0,"parent":0,"menu_order":0,"comment_status":"closed","ping_status":"closed","template":"","meta":{"_et_pb_use_builder":"on","_et_pb_old_content":"","_et_gb_content_width":"","footnotes":"","_links_to":"","_links_to_target":""},"class_list":["post-5565","page","type-page","status-publish","hentry"],"_links":{"self":[{"href":"https:\/\/etab.ac-reunion.fr\/lyc-rontaunay\/wp-json\/wp\/v2\/pages\/5565","targetHints":{"allow":["GET"]}}],"collection":[{"href":"https:\/\/etab.ac-reunion.fr\/lyc-rontaunay\/wp-json\/wp\/v2\/pages"}],"about":[{"href":"https:\/\/etab.ac-reunion.fr\/lyc-rontaunay\/wp-json\/wp\/v2\/types\/page"}],"author":[{"embeddable":true,"href":"https:\/\/etab.ac-reunion.fr\/lyc-rontaunay\/wp-json\/wp\/v2\/users\/17465"}],"replies":[{"embeddable":true,"href":"https:\/\/etab.ac-reunion.fr\/lyc-rontaunay\/wp-json\/wp\/v2\/comments?post=5565"}],"version-history":[{"count":4,"href":"https:\/\/etab.ac-reunion.fr\/lyc-rontaunay\/wp-json\/wp\/v2\/pages\/5565\/revisions"}],"predecessor-version":[{"id":5644,"href":"https:\/\/etab.ac-reunion.fr\/lyc-rontaunay\/wp-json\/wp\/v2\/pages\/5565\/revisions\/5644"}],"wp:attachment":[{"href":"https:\/\/etab.ac-reunion.fr\/lyc-rontaunay\/wp-json\/wp\/v2\/media?parent=5565"}],"curies":[{"name":"wp","href":"https:\/\/api.w.org\/{rel}","templated":true}]}}