{"id":5570,"date":"2021-02-26T15:36:43","date_gmt":"2021-02-26T11:36:43","guid":{"rendered":"http:\/\/lycee-rontaunay.ac-reunion.fr\/?page_id=5570"},"modified":"2021-02-26T15:36:48","modified_gmt":"2021-02-26T11:36:48","slug":"bac-pro-assp","status":"publish","type":"page","link":"https:\/\/etab.ac-reunion.fr\/lyc-rontaunay\/bac-pro-assp\/","title":{"rendered":"Bac Pro ASSP"},"content":{"rendered":"[et_pb_section fb_built=\u00a0\u00bb1&Prime; _builder_version=\u00a0\u00bb4.9.0&Prime; _module_preset=\u00a0\u00bbdefault\u00a0\u00bb][et_pb_row _builder_version=\u00a0\u00bb4.9.0&Prime; _module_preset=\u00a0\u00bbdefault\u00a0\u00bb][et_pb_column type=\u00a0\u00bb4_4&Prime; _builder_version=\u00a0\u00bb4.9.0&Prime; _module_preset=\u00a0\u00bbdefault\u00a0\u00bb][et_pb_image src=\u00a0\u00bbhttps:\/\/etab.ac-reunion.fr\/lyc-rontaunay\/wp-content\/uploads\/sites\/34\/2020\/05\/bac-pro-assp_.jpeg\u00a0\u00bb title_text=\u00a0\u00bbbac pro assp_\u00a0\u00bb align=\u00a0\u00bbcenter\u00a0\u00bb _builder_version=\u00a0\u00bb4.9.0&Prime; _module_preset=\u00a0\u00bbdefault\u00a0\u00bb border_width_all=\u00a0\u00bb1px\u00a0\u00bb border_color_all=\u00a0\u00bb#000000&Prime;][\/et_pb_image][et_pb_text _builder_version=\u00a0\u00bb4.9.0&Prime; _module_preset=\u00a0\u00bbdefault\u00a0\u00bb]\n<h1 class=\"entry-title main_title\">Bac Pro ASSP (Accompagnement, Soins et Services \u00e0 la Personne)<\/h1>\n<div class=\"entry-content\">\n<div class=\"at-above-post-page addthis_tool\" data-url=\"https:\/\/etab.ac-reunion.fr\/lyc-rontaunay\/bac-pro-assp-accompagnement-soins-et-services-a-la-personne\/\">\u00a0<\/div>\n<div class=\"et_builder clearfix\">\n<div class=\"et_lb_module et_lb_text_block et_lb_first\">\n<div class=\"ezxmltext-field\">\n<p>Ce bac pro se pr\u00e9pare en trois apr\u00e8s la classe de troisi\u00e8me. Les \u00e9l\u00e8ves titulaires de certains CAP du m\u00eame secteur peuvent \u00e9galement le pr\u00e9parer en 2 ans sous certaines conditions.<\/p>\n<\/div>\n<div class=\"ideo-label formation\">\u00a0Exemple de formation requise<\/div>\n<ul class=\"formation\">\n<li><a href=\"http:\/\/www.onisep.fr\/Ressources\/Univers-Formation\/Formations\/Lycees\/CAP-Accompagnant-educatif-petite-enfance\">CAP Accompagnant \u00e9ducatif petite enfance<\/a><\/li>\n<\/ul>\n<p>Le titulaire du baccalaur\u00e9at professionnel Accompagnement, soins et services \u00e0 la personne poss\u00e8de les comp\u00e9tences n\u00e9cessaires pour travailler aupr\u00e8s de familles, d&rsquo;enfants, de personnes \u00e2g\u00e9es ou de personnes handicap\u00e9es. Sa mission : les assister dans tous les gestes de la vie quotidienne et les aider \u00e0 maintenir leur vie sociale. Dans le cadre de ces activit\u00e9s, il est amen\u00e9 \u00e0 collaborer avec les professionnels de sant\u00e9, des travailleurs sociaux et des partenaires institutionnels.<\/p>\n<p>L&rsquo;option \u00ab en structure \u00bb pr\u00e9pare le dipl\u00f4m\u00e9 \u00e0 exercer plus sp\u00e9cifiquement aupr\u00e8s de personnes d\u00e9pendantes dans les \u00e9tablissements sanitaires, sociaux et m\u00e9dicosociaux. Il prend part aux diff\u00e9rents soins, et peut \u00eatre amen\u00e9 \u00e0 participer \u00e0 des activit\u00e9s de gestion et de promotion de la sant\u00e9 en lien avec le projet d&rsquo;\u00e9tablissement.<\/p>\n<p>Les \u00e9l\u00e8ves de ce bac pro se pr\u00e9sentent obligatoirement aux \u00e9preuves d&rsquo;un dipl\u00f4me interm\u00e9diaire, le BEP Accompagnement, soins et services \u00e0 la personne.<\/p>\n<p>Le bac pro a pour objectif l&rsquo;insertion professionnelle mais, avec un tr\u00e8s bon dossier ou une mention \u00e0 l&rsquo;examen, une poursuite d&rsquo;\u00e9tudes est envisageable en BTS. Son titulaire peut \u00e9galement pr\u00e9parer les concours d&rsquo;acc\u00e8s \u00e0 certaines formations sociales ou param\u00e9dicales. Il dispose notamment de dispenses de formation, de conditions d&rsquo;acc\u00e8s sp\u00e9cifiques et d&rsquo;un pourcentage de places r\u00e9serv\u00e9es dans les formations pr\u00e9parant aux dipl\u00f4mes d&rsquo;\u00e9tat d&rsquo;aide-soignant et d&rsquo;auxiliaire de pu\u00e9riculture.<\/p>\n<p>&nbsp;<\/p>\n<div class=\"ideo-label formation\">\u00a0Exemples de formations possibles<\/div>\n<ul class=\"formation\">\n<li><a href=\"http:\/\/www.onisep.fr\/Ressources\/Univers-Formation\/Formations\/Lycees\/Diplome-d-Etat-d-aide-soignant\">Dipl\u00f4me d&rsquo;Etat d&rsquo;aide-soignant<\/a><\/li>\n<li><a href=\"http:\/\/www.onisep.fr\/Ressources\/Univers-Formation\/Formations\/Lycees\/Diplome-d-Etat-d-auxiliaire-de-puericulture\">Dipl\u00f4me d&rsquo;Etat d&rsquo;auxiliaire de pu\u00e9riculture<\/a><\/li>\n<li><a href=\"http:\/\/www.onisep.fr\/Ressources\/Univers-Formation\/Formations\/Lycees\/Diplome-d-Etat-de-technicien-de-l-intervention-sociale-et-familiale\">Dipl\u00f4me d&rsquo;Etat de technicien de l&rsquo;intervention sociale et familiale<\/a><\/li>\n<li><a href=\"http:\/\/www.onisep.fr\/Ressources\/Univers-Formation\/Formations\/Post-bac\/BTS-Economie-sociale-familiale\">BTS \u00c9conomie sociale familiale<\/a><\/li>\n<\/ul>\n<\/div>\n<\/div>\n<\/div>\n[\/et_pb_text][et_pb_button button_url=\u00a0\u00bbhttps:\/\/www.onisep.fr\/Ressources\/Univers-Formation\/Formations\/Lycees\/bac-pro-accompagnement-soins-et-services-a-la-personne-option-b-en-structure\u00a0\u00bb url_new_window=\u00a0\u00bbon\u00a0\u00bb button_text=\u00a0\u00bbPour en savoir + sur le Bac Pro ASSP\u00a0\u00bb button_alignment=\u00a0\u00bbcenter\u00a0\u00bb _builder_version=\u00a0\u00bb4.9.0&Prime; _module_preset=\u00a0\u00bbdefault\u00a0\u00bb custom_button=\u00a0\u00bbon\u00a0\u00bb button_text_size=\u00a0\u00bb30px\u00a0\u00bb button_text_color=\u00a0\u00bb#000000&Prime; button_bg_color=\u00a0\u00bb#0C71C3&Prime; button_border_width=\u00a0\u00bb0px\u00a0\u00bb button_border_color=\u00a0\u00bb#000000&Prime; button_border_radius=\u00a0\u00bb10px\u00a0\u00bb][\/et_pb_button][et_pb_text _builder_version=\u00a0\u00bb4.9.0&Prime; _module_preset=\u00a0\u00bbdefault\u00a0\u00bb hover_enabled=\u00a0\u00bb0&Prime; sticky_enabled=\u00a0\u00bb0&Prime;]\n<p style=\"text-align: center\">Vid\u00e9o de pr\u00e9sentation du Bac Pro ASSP du <a href=\"http:\/\/roberval.lyc.ac-amiens.fr\/\">Lyc\u00e9e ROBERVAL<\/a> de Breuil le Vert<\/p>\n<p style=\"text-align: center\"><em>En attendant la notre !<\/em><\/p>\n[\/et_pb_text][et_pb_video src=\u00a0\u00bbhttps:\/\/youtu.be\/-I3_JX9S8_I\u00a0\u00bb _builder_version=\u00a0\u00bb4.9.0&Prime; _module_preset=\u00a0\u00bbdefault\u00a0\u00bb][\/et_pb_video][\/et_pb_column][\/et_pb_row][\/et_pb_section]\n<!-- AddThis Advanced Settings generic via filter on the_content --><!-- AddThis Share Buttons generic via filter on the_content -->","protected":false},"excerpt":{"rendered":"<p>Bac Pro ASSP (Accompagnement, Soins et Services \u00e0 la Personne) \u00a0 Ce bac pro se pr\u00e9pare en trois apr\u00e8s la classe de troisi\u00e8me. Les \u00e9l\u00e8ves titulaires de certains CAP du [&hellip;]<\/p>\n<p><!-- AddThis Advanced Settings generic via filter on get_the_excerpt --><!-- AddThis Share Buttons generic via filter on get_the_excerpt --><\/p>\n","protected":false},"author":17465,"featured_media":0,"parent":0,"menu_order":0,"comment_status":"closed","ping_status":"closed","template":"","meta":{"_et_pb_use_builder":"on","_et_pb_old_content":"","_et_gb_content_width":"","footnotes":"","_links_to":"","_links_to_target":""},"class_list":["post-5570","page","type-page","status-publish","hentry"],"_links":{"self":[{"href":"https:\/\/etab.ac-reunion.fr\/lyc-rontaunay\/wp-json\/wp\/v2\/pages\/5570","targetHints":{"allow":["GET"]}}],"collection":[{"href":"https:\/\/etab.ac-reunion.fr\/lyc-rontaunay\/wp-json\/wp\/v2\/pages"}],"about":[{"href":"https:\/\/etab.ac-reunion.fr\/lyc-rontaunay\/wp-json\/wp\/v2\/types\/page"}],"author":[{"embeddable":true,"href":"https:\/\/etab.ac-reunion.fr\/lyc-rontaunay\/wp-json\/wp\/v2\/users\/17465"}],"replies":[{"embeddable":true,"href":"https:\/\/etab.ac-reunion.fr\/lyc-rontaunay\/wp-json\/wp\/v2\/comments?post=5570"}],"version-history":[{"count":5,"href":"https:\/\/etab.ac-reunion.fr\/lyc-rontaunay\/wp-json\/wp\/v2\/pages\/5570\/revisions"}],"predecessor-version":[{"id":5577,"href":"https:\/\/etab.ac-reunion.fr\/lyc-rontaunay\/wp-json\/wp\/v2\/pages\/5570\/revisions\/5577"}],"wp:attachment":[{"href":"https:\/\/etab.ac-reunion.fr\/lyc-rontaunay\/wp-json\/wp\/v2\/media?parent=5570"}],"curies":[{"name":"wp","href":"https:\/\/api.w.org\/{rel}","templated":true}]}}