{"id":586,"date":"2014-01-30T10:13:48","date_gmt":"2014-01-30T06:13:48","guid":{"rendered":"http:\/\/lycee-rontaunay-tmp.ac-reunion.fr\/?page_id=586"},"modified":"2022-06-03T16:37:41","modified_gmt":"2022-06-03T12:37:41","slug":"dispositif-ulis","status":"publish","type":"page","link":"https:\/\/etab.ac-reunion.fr\/lyc-rontaunay\/dispositif-ulis\/","title":{"rendered":"Dispositif ULIS"},"content":{"rendered":"[et_pb_section fb_built=\u00a0\u00bb1&Prime; _builder_version=\u00a0\u00bb4.16&Prime; global_colors_info=\u00a0\u00bb{}\u00a0\u00bb][et_pb_row _builder_version=\u00a0\u00bb4.16&Prime; background_size=\u00a0\u00bbinitial\u00a0\u00bb background_position=\u00a0\u00bbtop_left\u00a0\u00bb background_repeat=\u00a0\u00bbrepeat\u00a0\u00bb global_colors_info=\u00a0\u00bb{}\u00a0\u00bb][et_pb_column type=\u00a0\u00bb4_4&Prime; _builder_version=\u00a0\u00bb4.16&Prime; custom_padding=\u00a0\u00bb|||\u00a0\u00bb global_colors_info=\u00a0\u00bb{}\u00a0\u00bb custom_padding__hover=\u00a0\u00bb|||\u00a0\u00bb][et_pb_text _builder_version=\u00a0\u00bb4.17.4&Prime; background_size=\u00a0\u00bbinitial\u00a0\u00bb background_position=\u00a0\u00bbtop_left\u00a0\u00bb background_repeat=\u00a0\u00bbrepeat\u00a0\u00bb hover_enabled=\u00a0\u00bb0&Prime; global_colors_info=\u00a0\u00bb{}\u00a0\u00bb sticky_enabled=\u00a0\u00bb0&Prime;]<p><strong>Tous les dispositifs collectifs de scolarisation s&rsquo;appellent unit\u00e9s localis\u00e9es\u00a0pour l&rsquo;inclusion scolaire (ULIS): ULIS-\u00e9cole, ULIS-coll\u00e8ge, ULIS-lyc\u00e9e. \u00a0Elles permettent la scolarisation dans le premier et le second degr\u00e9s d&rsquo;un petit groupe d&rsquo;\u00e9l\u00e8ves pr\u00e9sentant des troubles compatibles.<\/strong><\/p>\n<p><\/p>\n<p>Madame DEGEILH, responsable ULIS<\/p>\n<p><\/p>[\/et_pb_text][\/et_pb_column][\/et_pb_row][\/et_pb_section]<!-- AddThis Advanced Settings generic via filter on the_content --><!-- AddThis Share Buttons generic via filter on the_content -->","protected":false},"excerpt":{"rendered":"<p>Tous les dispositifs collectifs de scolarisation s&rsquo;appellent unit\u00e9s localis\u00e9es\u00a0pour l&rsquo;inclusion scolaire (ULIS): ULIS-\u00e9cole, ULIS-coll\u00e8ge, ULIS-lyc\u00e9e. \u00a0Elles permettent la scolarisation dans le premier et le second degr\u00e9s d&rsquo;un petit groupe d&rsquo;\u00e9l\u00e8ves [&hellip;]<\/p>\n<p><!-- AddThis Advanced Settings generic via filter on get_the_excerpt --><!-- AddThis Share Buttons generic via filter on get_the_excerpt --><\/p>\n","protected":false},"author":126,"featured_media":0,"parent":0,"menu_order":0,"comment_status":"closed","ping_status":"closed","template":"","meta":{"_et_pb_use_builder":"on","_et_pb_old_content":"<!-- wp:paragraph -->\r\n<p><strong>Tous les dispositifs collectifs de scolarisation s'appellent unit\u00e9s localis\u00e9es\u00a0pour l'inclusion scolaire (ULIS): ULIS-\u00e9cole, ULIS-coll\u00e8ge, ULIS-lyc\u00e9e. \u00a0Elles permettent la scolarisation dans le premier et le second degr\u00e9s d'un petit groupe d'\u00e9l\u00e8ves pr\u00e9sentant des troubles compatibles.<\/strong><\/p>\r\n<!-- \/wp:paragraph --><!-- wp:paragraph -->\r\n<p>Madame DEGEILH, responsable ULIS<\/p>\r\n<!-- \/wp:paragraph -->","_et_gb_content_width":"","footnotes":"","_links_to":"","_links_to_target":""},"class_list":["post-586","page","type-page","status-publish","hentry"],"_links":{"self":[{"href":"https:\/\/etab.ac-reunion.fr\/lyc-rontaunay\/wp-json\/wp\/v2\/pages\/586","targetHints":{"allow":["GET"]}}],"collection":[{"href":"https:\/\/etab.ac-reunion.fr\/lyc-rontaunay\/wp-json\/wp\/v2\/pages"}],"about":[{"href":"https:\/\/etab.ac-reunion.fr\/lyc-rontaunay\/wp-json\/wp\/v2\/types\/page"}],"author":[{"embeddable":true,"href":"https:\/\/etab.ac-reunion.fr\/lyc-rontaunay\/wp-json\/wp\/v2\/users\/126"}],"replies":[{"embeddable":true,"href":"https:\/\/etab.ac-reunion.fr\/lyc-rontaunay\/wp-json\/wp\/v2\/comments?post=586"}],"version-history":[{"count":8,"href":"https:\/\/etab.ac-reunion.fr\/lyc-rontaunay\/wp-json\/wp\/v2\/pages\/586\/revisions"}],"predecessor-version":[{"id":6265,"href":"https:\/\/etab.ac-reunion.fr\/lyc-rontaunay\/wp-json\/wp\/v2\/pages\/586\/revisions\/6265"}],"wp:attachment":[{"href":"https:\/\/etab.ac-reunion.fr\/lyc-rontaunay\/wp-json\/wp\/v2\/media?parent=586"}],"curies":[{"name":"wp","href":"https:\/\/api.w.org\/{rel}","templated":true}]}}