{"id":7707,"date":"2025-04-11T17:15:51","date_gmt":"2025-04-11T13:15:51","guid":{"rendered":"https:\/\/etab.ac-reunion.fr\/lyc-rontaunay\/?page_id=7707"},"modified":"2025-04-11T17:29:28","modified_gmt":"2025-04-11T13:29:28","slug":"cap-psr","status":"publish","type":"page","link":"https:\/\/etab.ac-reunion.fr\/lyc-rontaunay\/cap-psr\/","title":{"rendered":"CAP PSR"},"content":{"rendered":"[et_pb_section fb_built=\u00a0\u00bb1&Prime; admin_label=\u00a0\u00bbsection\u00a0\u00bb _builder_version=\u00a0\u00bb4.16&Prime; global_colors_info=\u00a0\u00bb{}\u00a0\u00bb][et_pb_row admin_label=\u00a0\u00bbrow\u00a0\u00bb _builder_version=\u00a0\u00bb4.16&Prime; background_size=\u00a0\u00bbinitial\u00a0\u00bb background_position=\u00a0\u00bbtop_left\u00a0\u00bb background_repeat=\u00a0\u00bbrepeat\u00a0\u00bb global_colors_info=\u00a0\u00bb{}\u00a0\u00bb][et_pb_column type=\u00a0\u00bb4_4&Prime; _builder_version=\u00a0\u00bb4.16&Prime; custom_padding=\u00a0\u00bb|||\u00a0\u00bb global_colors_info=\u00a0\u00bb{}\u00a0\u00bb custom_padding__hover=\u00a0\u00bb|||\u00a0\u00bb][et_pb_text admin_label=\u00a0\u00bbText\u00a0\u00bb _builder_version=\u00a0\u00bb4.16&Prime; background_size=\u00a0\u00bbinitial\u00a0\u00bb background_position=\u00a0\u00bbtop_left\u00a0\u00bb background_repeat=\u00a0\u00bbrepeat\u00a0\u00bb global_colors_info=\u00a0\u00bb{}\u00a0\u00bb]\n<article class=\"grid-col-12 grid-col-lg-11 grid-col-xl-8 grid-col-ads-xl-9 grid-col-print-12\">\n<h1 class=\"background-decoration mt-xl-1w ml-lg-3w ml-xl-0\">CAP production et service en restaurations (rapide,\u00a0 collective, caf\u00e9t\u00e9ria)<\/h1>\n<p>&nbsp;<\/p>\n<\/article>\n<div class=\"tag mr-1w mb-2w flex-wrap\">Dur\u00e9e de la formation :\u00a0<strong>2 ans<\/strong><\/div>\n<div class=\"tag mr-1w mb-2w flex align-items-end\">\n<div><span class=\"flex flex-row justify-content-space-between\"> Nature de la formation :\u00a0 <\/span> <strong>Dipl\u00f4me national ou dipl\u00f4me d&rsquo;\u00c9tat<\/strong><\/div>\n<\/div>\n<div class=\"tag mr-1w mb-2w flex-wrap \">Type de formation :\u00a0 <span class=\"inline\"> <strong>CAP (certificat d&rsquo;aptitude professionnelle)<\/strong><\/span><\/div>\n<div><\/div>\n<div>\n<h2 class=\"border-decoration-bottom border-color-brand\"><\/h2>\n<h2 class=\"border-decoration-bottom border-color-brand\"><\/h2>\n<h2 class=\"border-decoration-bottom border-color-brand\">Objectifs de la formation<\/h2>\n<div class=\"editor\">\n<div class=\"ezrichtext-field\">\n<p>Ce CAP forme \u00e0 la r\u00e9alisation de plats simples, \u00e0 l&rsquo;accueil et \u00e0 la capacit\u00e9 d&rsquo;informer les clients, respecter les r\u00e8gles d&rsquo;hygi\u00e8ne tout en \u00e9tant respectueux de la qualit\u00e9.<\/p>\n<p>En cuisine, les \u00e9l\u00e8ves sont form\u00e9s \u00e0 la pr\u00e9paration de plats simples froids ou chauds avec des produits d\u00e9j\u00e0 pr\u00eats : sauces en poudre, l\u00e9gumes surgel\u00e9s, viandes pr\u00e9cuites. Ils apprennent \u00e0 r\u00e9ceptionner et stocker des aliments et des mets pr\u00e9par\u00e9s \u00e0 l&rsquo;avance, \u00e0 v\u00e9rifier leur qualit\u00e9, \u00e0 les r\u00e9partir en portions individuelles, les entreposer au froid.<\/p>\n<p>En service, les \u00e9l\u00e8ves sont form\u00e9s \u00e0 la disposition des plats et boissons sur les pr\u00e9sentoirs, au r\u00e9approvisionnement des espaces de distribution ou de vente et \u00e0 l&rsquo;affichage du prix des produits. L&rsquo;entretien des locaux et des \u00e9quipements, le lavage et le rangement de la vaisselle font partie int\u00e9grante de la formation.<\/p>\n<p>En commerce, ils sont form\u00e9s au conseil aux clients et \u00e0 la pr\u00e9sentation des produits \u00e0 consommer sur place ou \u00e0 emporter ainsi qu&rsquo;\u00e0 la prise de commande et \u00e0 l&rsquo;encaissement \u00e9ventuel des paiements.<\/p>\n<p>La p\u00e9riode de formation en milieu professionnel est de 14 semaines (pour les \u00e9l\u00e8ves qui ne sont pas en apprentissage).<\/p>\n<p>&nbsp;<\/p>\n<div class=\"border-brand border-width-4 mt-5w p-3w\" id=\"debouches-professionnels\">\n<h2 class=\"border-decoration-bottom border-color-brand\">D\u00e9bouch\u00e9s professionnels<\/h2>\n<div class=\"editor mb-3w\">\n<div class=\"ezrichtext-field\">\n<p>Le ou la titulaire de ce CAP exerce dans des \u00e9tablissements de production culinaire et\/ou de distribution alimentaire rapide ou de libre-service (caf\u00e9t\u00e9ria). Il ou elle peut \u00e9galement travailler dans des \u00e9tablissements scolaires, hospitaliers, d&rsquo;h\u00e9bergement ou \u00e0 la fabrication de plateaux-repas conditionn\u00e9s (transport a\u00e9rien, ferroviaire,&#8230;)<\/p>\n<p>&nbsp;<\/p>\n<div class=\"border-brand border-width-4 my-5w p-3w\" id=\"poursuites-etudes\">\n<h2 class=\"border-decoration-bottom border-color-brand\">Poursuites d&rsquo;\u00e9tudes<\/h2>\n<div class=\"editor mb-3w\">\n<div class=\"ezrichtext-field\">\n<p>Ce CAP d\u00e9bouche sur la vie active mais il est possible, sous certaines conditions, de poursuivre des \u00e9tudes en 1 an en CS (certificat de sp\u00e9cialisation) ou, avec un tr\u00e8s bon dossier, en 2 ans, en bac professionnel.<\/p>\n<\/div>\n<\/div>\n<p><strong>Exemple(s) de formation(s) :<\/strong><\/p>\n<ul>\n<li><a href=\"https:\/\/www.onisep.fr\/ressources\/univers-formation\/formations\/lycees\/cs-ex-mc-desserts-de-restaurant\">CS (ex MC) desserts de restaurant<\/a><\/li>\n<li><a href=\"https:\/\/www.onisep.fr\/ressources\/univers-formation\/formations\/lycees\/bac-pro-commercialisation-et-services-en-restauration\">Bac pro commercialisation et services en restauration<\/a><\/li>\n<li><a href=\"https:\/\/www.onisep.fr\/ressources\/univers-formation\/formations\/post-bac\/cs-ex-mc-sommellerie\">CS (ex MC) sommellerie<\/a><\/li>\n<\/ul>\n<\/div>\n<p>&nbsp;<\/p>\n<p>&nbsp;<\/p>\n<\/div>\n<\/div>\n<\/div>\n<\/div>\n<\/div>\n<\/div>\n[\/et_pb_text][\/et_pb_column][\/et_pb_row][et_pb_row _builder_version=\u00a0\u00bb4.27.4&Prime; _module_preset=\u00a0\u00bbdefault\u00a0\u00bb global_colors_info=\u00a0\u00bb{}\u00a0\u00bb][et_pb_column type=\u00a0\u00bb4_4&Prime; _builder_version=\u00a0\u00bb4.27.4&Prime; _module_preset=\u00a0\u00bbdefault\u00a0\u00bb global_colors_info=\u00a0\u00bb{}\u00a0\u00bb][et_pb_slider _builder_version=\u00a0\u00bb4.27.4&Prime; _module_preset=\u00a0\u00bbdefault\u00a0\u00bb auto=\u00a0\u00bbon\u00a0\u00bb auto_speed=\u00a0\u00bb4500&Prime; global_colors_info=\u00a0\u00bb{}\u00a0\u00bb][et_pb_slide heading=\u00a0\u00bbCAP PSR\u00a0\u00bb button_text=\u00a0\u00bbPhoto\u00a0\u00bb button_link=\u00a0\u00bbhttps:\/\/etab.ac-reunion.fr\/lyc-rontaunay\/wp-content\/uploads\/sites\/34\/2021\/02\/CAP-ATMFC-cuisine-collective-2-scaled.jpg\u00a0\u00bb image=\u00a0\u00bbhttps:\/\/etab.ac-reunion.fr\/lyc-rontaunay\/wp-content\/uploads\/sites\/34\/2021\/02\/CAP-ATMFC-cuisine-collective-2-scaled.jpg\u00a0\u00bb _builder_version=\u00a0\u00bb4.27.4&Prime; _module_preset=\u00a0\u00bbdefault\u00a0\u00bb global_colors_info=\u00a0\u00bb{}\u00a0\u00bb sticky_transition=\u00a0\u00bbon\u00a0\u00bb]\n<p>Cuisine collective<\/p>\n[\/et_pb_slide][et_pb_slide heading=\u00a0\u00bbCAP PSR\u00a0\u00bb button_text=\u00a0\u00bbPhoto\u00a0\u00bb button_link=\u00a0\u00bbhttps:\/\/etab.ac-reunion.fr\/lyc-rontaunay\/wp-content\/uploads\/sites\/34\/2021\/02\/CAP-ATMFC-labo-patisserie-scaled.jpg\u00a0\u00bb image=\u00a0\u00bbhttps:\/\/etab.ac-reunion.fr\/lyc-rontaunay\/wp-content\/uploads\/sites\/34\/2021\/02\/CAP-ATMFC-labo-patisserie-scaled.jpg\u00a0\u00bb _builder_version=\u00a0\u00bb4.27.4&Prime; _module_preset=\u00a0\u00bbdefault\u00a0\u00bb global_colors_info=\u00a0\u00bb{}\u00a0\u00bb sticky_transition=\u00a0\u00bbon\u00a0\u00bb]\n<p>Laboratoire de p\u00e2tisserie<\/p>\n[\/et_pb_slide][et_pb_slide heading=\u00a0\u00bbCAP PSR\u00a0\u00bb button_text=\u00a0\u00bbVid\u00e9o\u00a0\u00bb button_link=\u00a0\u00bbhttps:\/\/youtu.be\/yr52uF4K1pc\u00a0\u00bb image=\u00a0\u00bbhttps:\/\/etab.ac-reunion.fr\/lyc-rontaunay\/wp-content\/uploads\/sites\/34\/2021\/02\/CAP-ATMFC-cuisine-collective-1-scaled.jpg\u00a0\u00bb _builder_version=\u00a0\u00bb4.27.4&Prime; _module_preset=\u00a0\u00bbdefault\u00a0\u00bb global_colors_info=\u00a0\u00bb{}\u00a0\u00bb sticky_transition=\u00a0\u00bbon\u00a0\u00bb]\n<p>Cuisine collective, pr\u00e9paration de la sauce des lasagnes<\/p>\n[\/et_pb_slide][et_pb_slide heading=\u00a0\u00bbCAP PSR\u00a0\u00bb button_text=\u00a0\u00bbVid\u00e9o\u00a0\u00bb button_link=\u00a0\u00bbhttps:\/\/youtu.be\/qn4YVDRnyxE\u00a0\u00bb image=\u00a0\u00bbhttps:\/\/etab.ac-reunion.fr\/lyc-rontaunay\/wp-content\/uploads\/sites\/34\/2021\/02\/CAP-ATMFC-cuisine-collective-garniture-lasagne-scaled.jpg\u00a0\u00bb _builder_version=\u00a0\u00bb4.27.4&Prime; _module_preset=\u00a0\u00bbdefault\u00a0\u00bb global_colors_info=\u00a0\u00bb{}\u00a0\u00bb sticky_transition=\u00a0\u00bbon\u00a0\u00bb]\n<p>Pr\u00e9paration de la garniture des lasagnes<\/p>\n[\/et_pb_slide][et_pb_slide heading=\u00a0\u00bbCAP PSR\u00a0\u00bb button_text=\u00a0\u00bbPhoto\u00a0\u00bb button_link=\u00a0\u00bbhttps:\/\/etab.ac-reunion.fr\/lyc-rontaunay\/wp-content\/uploads\/sites\/34\/2021\/02\/CAP-ATMFC-service-2-scaled.jpg\u00a0\u00bb image=\u00a0\u00bbhttps:\/\/etab.ac-reunion.fr\/lyc-rontaunay\/wp-content\/uploads\/sites\/34\/2021\/02\/CAP-ATMFC-service-2-scaled.jpg\u00a0\u00bb _builder_version=\u00a0\u00bb4.27.4&Prime; _module_preset=\u00a0\u00bbdefault\u00a0\u00bb global_colors_info=\u00a0\u00bb{}\u00a0\u00bb sticky_transition=\u00a0\u00bbon\u00a0\u00bb]\n<p>Cuisine collective, service<\/p>\n[\/et_pb_slide][et_pb_slide heading=\u00a0\u00bbCAP PSR\u00a0\u00bb button_text=\u00a0\u00bbPhoto\u00a0\u00bb button_link=\u00a0\u00bbhttps:\/\/etab.ac-reunion.fr\/lyc-rontaunay\/wp-content\/uploads\/sites\/34\/2021\/02\/CAP-ATMFC-service-1-scaled.jpg\u00a0\u00bb image=\u00a0\u00bbhttps:\/\/etab.ac-reunion.fr\/lyc-rontaunay\/wp-content\/uploads\/sites\/34\/2021\/02\/CAP-ATMFC-service-1-scaled.jpg\u00a0\u00bb _builder_version=\u00a0\u00bb4.27.4&Prime; _module_preset=\u00a0\u00bbdefault\u00a0\u00bb global_colors_info=\u00a0\u00bb{}\u00a0\u00bb sticky_transition=\u00a0\u00bbon\u00a0\u00bb]\n<p>Cuisine collective, les lasagnes !<\/p>\n[\/et_pb_slide][et_pb_slide heading=\u00a0\u00bbCAP PSR\u00a0\u00bb button_text=\u00a0\u00bbVid\u00e9o\u00a0\u00bb button_link=\u00a0\u00bbhttps:\/\/youtu.be\/OkClJqnH6HM\u00a0\u00bb image=\u00a0\u00bbhttps:\/\/etab.ac-reunion.fr\/lyc-rontaunay\/wp-content\/uploads\/sites\/34\/2021\/02\/IMG_7020-scaled.jpg\u00a0\u00bb _builder_version=\u00a0\u00bb4.27.4&Prime; _module_preset=\u00a0\u00bbdefault\u00a0\u00bb global_colors_info=\u00a0\u00bb{}\u00a0\u00bb sticky_transition=\u00a0\u00bbon\u00a0\u00bb]\n<p>Remise en \u00e9tat et rangement du mat\u00e9riel<\/p>\n[\/et_pb_slide][\/et_pb_slider][\/et_pb_column][\/et_pb_row][et_pb_row _builder_version=\u00a0\u00bb4.27.4&Prime; _module_preset=\u00a0\u00bbdefault\u00a0\u00bb global_colors_info=\u00a0\u00bb{}\u00a0\u00bb][et_pb_column type=\u00a0\u00bb4_4&Prime; _builder_version=\u00a0\u00bb4.27.4&Prime; _module_preset=\u00a0\u00bbdefault\u00a0\u00bb global_colors_info=\u00a0\u00bb{}\u00a0\u00bb][et_pb_video src=\u00a0\u00bbhttps:\/\/cdn2.videas.fr\/v-medias\/s4\/a\/63\/cd\/63cd45252cac4fa99eeb3ed3ac4cb764\/2f00703e3c6242eba445f9a230dde335\/055721f7-ec1e-4f83-8567-afff10f673f1.mp4&Prime; _builder_version=\u00a0\u00bb4.27.4&Prime; _module_preset=\u00a0\u00bbdefault\u00a0\u00bb hover_enabled=\u00a0\u00bb0&Prime; global_colors_info=\u00a0\u00bb{}\u00a0\u00bb sticky_enabled=\u00a0\u00bb0&Prime;][\/et_pb_video][\/et_pb_column][\/et_pb_row][\/et_pb_section]\n<!-- AddThis Advanced Settings generic via filter on the_content --><!-- AddThis Share Buttons generic via filter on the_content -->","protected":false},"excerpt":{"rendered":"<p>CAP production et service en restaurations (rapide,\u00a0 collective, caf\u00e9t\u00e9ria) &nbsp; Dur\u00e9e de la formation :\u00a02 ans Nature de la formation :\u00a0 Dipl\u00f4me national ou dipl\u00f4me d&rsquo;\u00c9tat Type de formation :\u00a0 [&hellip;]<\/p>\n<p><!-- AddThis Advanced Settings generic via filter on get_the_excerpt --><!-- AddThis Share Buttons generic via filter on get_the_excerpt --><\/p>\n","protected":false},"author":20534,"featured_media":0,"parent":0,"menu_order":0,"comment_status":"closed","ping_status":"closed","template":"","meta":{"_et_pb_use_builder":"on","_et_pb_old_content":"<article class=\"grid-col-12 grid-col-lg-11 grid-col-xl-8 grid-col-ads-xl-9 grid-col-print-12\">\r\n<h1 class=\"background-decoration mt-xl-1w ml-lg-3w ml-xl-0\">CAP production et service en restaurations (rapide,\u00a0 collective, caf\u00e9t\u00e9ria)<\/h1>\r\n&nbsp;\r\n\r\n<\/article>\r\n<div class=\"tag mr-1w mb-2w flex-wrap\">Dur\u00e9e de la formation :\u00a0<strong>2 ans<\/strong><\/div>\r\n<div class=\"tag mr-1w mb-2w flex align-items-end\">\r\n<div><span class=\"flex flex-row justify-content-space-between\"> Nature de la formation :\u00a0 <\/span> <strong>Dipl\u00f4me national ou dipl\u00f4me d'\u00c9tat<\/strong><\/div>\r\n<\/div>\r\n<div class=\"tag mr-1w mb-2w flex-wrap \">Type de formation :\u00a0 <span class=\"inline\"> <strong>CAP (certificat d'aptitude professionnelle)<\/strong><\/span><\/div>\r\n<div><\/div>\r\n<div>\r\n<h2 class=\"border-decoration-bottom border-color-brand\">Objectifs de la formation<\/h2>\r\n<div class=\"editor\">\r\n<div class=\"ezrichtext-field\">\r\n\r\nCe CAP forme \u00e0 la r\u00e9alisation de plats simples, \u00e0 l'accueil et \u00e0 la capacit\u00e9 d'informer les clients, respecter les r\u00e8gles d'hygi\u00e8ne tout en \u00e9tant respectueux de la qualit\u00e9.\r\n\r\nEn cuisine, les \u00e9l\u00e8ves sont form\u00e9s \u00e0 la pr\u00e9paration de plats simples froids ou chauds avec des produits d\u00e9j\u00e0 pr\u00eats : sauces en poudre, l\u00e9gumes surgel\u00e9s, viandes pr\u00e9cuites. Ils apprennent \u00e0 r\u00e9ceptionner et stocker des aliments et des mets pr\u00e9par\u00e9s \u00e0 l'avance, \u00e0 v\u00e9rifier leur qualit\u00e9, \u00e0 les r\u00e9partir en portions individuelles, les entreposer au froid.\r\n\r\nEn service, les \u00e9l\u00e8ves sont form\u00e9s \u00e0 la disposition des plats et boissons sur les pr\u00e9sentoirs, au r\u00e9approvisionnement des espaces de distribution ou de vente et \u00e0 l'affichage du prix des produits. L'entretien des locaux et des \u00e9quipements, le lavage et le rangement de la vaisselle font partie int\u00e9grante de la formation.\r\n\r\nEn commerce, ils sont form\u00e9s au conseil aux clients et \u00e0 la pr\u00e9sentation des produits \u00e0 consommer sur place ou \u00e0 emporter ainsi qu'\u00e0 la prise de commande et \u00e0 l'encaissement \u00e9ventuel des paiements.\r\n\r\nLa p\u00e9riode de formation en milieu professionnel est de 14 semaines (pour les \u00e9l\u00e8ves qui ne sont pas en apprentissage).\r\n\r\n<\/div>\r\n<\/div>\r\n<\/div>","_et_gb_content_width":"","footnotes":"","_links_to":"","_links_to_target":""},"class_list":["post-7707","page","type-page","status-publish","hentry"],"_links":{"self":[{"href":"https:\/\/etab.ac-reunion.fr\/lyc-rontaunay\/wp-json\/wp\/v2\/pages\/7707","targetHints":{"allow":["GET"]}}],"collection":[{"href":"https:\/\/etab.ac-reunion.fr\/lyc-rontaunay\/wp-json\/wp\/v2\/pages"}],"about":[{"href":"https:\/\/etab.ac-reunion.fr\/lyc-rontaunay\/wp-json\/wp\/v2\/types\/page"}],"author":[{"embeddable":true,"href":"https:\/\/etab.ac-reunion.fr\/lyc-rontaunay\/wp-json\/wp\/v2\/users\/20534"}],"replies":[{"embeddable":true,"href":"https:\/\/etab.ac-reunion.fr\/lyc-rontaunay\/wp-json\/wp\/v2\/comments?post=7707"}],"version-history":[{"count":8,"href":"https:\/\/etab.ac-reunion.fr\/lyc-rontaunay\/wp-json\/wp\/v2\/pages\/7707\/revisions"}],"predecessor-version":[{"id":7720,"href":"https:\/\/etab.ac-reunion.fr\/lyc-rontaunay\/wp-json\/wp\/v2\/pages\/7707\/revisions\/7720"}],"wp:attachment":[{"href":"https:\/\/etab.ac-reunion.fr\/lyc-rontaunay\/wp-json\/wp\/v2\/media?parent=7707"}],"curies":[{"name":"wp","href":"https:\/\/api.w.org\/{rel}","templated":true}]}}