{"id":1847,"date":"2018-03-11T14:50:33","date_gmt":"2018-03-11T11:50:33","guid":{"rendered":"http:\/\/lycee-stpaul4.ac-reunion.fr\/?page_id=1847"},"modified":"2023-02-06T11:09:36","modified_gmt":"2023-02-06T08:09:36","slug":"presentation-du-bac-st2s-sciences-et-techniques-sanitaires-et-sociales","status":"publish","type":"page","link":"https:\/\/etab.ac-reunion.fr\/lyc-saint-paul4\/presentation-du-bac-st2s-sciences-et-techniques-sanitaires-et-sociales\/","title":{"rendered":"Pr\u00e9sentation du BAC ST2S (Sciences et Techniques Sanitaires et Sociales)"},"content":{"rendered":"<div style=\"width: 960px;\" class=\"wp-video\"><video class=\"wp-video-shortcode\" id=\"video-1847-1\" width=\"960\" height=\"720\" preload=\"metadata\" controls=\"controls\"><source type=\"video\/mp4\" src=\"https:\/\/etab.ac-reunion.fr\/lyc-saint-paul4\/wp-content\/uploads\/sites\/49\/2018\/03\/diapo-presentation-st2s-2014-1.mp4?_=1\" \/><a href=\"https:\/\/etab.ac-reunion.fr\/lyc-saint-paul4\/wp-content\/uploads\/sites\/49\/2018\/03\/diapo-presentation-st2s-2014-1.mp4\">https:\/\/etab.ac-reunion.fr\/lyc-saint-paul4\/wp-content\/uploads\/sites\/49\/2018\/03\/diapo-presentation-st2s-2014-1.mp4<\/a><\/video><\/div>\n<hr \/>\n<p><strong>T\u00e9l\u00e9charger la plaquette de pr\u00e9sentation : <\/strong><a href=\"https:\/\/etab.ac-reunion.fr\/lyc-saint-paul4\/wp-content\/uploads\/sites\/49\/2023\/02\/plaquette-ST2smodif-1-2-1.pdf\"><strong>plaquette st2s 2023<\/strong><\/a><\/p>\n","protected":false},"excerpt":{"rendered":"<p>T\u00e9l\u00e9charger la plaquette de pr\u00e9sentation : plaquette st2s 2023<\/p>\n","protected":false},"author":463,"featured_media":0,"parent":0,"menu_order":0,"comment_status":"closed","ping_status":"closed","template":"","meta":{"footnotes":""},"class_list":["post-1847","page","type-page","status-publish","hentry"],"_links":{"self":[{"href":"https:\/\/etab.ac-reunion.fr\/lyc-saint-paul4\/wp-json\/wp\/v2\/pages\/1847","targetHints":{"allow":["GET"]}}],"collection":[{"href":"https:\/\/etab.ac-reunion.fr\/lyc-saint-paul4\/wp-json\/wp\/v2\/pages"}],"about":[{"href":"https:\/\/etab.ac-reunion.fr\/lyc-saint-paul4\/wp-json\/wp\/v2\/types\/page"}],"author":[{"embeddable":true,"href":"https:\/\/etab.ac-reunion.fr\/lyc-saint-paul4\/wp-json\/wp\/v2\/users\/463"}],"replies":[{"embeddable":true,"href":"https:\/\/etab.ac-reunion.fr\/lyc-saint-paul4\/wp-json\/wp\/v2\/comments?post=1847"}],"version-history":[{"count":3,"href":"https:\/\/etab.ac-reunion.fr\/lyc-saint-paul4\/wp-json\/wp\/v2\/pages\/1847\/revisions"}],"predecessor-version":[{"id":4176,"href":"https:\/\/etab.ac-reunion.fr\/lyc-saint-paul4\/wp-json\/wp\/v2\/pages\/1847\/revisions\/4176"}],"wp:attachment":[{"href":"https:\/\/etab.ac-reunion.fr\/lyc-saint-paul4\/wp-json\/wp\/v2\/media?parent=1847"}],"curies":[{"name":"wp","href":"https:\/\/api.w.org\/{rel}","templated":true}]}}