{"id":1856,"date":"2018-03-11T14:59:41","date_gmt":"2018-03-11T11:59:41","guid":{"rendered":"http:\/\/lycee-stpaul4.ac-reunion.fr\/?page_id=1856"},"modified":"2024-02-09T10:28:11","modified_gmt":"2024-02-09T07:28:11","slug":"presentation-du-bac-pro-pcepc-procedes-de-la-chimie-de-leau-et-des-papiers-cartons","status":"publish","type":"page","link":"https:\/\/etab.ac-reunion.fr\/lyc-saint-paul4\/presentation-du-bac-pro-pcepc-procedes-de-la-chimie-de-leau-et-des-papiers-cartons\/","title":{"rendered":"Pr\u00e9sentation du Bac Pro PCEPC (Proc\u00e9d\u00e9s de la Chimie, de l&rsquo;Eau et des Papiers Cartons)"},"content":{"rendered":"<div style=\"width: 960px;\" class=\"wp-video\"><video class=\"wp-video-shortcode\" id=\"video-1856-1\" width=\"960\" height=\"720\" preload=\"metadata\" controls=\"controls\"><source type=\"video\/mp4\" src=\"https:\/\/etab.ac-reunion.fr\/lyc-saint-paul4\/wp-content\/uploads\/sites\/49\/2018\/03\/diapo-pr\u00e9sentation-pcepc-2018-1.mp4?_=1\" \/><a href=\"https:\/\/etab.ac-reunion.fr\/lyc-saint-paul4\/wp-content\/uploads\/sites\/49\/2018\/03\/diapo-pr\u00e9sentation-pcepc-2018-1.mp4\">https:\/\/etab.ac-reunion.fr\/lyc-saint-paul4\/wp-content\/uploads\/sites\/49\/2018\/03\/diapo-pr\u00e9sentation-pcepc-2018-1.mp4<\/a><\/video><\/div>\n<hr \/>\n<p><strong>T\u00e9l\u00e9charger la plaquette de pr\u00e9sentation : <\/strong><a href=\"https:\/\/etab.ac-reunion.fr\/lyc-saint-paul4\/wp-content\/uploads\/sites\/49\/2024\/02\/Plaquette-PCEPC.pdf\" target=\"_blank\" rel=\"noopener\"><strong>Plaquette BAC PRO PCEPC<\/strong><\/a><\/p>\n","protected":false},"excerpt":{"rendered":"<p>T\u00e9l\u00e9charger la plaquette de pr\u00e9sentation : Plaquette BAC PRO PCEPC<\/p>\n","protected":false},"author":463,"featured_media":0,"parent":0,"menu_order":0,"comment_status":"closed","ping_status":"closed","template":"","meta":{"footnotes":""},"class_list":["post-1856","page","type-page","status-publish","hentry"],"_links":{"self":[{"href":"https:\/\/etab.ac-reunion.fr\/lyc-saint-paul4\/wp-json\/wp\/v2\/pages\/1856","targetHints":{"allow":["GET"]}}],"collection":[{"href":"https:\/\/etab.ac-reunion.fr\/lyc-saint-paul4\/wp-json\/wp\/v2\/pages"}],"about":[{"href":"https:\/\/etab.ac-reunion.fr\/lyc-saint-paul4\/wp-json\/wp\/v2\/types\/page"}],"author":[{"embeddable":true,"href":"https:\/\/etab.ac-reunion.fr\/lyc-saint-paul4\/wp-json\/wp\/v2\/users\/463"}],"replies":[{"embeddable":true,"href":"https:\/\/etab.ac-reunion.fr\/lyc-saint-paul4\/wp-json\/wp\/v2\/comments?post=1856"}],"version-history":[{"count":4,"href":"https:\/\/etab.ac-reunion.fr\/lyc-saint-paul4\/wp-json\/wp\/v2\/pages\/1856\/revisions"}],"predecessor-version":[{"id":4693,"href":"https:\/\/etab.ac-reunion.fr\/lyc-saint-paul4\/wp-json\/wp\/v2\/pages\/1856\/revisions\/4693"}],"wp:attachment":[{"href":"https:\/\/etab.ac-reunion.fr\/lyc-saint-paul4\/wp-json\/wp\/v2\/media?parent=1856"}],"curies":[{"name":"wp","href":"https:\/\/api.w.org\/{rel}","templated":true}]}}