{"id":222,"date":"2014-05-02T09:51:57","date_gmt":"2014-05-02T06:51:57","guid":{"rendered":"http:\/\/lycee-stpaul4.ac-reunion.fr\/?p=222"},"modified":"2024-02-09T10:28:42","modified_gmt":"2024-02-09T07:28:42","slug":"presentation-du-bac-pro-bit-bio-industries-de-transformations","status":"publish","type":"page","link":"https:\/\/etab.ac-reunion.fr\/lyc-saint-paul4\/presentation-du-bac-pro-bit-bio-industries-de-transformations\/","title":{"rendered":"Pr\u00e9sentation du Bac Pro PIPAC (Production en Industries Pharmaceutiques, Alimentaires et Cosm\u00e9tiques)"},"content":{"rendered":"<div style=\"width: 960px;\" class=\"wp-video\"><video class=\"wp-video-shortcode\" id=\"video-222-1\" width=\"960\" height=\"720\" preload=\"metadata\" controls=\"controls\"><source type=\"video\/mp4\" src=\"https:\/\/etab.ac-reunion.fr\/lyc-saint-paul4\/wp-content\/uploads\/sites\/49\/2018\/03\/diapo-pr\u00e9sentation-bit-2018-1.mp4?_=1\" \/><a href=\"https:\/\/etab.ac-reunion.fr\/lyc-saint-paul4\/wp-content\/uploads\/sites\/49\/2018\/03\/diapo-pr\u00e9sentation-bit-2018-1.mp4\">https:\/\/etab.ac-reunion.fr\/lyc-saint-paul4\/wp-content\/uploads\/sites\/49\/2018\/03\/diapo-pr\u00e9sentation-bit-2018-1.mp4<\/a><\/video><\/div>\n<hr \/>\n<p><strong>T\u00e9l\u00e9charger la plaquette de pr\u00e9sentation : <\/strong><a href=\"https:\/\/etab.ac-reunion.fr\/lyc-saint-paul4\/wp-content\/uploads\/sites\/49\/2024\/02\/Plaquette-PIPAC.pdf\" target=\"_blank\" rel=\"noopener\"><strong>Plaquette BAC PRO PIPAC\u00a0<\/strong><\/a><\/p>\n","protected":false},"excerpt":{"rendered":"<p>T\u00e9l\u00e9charger la plaquette de pr\u00e9sentation : Plaquette BAC PRO PIPAC\u00a0<\/p>\n","protected":false},"author":463,"featured_media":0,"parent":0,"menu_order":1,"comment_status":"closed","ping_status":"closed","template":"","meta":{"footnotes":""},"class_list":["post-222","page","type-page","status-publish","hentry"],"_links":{"self":[{"href":"https:\/\/etab.ac-reunion.fr\/lyc-saint-paul4\/wp-json\/wp\/v2\/pages\/222","targetHints":{"allow":["GET"]}}],"collection":[{"href":"https:\/\/etab.ac-reunion.fr\/lyc-saint-paul4\/wp-json\/wp\/v2\/pages"}],"about":[{"href":"https:\/\/etab.ac-reunion.fr\/lyc-saint-paul4\/wp-json\/wp\/v2\/types\/page"}],"author":[{"embeddable":true,"href":"https:\/\/etab.ac-reunion.fr\/lyc-saint-paul4\/wp-json\/wp\/v2\/users\/463"}],"replies":[{"embeddable":true,"href":"https:\/\/etab.ac-reunion.fr\/lyc-saint-paul4\/wp-json\/wp\/v2\/comments?post=222"}],"version-history":[{"count":8,"href":"https:\/\/etab.ac-reunion.fr\/lyc-saint-paul4\/wp-json\/wp\/v2\/pages\/222\/revisions"}],"predecessor-version":[{"id":4691,"href":"https:\/\/etab.ac-reunion.fr\/lyc-saint-paul4\/wp-json\/wp\/v2\/pages\/222\/revisions\/4691"}],"wp:attachment":[{"href":"https:\/\/etab.ac-reunion.fr\/lyc-saint-paul4\/wp-json\/wp\/v2\/media?parent=222"}],"curies":[{"name":"wp","href":"https:\/\/api.w.org\/{rel}","templated":true}]}}